{"id":9775,"date":"2023-10-26T15:29:43","date_gmt":"2023-10-26T13:29:43","guid":{"rendered":"https:\/\/cortenstaalverkoop.nl\/?post_type=product&#038;p=9775"},"modified":"2026-04-11T20:56:37","modified_gmt":"2026-04-11T18:56:37","slug":"aluminium-pflanzgefas-mit-fusen","status":"publish","type":"product","link":"https:\/\/cortenstaalverkoop.nl\/de\/product\/aluminium-plantenbak-met-poten-kopie\/","title":{"rendered":"Aluminium-Pflanzer mit Beine"},"content":{"rendered":"<div data-elementor-type=\"wp-post\" data-elementor-id=\"9775\" class=\"elementor elementor-9775\">\n\t\t\t\t\t\t<section class=\"elementor-section elementor-top-section elementor-element elementor-element-3a299709 elementor-section-boxed elementor-section-height-default elementor-section-height-default\" data-id=\"3a299709\" data-element_type=\"section\" data-e-type=\"section\">\n\t\t\t\t\t\t<div class=\"elementor-container elementor-column-gap-default\">\n\t\t\t\t\t<div class=\"elementor-column elementor-col-100 elementor-top-column elementor-element elementor-element-5197dc7b\" data-id=\"5197dc7b\" data-element_type=\"column\" data-e-type=\"column\">\n\t\t\t<div class=\"elementor-widget-wrap elementor-element-populated\">\n\t\t\t\t\t\t<div class=\"elementor-element elementor-element-5b78ebe8 elementor-widget elementor-widget-text-editor\" data-id=\"5b78ebe8\" data-element_type=\"widget\" data-e-type=\"widget\" data-widget_type=\"text-editor.default\">\n\t\t\t\t<div class=\"elementor-widget-container\">\n\t\t\t\t\t\t\t\t\t<p>Die Aluminium-Pflanzer mit Beine ist erh\u00e4ltlich in einer breiten Palette von verschiedenen Gr\u00f6\u00dfen. Dies macht es einfach zu Ort auf Ihrem Balkon, Terrasse oder im Garten. Der schlanke Pflanzgef\u00e4\u00dfe sind ideal auf der Terrasse zu schaffen verschiedene Bereiche. Dar\u00fcber hinaus, ein set von Aluminium Pflanzer mit Beine kann auch dienen als ein markanter Blickfang am Eingang zu Ihrem Gesch\u00e4ft. Der Obere Rand der Aluminium-Pflanzk\u00fcbel double konvertiert. Die standard-RAL-Farbe ist RAL 7021 schwarz \/ Grau, aber auch andere RAL-Farben sind auf Anfrage erh\u00e4ltlich.<\/p><p>Entdecken Sie unsere beeindruckende Aluminium-Pflanzer mit Beine, hergestellt aus hochwertigem und robusten 3 mm dickem Aluminium. Das Aluminium ist leicht, aber extrem stark, abriebfest und best\u00e4ndig gegen Korrosion, die machen Ihre Investition eine lange Zeit dauern.<\/p><p>Was unsere <a href=\"https:\/\/cortenstaalverkoop.nl\/product\/aluminium-plantenbak-adezz\/\" target=\"_blank\" rel=\"noopener\">Aluminium planters<\/a> was wirklich setzt es auseinander, ist die Liebe zum detail. Der Obere Rand jeder Pflanzer ist doppelt gedreht, mit Pr\u00e4zision, die nicht nur sorgt f\u00fcr extra St\u00e4rke, aber auch eine zeitlose und harten look zu Ihrem Platz im freien. Zus\u00e4tzlich, unsere Pflanzer sind ausgestattet mit standard-Beinen mit einer H\u00f6he von 90 mm, Dank dem Sie schweben elegant und subtil aus dem Boden.<\/p><p>Nach der Produktion, die Aluminium Pflanzer durchl\u00e4uft eine sorgf\u00e4ltige Nachbearbeitung. Erste von alle, die material ist sorgf\u00e4ltig aufgeraut, um eine optimale Haftung der Pulverbeschichtung. Dieses hochwertige Pulver-Beschichtung ist in verschiedenen attraktiven Farben und ist angewendet mit eine extrem leistungsstarke Klebstoff primer. Endlich, der Pflanzer ist mit einem hard-top-Schicht mit h\u00f6chster Pr\u00e4zision, die daf\u00fcr sorgt, au\u00dfergew\u00f6hnliche Kratzfestigkeit.<\/p><h4>Pflanztipps:<\/h4><ul><li>Eine flache, Feste (vibriert) Oberfl\u00e4che.<\/li><li>Wenn gew\u00fcnscht, Stelle \u00fcberlauf Rohre an der Unterseite der Pflanzer zu schaffen eine Wasser-Puffer. Die Anzahl der \u00fcberlauf-Rohre zu verwenden, h\u00e4ngt von der Anzahl der drainage-L\u00f6cher.<\/li><li>Zugstangen in Pflanzer sind entscheidend f\u00fcr den Aufbau und Ma\u00dfhaltigkeit der Pflanzer. Es ist streng verboten, zu entfernen, tie rod.<\/li><li>Immer gen\u00fcgend Raum zum atmen (mindestens 1 cm) innerhalb der Pflanzgef\u00e4\u00dfe zu verhindern, dass Feuchtigkeit einfangen.<\/li><li>F\u00fcllen Sie den Beh\u00e4lter mit einer Schicht von Hydro-Granulat oder Kies etwa 10cm hoch. \u00dcber die Kies-oder hydro-Granulat, lag ein Feuchtigkeits-durchl\u00e4ssigen anti-root-Tuch.<\/li><li>Legen Sie das Tuch an den R\u00e4ndern mindestens 10 cm f\u00fcr eine ideale Wirkung.<\/li><li>Die Abdeckung der anti-root-Tuch mit einer Schicht von luftiger Boden-Gemisch, zugeschnitten auf die Pflanzen angewendet werden.<\/li><li>Die Erde im Topf sollte nie verstopft werden, dies kann zu Sch\u00e4den an der container.<\/li><\/ul><h5>Wichtig:<\/h5><ul><li>Nach Erhalt, Sie alle Verpackungsmaterialien m\u00fcssen entfernt werden die Produkte sofort.<\/li><li>Bohren\/Schleifen in der material ist nicht erlaubt, diese erm\u00f6glicht es, Feuchtigkeit zu ziehen, unter der Beschichtung, wodurch es zu sch\u00e4len.<\/li><li>Unsere Pflanzer sind nicht geeignet f\u00fcr die Bewegung erg\u00e4nzt.<\/li><li>5 Jahre Garantie!<\/li><li>Niedrigen Wartung, nicht mit einem Hochdruckreiniger und Schleifen Schwamm.<\/li><\/ul><p><strong>Produktinfo Cortenstahl:<\/strong><br \/><a href=\"https:\/\/nl.wikipedia.org\/wiki\/Cortenstaal\" target=\"_blank\" rel=\"noopener noreferrer\">Cor-Ten-Stahl<\/a> auch bekannt als wetterfester Stahl, robuste Metall-Legierung. Es besteht haupts\u00e4chlich aus Eisen und enth\u00e4lt auch Kupfer, Silizium, nickel und Chrom. Corten-Stahl-ist extrem leistungsf\u00e4hig. Was macht diesen Stahl ist seine Besondere F\u00e4higkeit, Abdeckung mit eine sch\u00fctzende Schicht von Rost, wenn Sie an die Au\u00dfenluft ausgesetzt. Diese Nat\u00fcrliche, Feste rostschicht wirkt als eine wirksame Barriere gegen weitere Korrosion.<\/p><p>F\u00fcr Lieferungen nach Deutschland und \u00d6sterreich gelten folgende Versandkosten pro Gesamtbestellung: kleine Pakete \u20ac45, leichter Transport \u20ac80, Standardtransport \u20ac280 und Schwertransport \u20ac380 (inklusive Lieferung mit Mitnahmestapler)<\/p>\t\t\t\t\t\t\t\t<\/div>\n\t\t\t\t<\/div>\n\t\t\t\t\t<\/div>\n\t\t<\/div>\n\t\t\t\t\t<\/div>\n\t\t<\/section>\n\t\t\t\t<\/div>","protected":false},"excerpt":{"rendered":"<p>Die Aluminium-Pflanzer mit Beine ist in verschiedenen Gr\u00f6\u00dfen erh\u00e4ltlich. Der Pflanzer ist Korrosion best\u00e4ndig und nicht wasserdicht standard. Dar\u00fcber hinaus ist Aluminium sehr leicht. Die Aluminium-Pflanzer kann Links au\u00dferhalb alle Jahr Runde, ohne dass es besch\u00e4digt oder Erfrierungen. Also genie\u00dfen Sie diese Pflanzer f\u00fcr Jahre. Material-Dicke des Aluminium-Pflanzk\u00fcbel standard 3 mm. Angegebene H\u00f6he beinhaltet die Beine.<\/p>\n<h4>Pluspunkte Aluminium Pflanzer:<\/h4>\n<ul>\n<li>Sehr stark und abriebfest<\/li>\n<li>Niedrigen Wartung Achtung! Verwenden Sie keinen Hochdruckreiniger und Topfreiniger.<\/li>\n<li>Pulver Beschichtung mit einem starken Klebstoff Basis Schicht.<\/li>\n<li>Finish with a hard top coat.<\/li>\n<li>Wetterfestes und sehr langlebiges Material<\/li>\n<li>Standardf\u00fc\u00dfe sind 10 x 10 cm und 9 cm hoch.<\/li>\n<li>Kundenspezifische Anpassung m\u00f6glich.<\/li>\n<li>5 Jahre Garantie!<\/li>\n<\/ul>","protected":false},"featured_media":9795,"template":"","meta":{"site-sidebar-layout":"default","site-content-layout":"default","ast-site-content-layout":"default","site-content-style":"default","site-sidebar-style":"default","ast-global-header-display":"","ast-banner-title-visibility":"","ast-main-header-display":"","ast-hfb-above-header-display":"","ast-hfb-below-header-display":"","ast-hfb-mobile-header-display":"","site-post-title":"","ast-breadcrumbs-content":"","ast-featured-img":"","footer-sml-layout":"","ast-disable-related-posts":"","theme-transparent-header-meta":"default","adv-header-id-meta":"","stick-header-meta":"","header-above-stick-meta":"","header-main-stick-meta":"","header-below-stick-meta":"","astra-migrate-meta-layouts":"set","ast-page-background-enabled":"default","ast-page-background-meta":{"desktop":{"background-color":"","background-image":"","background-repeat":"repeat","background-position":"center center","background-size":"auto","background-attachment":"scroll","background-type":"","background-media":"","overlay-type":"","overlay-color":"","overlay-opacity":"","overlay-gradient":""},"tablet":{"background-color":"","background-image":"","background-repeat":"repeat","background-position":"center center","background-size":"auto","background-attachment":"scroll","background-type":"","background-media":"","overlay-type":"","overlay-color":"","overlay-opacity":"","overlay-gradient":""},"mobile":{"background-color":"","background-image":"","background-repeat":"repeat","background-position":"center center","background-size":"auto","background-attachment":"scroll","background-type":"","background-media":"","overlay-type":"","overlay-color":"","overlay-opacity":"","overlay-gradient":""}},"ast-content-background-meta":{"desktop":{"background-color":"var(--ast-global-color-5)","background-image":"","background-repeat":"repeat","background-position":"center center","background-size":"auto","background-attachment":"scroll","background-type":"","background-media":"","overlay-type":"","overlay-color":"","overlay-opacity":"","overlay-gradient":""},"tablet":{"background-color":"var(--ast-global-color-5)","background-image":"","background-repeat":"repeat","background-position":"center center","background-size":"auto","background-attachment":"scroll","background-type":"","background-media":"","overlay-type":"","overlay-color":"","overlay-opacity":"","overlay-gradient":""},"mobile":{"background-color":"var(--ast-global-color-5)","background-image":"","background-repeat":"repeat","background-position":"center center","background-size":"auto","background-attachment":"scroll","background-type":"","background-media":"","overlay-type":"","overlay-color":"","overlay-opacity":"","overlay-gradient":""}}},"product_brand":[],"product_cat":[57],"product_tag":[],"class_list":{"0":"post-9775","1":"product","2":"type-product","3":"status-publish","4":"has-post-thumbnail","6":"product_cat-cortenstaal-plantenbakken","7":"product_shipping_class-fritom","8":"desktop-align-left","9":"tablet-align-left","10":"mobile-align-left","12":"first","13":"instock","14":"taxable","15":"shipping-taxable","16":"purchasable","17":"product-type-variable"},"yoast_head":"<!-- This site is optimized with the Yoast SEO plugin v27.5 - https:\/\/yoast.com\/product\/yoast-seo-wordpress\/ -->\n<title>Aluminium plantenbak met poten koopt u bij cortenstaalverkoop.nl<\/title>\n<meta name=\"description\" content=\"\u2705 Aluminium plantenbak met poten in alle maten.\u2705 de beste kwaliteit \u2705 5 jaar garantie! Bestel uw aluminium plantenbak goedkoop bij cortenstaalverkoop.nl\" \/>\n<meta name=\"robots\" content=\"index, follow, max-snippet:-1, max-image-preview:large, max-video-preview:-1\" \/>\n<link rel=\"canonical\" href=\"https:\/\/cortenstaalverkoop.nl\/de\/produkt\/aluminium-pflanzgefas-mit-fusen\/\" \/>\n<meta property=\"og:locale\" content=\"de_DE\" \/>\n<meta property=\"og:type\" content=\"article\" \/>\n<meta property=\"og:title\" content=\"Aluminium plantenbak met poten koopt u bij cortenstaalverkoop.nl\" \/>\n<meta property=\"og:description\" content=\"\u2705 Aluminium plantenbak met poten in alle maten.\u2705 de beste kwaliteit \u2705 5 jaar garantie! Bestel uw aluminium plantenbak goedkoop bij cortenstaalverkoop.nl\" \/>\n<meta property=\"og:url\" content=\"https:\/\/cortenstaalverkoop.nl\/de\/produkt\/aluminium-pflanzgefas-mit-fusen\/\" \/>\n<meta property=\"og:site_name\" content=\"Cortenstaalverkoop.nl\" \/>\n<meta property=\"article:modified_time\" content=\"2026-04-11T18:56:37+00:00\" \/>\n<meta property=\"og:image\" content=\"https:\/\/cortenstaalverkoop.nl\/wp-content\/uploads\/2023\/10\/AFP5.1.png\" \/>\n\t<meta property=\"og:image:width\" content=\"699\" \/>\n\t<meta property=\"og:image:height\" content=\"699\" \/>\n\t<meta property=\"og:image:type\" content=\"image\/png\" \/>\n<meta name=\"twitter:card\" content=\"summary_large_image\" \/>\n<meta name=\"twitter:label1\" content=\"Gesch\u00e4tzte Lesezeit\" \/>\n\t<meta name=\"twitter:data1\" content=\"3\u00a0Minuten\" \/>\n<script type=\"application\/ld+json\" class=\"yoast-schema-graph\">{\"@context\":\"https:\\\/\\\/schema.org\",\"@graph\":[{\"@type\":\"WebPage\",\"@id\":\"https:\\\/\\\/cortenstaalverkoop.nl\\\/product\\\/aluminium-plantenbak-met-poten-kopie\\\/\",\"url\":\"https:\\\/\\\/cortenstaalverkoop.nl\\\/product\\\/aluminium-plantenbak-met-poten-kopie\\\/\",\"name\":\"Aluminium plantenbak met poten koopt u bij cortenstaalverkoop.nl\",\"isPartOf\":{\"@id\":\"https:\\\/\\\/cortenstaalverkoop.nl\\\/#website\"},\"primaryImageOfPage\":{\"@id\":\"https:\\\/\\\/cortenstaalverkoop.nl\\\/product\\\/aluminium-plantenbak-met-poten-kopie\\\/#primaryimage\"},\"image\":{\"@id\":\"https:\\\/\\\/cortenstaalverkoop.nl\\\/product\\\/aluminium-plantenbak-met-poten-kopie\\\/#primaryimage\"},\"thumbnailUrl\":\"https:\\\/\\\/cortenstaalverkoop.nl\\\/wp-content\\\/uploads\\\/2023\\\/10\\\/AFP5.1.png\",\"datePublished\":\"2023-10-26T13:29:43+00:00\",\"dateModified\":\"2026-04-11T18:56:37+00:00\",\"description\":\"\u2705 Aluminium plantenbak met poten in alle maten.\u2705 de beste kwaliteit \u2705 5 jaar garantie! Bestel uw aluminium plantenbak goedkoop bij cortenstaalverkoop.nl\",\"breadcrumb\":{\"@id\":\"https:\\\/\\\/cortenstaalverkoop.nl\\\/product\\\/aluminium-plantenbak-met-poten-kopie\\\/#breadcrumb\"},\"inLanguage\":\"de\",\"potentialAction\":[{\"@type\":\"ReadAction\",\"target\":[\"https:\\\/\\\/cortenstaalverkoop.nl\\\/product\\\/aluminium-plantenbak-met-poten-kopie\\\/\"]}]},{\"@type\":\"ImageObject\",\"inLanguage\":\"de\",\"@id\":\"https:\\\/\\\/cortenstaalverkoop.nl\\\/product\\\/aluminium-plantenbak-met-poten-kopie\\\/#primaryimage\",\"url\":\"https:\\\/\\\/cortenstaalverkoop.nl\\\/wp-content\\\/uploads\\\/2023\\\/10\\\/AFP5.1.png\",\"contentUrl\":\"https:\\\/\\\/cortenstaalverkoop.nl\\\/wp-content\\\/uploads\\\/2023\\\/10\\\/AFP5.1.png\",\"width\":699,\"height\":699,\"caption\":\"Aluminium plantenbak met poten\"},{\"@type\":\"BreadcrumbList\",\"@id\":\"https:\\\/\\\/cortenstaalverkoop.nl\\\/product\\\/aluminium-plantenbak-met-poten-kopie\\\/#breadcrumb\",\"itemListElement\":[{\"@type\":\"ListItem\",\"position\":1,\"name\":\"Home\",\"item\":\"https:\\\/\\\/cortenstaalverkoop.nl\\\/\"},{\"@type\":\"ListItem\",\"position\":2,\"name\":\"Assortiment\",\"item\":\"https:\\\/\\\/cortenstaalverkoop.nl\\\/assortiment-cortenstaal\\\/\"},{\"@type\":\"ListItem\",\"position\":3,\"name\":\"Aluminium plantenbak met poten\"}]},{\"@type\":\"WebSite\",\"@id\":\"https:\\\/\\\/cortenstaalverkoop.nl\\\/#website\",\"url\":\"https:\\\/\\\/cortenstaalverkoop.nl\\\/\",\"name\":\"Cortenstaalverkoop.nl\",\"description\":\"de cortenstaal specialist!\",\"publisher\":{\"@id\":\"https:\\\/\\\/cortenstaalverkoop.nl\\\/#organization\"},\"potentialAction\":[{\"@type\":\"SearchAction\",\"target\":{\"@type\":\"EntryPoint\",\"urlTemplate\":\"https:\\\/\\\/cortenstaalverkoop.nl\\\/?s={search_term_string}\"},\"query-input\":{\"@type\":\"PropertyValueSpecification\",\"valueRequired\":true,\"valueName\":\"search_term_string\"}}],\"inLanguage\":\"de\"},{\"@type\":\"Organization\",\"@id\":\"https:\\\/\\\/cortenstaalverkoop.nl\\\/#organization\",\"name\":\"Cortenstaalverkoop.nl\",\"url\":\"https:\\\/\\\/cortenstaalverkoop.nl\\\/\",\"logo\":{\"@type\":\"ImageObject\",\"inLanguage\":\"de\",\"@id\":\"https:\\\/\\\/cortenstaalverkoop.nl\\\/#\\\/schema\\\/logo\\\/image\\\/\",\"url\":\"https:\\\/\\\/cortenstaalverkoop.nl\\\/wp-content\\\/uploads\\\/2019\\\/11\\\/cortenstaal-logo-1.png\",\"contentUrl\":\"https:\\\/\\\/cortenstaalverkoop.nl\\\/wp-content\\\/uploads\\\/2019\\\/11\\\/cortenstaal-logo-1.png\",\"width\":480,\"height\":163,\"caption\":\"Cortenstaalverkoop.nl\"},\"image\":{\"@id\":\"https:\\\/\\\/cortenstaalverkoop.nl\\\/#\\\/schema\\\/logo\\\/image\\\/\"}}]}<\/script>\n<!-- \/ Yoast SEO plugin. -->","yoast_head_json":{"title":"Aluminium-Pflanzer mit Beine, die Sie kaufen von cortenstaalverkoop.nl","description":"\u2705 Aluminium Pflanzer mit Beine in allen Gr\u00f6\u00dfen.\u2705 die beste Qualit\u00e4t \u2705 5 Jahre Garantie! Bestellen Sie Ihr Alu-Pflanzer Billig aus cortenstaalverkoop.nl","robots":{"index":"index","follow":"follow","max-snippet":"max-snippet:-1","max-image-preview":"max-image-preview:large","max-video-preview":"max-video-preview:-1"},"canonical":"https:\/\/cortenstaalverkoop.nl\/de\/produkt\/aluminium-pflanzgefas-mit-fusen\/","og_locale":"de_DE","og_type":"article","og_title":"Aluminium plantenbak met poten koopt u bij cortenstaalverkoop.nl","og_description":"\u2705 Aluminium plantenbak met poten in alle maten.\u2705 de beste kwaliteit \u2705 5 jaar garantie! Bestel uw aluminium plantenbak goedkoop bij cortenstaalverkoop.nl","og_url":"https:\/\/cortenstaalverkoop.nl\/de\/produkt\/aluminium-pflanzgefas-mit-fusen\/","og_site_name":"Cortenstaalverkoop.nl","article_modified_time":"2026-04-11T18:56:37+00:00","og_image":[{"width":699,"height":699,"url":"https:\/\/cortenstaalverkoop.nl\/wp-content\/uploads\/2023\/10\/AFP5.1.png","type":"image\/png"}],"twitter_card":"summary_large_image","twitter_misc":{"Gesch\u00e4tzte Lesezeit":"3\u00a0Minuten"},"schema":{"@context":"https:\/\/schema.org","@graph":[{"@type":"WebPage","@id":"https:\/\/cortenstaalverkoop.nl\/product\/aluminium-plantenbak-met-poten-kopie\/","url":"https:\/\/cortenstaalverkoop.nl\/product\/aluminium-plantenbak-met-poten-kopie\/","name":"Aluminium-Pflanzer mit Beine, die Sie kaufen von cortenstaalverkoop.nl","isPartOf":{"@id":"https:\/\/cortenstaalverkoop.nl\/#website"},"primaryImageOfPage":{"@id":"https:\/\/cortenstaalverkoop.nl\/product\/aluminium-plantenbak-met-poten-kopie\/#primaryimage"},"image":{"@id":"https:\/\/cortenstaalverkoop.nl\/product\/aluminium-plantenbak-met-poten-kopie\/#primaryimage"},"thumbnailUrl":"https:\/\/cortenstaalverkoop.nl\/wp-content\/uploads\/2023\/10\/AFP5.1.png","datePublished":"2023-10-26T13:29:43+00:00","dateModified":"2026-04-11T18:56:37+00:00","description":"\u2705 Aluminium Pflanzer mit Beine in allen Gr\u00f6\u00dfen.\u2705 die beste Qualit\u00e4t \u2705 5 Jahre Garantie! Bestellen Sie Ihr Alu-Pflanzer Billig aus cortenstaalverkoop.nl","breadcrumb":{"@id":"https:\/\/cortenstaalverkoop.nl\/product\/aluminium-plantenbak-met-poten-kopie\/#breadcrumb"},"inLanguage":"de","potentialAction":[{"@type":"ReadAction","target":["https:\/\/cortenstaalverkoop.nl\/product\/aluminium-plantenbak-met-poten-kopie\/"]}]},{"@type":"ImageObject","inLanguage":"de","@id":"https:\/\/cortenstaalverkoop.nl\/product\/aluminium-plantenbak-met-poten-kopie\/#primaryimage","url":"https:\/\/cortenstaalverkoop.nl\/wp-content\/uploads\/2023\/10\/AFP5.1.png","contentUrl":"https:\/\/cortenstaalverkoop.nl\/wp-content\/uploads\/2023\/10\/AFP5.1.png","width":699,"height":699,"caption":"Aluminium plantenbak met poten"},{"@type":"BreadcrumbList","@id":"https:\/\/cortenstaalverkoop.nl\/product\/aluminium-plantenbak-met-poten-kopie\/#breadcrumb","itemListElement":[{"@type":"ListItem","position":1,"name":"Home","item":"https:\/\/cortenstaalverkoop.nl\/"},{"@type":"ListItem","position":2,"name":"Assortiment","item":"https:\/\/cortenstaalverkoop.nl\/assortiment-cortenstaal\/"},{"@type":"ListItem","position":3,"name":"Aluminium plantenbak met poten"}]},{"@type":"WebSite","@id":"https:\/\/cortenstaalverkoop.nl\/#website","url":"https:\/\/cortenstaalverkoop.nl\/","name":"Cortenstaalverkoop.nl","description":"die cortenstaal-Spezialisten!","publisher":{"@id":"https:\/\/cortenstaalverkoop.nl\/#organization"},"potentialAction":[{"@type":"SearchAction","target":{"@type":"EntryPoint","urlTemplate":"https:\/\/cortenstaalverkoop.nl\/?s={search_term_string}"},"query-input":{"@type":"PropertyValueSpecification","valueRequired":true,"valueName":"search_term_string"}}],"inLanguage":"de"},{"@type":"Organization","@id":"https:\/\/cortenstaalverkoop.nl\/#organization","name":"Cortenstaalverkoop.nl","url":"https:\/\/cortenstaalverkoop.nl\/","logo":{"@type":"ImageObject","inLanguage":"de","@id":"https:\/\/cortenstaalverkoop.nl\/#\/schema\/logo\/image\/","url":"https:\/\/cortenstaalverkoop.nl\/wp-content\/uploads\/2019\/11\/cortenstaal-logo-1.png","contentUrl":"https:\/\/cortenstaalverkoop.nl\/wp-content\/uploads\/2019\/11\/cortenstaal-logo-1.png","width":480,"height":163,"caption":"Cortenstaalverkoop.nl"},"image":{"@id":"https:\/\/cortenstaalverkoop.nl\/#\/schema\/logo\/image\/"}}]}},"_links":{"self":[{"href":"https:\/\/cortenstaalverkoop.nl\/de\/wp-json\/wp\/v2\/product\/9775","targetHints":{"allow":["GET"]}}],"collection":[{"href":"https:\/\/cortenstaalverkoop.nl\/de\/wp-json\/wp\/v2\/product"}],"about":[{"href":"https:\/\/cortenstaalverkoop.nl\/de\/wp-json\/wp\/v2\/types\/product"}],"version-history":[{"count":45,"href":"https:\/\/cortenstaalverkoop.nl\/de\/wp-json\/wp\/v2\/product\/9775\/revisions"}],"predecessor-version":[{"id":10232,"href":"https:\/\/cortenstaalverkoop.nl\/de\/wp-json\/wp\/v2\/product\/9775\/revisions\/10232"}],"wp:featuredmedia":[{"embeddable":true,"href":"https:\/\/cortenstaalverkoop.nl\/de\/wp-json\/wp\/v2\/media\/9795"}],"wp:attachment":[{"href":"https:\/\/cortenstaalverkoop.nl\/de\/wp-json\/wp\/v2\/media?parent=9775"}],"wp:term":[{"taxonomy":"product_brand","embeddable":true,"href":"https:\/\/cortenstaalverkoop.nl\/de\/wp-json\/wp\/v2\/product_brand?post=9775"},{"taxonomy":"product_cat","embeddable":true,"href":"https:\/\/cortenstaalverkoop.nl\/de\/wp-json\/wp\/v2\/product_cat?post=9775"},{"taxonomy":"product_tag","embeddable":true,"href":"https:\/\/cortenstaalverkoop.nl\/de\/wp-json\/wp\/v2\/product_tag?post=9775"}],"curies":[{"name":"wp","href":"https:\/\/api.w.org\/{rel}","templated":true}]}}