{"id":10134,"date":"2024-07-03T13:09:31","date_gmt":"2024-07-03T11:09:31","guid":{"rendered":"https:\/\/cortenstaalverkoop.nl\/?post_type=product&#038;p=10134"},"modified":"2026-04-13T12:35:24","modified_gmt":"2026-04-13T10:35:24","slug":"lacier-corten-stockage-de-bois-carre","status":"publish","type":"product","link":"https:\/\/cortenstaalverkoop.nl\/fr\/product\/cortenstaal-houtopslag-vierkant\/","title":{"rendered":"l'acier corten stockage de bois carr\u00e9"},"content":{"rendered":"<h3>l'acier corten stockage de bois carr\u00e9<\/h3>\n<p data-start=\"147\" data-end=\"444\">Avec cet acier Corten de stockage du bois carr\u00e9, vous choisissez imm\u00e9diatement un design \u00e9pur\u00e9 et \u00e9l\u00e9gant \u00e9l\u00e9ment dans votre jardin. <strong data-start=\"250\" data-end=\"261\">Gr\u00e2ce \u00e0<\/strong> le design minimaliste fait de ce bois, de stockage un vrai eye-catcher sur votre mur. <strong data-start=\"356\" data-end=\"369\">Plus<\/strong> simplement et clairement pile de votre bois de chauffage dans le carr\u00e9 des compartiments.<\/p>\n<p data-start=\"446\" data-end=\"733\"><strong data-start=\"446\" data-end=\"460\">Premi\u00e8re<\/strong> vous pouvez facilement accrocher le stockage du bois sur le mur. <strong data-start=\"511\" data-end=\"525\">Alors<\/strong> par exemple, les pr\u00e9-trous de fixation s'assurer que vous fixez le stockage du bois rapidement et fermement. <strong data-start=\"615\" data-end=\"627\">En raison de cette<\/strong> vous pouvez transformer un mur ennuyeux dans un joli et pratique partie de votre espace ext\u00e9rieur en un rien de temps.<\/p>\n<p data-start=\"735\" data-end=\"1005\"><strong data-start=\"735\" data-end=\"750\">Non seulement<\/strong> maintient votre bois parfaitement sec, <strong data-start=\"780\" data-end=\"792\">mais aussi<\/strong> donnez \u00e0 votre jardin une ambiance chaleureuse et naturelle. <strong data-start=\"854\" data-end=\"867\">Aussi<\/strong> vous pouvez facilement combiner cette de stockage du bois avec l'un de nos <a href=\"https:\/\/cortenstaalverkoop.nl\/product\/cortenstaal-buitenhaard-mel\/\" target=\"_blank\" rel=\"noopener\">chemin\u00e9es<\/a> ou <a href=\"https:\/\/cortenstaalverkoop.nl\/product\/cortenstaal-vuurschaal\/\" target=\"_blank\" rel=\"noopener\">bol \u00e0 feu<\/a>, <strong data-start=\"948\" data-end=\"960\">permettre<\/strong> vous cr\u00e9ez un complet et harmonieux de l'ensemble.<\/p>\n<p data-start=\"1007\" data-end=\"1429\">Le stockage du bois est compos\u00e9 de 3 mm d'\u00e9paisseur en acier Corten. <strong data-start=\"1058\" data-end=\"1071\">Standard<\/strong> vous recevrez le produit non torr\u00e9fi\u00e9es. <strong data-start=\"1106\" data-end=\"1120\">Alors<\/strong> par exemple, l'exposition \u00e0 des conditions m\u00e9t\u00e9orologiques et le vent provoque la caract\u00e9ristique de la rouille processus pour d\u00e9marrer sur son propre. <strong data-start=\"1223\" data-end=\"1246\">Au fil du temps<\/strong>, g\u00e9n\u00e9ralement apr\u00e8s 4 \u00e0 5 mois, le stockage du bois atteint son plein, chaleureux rouille de couleur. <strong data-start=\"1332\" data-end=\"1343\">Note:<\/strong> au cours de ce processus, le mat\u00e9riau peut temporairement de la lib\u00e9ration; <strong data-start=\"1400\" data-end=\"1410\">alors<\/strong> cela va arr\u00eater par lui-m\u00eame.<\/p>\n<p data-start=\"1484\" data-end=\"1498\"><strong data-start=\"1484\" data-end=\"1498\">Avantages<\/strong><\/p>\n<ul data-start=\"1499\" data-end=\"1720\">\n<li data-section-id=\"7xo7h\" data-start=\"1499\" data-end=\"1541\">\n<p data-start=\"1501\" data-end=\"1541\">Tr\u00e8s solide, r\u00e9sistant \u00e0 l'usure et \u00e0 faible entretien<\/p>\n<\/li>\n<li data-section-id=\"qpd8rb\" data-start=\"1542\" data-end=\"1579\">\n<p data-start=\"1544\" data-end=\"1579\">Extra renforc\u00e9 contre la d\u00e9formation<\/p>\n<\/li>\n<li data-section-id=\"swh58l\" data-start=\"1580\" data-end=\"1618\">\n<p data-start=\"1582\" data-end=\"1618\">\u00c9quip\u00e9 de trous de fixation murale<\/p>\n<\/li>\n<li data-section-id=\"rzcd5c\" data-start=\"1619\" data-end=\"1653\">\n<p data-start=\"1621\" data-end=\"1653\">Chaude, aspect naturel<\/p>\n<\/li>\n<li data-section-id=\"1n45s66\" data-start=\"1654\" data-end=\"1690\">\n<p data-start=\"1656\" data-end=\"1690\">Compos\u00e9 de 3 mm d'\u00e9paisseur en acier Corten<\/p>\n<\/li>\n<li data-section-id=\"rbb8le\" data-start=\"1691\" data-end=\"1720\">\n<p data-start=\"1693\" data-end=\"1720\">Inclut 5 ans de garantie<\/p>\n<\/li>\n<\/ul>\n<p><strong data-start=\"1727\" data-end=\"1754\">Important pour la livraison<\/strong><br data-start=\"1754\" data-end=\"1757\" \/>D\u00e9baller le produit imm\u00e9diatement apr\u00e8s la r\u00e9ception. Cela \u00e9vitera \u00e0 l'humidit\u00e9 de rester coinc\u00e9 entre l'emballage et le produit, ce qui peut causer des taches ou in\u00e9gale de la rouille.<\/p>\n<h5>Informations sur le produit: acier corten:<\/h5>\n<p><a href=\"https:\/\/nl.wikipedia.org\/wiki\/Cortenstaal\" target=\"_blank\" rel=\"noopener noreferrer\">L&#039;acier Cor-Ten<\/a> \u00e9galement connu sous le nom d'acier r\u00e9sistant aux intemp\u00e9ries. C'est un alliage m\u00e9tallique compos\u00e9 de fer, de cuivre, le silicium, le nickel et le chrome sont ajout\u00e9s. L'acier Cor-ten est une tr\u00e8s forte type d'acier. En raison de la capacit\u00e9 \u00e0 se concentrer sur l'exposition \u00e0 l'air, de le couvrir avec une protection de la rouille de la couche. C'est la plante naturelle de la rouille est une couche de protection contre la corrosion.<\/p>\n<p>Livraison gratuite en Belgique. Les frais de livraison en France et au Luxembourg sont de 240 euros, pour toute la commande.<\/p>","protected":false},"excerpt":{"rendered":"<p>l'acier corten stockage de bois carr\u00e9 est un rangement en bois massif dans lequel vous pourrez stocker votre bois de chemin\u00e9e. Non seulement votre bois reste sec, mais tout votre jardin prend un aspect diff\u00e9rent. Ce rangement bois en acier corten peut \u00e9galement \u00eatre utilis\u00e9 comme placard suspendu de jardin. Fabriqu\u00e9 en acier corten de 3 mm d'\u00e9paisseur. La couche protectrice de rouille varie de l'orange chaud au rouge-brun et donne ainsi \u00e0 votre jardin une belle touche industrielle.<\/p>\n<p>Les rangements carr\u00e9s en bois sont \u00e9quip\u00e9s en standard d'un bord repli\u00e9 de 50 mm \u00e0 l'arri\u00e8re avec trous d'accrochage.<\/p>\n<p><strong>La profondeur est de 40 cm.\u00a0<\/strong><\/p>","protected":false},"featured_media":6922,"template":"","meta":{"site-sidebar-layout":"default","site-content-layout":"default","ast-site-content-layout":"default","site-content-style":"default","site-sidebar-style":"default","ast-global-header-display":"","ast-banner-title-visibility":"","ast-main-header-display":"","ast-hfb-above-header-display":"","ast-hfb-below-header-display":"","ast-hfb-mobile-header-display":"","site-post-title":"","ast-breadcrumbs-content":"","ast-featured-img":"","footer-sml-layout":"","ast-disable-related-posts":"","theme-transparent-header-meta":"default","adv-header-id-meta":"","stick-header-meta":"","header-above-stick-meta":"","header-main-stick-meta":"","header-below-stick-meta":"","astra-migrate-meta-layouts":"set","ast-page-background-enabled":"default","ast-page-background-meta":{"desktop":{"background-color":"","background-image":"","background-repeat":"repeat","background-position":"center center","background-size":"auto","background-attachment":"scroll","background-type":"","background-media":"","overlay-type":"","overlay-color":"","overlay-opacity":"","overlay-gradient":""},"tablet":{"background-color":"","background-image":"","background-repeat":"repeat","background-position":"center center","background-size":"auto","background-attachment":"scroll","background-type":"","background-media":"","overlay-type":"","overlay-color":"","overlay-opacity":"","overlay-gradient":""},"mobile":{"background-color":"","background-image":"","background-repeat":"repeat","background-position":"center center","background-size":"auto","background-attachment":"scroll","background-type":"","background-media":"","overlay-type":"","overlay-color":"","overlay-opacity":"","overlay-gradient":""}},"ast-content-background-meta":{"desktop":{"background-color":"var(--ast-global-color-5)","background-image":"","background-repeat":"repeat","background-position":"center center","background-size":"auto","background-attachment":"scroll","background-type":"","background-media":"","overlay-type":"","overlay-color":"","overlay-opacity":"","overlay-gradient":""},"tablet":{"background-color":"var(--ast-global-color-5)","background-image":"","background-repeat":"repeat","background-position":"center center","background-size":"auto","background-attachment":"scroll","background-type":"","background-media":"","overlay-type":"","overlay-color":"","overlay-opacity":"","overlay-gradient":""},"mobile":{"background-color":"var(--ast-global-color-5)","background-image":"","background-repeat":"repeat","background-position":"center center","background-size":"auto","background-attachment":"scroll","background-type":"","background-media":"","overlay-type":"","overlay-color":"","overlay-opacity":"","overlay-gradient":""}}},"product_brand":[],"product_cat":[61,58],"product_tag":[],"class_list":{"0":"post-10134","1":"product","2":"type-product","3":"status-publish","4":"has-post-thumbnail","6":"product_cat-cortenstaal-tuininrichting","7":"product_cat-cortenstaal-vuurelementen","8":"product_shipping_class-fritom","9":"desktop-align-left","10":"tablet-align-left","11":"mobile-align-left","13":"first","14":"instock","15":"taxable","16":"shipping-taxable","17":"purchasable","18":"product-type-variable"},"yoast_head":"<!-- This site is optimized with the Yoast SEO plugin v27.4 - https:\/\/yoast.com\/product\/yoast-seo-wordpress\/ -->\n<title>Cortenstaal houtopslag vierkant koopt u bij cortenstaalverkoop.nl<\/title>\n<meta name=\"description\" content=\"\u2705 Cortenstaal houtopslag vierkant.\u2705 de beste kwaliteit \u2705 5 jaar garantie! Bestel uw cortenstaal houtopslag goedkoop bij cortenstaalverkoop.nl\" \/>\n<meta name=\"robots\" content=\"index, follow, max-snippet:-1, max-image-preview:large, max-video-preview:-1\" \/>\n<link rel=\"canonical\" href=\"https:\/\/cortenstaalverkoop.nl\/fr\/produit\/lacier-corten-stockage-de-bois-carre\/\" \/>\n<meta property=\"og:locale\" content=\"fr_FR\" \/>\n<meta property=\"og:type\" content=\"article\" \/>\n<meta property=\"og:title\" content=\"Cortenstaal houtopslag vierkant koopt u bij cortenstaalverkoop.nl\" \/>\n<meta property=\"og:description\" content=\"\u2705 Cortenstaal houtopslag vierkant.\u2705 de beste kwaliteit \u2705 5 jaar garantie! Bestel uw cortenstaal houtopslag goedkoop bij cortenstaalverkoop.nl\" \/>\n<meta property=\"og:url\" content=\"https:\/\/cortenstaalverkoop.nl\/fr\/produit\/lacier-corten-stockage-de-bois-carre\/\" \/>\n<meta property=\"og:site_name\" content=\"Cortenstaalverkoop.nl\" \/>\n<meta property=\"article:modified_time\" content=\"2026-04-13T10:35:24+00:00\" \/>\n<meta property=\"og:image\" content=\"https:\/\/cortenstaalverkoop.nl\/wp-content\/uploads\/2022\/02\/houtopslag-BHSS2.png\" \/>\n\t<meta property=\"og:image:width\" content=\"699\" \/>\n\t<meta property=\"og:image:height\" content=\"699\" \/>\n\t<meta property=\"og:image:type\" content=\"image\/png\" \/>\n<meta name=\"twitter:card\" content=\"summary_large_image\" \/>\n<meta name=\"twitter:label1\" content=\"Dur\u00e9e de lecture estim\u00e9e\" \/>\n\t<meta name=\"twitter:data1\" content=\"2 minutes\" \/>\n<script type=\"application\/ld+json\" class=\"yoast-schema-graph\">{\"@context\":\"https:\\\/\\\/schema.org\",\"@graph\":[{\"@type\":\"WebPage\",\"@id\":\"https:\\\/\\\/cortenstaalverkoop.nl\\\/product\\\/cortenstaal-houtopslag-vierkant\\\/\",\"url\":\"https:\\\/\\\/cortenstaalverkoop.nl\\\/product\\\/cortenstaal-houtopslag-vierkant\\\/\",\"name\":\"Cortenstaal houtopslag vierkant koopt u bij cortenstaalverkoop.nl\",\"isPartOf\":{\"@id\":\"https:\\\/\\\/cortenstaalverkoop.nl\\\/#website\"},\"primaryImageOfPage\":{\"@id\":\"https:\\\/\\\/cortenstaalverkoop.nl\\\/product\\\/cortenstaal-houtopslag-vierkant\\\/#primaryimage\"},\"image\":{\"@id\":\"https:\\\/\\\/cortenstaalverkoop.nl\\\/product\\\/cortenstaal-houtopslag-vierkant\\\/#primaryimage\"},\"thumbnailUrl\":\"https:\\\/\\\/cortenstaalverkoop.nl\\\/wp-content\\\/uploads\\\/2022\\\/02\\\/houtopslag-BHSS2.png\",\"datePublished\":\"2024-07-03T11:09:31+00:00\",\"dateModified\":\"2026-04-13T10:35:24+00:00\",\"description\":\"\u2705 Cortenstaal houtopslag vierkant.\u2705 de beste kwaliteit \u2705 5 jaar garantie! Bestel uw cortenstaal houtopslag goedkoop bij cortenstaalverkoop.nl\",\"breadcrumb\":{\"@id\":\"https:\\\/\\\/cortenstaalverkoop.nl\\\/product\\\/cortenstaal-houtopslag-vierkant\\\/#breadcrumb\"},\"inLanguage\":\"fr-FR\",\"potentialAction\":[{\"@type\":\"ReadAction\",\"target\":[\"https:\\\/\\\/cortenstaalverkoop.nl\\\/product\\\/cortenstaal-houtopslag-vierkant\\\/\"]}]},{\"@type\":\"ImageObject\",\"inLanguage\":\"fr-FR\",\"@id\":\"https:\\\/\\\/cortenstaalverkoop.nl\\\/product\\\/cortenstaal-houtopslag-vierkant\\\/#primaryimage\",\"url\":\"https:\\\/\\\/cortenstaalverkoop.nl\\\/wp-content\\\/uploads\\\/2022\\\/02\\\/houtopslag-BHSS2.png\",\"contentUrl\":\"https:\\\/\\\/cortenstaalverkoop.nl\\\/wp-content\\\/uploads\\\/2022\\\/02\\\/houtopslag-BHSS2.png\",\"width\":699,\"height\":699,\"caption\":\"Cortenstaal houtopslag vierkant\"},{\"@type\":\"BreadcrumbList\",\"@id\":\"https:\\\/\\\/cortenstaalverkoop.nl\\\/product\\\/cortenstaal-houtopslag-vierkant\\\/#breadcrumb\",\"itemListElement\":[{\"@type\":\"ListItem\",\"position\":1,\"name\":\"Home\",\"item\":\"https:\\\/\\\/cortenstaalverkoop.nl\\\/\"},{\"@type\":\"ListItem\",\"position\":2,\"name\":\"Assortiment\",\"item\":\"https:\\\/\\\/cortenstaalverkoop.nl\\\/assortiment-cortenstaal\\\/\"},{\"@type\":\"ListItem\",\"position\":3,\"name\":\"Cortenstaal houtopslag vierkant\"}]},{\"@type\":\"WebSite\",\"@id\":\"https:\\\/\\\/cortenstaalverkoop.nl\\\/#website\",\"url\":\"https:\\\/\\\/cortenstaalverkoop.nl\\\/\",\"name\":\"Cortenstaalverkoop.nl\",\"description\":\"de cortenstaal specialist!\",\"publisher\":{\"@id\":\"https:\\\/\\\/cortenstaalverkoop.nl\\\/#organization\"},\"potentialAction\":[{\"@type\":\"SearchAction\",\"target\":{\"@type\":\"EntryPoint\",\"urlTemplate\":\"https:\\\/\\\/cortenstaalverkoop.nl\\\/?s={search_term_string}\"},\"query-input\":{\"@type\":\"PropertyValueSpecification\",\"valueRequired\":true,\"valueName\":\"search_term_string\"}}],\"inLanguage\":\"fr-FR\"},{\"@type\":\"Organization\",\"@id\":\"https:\\\/\\\/cortenstaalverkoop.nl\\\/#organization\",\"name\":\"Cortenstaalverkoop.nl\",\"url\":\"https:\\\/\\\/cortenstaalverkoop.nl\\\/\",\"logo\":{\"@type\":\"ImageObject\",\"inLanguage\":\"fr-FR\",\"@id\":\"https:\\\/\\\/cortenstaalverkoop.nl\\\/#\\\/schema\\\/logo\\\/image\\\/\",\"url\":\"https:\\\/\\\/cortenstaalverkoop.nl\\\/wp-content\\\/uploads\\\/2019\\\/11\\\/cortenstaal-logo-1.png\",\"contentUrl\":\"https:\\\/\\\/cortenstaalverkoop.nl\\\/wp-content\\\/uploads\\\/2019\\\/11\\\/cortenstaal-logo-1.png\",\"width\":480,\"height\":163,\"caption\":\"Cortenstaalverkoop.nl\"},\"image\":{\"@id\":\"https:\\\/\\\/cortenstaalverkoop.nl\\\/#\\\/schema\\\/logo\\\/image\\\/\"}}]}<\/script>\n<!-- \/ Yoast SEO plugin. -->","yoast_head_json":{"title":"Vous pouvez acheter Cortenstaal houtopslag vierkant \u00e0 cortenstaalverkoop.nl","description":"\u2705 Acier Corten de stockage du bois carr\u00e9.\u2705 la meilleure qualit\u00e9 \u2705 garantie de 5 ans! Commandez votre acier Corten de stockage du bois \u00e0 bas prix \u00e0 partir de cortenstaalverkoop.nl","robots":{"index":"index","follow":"follow","max-snippet":"max-snippet:-1","max-image-preview":"max-image-preview:large","max-video-preview":"max-video-preview:-1"},"canonical":"https:\/\/cortenstaalverkoop.nl\/fr\/produit\/lacier-corten-stockage-de-bois-carre\/","og_locale":"fr_FR","og_type":"article","og_title":"Cortenstaal houtopslag vierkant koopt u bij cortenstaalverkoop.nl","og_description":"\u2705 Cortenstaal houtopslag vierkant.\u2705 de beste kwaliteit \u2705 5 jaar garantie! Bestel uw cortenstaal houtopslag goedkoop bij cortenstaalverkoop.nl","og_url":"https:\/\/cortenstaalverkoop.nl\/fr\/produit\/lacier-corten-stockage-de-bois-carre\/","og_site_name":"Cortenstaalverkoop.nl","article_modified_time":"2026-04-13T10:35:24+00:00","og_image":[{"width":699,"height":699,"url":"https:\/\/cortenstaalverkoop.nl\/wp-content\/uploads\/2022\/02\/houtopslag-BHSS2.png","type":"image\/png"}],"twitter_card":"summary_large_image","twitter_misc":{"Dur\u00e9e de lecture estim\u00e9e":"2 minutes"},"schema":{"@context":"https:\/\/schema.org","@graph":[{"@type":"WebPage","@id":"https:\/\/cortenstaalverkoop.nl\/product\/cortenstaal-houtopslag-vierkant\/","url":"https:\/\/cortenstaalverkoop.nl\/product\/cortenstaal-houtopslag-vierkant\/","name":"Vous pouvez acheter Cortenstaal houtopslag vierkant \u00e0 cortenstaalverkoop.nl","isPartOf":{"@id":"https:\/\/cortenstaalverkoop.nl\/#website"},"primaryImageOfPage":{"@id":"https:\/\/cortenstaalverkoop.nl\/product\/cortenstaal-houtopslag-vierkant\/#primaryimage"},"image":{"@id":"https:\/\/cortenstaalverkoop.nl\/product\/cortenstaal-houtopslag-vierkant\/#primaryimage"},"thumbnailUrl":"https:\/\/cortenstaalverkoop.nl\/wp-content\/uploads\/2022\/02\/houtopslag-BHSS2.png","datePublished":"2024-07-03T11:09:31+00:00","dateModified":"2026-04-13T10:35:24+00:00","description":"\u2705 Acier Corten de stockage du bois carr\u00e9.\u2705 la meilleure qualit\u00e9 \u2705 garantie de 5 ans! Commandez votre acier Corten de stockage du bois \u00e0 bas prix \u00e0 partir de cortenstaalverkoop.nl","breadcrumb":{"@id":"https:\/\/cortenstaalverkoop.nl\/product\/cortenstaal-houtopslag-vierkant\/#breadcrumb"},"inLanguage":"fr-FR","potentialAction":[{"@type":"ReadAction","target":["https:\/\/cortenstaalverkoop.nl\/product\/cortenstaal-houtopslag-vierkant\/"]}]},{"@type":"ImageObject","inLanguage":"fr-FR","@id":"https:\/\/cortenstaalverkoop.nl\/product\/cortenstaal-houtopslag-vierkant\/#primaryimage","url":"https:\/\/cortenstaalverkoop.nl\/wp-content\/uploads\/2022\/02\/houtopslag-BHSS2.png","contentUrl":"https:\/\/cortenstaalverkoop.nl\/wp-content\/uploads\/2022\/02\/houtopslag-BHSS2.png","width":699,"height":699,"caption":"Cortenstaal houtopslag vierkant"},{"@type":"BreadcrumbList","@id":"https:\/\/cortenstaalverkoop.nl\/product\/cortenstaal-houtopslag-vierkant\/#breadcrumb","itemListElement":[{"@type":"ListItem","position":1,"name":"Home","item":"https:\/\/cortenstaalverkoop.nl\/"},{"@type":"ListItem","position":2,"name":"Assortiment","item":"https:\/\/cortenstaalverkoop.nl\/assortiment-cortenstaal\/"},{"@type":"ListItem","position":3,"name":"Cortenstaal houtopslag vierkant"}]},{"@type":"WebSite","@id":"https:\/\/cortenstaalverkoop.nl\/#website","url":"https:\/\/cortenstaalverkoop.nl\/","name":"Cortenstaalverkoop.nl","description":"l&#039;acier cor-ten sp\u00e9cialiste!","publisher":{"@id":"https:\/\/cortenstaalverkoop.nl\/#organization"},"potentialAction":[{"@type":"SearchAction","target":{"@type":"EntryPoint","urlTemplate":"https:\/\/cortenstaalverkoop.nl\/?s={search_term_string}"},"query-input":{"@type":"PropertyValueSpecification","valueRequired":true,"valueName":"search_term_string"}}],"inLanguage":"fr-FR"},{"@type":"Organization","@id":"https:\/\/cortenstaalverkoop.nl\/#organization","name":"Cortenstaalverkoop.nl","url":"https:\/\/cortenstaalverkoop.nl\/","logo":{"@type":"ImageObject","inLanguage":"fr-FR","@id":"https:\/\/cortenstaalverkoop.nl\/#\/schema\/logo\/image\/","url":"https:\/\/cortenstaalverkoop.nl\/wp-content\/uploads\/2019\/11\/cortenstaal-logo-1.png","contentUrl":"https:\/\/cortenstaalverkoop.nl\/wp-content\/uploads\/2019\/11\/cortenstaal-logo-1.png","width":480,"height":163,"caption":"Cortenstaalverkoop.nl"},"image":{"@id":"https:\/\/cortenstaalverkoop.nl\/#\/schema\/logo\/image\/"}}]}},"_links":{"self":[{"href":"https:\/\/cortenstaalverkoop.nl\/fr\/wp-json\/wp\/v2\/product\/10134","targetHints":{"allow":["GET"]}}],"collection":[{"href":"https:\/\/cortenstaalverkoop.nl\/fr\/wp-json\/wp\/v2\/product"}],"about":[{"href":"https:\/\/cortenstaalverkoop.nl\/fr\/wp-json\/wp\/v2\/types\/product"}],"version-history":[{"count":3,"href":"https:\/\/cortenstaalverkoop.nl\/fr\/wp-json\/wp\/v2\/product\/10134\/revisions"}],"predecessor-version":[{"id":11040,"href":"https:\/\/cortenstaalverkoop.nl\/fr\/wp-json\/wp\/v2\/product\/10134\/revisions\/11040"}],"wp:featuredmedia":[{"embeddable":true,"href":"https:\/\/cortenstaalverkoop.nl\/fr\/wp-json\/wp\/v2\/media\/6922"}],"wp:attachment":[{"href":"https:\/\/cortenstaalverkoop.nl\/fr\/wp-json\/wp\/v2\/media?parent=10134"}],"wp:term":[{"taxonomy":"product_brand","embeddable":true,"href":"https:\/\/cortenstaalverkoop.nl\/fr\/wp-json\/wp\/v2\/product_brand?post=10134"},{"taxonomy":"product_cat","embeddable":true,"href":"https:\/\/cortenstaalverkoop.nl\/fr\/wp-json\/wp\/v2\/product_cat?post=10134"},{"taxonomy":"product_tag","embeddable":true,"href":"https:\/\/cortenstaalverkoop.nl\/fr\/wp-json\/wp\/v2\/product_tag?post=10134"}],"curies":[{"name":"wp","href":"https:\/\/api.w.org\/{rel}","templated":true}]}}