{"id":10274,"date":"2024-09-11T11:58:13","date_gmt":"2024-09-11T09:58:13","guid":{"rendered":"https:\/\/cortenstaalverkoop.nl\/?post_type=product&#038;p=10274"},"modified":"2026-03-24T10:49:48","modified_gmt":"2026-03-24T09:49:48","slug":"lacier-corten-tables-deau-bayou","status":"publish","type":"product","link":"https:\/\/cortenstaalverkoop.nl\/fr\/product\/cortenstaal-watertafel-bayou\/","title":{"rendered":"L'acier Corten Tables d'eau BAYOU"},"content":{"rendered":"<div data-elementor-type=\"wp-post\" data-elementor-id=\"10274\" class=\"elementor elementor-10274\">\n\t\t\t\t\t\t<section class=\"elementor-section elementor-top-section elementor-element elementor-element-71a6730d elementor-section-boxed elementor-section-height-default elementor-section-height-default\" data-id=\"71a6730d\" data-element_type=\"section\" data-e-type=\"section\">\n\t\t\t\t\t\t<div class=\"elementor-container elementor-column-gap-default\">\n\t\t\t\t\t<div class=\"elementor-column elementor-col-100 elementor-top-column elementor-element elementor-element-42ff9e30\" data-id=\"42ff9e30\" data-element_type=\"column\" data-e-type=\"column\">\n\t\t\t<div class=\"elementor-widget-wrap elementor-element-populated\">\n\t\t\t\t\t\t<div class=\"elementor-element elementor-element-7cbf92e4 elementor-widget elementor-widget-text-editor\" data-id=\"7cbf92e4\" data-element_type=\"widget\" data-e-type=\"widget\" data-widget_type=\"text-editor.default\">\n\t\t\t\t<div class=\"elementor-widget-container\">\n\t\t\t\t\t\t\t\t\t<h3 data-start=\"69\" data-end=\"101\"><strong data-start=\"69\" data-end=\"101\">L'acier Corten Tables d'eau BAYOU<\/strong><\/h3><p data-start=\"103\" data-end=\"330\">Voulez-vous un point d'eau dans votre jardin, mais vous avez un espace limit\u00e9? <strong data-start=\"168\" data-end=\"175\">Alors<\/strong> l'acier Corten de l'eau de table Bayou offre la solution parfaite. Avec ce compact de l'eau ornement de vous cr\u00e9er imm\u00e9diatement un remarquable \u00e9l\u00e9ment d'attractivit\u00e9 dans votre jardin.<\/p><p data-start=\"332\" data-end=\"695\"><strong data-start=\"332\" data-end=\"343\">Gr\u00e2ce \u00e0<\/strong> vous pouvez profiter de l'\u00e9clairage int\u00e9gr\u00e9, non seulement pendant la journ\u00e9e, <strong data-start=\"403\" data-end=\"415\">mais aussi<\/strong> le soir d'un beau spectacle. <strong data-start=\"455\" data-end=\"468\">Aussi<\/strong> la fontaine et d'un \u00c9clairage LED, ensemble, offrir de l'atmosph\u00e8re et de l'exp\u00e9rience. <strong data-start=\"542\" data-end=\"554\">En raison de cette<\/strong> sans effort de donner \u00e0 votre jardin un aspect luxueux. La fontaine de la hauteur est d'environ 5 cm, ce qui offre un subtil et apaisant de l'eau de l'effet. L'eau, les tables sont pr\u00eates et disponibles en diff\u00e9rentes tailles. <strong data-start=\"774\" data-end=\"780\">Donc<\/strong> il suffit de choisir un mod\u00e8le qui s'adapte \u00e0 votre jardin parfaitement. <strong data-start=\"839\" data-end=\"852\">Plus<\/strong> vous avez le choix entre les deux <a href=\"https:\/\/cortenstaalverkoop.nl\/product\/cortenstaal-watertafel-rond\/\" target=\"_blank\" rel=\"noopener\">ronde<\/a> si <a href=\"https:\/\/cortenstaalverkoop.nl\/product\/cortenstaal-watertafel-rechthoekig\/\" target=\"_blank\" rel=\"noopener\">rectangulaire<\/a> les variantes.<\/p><p data-start=\"915\" data-end=\"1071\"><strong data-start=\"915\" data-end=\"925\">Plus<\/strong> ce produit est fourni avec un rev\u00eatement en caoutchouc \u00e0 l'int\u00e9rieur. <strong data-start=\"992\" data-end=\"1004\">En raison de cette<\/strong> vous b\u00e9n\u00e9ficiez d'une couche de protection suppl\u00e9mentaire et une plus longue dur\u00e9e de vie.<\/p><h3 data-start=\"1078\" data-end=\"1092\"><strong data-start=\"1078\" data-end=\"1092\">Important<\/strong><\/h3><ul data-start=\"1094\" data-end=\"1846\"><li data-section-id=\"sksk7m\" data-start=\"1094\" data-end=\"1226\"><p data-start=\"1096\" data-end=\"1226\"><strong data-start=\"1096\" data-end=\"1111\">D'abord:<\/strong> lieu de l'acier Corten de l'eau de table BAYOU sur une surface stable et de niveau. <strong data-start=\"1190\" data-end=\"1196\">Donc<\/strong> il fonctionne de mani\u00e8re optimale.<\/p><\/li><li data-section-id=\"w4nmtg\" data-start=\"1227\" data-end=\"1350\"><p data-start=\"1229\" data-end=\"1350\"><strong data-start=\"1229\" data-end=\"1243\">Plus:<\/strong> maintenir un pH neutre et de l'eau (7). <strong data-start=\"1296\" data-end=\"1307\">Avec cette<\/strong> \u00e9viter d'endommager le mat\u00e9riel.<\/p><\/li><li data-section-id=\"f95mls\" data-start=\"1351\" data-end=\"1535\"><p data-start=\"1353\" data-end=\"1535\"><strong data-start=\"1353\" data-end=\"1364\">En outre:<\/strong> vous recevrez l'eau de table complet avec pompe et \u00e9clairage \u00e0 LED (blanc froid), <strong data-start=\"1439\" data-end=\"1448\">permettre<\/strong> vous pouvez commencer tout de suite. Vous recevez une garantie de 2 ans sur la pompe et des lumi\u00e8res LED.<\/p><\/li><li data-section-id=\"fhan4w\" data-start=\"1536\" data-end=\"1692\"><p data-start=\"1538\" data-end=\"1692\"><strong data-start=\"1538\" data-end=\"1549\">Note:<\/strong> nous ne recommandons pas l'utilisation de l'acier Corten dans un rayon de 2 km d'un littoral, <strong data-start=\"1636\" data-end=\"1645\">parce que<\/strong> le sel dans l'air peut affecter le processus de la rouille.<\/p><\/li><li data-section-id=\"12hub1a\" data-start=\"1693\" data-end=\"1846\"><p data-start=\"1695\" data-end=\"1846\"><strong data-start=\"1695\" data-end=\"1708\">Enfin:<\/strong> d\u00e9baller le produit imm\u00e9diatement apr\u00e8s la livraison. <strong data-start=\"1749\" data-end=\"1761\">En raison de cette<\/strong> peut s'\u00e9vaporer toute l'humidit\u00e9 et pr\u00e9vient les taches ou irr\u00e9guliers, la formation de la rouille.<\/p><\/li><\/ul><p data-start=\"1853\" data-end=\"1877\"><strong data-start=\"1853\" data-end=\"1877\">Utilisation en hiver<\/strong><\/p><ul data-start=\"1879\" data-end=\"2321\"><li data-section-id=\"fikoom\" data-start=\"1879\" data-end=\"1941\"><p data-start=\"1881\" data-end=\"1941\"><strong data-start=\"1881\" data-end=\"1895\">En cas de gel:<\/strong> toujours d\u00e9brancher de la prise \u00e9lectrique.<\/p><\/li><li data-section-id=\"13pkaen\" data-start=\"1942\" data-end=\"2021\"><p data-start=\"1944\" data-end=\"2021\"><strong data-start=\"1944\" data-end=\"1959\">Alors:<\/strong> remplir la table de l'eau avec de l'eau au maximum.<\/p><\/li><li data-section-id=\"1e5ckqd\" data-start=\"2022\" data-end=\"2126\"><p data-start=\"2024\" data-end=\"2126\"><strong data-start=\"2024\" data-end=\"2038\">Plus:<\/strong> utiliser de pr\u00e9f\u00e9rence un gel de la garde (disponible dans les centres de jardinage ou les quincailleries).<\/p><\/li><li data-section-id=\"16p10oj\" data-start=\"2127\" data-end=\"2203\"><p data-start=\"2129\" data-end=\"2203\">La pompe peut rester dans l'eau, <strong data-start=\"2163\" data-end=\"2171\">gsti<\/strong> vous suivez les \u00e9tapes ci-dessus.<\/p><\/li><li data-section-id=\"1r208nc\" data-start=\"2204\" data-end=\"2321\"><p data-start=\"2206\" data-end=\"2321\"><strong data-start=\"2206\" data-end=\"2235\">Vous pouvez \u00e9galement choisir<\/strong> pour obtenir la pompe de l'\u00e9tang et \u00e0 l'abri du gel, <strong>sous l'eau<\/strong>, \u00e0 gauche pour passer l'hiver.<\/p><\/li><\/ul><p><a href=\"https:\/\/nl.wikipedia.org\/wiki\/Cortenstaal\" target=\"_blank\" rel=\"noopener noreferrer\">L&#039;acier Cor-Ten<\/a> \u00e9galement connu sous le nom d'acier r\u00e9sistant aux intemp\u00e9ries. C'est un alliage m\u00e9tallique compos\u00e9 de fer, de cuivre, le silicium, le nickel et le chrome sont ajout\u00e9s. L'acier Cor-ten est une tr\u00e8s forte type d'acier. En raison de la capacit\u00e9 \u00e0 se concentrer sur l'exposition \u00e0 l'air, de le couvrir avec une protection de la rouille de la couche. C'est la plante naturelle de la rouille est une couche de protection contre la corrosion.<\/p><p>Livraison gratuite aux Pays-Bas, Belgique. Les frais de port pour l'Allemagne, le Luxembourg et la France commencent \u00e0 280 euros pour la commande enti\u00e8re.<\/p>\t\t\t\t\t\t\t\t<\/div>\n\t\t\t\t<\/div>\n\t\t\t\t\t<\/div>\n\t\t<\/div>\n\t\t\t\t\t<\/div>\n\t\t<\/section>\n\t\t\t\t<\/div>","protected":false},"excerpt":{"rendered":"<p>L&#039;acier Corten de l&#039;eau de table BAYOU est livr\u00e9 avec \u00e9clairage LED, Fontaine(s) et de la pompe. La pompe \u00e0 l&#039;int\u00e9rieur du conteneur assure que l&#039;eau est pomp\u00e9e. L&#039;eau va alors s&#039;ex\u00e9cuter sur la plaque int\u00e9rieure, pour retomber en arri\u00e8re dans le bac. Le c\u00e2ble sort de la bo\u00eete, par un d\u00e9passement de capacit\u00e9 de la structure \u00e0 la partie inf\u00e9rieure, de sorte qu&#039;il n&#039;est pas visible. Les tables de l&#039;eau n\u00e9cessitent peu d&#039;entretien et sont tr\u00e8s adapt\u00e9es \u00e0 l&#039;enfant, car il n&#039;y a pas de couche d&#039;eau profonde.<\/p>","protected":false},"featured_media":10288,"template":"","meta":{"site-sidebar-layout":"default","site-content-layout":"default","ast-site-content-layout":"default","site-content-style":"default","site-sidebar-style":"default","ast-global-header-display":"","ast-banner-title-visibility":"","ast-main-header-display":"","ast-hfb-above-header-display":"","ast-hfb-below-header-display":"","ast-hfb-mobile-header-display":"","site-post-title":"","ast-breadcrumbs-content":"","ast-featured-img":"","footer-sml-layout":"","ast-disable-related-posts":"","theme-transparent-header-meta":"default","adv-header-id-meta":"","stick-header-meta":"","header-above-stick-meta":"","header-main-stick-meta":"","header-below-stick-meta":"","astra-migrate-meta-layouts":"set","ast-page-background-enabled":"default","ast-page-background-meta":{"desktop":{"background-color":"","background-image":"","background-repeat":"repeat","background-position":"center center","background-size":"auto","background-attachment":"scroll","background-type":"","background-media":"","overlay-type":"","overlay-color":"","overlay-opacity":"","overlay-gradient":""},"tablet":{"background-color":"","background-image":"","background-repeat":"repeat","background-position":"center center","background-size":"auto","background-attachment":"scroll","background-type":"","background-media":"","overlay-type":"","overlay-color":"","overlay-opacity":"","overlay-gradient":""},"mobile":{"background-color":"","background-image":"","background-repeat":"repeat","background-position":"center center","background-size":"auto","background-attachment":"scroll","background-type":"","background-media":"","overlay-type":"","overlay-color":"","overlay-opacity":"","overlay-gradient":""}},"ast-content-background-meta":{"desktop":{"background-color":"var(--ast-global-color-5)","background-image":"","background-repeat":"repeat","background-position":"center center","background-size":"auto","background-attachment":"scroll","background-type":"","background-media":"","overlay-type":"","overlay-color":"","overlay-opacity":"","overlay-gradient":""},"tablet":{"background-color":"var(--ast-global-color-5)","background-image":"","background-repeat":"repeat","background-position":"center center","background-size":"auto","background-attachment":"scroll","background-type":"","background-media":"","overlay-type":"","overlay-color":"","overlay-opacity":"","overlay-gradient":""},"mobile":{"background-color":"var(--ast-global-color-5)","background-image":"","background-repeat":"repeat","background-position":"center center","background-size":"auto","background-attachment":"scroll","background-type":"","background-media":"","overlay-type":"","overlay-color":"","overlay-opacity":"","overlay-gradient":""}}},"product_brand":[],"product_cat":[60],"product_tag":[],"class_list":{"0":"post-10274","1":"product","2":"type-product","3":"status-publish","4":"has-post-thumbnail","6":"product_cat-cortenstaal-waterelementen","7":"product_shipping_class-fritom","8":"desktop-align-left","9":"tablet-align-left","10":"mobile-align-left","12":"first","13":"instock","14":"taxable","15":"shipping-taxable","16":"purchasable","17":"product-type-variable"},"yoast_head":"<!-- This site is optimized with the Yoast SEO plugin v27.3 - https:\/\/yoast.com\/product\/yoast-seo-wordpress\/ -->\n<title>Cortenstaal watertafel BAYOU koopt u bij cortenstaalverkoop.nl<\/title>\n<meta name=\"description\" content=\"\u2705 Cortenstaal watertafel BAYOU met fontein.\u2705 de beste kwaliteit \u2705 5 jaar garantie! Bestel uw cortenstaal watertafel goedkoop bij cortenstaalverkoop.nl!\" \/>\n<meta name=\"robots\" content=\"index, follow, max-snippet:-1, max-image-preview:large, max-video-preview:-1\" \/>\n<link rel=\"canonical\" href=\"https:\/\/cortenstaalverkoop.nl\/fr\/produit\/lacier-corten-tables-deau-bayou\/\" \/>\n<meta property=\"og:locale\" content=\"fr_FR\" \/>\n<meta property=\"og:type\" content=\"article\" \/>\n<meta property=\"og:title\" content=\"Cortenstaal watertafel BAYOU koopt u bij cortenstaalverkoop.nl\" \/>\n<meta property=\"og:description\" content=\"\u2705 Cortenstaal watertafel BAYOU met fontein.\u2705 de beste kwaliteit \u2705 5 jaar garantie! Bestel uw cortenstaal watertafel goedkoop bij cortenstaalverkoop.nl!\" \/>\n<meta property=\"og:url\" content=\"https:\/\/cortenstaalverkoop.nl\/fr\/produit\/lacier-corten-tables-deau-bayou\/\" \/>\n<meta property=\"og:site_name\" content=\"Cortenstaalverkoop.nl\" \/>\n<meta property=\"article:modified_time\" content=\"2026-03-24T09:49:48+00:00\" \/>\n<meta property=\"og:image\" content=\"https:\/\/cortenstaalverkoop.nl\/wp-content\/uploads\/2024\/09\/bayou-cort-120.webp\" \/>\n\t<meta property=\"og:image:width\" content=\"699\" \/>\n\t<meta property=\"og:image:height\" content=\"699\" \/>\n\t<meta property=\"og:image:type\" content=\"image\/webp\" \/>\n<meta name=\"twitter:card\" content=\"summary_large_image\" \/>\n<meta name=\"twitter:label1\" content=\"Dur\u00e9e de lecture estim\u00e9e\" \/>\n\t<meta name=\"twitter:data1\" content=\"3 minutes\" \/>\n<script type=\"application\/ld+json\" class=\"yoast-schema-graph\">{\"@context\":\"https:\\\/\\\/schema.org\",\"@graph\":[{\"@type\":\"WebPage\",\"@id\":\"https:\\\/\\\/cortenstaalverkoop.nl\\\/product\\\/cortenstaal-watertafel-bayou\\\/\",\"url\":\"https:\\\/\\\/cortenstaalverkoop.nl\\\/product\\\/cortenstaal-watertafel-bayou\\\/\",\"name\":\"Cortenstaal watertafel BAYOU koopt u bij cortenstaalverkoop.nl\",\"isPartOf\":{\"@id\":\"https:\\\/\\\/cortenstaalverkoop.nl\\\/#website\"},\"primaryImageOfPage\":{\"@id\":\"https:\\\/\\\/cortenstaalverkoop.nl\\\/product\\\/cortenstaal-watertafel-bayou\\\/#primaryimage\"},\"image\":{\"@id\":\"https:\\\/\\\/cortenstaalverkoop.nl\\\/product\\\/cortenstaal-watertafel-bayou\\\/#primaryimage\"},\"thumbnailUrl\":\"https:\\\/\\\/cortenstaalverkoop.nl\\\/wp-content\\\/uploads\\\/2024\\\/09\\\/bayou-cort-120.webp\",\"datePublished\":\"2024-09-11T09:58:13+00:00\",\"dateModified\":\"2026-03-24T09:49:48+00:00\",\"description\":\"\u2705 Cortenstaal watertafel BAYOU met fontein.\u2705 de beste kwaliteit \u2705 5 jaar garantie! Bestel uw cortenstaal watertafel goedkoop bij cortenstaalverkoop.nl!\",\"breadcrumb\":{\"@id\":\"https:\\\/\\\/cortenstaalverkoop.nl\\\/product\\\/cortenstaal-watertafel-bayou\\\/#breadcrumb\"},\"inLanguage\":\"fr-FR\",\"potentialAction\":[{\"@type\":\"ReadAction\",\"target\":[\"https:\\\/\\\/cortenstaalverkoop.nl\\\/product\\\/cortenstaal-watertafel-bayou\\\/\"]}]},{\"@type\":\"ImageObject\",\"inLanguage\":\"fr-FR\",\"@id\":\"https:\\\/\\\/cortenstaalverkoop.nl\\\/product\\\/cortenstaal-watertafel-bayou\\\/#primaryimage\",\"url\":\"https:\\\/\\\/cortenstaalverkoop.nl\\\/wp-content\\\/uploads\\\/2024\\\/09\\\/bayou-cort-120.webp\",\"contentUrl\":\"https:\\\/\\\/cortenstaalverkoop.nl\\\/wp-content\\\/uploads\\\/2024\\\/09\\\/bayou-cort-120.webp\",\"width\":699,\"height\":699,\"caption\":\"Cortenstaal watertafel BAYOU\"},{\"@type\":\"BreadcrumbList\",\"@id\":\"https:\\\/\\\/cortenstaalverkoop.nl\\\/product\\\/cortenstaal-watertafel-bayou\\\/#breadcrumb\",\"itemListElement\":[{\"@type\":\"ListItem\",\"position\":1,\"name\":\"Home\",\"item\":\"https:\\\/\\\/cortenstaalverkoop.nl\\\/\"},{\"@type\":\"ListItem\",\"position\":2,\"name\":\"Assortiment\",\"item\":\"https:\\\/\\\/cortenstaalverkoop.nl\\\/assortiment-cortenstaal\\\/\"},{\"@type\":\"ListItem\",\"position\":3,\"name\":\"Cortenstaal watertafel BAYOU\"}]},{\"@type\":\"WebSite\",\"@id\":\"https:\\\/\\\/cortenstaalverkoop.nl\\\/#website\",\"url\":\"https:\\\/\\\/cortenstaalverkoop.nl\\\/\",\"name\":\"Cortenstaalverkoop.nl\",\"description\":\"de cortenstaal specialist!\",\"publisher\":{\"@id\":\"https:\\\/\\\/cortenstaalverkoop.nl\\\/#organization\"},\"potentialAction\":[{\"@type\":\"SearchAction\",\"target\":{\"@type\":\"EntryPoint\",\"urlTemplate\":\"https:\\\/\\\/cortenstaalverkoop.nl\\\/?s={search_term_string}\"},\"query-input\":{\"@type\":\"PropertyValueSpecification\",\"valueRequired\":true,\"valueName\":\"search_term_string\"}}],\"inLanguage\":\"fr-FR\"},{\"@type\":\"Organization\",\"@id\":\"https:\\\/\\\/cortenstaalverkoop.nl\\\/#organization\",\"name\":\"Cortenstaalverkoop.nl\",\"url\":\"https:\\\/\\\/cortenstaalverkoop.nl\\\/\",\"logo\":{\"@type\":\"ImageObject\",\"inLanguage\":\"fr-FR\",\"@id\":\"https:\\\/\\\/cortenstaalverkoop.nl\\\/#\\\/schema\\\/logo\\\/image\\\/\",\"url\":\"https:\\\/\\\/cortenstaalverkoop.nl\\\/wp-content\\\/uploads\\\/2019\\\/11\\\/cortenstaal-logo-1.png\",\"contentUrl\":\"https:\\\/\\\/cortenstaalverkoop.nl\\\/wp-content\\\/uploads\\\/2019\\\/11\\\/cortenstaal-logo-1.png\",\"width\":480,\"height\":163,\"caption\":\"Cortenstaalverkoop.nl\"},\"image\":{\"@id\":\"https:\\\/\\\/cortenstaalverkoop.nl\\\/#\\\/schema\\\/logo\\\/image\\\/\"}}]}<\/script>\n<!-- \/ Yoast SEO plugin. -->","yoast_head_json":{"title":"Cortenstaal WATERTAFEL BAYOU cortenstaalverkoop.nl","description":"\u2705 Acier Corten de l&#039;eau de table BAYOU avec fontaine.\u2705 la meilleure qualit\u00e9 \u2705 garantie de 5 ans! Commandez votre acier Corten de l&#039;eau de table \u00e0 bas prix \u00e0 partir de cortenstaalverkoop.nl!","robots":{"index":"index","follow":"follow","max-snippet":"max-snippet:-1","max-image-preview":"max-image-preview:large","max-video-preview":"max-video-preview:-1"},"canonical":"https:\/\/cortenstaalverkoop.nl\/fr\/produit\/lacier-corten-tables-deau-bayou\/","og_locale":"fr_FR","og_type":"article","og_title":"Cortenstaal watertafel BAYOU koopt u bij cortenstaalverkoop.nl","og_description":"\u2705 Cortenstaal watertafel BAYOU met fontein.\u2705 de beste kwaliteit \u2705 5 jaar garantie! Bestel uw cortenstaal watertafel goedkoop bij cortenstaalverkoop.nl!","og_url":"https:\/\/cortenstaalverkoop.nl\/fr\/produit\/lacier-corten-tables-deau-bayou\/","og_site_name":"Cortenstaalverkoop.nl","article_modified_time":"2026-03-24T09:49:48+00:00","og_image":[{"width":699,"height":699,"url":"https:\/\/cortenstaalverkoop.nl\/wp-content\/uploads\/2024\/09\/bayou-cort-120.webp","type":"image\/webp"}],"twitter_card":"summary_large_image","twitter_misc":{"Dur\u00e9e de lecture estim\u00e9e":"3 minutes"},"schema":{"@context":"https:\/\/schema.org","@graph":[{"@type":"WebPage","@id":"https:\/\/cortenstaalverkoop.nl\/product\/cortenstaal-watertafel-bayou\/","url":"https:\/\/cortenstaalverkoop.nl\/product\/cortenstaal-watertafel-bayou\/","name":"Cortenstaal WATERTAFEL BAYOU cortenstaalverkoop.nl","isPartOf":{"@id":"https:\/\/cortenstaalverkoop.nl\/#website"},"primaryImageOfPage":{"@id":"https:\/\/cortenstaalverkoop.nl\/product\/cortenstaal-watertafel-bayou\/#primaryimage"},"image":{"@id":"https:\/\/cortenstaalverkoop.nl\/product\/cortenstaal-watertafel-bayou\/#primaryimage"},"thumbnailUrl":"https:\/\/cortenstaalverkoop.nl\/wp-content\/uploads\/2024\/09\/bayou-cort-120.webp","datePublished":"2024-09-11T09:58:13+00:00","dateModified":"2026-03-24T09:49:48+00:00","description":"\u2705 Acier Corten de l&#039;eau de table BAYOU avec fontaine.\u2705 la meilleure qualit\u00e9 \u2705 garantie de 5 ans! Commandez votre acier Corten de l&#039;eau de table \u00e0 bas prix \u00e0 partir de cortenstaalverkoop.nl!","breadcrumb":{"@id":"https:\/\/cortenstaalverkoop.nl\/product\/cortenstaal-watertafel-bayou\/#breadcrumb"},"inLanguage":"fr-FR","potentialAction":[{"@type":"ReadAction","target":["https:\/\/cortenstaalverkoop.nl\/product\/cortenstaal-watertafel-bayou\/"]}]},{"@type":"ImageObject","inLanguage":"fr-FR","@id":"https:\/\/cortenstaalverkoop.nl\/product\/cortenstaal-watertafel-bayou\/#primaryimage","url":"https:\/\/cortenstaalverkoop.nl\/wp-content\/uploads\/2024\/09\/bayou-cort-120.webp","contentUrl":"https:\/\/cortenstaalverkoop.nl\/wp-content\/uploads\/2024\/09\/bayou-cort-120.webp","width":699,"height":699,"caption":"Cortenstaal watertafel BAYOU"},{"@type":"BreadcrumbList","@id":"https:\/\/cortenstaalverkoop.nl\/product\/cortenstaal-watertafel-bayou\/#breadcrumb","itemListElement":[{"@type":"ListItem","position":1,"name":"Home","item":"https:\/\/cortenstaalverkoop.nl\/"},{"@type":"ListItem","position":2,"name":"Assortiment","item":"https:\/\/cortenstaalverkoop.nl\/assortiment-cortenstaal\/"},{"@type":"ListItem","position":3,"name":"Cortenstaal watertafel BAYOU"}]},{"@type":"WebSite","@id":"https:\/\/cortenstaalverkoop.nl\/#website","url":"https:\/\/cortenstaalverkoop.nl\/","name":"Cortenstaalverkoop.nl","description":"l&#039;acier cor-ten sp\u00e9cialiste!","publisher":{"@id":"https:\/\/cortenstaalverkoop.nl\/#organization"},"potentialAction":[{"@type":"SearchAction","target":{"@type":"EntryPoint","urlTemplate":"https:\/\/cortenstaalverkoop.nl\/?s={search_term_string}"},"query-input":{"@type":"PropertyValueSpecification","valueRequired":true,"valueName":"search_term_string"}}],"inLanguage":"fr-FR"},{"@type":"Organization","@id":"https:\/\/cortenstaalverkoop.nl\/#organization","name":"Cortenstaalverkoop.nl","url":"https:\/\/cortenstaalverkoop.nl\/","logo":{"@type":"ImageObject","inLanguage":"fr-FR","@id":"https:\/\/cortenstaalverkoop.nl\/#\/schema\/logo\/image\/","url":"https:\/\/cortenstaalverkoop.nl\/wp-content\/uploads\/2019\/11\/cortenstaal-logo-1.png","contentUrl":"https:\/\/cortenstaalverkoop.nl\/wp-content\/uploads\/2019\/11\/cortenstaal-logo-1.png","width":480,"height":163,"caption":"Cortenstaalverkoop.nl"},"image":{"@id":"https:\/\/cortenstaalverkoop.nl\/#\/schema\/logo\/image\/"}}]}},"_links":{"self":[{"href":"https:\/\/cortenstaalverkoop.nl\/fr\/wp-json\/wp\/v2\/product\/10274","targetHints":{"allow":["GET"]}}],"collection":[{"href":"https:\/\/cortenstaalverkoop.nl\/fr\/wp-json\/wp\/v2\/product"}],"about":[{"href":"https:\/\/cortenstaalverkoop.nl\/fr\/wp-json\/wp\/v2\/types\/product"}],"version-history":[{"count":17,"href":"https:\/\/cortenstaalverkoop.nl\/fr\/wp-json\/wp\/v2\/product\/10274\/revisions"}],"predecessor-version":[{"id":11150,"href":"https:\/\/cortenstaalverkoop.nl\/fr\/wp-json\/wp\/v2\/product\/10274\/revisions\/11150"}],"wp:featuredmedia":[{"embeddable":true,"href":"https:\/\/cortenstaalverkoop.nl\/fr\/wp-json\/wp\/v2\/media\/10288"}],"wp:attachment":[{"href":"https:\/\/cortenstaalverkoop.nl\/fr\/wp-json\/wp\/v2\/media?parent=10274"}],"wp:term":[{"taxonomy":"product_brand","embeddable":true,"href":"https:\/\/cortenstaalverkoop.nl\/fr\/wp-json\/wp\/v2\/product_brand?post=10274"},{"taxonomy":"product_cat","embeddable":true,"href":"https:\/\/cortenstaalverkoop.nl\/fr\/wp-json\/wp\/v2\/product_cat?post=10274"},{"taxonomy":"product_tag","embeddable":true,"href":"https:\/\/cortenstaalverkoop.nl\/fr\/wp-json\/wp\/v2\/product_tag?post=10274"}],"curies":[{"name":"wp","href":"https:\/\/api.w.org\/{rel}","templated":true}]}}