{"id":10342,"date":"2024-10-29T11:58:50","date_gmt":"2024-10-29T10:58:50","guid":{"rendered":"https:\/\/cortenstaalverkoop.nl\/?post_type=product&#038;p=10342"},"modified":"2026-04-16T13:59:56","modified_gmt":"2026-04-16T11:59:56","slug":"lacier-corten-jardiniere-triangle","status":"publish","type":"product","link":"https:\/\/cortenstaalverkoop.nl\/fr\/product\/cortenstaal-plantenbak-triangle\/","title":{"rendered":"L'acier corten jardini\u00e8re Triangle"},"content":{"rendered":"<p><strong>L'acier corten jardini\u00e8re Triangle<\/strong> disponible en 6 tailles standard. Gr\u00e2ce \u00e0 sa forme g\u00e9om\u00e9trique, il est tr\u00e8s appropri\u00e9 pour le remplissage difficile espaces dans le jardin dans divers ludique compositions. Ou tout simplement remplissez un coin int\u00e9rieur avec de la verdure. \"Enrichir votre espace ext\u00e9rieur avec nos superbes L'acier corten jardini\u00e8re Triangle, avec ses<br \/>\nde forme triangulaire et magnifiquement transform\u00e9e en finition du bord. Bord sup\u00e9rieur de 50 x 25 mm. Donnez \u00e0 votre jardin le m\u00e9lange parfait de l&#039;\u00e9l\u00e9gance et de la beaut\u00e9 naturelle!&#034;L&#039;\u00e9paisseur de mat\u00e9riau de ce semoir est de 2 mm. Ce pot est facile \u00e0 combiner avec la <a href=\"https:\/\/cortenstaalverkoop.nl\/product\/cortenstaal-plantenbak-adezz\/\" target=\"_blank\" rel=\"noopener\">planteur Adezz\u00a0<\/a><\/p>\n<h4>L&#039;acier Corten est un tr\u00e8s bon type d&#039;acier<\/h4>\n<p>qui a la propri\u00e9t\u00e9 de se couvrant d&#039;une couche de protection de la rouille lorsqu&#039;il est expos\u00e9 \u00e0 l&#039;air ext\u00e9rieur. Ce massif naturel de la rouille couche formes de la protection contre la corrosion. Caract\u00e9ristiques de l&#039;acier Corten est brun-orange rouille de la couleur et de la longue dur\u00e9e de vie.<br \/>\nNos produits en acier corten sont livr\u00e9s sans rouille. Le processus de rouille prendra alors environ 4 mois.<\/p>\n<h3>Conseil de plantation:<\/h3>\n<ul>\n<li>Le fond est recouvert d&#039;une couche de gravier \u00e0 \u00d8 35 mm) en quelque sorte<\/li>\n<li>N'utilisez pas de tuyau de trop-plein (il ne doit pas rester d'eau dans le r\u00e9cipient)<\/li>\n<li>C&#039;est un imperm\u00e9able, anti-racine de couverture<\/li>\n<li>Sur cette terre, qui est appropri\u00e9 pour le type de plantes<\/li>\n<\/ul>\n<h4>Remarque importante:<\/h4>\n<p>Assurez-vous d&#039;avoir un bon drainage (trous dans le fond, par d\u00e9faut, la production de l&#039;impression, il ne faut pas l&#039;exc\u00e8s d&#039;eau dans le pot stand, en raison de la mati\u00e8re, puis \u00e0 l&#039;\u00e9poque, il peut aller \u00e0 la corrosion due \u00e0 une combinaison de l&#039;oxyg\u00e8ne et de la terre.<br \/>\nPas d&#039;argile, cailloux qu&#039;il a lutt\u00e9 pour tenir<br \/>\nLes produits doivent \u00eatre apr\u00e8s l'accouchement, imm\u00e9diatement d\u00e9compresser, de sorte que toute l'humidit\u00e9 entre l'emballage et le produit, ne sont pas confin\u00e9s \u00e0. Cela peut \u00eatre une irr\u00e9gularit\u00e9 de la rouille et de la cause de la coloration. La jardini\u00e8re peut d\u00e9gager pendant le processus de rouille. avoir plus \u00e0 donner.<\/p>\n<h5>Informations sur le produit: acier corten:<\/h5>\n<p><a href=\"https:\/\/nl.wikipedia.org\/wiki\/Cortenstaal\" target=\"_blank\" rel=\"noopener noreferrer\">L&#039;acier Cor-Ten<\/a> \u00e9galement connu sous le nom d'acier r\u00e9sistant aux intemp\u00e9ries. C'est un alliage m\u00e9tallique compos\u00e9 de fer, de cuivre, le silicium, le nickel et le chrome sont ajout\u00e9s. Corten est un acier \u00e0 haute r\u00e9sistance. Cet acier a la propri\u00e9t\u00e9 de ce qu'il est expos\u00e9 \u00e0 l'air, de le couvrir avec une protection de la rouille de la couche. C'est la plante naturelle de la rouille est une couche de protection contre la corrosion. Les caract\u00e9ristiques de l'acier Cor-Ten sont sa couleur rouille brun-orange et sa longue dur\u00e9e de vie.<\/p>\n<p>Livraison gratuite aux Pays-Bas, Belgique. Les frais de port pour l'Allemagne, le Luxembourg et la France commencent \u00e0 280 euros pour la commande enti\u00e8re.<\/p>","protected":false},"excerpt":{"rendered":"<p>\"Enrichir votre espace ext\u00e9rieur avec nos superbes L'acier corten jardini\u00e8re Triangle, avec sa forme g\u00e9om\u00e9trique tr\u00e8s appropri\u00e9 pour le remplissage difficile espaces dans le jardin. Ou tout simplement remplissez un coin int\u00e9rieur avec de la verdure. L'\u00e9paisseur de mat\u00e9riau de ce semoir est de 2 mm. Bord sup\u00e9rieur de 50 x 25 mm.<\/p>\n<p><strong>Avantages cl\u00e9s:<\/strong><\/p>\n<ul>\n<li><strong>Tr\u00e8s forte<\/strong> <strong>et r\u00e9sistant \u00e0 l&#039;usure<\/strong><\/li>\n<li>Sans entretien<\/li>\n<li>Mat\u00e9riau r\u00e9sistant aux intemp\u00e9ries et durable<\/li>\n<li>Le son chaud et naturel de regarder et se sentir<\/li>\n<li>Nous utilisons uniquement de grade a acier Corten.<\/li>\n<li>Garantie de 5 ans.<\/li>\n<\/ul>","protected":false},"featured_media":10350,"template":"","meta":{"site-sidebar-layout":"default","site-content-layout":"default","ast-site-content-layout":"default","site-content-style":"default","site-sidebar-style":"default","ast-global-header-display":"","ast-banner-title-visibility":"","ast-main-header-display":"","ast-hfb-above-header-display":"","ast-hfb-below-header-display":"","ast-hfb-mobile-header-display":"","site-post-title":"","ast-breadcrumbs-content":"","ast-featured-img":"","footer-sml-layout":"","ast-disable-related-posts":"","theme-transparent-header-meta":"default","adv-header-id-meta":"","stick-header-meta":"","header-above-stick-meta":"","header-main-stick-meta":"","header-below-stick-meta":"","astra-migrate-meta-layouts":"set","ast-page-background-enabled":"default","ast-page-background-meta":{"desktop":{"background-color":"","background-image":"","background-repeat":"repeat","background-position":"center center","background-size":"auto","background-attachment":"scroll","background-type":"","background-media":"","overlay-type":"","overlay-color":"","overlay-opacity":"","overlay-gradient":""},"tablet":{"background-color":"","background-image":"","background-repeat":"repeat","background-position":"center center","background-size":"auto","background-attachment":"scroll","background-type":"","background-media":"","overlay-type":"","overlay-color":"","overlay-opacity":"","overlay-gradient":""},"mobile":{"background-color":"","background-image":"","background-repeat":"repeat","background-position":"center center","background-size":"auto","background-attachment":"scroll","background-type":"","background-media":"","overlay-type":"","overlay-color":"","overlay-opacity":"","overlay-gradient":""}},"ast-content-background-meta":{"desktop":{"background-color":"var(--ast-global-color-5)","background-image":"","background-repeat":"repeat","background-position":"center center","background-size":"auto","background-attachment":"scroll","background-type":"","background-media":"","overlay-type":"","overlay-color":"","overlay-opacity":"","overlay-gradient":""},"tablet":{"background-color":"var(--ast-global-color-5)","background-image":"","background-repeat":"repeat","background-position":"center center","background-size":"auto","background-attachment":"scroll","background-type":"","background-media":"","overlay-type":"","overlay-color":"","overlay-opacity":"","overlay-gradient":""},"mobile":{"background-color":"var(--ast-global-color-5)","background-image":"","background-repeat":"repeat","background-position":"center center","background-size":"auto","background-attachment":"scroll","background-type":"","background-media":"","overlay-type":"","overlay-color":"","overlay-opacity":"","overlay-gradient":""}}},"product_brand":[],"product_cat":[57],"product_tag":[],"class_list":{"0":"post-10342","1":"product","2":"type-product","3":"status-publish","4":"has-post-thumbnail","6":"product_cat-cortenstaal-plantenbakken","7":"product_shipping_class-fritom","8":"desktop-align-left","9":"tablet-align-left","10":"mobile-align-left","12":"first","13":"instock","14":"taxable","15":"shipping-taxable","16":"purchasable","17":"product-type-variable"},"yoast_head":"<!-- This site is optimized with the Yoast SEO plugin v27.5 - https:\/\/yoast.com\/product\/yoast-seo-wordpress\/ -->\n<title>Cortenstaal plantenbak Triangle, koopt u bij cortenstaalverkoop.nl<\/title>\n<meta name=\"description\" content=\"\u2705 Cortenstaal plantenbak Triangle \u2705 de beste kwaliteit \u2705 5 jaar garantie! Bestel uw cortenstaal plantenbak goedkoop bij cortenstaalverkoop.nl!\" \/>\n<meta name=\"robots\" content=\"index, follow, max-snippet:-1, max-image-preview:large, max-video-preview:-1\" \/>\n<link rel=\"canonical\" href=\"https:\/\/cortenstaalverkoop.nl\/fr\/produit\/lacier-corten-jardiniere-triangle\/\" \/>\n<meta property=\"og:locale\" content=\"fr_FR\" \/>\n<meta property=\"og:type\" content=\"article\" \/>\n<meta property=\"og:title\" content=\"Cortenstaal plantenbak Triangle, koopt u bij cortenstaalverkoop.nl\" \/>\n<meta property=\"og:description\" content=\"\u2705 Cortenstaal plantenbak Triangle \u2705 de beste kwaliteit \u2705 5 jaar garantie! Bestel uw cortenstaal plantenbak goedkoop bij cortenstaalverkoop.nl!\" \/>\n<meta property=\"og:url\" content=\"https:\/\/cortenstaalverkoop.nl\/fr\/produit\/lacier-corten-jardiniere-triangle\/\" \/>\n<meta property=\"og:site_name\" content=\"Cortenstaalverkoop.nl\" \/>\n<meta property=\"article:modified_time\" content=\"2026-04-16T11:59:56+00:00\" \/>\n<meta property=\"og:image\" content=\"https:\/\/cortenstaalverkoop.nl\/wp-content\/uploads\/2024\/10\/Driehoek-CAT2.3.png\" \/>\n\t<meta property=\"og:image:width\" content=\"699\" \/>\n\t<meta property=\"og:image:height\" content=\"699\" \/>\n\t<meta property=\"og:image:type\" content=\"image\/png\" \/>\n<meta name=\"twitter:card\" content=\"summary_large_image\" \/>\n<meta name=\"twitter:label1\" content=\"Dur\u00e9e de lecture estim\u00e9e\" \/>\n\t<meta name=\"twitter:data1\" content=\"2 minutes\" \/>\n<script type=\"application\/ld+json\" class=\"yoast-schema-graph\">{\"@context\":\"https:\\\/\\\/schema.org\",\"@graph\":[{\"@type\":\"WebPage\",\"@id\":\"https:\\\/\\\/cortenstaalverkoop.nl\\\/product\\\/cortenstaal-plantenbak-triangle\\\/\",\"url\":\"https:\\\/\\\/cortenstaalverkoop.nl\\\/product\\\/cortenstaal-plantenbak-triangle\\\/\",\"name\":\"Cortenstaal plantenbak Triangle, koopt u bij cortenstaalverkoop.nl\",\"isPartOf\":{\"@id\":\"https:\\\/\\\/cortenstaalverkoop.nl\\\/#website\"},\"primaryImageOfPage\":{\"@id\":\"https:\\\/\\\/cortenstaalverkoop.nl\\\/product\\\/cortenstaal-plantenbak-triangle\\\/#primaryimage\"},\"image\":{\"@id\":\"https:\\\/\\\/cortenstaalverkoop.nl\\\/product\\\/cortenstaal-plantenbak-triangle\\\/#primaryimage\"},\"thumbnailUrl\":\"https:\\\/\\\/cortenstaalverkoop.nl\\\/wp-content\\\/uploads\\\/2024\\\/10\\\/Driehoek-CAT2.3.png\",\"datePublished\":\"2024-10-29T10:58:50+00:00\",\"dateModified\":\"2026-04-16T11:59:56+00:00\",\"description\":\"\u2705 Cortenstaal plantenbak Triangle \u2705 de beste kwaliteit \u2705 5 jaar garantie! Bestel uw cortenstaal plantenbak goedkoop bij cortenstaalverkoop.nl!\",\"breadcrumb\":{\"@id\":\"https:\\\/\\\/cortenstaalverkoop.nl\\\/product\\\/cortenstaal-plantenbak-triangle\\\/#breadcrumb\"},\"inLanguage\":\"fr-FR\",\"potentialAction\":[{\"@type\":\"ReadAction\",\"target\":[\"https:\\\/\\\/cortenstaalverkoop.nl\\\/product\\\/cortenstaal-plantenbak-triangle\\\/\"]}]},{\"@type\":\"ImageObject\",\"inLanguage\":\"fr-FR\",\"@id\":\"https:\\\/\\\/cortenstaalverkoop.nl\\\/product\\\/cortenstaal-plantenbak-triangle\\\/#primaryimage\",\"url\":\"https:\\\/\\\/cortenstaalverkoop.nl\\\/wp-content\\\/uploads\\\/2024\\\/10\\\/Driehoek-CAT2.3.png\",\"contentUrl\":\"https:\\\/\\\/cortenstaalverkoop.nl\\\/wp-content\\\/uploads\\\/2024\\\/10\\\/Driehoek-CAT2.3.png\",\"width\":699,\"height\":699,\"caption\":\"Cortenstaal plantenbak Triangle\"},{\"@type\":\"BreadcrumbList\",\"@id\":\"https:\\\/\\\/cortenstaalverkoop.nl\\\/product\\\/cortenstaal-plantenbak-triangle\\\/#breadcrumb\",\"itemListElement\":[{\"@type\":\"ListItem\",\"position\":1,\"name\":\"Home\",\"item\":\"https:\\\/\\\/cortenstaalverkoop.nl\\\/\"},{\"@type\":\"ListItem\",\"position\":2,\"name\":\"Assortiment\",\"item\":\"https:\\\/\\\/cortenstaalverkoop.nl\\\/assortiment-cortenstaal\\\/\"},{\"@type\":\"ListItem\",\"position\":3,\"name\":\"Cortenstaal plantenbak Triangle\"}]},{\"@type\":\"WebSite\",\"@id\":\"https:\\\/\\\/cortenstaalverkoop.nl\\\/#website\",\"url\":\"https:\\\/\\\/cortenstaalverkoop.nl\\\/\",\"name\":\"Cortenstaalverkoop.nl\",\"description\":\"de cortenstaal specialist!\",\"publisher\":{\"@id\":\"https:\\\/\\\/cortenstaalverkoop.nl\\\/#organization\"},\"potentialAction\":[{\"@type\":\"SearchAction\",\"target\":{\"@type\":\"EntryPoint\",\"urlTemplate\":\"https:\\\/\\\/cortenstaalverkoop.nl\\\/?s={search_term_string}\"},\"query-input\":{\"@type\":\"PropertyValueSpecification\",\"valueRequired\":true,\"valueName\":\"search_term_string\"}}],\"inLanguage\":\"fr-FR\"},{\"@type\":\"Organization\",\"@id\":\"https:\\\/\\\/cortenstaalverkoop.nl\\\/#organization\",\"name\":\"Cortenstaalverkoop.nl\",\"url\":\"https:\\\/\\\/cortenstaalverkoop.nl\\\/\",\"logo\":{\"@type\":\"ImageObject\",\"inLanguage\":\"fr-FR\",\"@id\":\"https:\\\/\\\/cortenstaalverkoop.nl\\\/#\\\/schema\\\/logo\\\/image\\\/\",\"url\":\"https:\\\/\\\/cortenstaalverkoop.nl\\\/wp-content\\\/uploads\\\/2019\\\/11\\\/cortenstaal-logo-1.png\",\"contentUrl\":\"https:\\\/\\\/cortenstaalverkoop.nl\\\/wp-content\\\/uploads\\\/2019\\\/11\\\/cortenstaal-logo-1.png\",\"width\":480,\"height\":163,\"caption\":\"Cortenstaalverkoop.nl\"},\"image\":{\"@id\":\"https:\\\/\\\/cortenstaalverkoop.nl\\\/#\\\/schema\\\/logo\\\/image\\\/\"}}]}<\/script>\n<!-- \/ Yoast SEO plugin. -->","yoast_head_json":{"title":"L&#039;acier Corten planteur Triangle, acheter cortenstaalverkoop.nl","description":"\u2705 Acier Corten planteur triangle \u2705 la meilleure qualit\u00e9 \u2705 garantie de 5 ans! Commandez votre acier Corten planteur \u00e0 bas prix \u00e0 partir de cortenstaalverkoop.nl!","robots":{"index":"index","follow":"follow","max-snippet":"max-snippet:-1","max-image-preview":"max-image-preview:large","max-video-preview":"max-video-preview:-1"},"canonical":"https:\/\/cortenstaalverkoop.nl\/fr\/produit\/lacier-corten-jardiniere-triangle\/","og_locale":"fr_FR","og_type":"article","og_title":"Cortenstaal plantenbak Triangle, koopt u bij cortenstaalverkoop.nl","og_description":"\u2705 Cortenstaal plantenbak Triangle \u2705 de beste kwaliteit \u2705 5 jaar garantie! Bestel uw cortenstaal plantenbak goedkoop bij cortenstaalverkoop.nl!","og_url":"https:\/\/cortenstaalverkoop.nl\/fr\/produit\/lacier-corten-jardiniere-triangle\/","og_site_name":"Cortenstaalverkoop.nl","article_modified_time":"2026-04-16T11:59:56+00:00","og_image":[{"width":699,"height":699,"url":"https:\/\/cortenstaalverkoop.nl\/wp-content\/uploads\/2024\/10\/Driehoek-CAT2.3.png","type":"image\/png"}],"twitter_card":"summary_large_image","twitter_misc":{"Dur\u00e9e de lecture estim\u00e9e":"2 minutes"},"schema":{"@context":"https:\/\/schema.org","@graph":[{"@type":"WebPage","@id":"https:\/\/cortenstaalverkoop.nl\/product\/cortenstaal-plantenbak-triangle\/","url":"https:\/\/cortenstaalverkoop.nl\/product\/cortenstaal-plantenbak-triangle\/","name":"L&#039;acier Corten planteur Triangle, acheter cortenstaalverkoop.nl","isPartOf":{"@id":"https:\/\/cortenstaalverkoop.nl\/#website"},"primaryImageOfPage":{"@id":"https:\/\/cortenstaalverkoop.nl\/product\/cortenstaal-plantenbak-triangle\/#primaryimage"},"image":{"@id":"https:\/\/cortenstaalverkoop.nl\/product\/cortenstaal-plantenbak-triangle\/#primaryimage"},"thumbnailUrl":"https:\/\/cortenstaalverkoop.nl\/wp-content\/uploads\/2024\/10\/Driehoek-CAT2.3.png","datePublished":"2024-10-29T10:58:50+00:00","dateModified":"2026-04-16T11:59:56+00:00","description":"\u2705 Acier Corten planteur triangle \u2705 la meilleure qualit\u00e9 \u2705 garantie de 5 ans! Commandez votre acier Corten planteur \u00e0 bas prix \u00e0 partir de cortenstaalverkoop.nl!","breadcrumb":{"@id":"https:\/\/cortenstaalverkoop.nl\/product\/cortenstaal-plantenbak-triangle\/#breadcrumb"},"inLanguage":"fr-FR","potentialAction":[{"@type":"ReadAction","target":["https:\/\/cortenstaalverkoop.nl\/product\/cortenstaal-plantenbak-triangle\/"]}]},{"@type":"ImageObject","inLanguage":"fr-FR","@id":"https:\/\/cortenstaalverkoop.nl\/product\/cortenstaal-plantenbak-triangle\/#primaryimage","url":"https:\/\/cortenstaalverkoop.nl\/wp-content\/uploads\/2024\/10\/Driehoek-CAT2.3.png","contentUrl":"https:\/\/cortenstaalverkoop.nl\/wp-content\/uploads\/2024\/10\/Driehoek-CAT2.3.png","width":699,"height":699,"caption":"Cortenstaal plantenbak Triangle"},{"@type":"BreadcrumbList","@id":"https:\/\/cortenstaalverkoop.nl\/product\/cortenstaal-plantenbak-triangle\/#breadcrumb","itemListElement":[{"@type":"ListItem","position":1,"name":"Home","item":"https:\/\/cortenstaalverkoop.nl\/"},{"@type":"ListItem","position":2,"name":"Assortiment","item":"https:\/\/cortenstaalverkoop.nl\/assortiment-cortenstaal\/"},{"@type":"ListItem","position":3,"name":"Cortenstaal plantenbak Triangle"}]},{"@type":"WebSite","@id":"https:\/\/cortenstaalverkoop.nl\/#website","url":"https:\/\/cortenstaalverkoop.nl\/","name":"Cortenstaalverkoop.nl","description":"l&#039;acier cor-ten sp\u00e9cialiste!","publisher":{"@id":"https:\/\/cortenstaalverkoop.nl\/#organization"},"potentialAction":[{"@type":"SearchAction","target":{"@type":"EntryPoint","urlTemplate":"https:\/\/cortenstaalverkoop.nl\/?s={search_term_string}"},"query-input":{"@type":"PropertyValueSpecification","valueRequired":true,"valueName":"search_term_string"}}],"inLanguage":"fr-FR"},{"@type":"Organization","@id":"https:\/\/cortenstaalverkoop.nl\/#organization","name":"Cortenstaalverkoop.nl","url":"https:\/\/cortenstaalverkoop.nl\/","logo":{"@type":"ImageObject","inLanguage":"fr-FR","@id":"https:\/\/cortenstaalverkoop.nl\/#\/schema\/logo\/image\/","url":"https:\/\/cortenstaalverkoop.nl\/wp-content\/uploads\/2019\/11\/cortenstaal-logo-1.png","contentUrl":"https:\/\/cortenstaalverkoop.nl\/wp-content\/uploads\/2019\/11\/cortenstaal-logo-1.png","width":480,"height":163,"caption":"Cortenstaalverkoop.nl"},"image":{"@id":"https:\/\/cortenstaalverkoop.nl\/#\/schema\/logo\/image\/"}}]}},"_links":{"self":[{"href":"https:\/\/cortenstaalverkoop.nl\/fr\/wp-json\/wp\/v2\/product\/10342","targetHints":{"allow":["GET"]}}],"collection":[{"href":"https:\/\/cortenstaalverkoop.nl\/fr\/wp-json\/wp\/v2\/product"}],"about":[{"href":"https:\/\/cortenstaalverkoop.nl\/fr\/wp-json\/wp\/v2\/types\/product"}],"version-history":[{"count":5,"href":"https:\/\/cortenstaalverkoop.nl\/fr\/wp-json\/wp\/v2\/product\/10342\/revisions"}],"predecessor-version":[{"id":11064,"href":"https:\/\/cortenstaalverkoop.nl\/fr\/wp-json\/wp\/v2\/product\/10342\/revisions\/11064"}],"wp:featuredmedia":[{"embeddable":true,"href":"https:\/\/cortenstaalverkoop.nl\/fr\/wp-json\/wp\/v2\/media\/10350"}],"wp:attachment":[{"href":"https:\/\/cortenstaalverkoop.nl\/fr\/wp-json\/wp\/v2\/media?parent=10342"}],"wp:term":[{"taxonomy":"product_brand","embeddable":true,"href":"https:\/\/cortenstaalverkoop.nl\/fr\/wp-json\/wp\/v2\/product_brand?post=10342"},{"taxonomy":"product_cat","embeddable":true,"href":"https:\/\/cortenstaalverkoop.nl\/fr\/wp-json\/wp\/v2\/product_cat?post=10342"},{"taxonomy":"product_tag","embeddable":true,"href":"https:\/\/cortenstaalverkoop.nl\/fr\/wp-json\/wp\/v2\/product_tag?post=10342"}],"curies":[{"name":"wp","href":"https:\/\/api.w.org\/{rel}","templated":true}]}}