{"id":1045,"date":"2019-11-27T20:25:31","date_gmt":"2019-11-27T20:25:31","guid":{"rendered":"https:\/\/cortenstaalverkoop.nl\/?post_type=product&#038;p=1045"},"modified":"2026-04-03T15:06:14","modified_gmt":"2026-04-03T13:06:14","slug":"lacier-corten-jardiniere-ovale","status":"publish","type":"product","link":"https:\/\/cortenstaalverkoop.nl\/fr\/product\/cortenstaal-plantenbak-ovaal\/","title":{"rendered":"L'acier corten jardini\u00e8re ovale"},"content":{"rendered":"<div data-elementor-type=\"wp-post\" data-elementor-id=\"1045\" class=\"elementor elementor-1045\">\n\t\t\t\t\t\t<section class=\"elementor-section elementor-top-section elementor-element elementor-element-28399ad3 elementor-section-boxed elementor-section-height-default elementor-section-height-default\" data-id=\"28399ad3\" data-element_type=\"section\" data-e-type=\"section\">\n\t\t\t\t\t\t<div class=\"elementor-container elementor-column-gap-default\">\n\t\t\t\t\t<div class=\"elementor-column elementor-col-100 elementor-top-column elementor-element elementor-element-1bd3f548\" data-id=\"1bd3f548\" data-element_type=\"column\" data-e-type=\"column\">\n\t\t\t<div class=\"elementor-widget-wrap elementor-element-populated\">\n\t\t\t\t\t\t<div class=\"elementor-element elementor-element-197fce51 elementor-widget elementor-widget-text-editor\" data-id=\"197fce51\" data-element_type=\"widget\" data-e-type=\"widget\" data-widget_type=\"text-editor.default\">\n\t\t\t\t<div class=\"elementor-widget-container\">\n\t\t\t\t\t\t\t\t\t<h3>De cortenstaal plantenbak ovaal<\/h3><p data-start=\"34\" data-end=\"505\">De cortenstaal plantenbak ovaal is een stijlvolle en veelzijdige toevoeging aan iedere buitenruimte. Dankzij de vele beschikbare maten is deze plantenbak eenvoudig te plaatsen op uw balkon, terras of in de tuin. Ook bij de entree van uw bedrijf vormt een set cortenstalen plantenbakken een echte blikvanger met een robuuste en moderne uitstraling. Combineer de cortenstaal plantenbak ovaal bijvoorbeeld met <a href=\"https:\/\/cortenstaalverkoop.nl\/product\/cortenstaal-sfeerpaneel-nature\/\" target=\"_blank\" rel=\"noopener\">l'acier corten panneaux d'ambiance<\/a> voor een harmonieus en modern geheel in uw buitenruimte.<\/p><p data-start=\"507\" data-end=\"773\">Door verschillende formaten met elkaar te combineren, cre\u00ebert u moeiteloos een speels en origineel geheel met mooie hoogteverschillen. De ovale vorm zorgt daarbij voor een zachte, elegante uitstraling die perfect contrasteert met het stoere karakter van cortenstaal.<\/p><p data-start=\"775\" data-end=\"1035\">De plantenbak is voorzien van een dubbel omgezette bovenrand, wat niet alleen zorgt voor een strakke afwerking maar ook extra stevigheid geeft. De standaard materiaaldikte van het cortenstaal is 2 mm, maar op aanvraag zijn ook diktes van 3, 4 en 5 mm mogelijk.<\/p><h4>Conseil de plantation:<\/h4><ul><li>Le fond est recouvert d&#039;une couche de gravier \u00e0 \u00d8 35 mm) en quelque sorte<\/li><li>N'utilisez pas de tuyau de trop-plein (il ne doit pas rester d'eau dans le r\u00e9cipient)<\/li><li>C&#039;est un imperm\u00e9able, anti-racine de couverture<\/li><li>Sur cette terre, qui est appropri\u00e9 pour le type de plantes<\/li><\/ul><h5>Remarque importante:<\/h5><ul><li style=\"list-style-type: none;\"><ul><li>Les produits sont livr\u00e9s non corrod\u00e9s.<\/li><li>Assurez-vous d&#039;avoir un bon drainage (trous dans le fond, par d\u00e9faut, la production de l&#039;impression, il ne faut pas l&#039;exc\u00e8s d&#039;eau dans le pot stand, en raison de la mati\u00e8re, puis \u00e0 l&#039;\u00e9poque, il peut aller \u00e0 la corrosion due \u00e0 une combinaison de l&#039;oxyg\u00e8ne et de la terre.<\/li><li>Pas de cailloux d&#039;argile utilis\u00e9s parce qu&#039;ils retiennent l&#039;humidit\u00e9.<\/li><li>Les produits doivent \u00eatre apr\u00e8s l'accouchement, imm\u00e9diatement d\u00e9compresser, de sorte que toute l'humidit\u00e9 entre l'emballage et le produit, ne sont pas confin\u00e9s \u00e0. Cela peut \u00eatre une irr\u00e9gularit\u00e9 de la rouille et de la cause de la coloration. La jardini\u00e8re peut d\u00e9gager pendant le processus de rouille. avoir plus \u00e0 donner.<\/li><li>Haute r\u00e9sistance, r\u00e9sistant \u00e0 l&#039;usure, tr\u00e8s durable<\/li><li>Serr\u00e9es et, par cons\u00e9quent, le design intemporel<\/li><li>Mat\u00e9riau r\u00e9sistant aux intemp\u00e9ries et durable<\/li><li>Le son chaud et naturel de regarder et se sentir<\/li><li>Une garantie de 5 ans<\/li><li>Sans entretien<\/li><\/ul><\/li><\/ul><h6>Informations sur le produit: acier corten:<\/h6><p><a href=\"https:\/\/nl.wikipedia.org\/wikirong\/Cortenstaal\" target=\"_blank\" rel=\"noopener noreferrer\">L&#039;acier Cor-Ten<\/a> \u00e9galement connu sous le nom d'acier r\u00e9sistant aux intemp\u00e9ries. C'est un alliage m\u00e9tallique compos\u00e9 de fer, de cuivre, le silicium, le nickel et le chrome sont ajout\u00e9s. Cor-Ten est une tr\u00e8s forte type d'acier et la capacit\u00e9 \u00e0 se concentrer sur l'exposition \u00e0 l'air, de le couvrir avec une protection de la rouille de la couche. Ensuite, cette couche de protection contre la corrosion. La caract\u00e9ristique de l'acier Corten est sa couleur rouille orang\u00e9e et sa longue dur\u00e9e de vie.<\/p>\t\t\t\t\t\t\t\t<\/div>\n\t\t\t\t<\/div>\n\t\t\t\t\t<\/div>\n\t\t<\/div>\n\t\t\t\t\t<\/div>\n\t\t<\/section>\n\t\t\t\t<\/div>","protected":false},"excerpt":{"rendered":"<p>De cortenstaal plantenbak ovaal is leverbaar in verschillende maten en is een stijlvolle en veelzijdige toevoeging aan iedere buitenruimte. De ovale vorm zorgt daarbij voor een zachte, elegante uitstraling die perfect contrasteert met het stoere karakter van cortenstaal. Materiaaldikte van de cortenstaal plantenbak is standaard 2 mm (3-4 en 5 mm is op aanvraag mogelijk).<\/p>\n<ul>\n<li>Tr\u00e8s solide et durable<\/li>\n<li>Onderhoudsarm, weervast en duurzaam materiaal<\/li>\n<li>Le son chaud et naturel de regarder et se sentir<\/li>\n<li>Standaard zitten er voetjes van 15 mm onder de plantenbakken met bodem voor een goede afwatering<\/li>\n<li>La personnalisation est possible, avec ou sans la base.<\/li>\n<li>Nous utilisons exclusivement de l'acier corten type, S355JOWP<\/li>\n<li>Une garantie de 5 ans<\/li>\n<\/ul>","protected":false},"featured_media":2094,"template":"","meta":{"site-sidebar-layout":"default","site-content-layout":"default","ast-site-content-layout":"default","site-content-style":"default","site-sidebar-style":"default","ast-global-header-display":"","ast-banner-title-visibility":"","ast-main-header-display":"","ast-hfb-above-header-display":"","ast-hfb-below-header-display":"","ast-hfb-mobile-header-display":"","site-post-title":"","ast-breadcrumbs-content":"","ast-featured-img":"","footer-sml-layout":"","ast-disable-related-posts":"","theme-transparent-header-meta":"default","adv-header-id-meta":"","stick-header-meta":"","header-above-stick-meta":"","header-main-stick-meta":"","header-below-stick-meta":"","astra-migrate-meta-layouts":"set","ast-page-background-enabled":"default","ast-page-background-meta":{"desktop":{"background-color":"","background-image":"","background-repeat":"repeat","background-position":"center center","background-size":"auto","background-attachment":"scroll","background-type":"","background-media":"","overlay-type":"","overlay-color":"","overlay-opacity":"","overlay-gradient":""},"tablet":{"background-color":"","background-image":"","background-repeat":"repeat","background-position":"center center","background-size":"auto","background-attachment":"scroll","background-type":"","background-media":"","overlay-type":"","overlay-color":"","overlay-opacity":"","overlay-gradient":""},"mobile":{"background-color":"","background-image":"","background-repeat":"repeat","background-position":"center center","background-size":"auto","background-attachment":"scroll","background-type":"","background-media":"","overlay-type":"","overlay-color":"","overlay-opacity":"","overlay-gradient":""}},"ast-content-background-meta":{"desktop":{"background-color":"var(--ast-global-color-5)","background-image":"","background-repeat":"repeat","background-position":"center center","background-size":"auto","background-attachment":"scroll","background-type":"","background-media":"","overlay-type":"","overlay-color":"","overlay-opacity":"","overlay-gradient":""},"tablet":{"background-color":"var(--ast-global-color-5)","background-image":"","background-repeat":"repeat","background-position":"center center","background-size":"auto","background-attachment":"scroll","background-type":"","background-media":"","overlay-type":"","overlay-color":"","overlay-opacity":"","overlay-gradient":""},"mobile":{"background-color":"var(--ast-global-color-5)","background-image":"","background-repeat":"repeat","background-position":"center center","background-size":"auto","background-attachment":"scroll","background-type":"","background-media":"","overlay-type":"","overlay-color":"","overlay-opacity":"","overlay-gradient":""}}},"product_brand":[],"product_cat":[57],"product_tag":[],"class_list":{"0":"post-1045","1":"product","2":"type-product","3":"status-publish","4":"has-post-thumbnail","6":"product_cat-cortenstaal-plantenbakken","7":"product_shipping_class-fritom","8":"desktop-align-left","9":"tablet-align-left","10":"mobile-align-left","12":"first","13":"instock","14":"featured","15":"taxable","16":"shipping-taxable","17":"purchasable","18":"product-type-variable"},"yoast_head":"<!-- This site is optimized with the Yoast SEO plugin v27.3 - https:\/\/yoast.com\/product\/yoast-seo-wordpress\/ -->\n<title>Cortenstaal plantenbak ovaal, goedkoop bij cortenstaalverkoop.nl<\/title>\n<meta name=\"description\" content=\"Cortenstaal plantenbak ovaal, diverse maten.\u2705 beste kwaliteit \u2705 5 jaar garantie! Bestel uw cortenstaal plantenbak ovaal goedkoop bij cortenstaalverkoop.nl!\" \/>\n<meta name=\"robots\" content=\"index, follow, max-snippet:-1, max-image-preview:large, max-video-preview:-1\" \/>\n<link rel=\"canonical\" href=\"https:\/\/cortenstaalverkoop.nl\/fr\/produit\/lacier-corten-jardiniere-ovale\/\" \/>\n<meta property=\"og:locale\" content=\"fr_FR\" \/>\n<meta property=\"og:type\" content=\"article\" \/>\n<meta property=\"og:title\" content=\"Cortenstaal plantenbak ovaal, goedkoop bij cortenstaalverkoop.nl\" \/>\n<meta property=\"og:description\" content=\"Cortenstaal plantenbak ovaal, diverse maten.\u2705 beste kwaliteit \u2705 5 jaar garantie! Bestel uw cortenstaal plantenbak ovaal goedkoop bij cortenstaalverkoop.nl!\" \/>\n<meta property=\"og:url\" content=\"https:\/\/cortenstaalverkoop.nl\/fr\/produit\/lacier-corten-jardiniere-ovale\/\" \/>\n<meta property=\"og:site_name\" content=\"Cortenstaalverkoop.nl\" \/>\n<meta property=\"article:modified_time\" content=\"2026-04-03T13:06:14+00:00\" \/>\n<meta property=\"og:image\" content=\"https:\/\/cortenstaalverkoop.nl\/wp-content\/uploads\/2019\/11\/ELLIPSE-CEL-01.jpg\" \/>\n\t<meta property=\"og:image:width\" content=\"1500\" \/>\n\t<meta property=\"og:image:height\" content=\"1500\" \/>\n\t<meta property=\"og:image:type\" content=\"image\/jpeg\" \/>\n<meta name=\"twitter:card\" content=\"summary_large_image\" \/>\n<meta name=\"twitter:label1\" content=\"Dur\u00e9e de lecture estim\u00e9e\" \/>\n\t<meta name=\"twitter:data1\" content=\"3 minutes\" \/>\n<script type=\"application\/ld+json\" class=\"yoast-schema-graph\">{\"@context\":\"https:\\\/\\\/schema.org\",\"@graph\":[{\"@type\":\"WebPage\",\"@id\":\"https:\\\/\\\/cortenstaalverkoop.nl\\\/product\\\/cortenstaal-plantenbak-ovaal\\\/\",\"url\":\"https:\\\/\\\/cortenstaalverkoop.nl\\\/product\\\/cortenstaal-plantenbak-ovaal\\\/\",\"name\":\"Cortenstaal plantenbak ovaal, goedkoop bij cortenstaalverkoop.nl\",\"isPartOf\":{\"@id\":\"https:\\\/\\\/cortenstaalverkoop.nl\\\/#website\"},\"primaryImageOfPage\":{\"@id\":\"https:\\\/\\\/cortenstaalverkoop.nl\\\/product\\\/cortenstaal-plantenbak-ovaal\\\/#primaryimage\"},\"image\":{\"@id\":\"https:\\\/\\\/cortenstaalverkoop.nl\\\/product\\\/cortenstaal-plantenbak-ovaal\\\/#primaryimage\"},\"thumbnailUrl\":\"https:\\\/\\\/cortenstaalverkoop.nl\\\/wp-content\\\/uploads\\\/2019\\\/11\\\/ELLIPSE-CEL-01.jpg\",\"datePublished\":\"2019-11-27T20:25:31+00:00\",\"dateModified\":\"2026-04-03T13:06:14+00:00\",\"description\":\"Cortenstaal plantenbak ovaal, diverse maten.\u2705 beste kwaliteit \u2705 5 jaar garantie! Bestel uw cortenstaal plantenbak ovaal goedkoop bij cortenstaalverkoop.nl!\",\"breadcrumb\":{\"@id\":\"https:\\\/\\\/cortenstaalverkoop.nl\\\/product\\\/cortenstaal-plantenbak-ovaal\\\/#breadcrumb\"},\"inLanguage\":\"fr-FR\",\"potentialAction\":[{\"@type\":\"ReadAction\",\"target\":[\"https:\\\/\\\/cortenstaalverkoop.nl\\\/product\\\/cortenstaal-plantenbak-ovaal\\\/\"]}]},{\"@type\":\"ImageObject\",\"inLanguage\":\"fr-FR\",\"@id\":\"https:\\\/\\\/cortenstaalverkoop.nl\\\/product\\\/cortenstaal-plantenbak-ovaal\\\/#primaryimage\",\"url\":\"https:\\\/\\\/cortenstaalverkoop.nl\\\/wp-content\\\/uploads\\\/2019\\\/11\\\/ELLIPSE-CEL-01.jpg\",\"contentUrl\":\"https:\\\/\\\/cortenstaalverkoop.nl\\\/wp-content\\\/uploads\\\/2019\\\/11\\\/ELLIPSE-CEL-01.jpg\",\"width\":1500,\"height\":1500,\"caption\":\"Cortenstaal plantenbak ovaal\"},{\"@type\":\"BreadcrumbList\",\"@id\":\"https:\\\/\\\/cortenstaalverkoop.nl\\\/product\\\/cortenstaal-plantenbak-ovaal\\\/#breadcrumb\",\"itemListElement\":[{\"@type\":\"ListItem\",\"position\":1,\"name\":\"Home\",\"item\":\"https:\\\/\\\/cortenstaalverkoop.nl\\\/\"},{\"@type\":\"ListItem\",\"position\":2,\"name\":\"Assortiment\",\"item\":\"https:\\\/\\\/cortenstaalverkoop.nl\\\/assortiment-cortenstaal\\\/\"},{\"@type\":\"ListItem\",\"position\":3,\"name\":\"Cortenstaal plantenbak ovaal\"}]},{\"@type\":\"WebSite\",\"@id\":\"https:\\\/\\\/cortenstaalverkoop.nl\\\/#website\",\"url\":\"https:\\\/\\\/cortenstaalverkoop.nl\\\/\",\"name\":\"Cortenstaalverkoop.nl\",\"description\":\"de cortenstaal specialist!\",\"publisher\":{\"@id\":\"https:\\\/\\\/cortenstaalverkoop.nl\\\/#organization\"},\"potentialAction\":[{\"@type\":\"SearchAction\",\"target\":{\"@type\":\"EntryPoint\",\"urlTemplate\":\"https:\\\/\\\/cortenstaalverkoop.nl\\\/?s={search_term_string}\"},\"query-input\":{\"@type\":\"PropertyValueSpecification\",\"valueRequired\":true,\"valueName\":\"search_term_string\"}}],\"inLanguage\":\"fr-FR\"},{\"@type\":\"Organization\",\"@id\":\"https:\\\/\\\/cortenstaalverkoop.nl\\\/#organization\",\"name\":\"Cortenstaalverkoop.nl\",\"url\":\"https:\\\/\\\/cortenstaalverkoop.nl\\\/\",\"logo\":{\"@type\":\"ImageObject\",\"inLanguage\":\"fr-FR\",\"@id\":\"https:\\\/\\\/cortenstaalverkoop.nl\\\/#\\\/schema\\\/logo\\\/image\\\/\",\"url\":\"https:\\\/\\\/cortenstaalverkoop.nl\\\/wp-content\\\/uploads\\\/2019\\\/11\\\/cortenstaal-logo-1.png\",\"contentUrl\":\"https:\\\/\\\/cortenstaalverkoop.nl\\\/wp-content\\\/uploads\\\/2019\\\/11\\\/cortenstaal-logo-1.png\",\"width\":480,\"height\":163,\"caption\":\"Cortenstaalverkoop.nl\"},\"image\":{\"@id\":\"https:\\\/\\\/cortenstaalverkoop.nl\\\/#\\\/schema\\\/logo\\\/image\\\/\"}}]}<\/script>\n<!-- \/ Yoast SEO plugin. -->","yoast_head_json":{"title":"L&#039;acier Cor-ten pot, de forme ovale, bon march\u00e9, en cortenstaalverkoop.nl","description":"L&#039;acier Cor-ten pot, de forme ovale, de taille diff\u00e9rente.\u2705 la meilleure qualit\u00e9 \u2705 garantie de 5 ans! Obtenir un acier cor-ten jardini\u00e8re de forme ovale, bon march\u00e9, en cortenstaalverkoop.nl!","robots":{"index":"index","follow":"follow","max-snippet":"max-snippet:-1","max-image-preview":"max-image-preview:large","max-video-preview":"max-video-preview:-1"},"canonical":"https:\/\/cortenstaalverkoop.nl\/fr\/produit\/lacier-corten-jardiniere-ovale\/","og_locale":"fr_FR","og_type":"article","og_title":"Cortenstaal plantenbak ovaal, goedkoop bij cortenstaalverkoop.nl","og_description":"Cortenstaal plantenbak ovaal, diverse maten.\u2705 beste kwaliteit \u2705 5 jaar garantie! Bestel uw cortenstaal plantenbak ovaal goedkoop bij cortenstaalverkoop.nl!","og_url":"https:\/\/cortenstaalverkoop.nl\/fr\/produit\/lacier-corten-jardiniere-ovale\/","og_site_name":"Cortenstaalverkoop.nl","article_modified_time":"2026-04-03T13:06:14+00:00","og_image":[{"width":1500,"height":1500,"url":"https:\/\/cortenstaalverkoop.nl\/wp-content\/uploads\/2019\/11\/ELLIPSE-CEL-01.jpg","type":"image\/jpeg"}],"twitter_card":"summary_large_image","twitter_misc":{"Dur\u00e9e de lecture estim\u00e9e":"3 minutes"},"schema":{"@context":"https:\/\/schema.org","@graph":[{"@type":"WebPage","@id":"https:\/\/cortenstaalverkoop.nl\/product\/cortenstaal-plantenbak-ovaal\/","url":"https:\/\/cortenstaalverkoop.nl\/product\/cortenstaal-plantenbak-ovaal\/","name":"L&#039;acier Cor-ten pot, de forme ovale, bon march\u00e9, en cortenstaalverkoop.nl","isPartOf":{"@id":"https:\/\/cortenstaalverkoop.nl\/#website"},"primaryImageOfPage":{"@id":"https:\/\/cortenstaalverkoop.nl\/product\/cortenstaal-plantenbak-ovaal\/#primaryimage"},"image":{"@id":"https:\/\/cortenstaalverkoop.nl\/product\/cortenstaal-plantenbak-ovaal\/#primaryimage"},"thumbnailUrl":"https:\/\/cortenstaalverkoop.nl\/wp-content\/uploads\/2019\/11\/ELLIPSE-CEL-01.jpg","datePublished":"2019-11-27T20:25:31+00:00","dateModified":"2026-04-03T13:06:14+00:00","description":"L&#039;acier Cor-ten pot, de forme ovale, de taille diff\u00e9rente.\u2705 la meilleure qualit\u00e9 \u2705 garantie de 5 ans! Obtenir un acier cor-ten jardini\u00e8re de forme ovale, bon march\u00e9, en cortenstaalverkoop.nl!","breadcrumb":{"@id":"https:\/\/cortenstaalverkoop.nl\/product\/cortenstaal-plantenbak-ovaal\/#breadcrumb"},"inLanguage":"fr-FR","potentialAction":[{"@type":"ReadAction","target":["https:\/\/cortenstaalverkoop.nl\/product\/cortenstaal-plantenbak-ovaal\/"]}]},{"@type":"ImageObject","inLanguage":"fr-FR","@id":"https:\/\/cortenstaalverkoop.nl\/product\/cortenstaal-plantenbak-ovaal\/#primaryimage","url":"https:\/\/cortenstaalverkoop.nl\/wp-content\/uploads\/2019\/11\/ELLIPSE-CEL-01.jpg","contentUrl":"https:\/\/cortenstaalverkoop.nl\/wp-content\/uploads\/2019\/11\/ELLIPSE-CEL-01.jpg","width":1500,"height":1500,"caption":"Cortenstaal plantenbak ovaal"},{"@type":"BreadcrumbList","@id":"https:\/\/cortenstaalverkoop.nl\/product\/cortenstaal-plantenbak-ovaal\/#breadcrumb","itemListElement":[{"@type":"ListItem","position":1,"name":"Home","item":"https:\/\/cortenstaalverkoop.nl\/"},{"@type":"ListItem","position":2,"name":"Assortiment","item":"https:\/\/cortenstaalverkoop.nl\/assortiment-cortenstaal\/"},{"@type":"ListItem","position":3,"name":"Cortenstaal plantenbak ovaal"}]},{"@type":"WebSite","@id":"https:\/\/cortenstaalverkoop.nl\/#website","url":"https:\/\/cortenstaalverkoop.nl\/","name":"Cortenstaalverkoop.nl","description":"l&#039;acier cor-ten sp\u00e9cialiste!","publisher":{"@id":"https:\/\/cortenstaalverkoop.nl\/#organization"},"potentialAction":[{"@type":"SearchAction","target":{"@type":"EntryPoint","urlTemplate":"https:\/\/cortenstaalverkoop.nl\/?s={search_term_string}"},"query-input":{"@type":"PropertyValueSpecification","valueRequired":true,"valueName":"search_term_string"}}],"inLanguage":"fr-FR"},{"@type":"Organization","@id":"https:\/\/cortenstaalverkoop.nl\/#organization","name":"Cortenstaalverkoop.nl","url":"https:\/\/cortenstaalverkoop.nl\/","logo":{"@type":"ImageObject","inLanguage":"fr-FR","@id":"https:\/\/cortenstaalverkoop.nl\/#\/schema\/logo\/image\/","url":"https:\/\/cortenstaalverkoop.nl\/wp-content\/uploads\/2019\/11\/cortenstaal-logo-1.png","contentUrl":"https:\/\/cortenstaalverkoop.nl\/wp-content\/uploads\/2019\/11\/cortenstaal-logo-1.png","width":480,"height":163,"caption":"Cortenstaalverkoop.nl"},"image":{"@id":"https:\/\/cortenstaalverkoop.nl\/#\/schema\/logo\/image\/"}}]}},"_links":{"self":[{"href":"https:\/\/cortenstaalverkoop.nl\/fr\/wp-json\/wp\/v2\/product\/1045","targetHints":{"allow":["GET"]}}],"collection":[{"href":"https:\/\/cortenstaalverkoop.nl\/fr\/wp-json\/wp\/v2\/product"}],"about":[{"href":"https:\/\/cortenstaalverkoop.nl\/fr\/wp-json\/wp\/v2\/types\/product"}],"version-history":[{"count":35,"href":"https:\/\/cortenstaalverkoop.nl\/fr\/wp-json\/wp\/v2\/product\/1045\/revisions"}],"predecessor-version":[{"id":11145,"href":"https:\/\/cortenstaalverkoop.nl\/fr\/wp-json\/wp\/v2\/product\/1045\/revisions\/11145"}],"wp:featuredmedia":[{"embeddable":true,"href":"https:\/\/cortenstaalverkoop.nl\/fr\/wp-json\/wp\/v2\/media\/2094"}],"wp:attachment":[{"href":"https:\/\/cortenstaalverkoop.nl\/fr\/wp-json\/wp\/v2\/media?parent=1045"}],"wp:term":[{"taxonomy":"product_brand","embeddable":true,"href":"https:\/\/cortenstaalverkoop.nl\/fr\/wp-json\/wp\/v2\/product_brand?post=1045"},{"taxonomy":"product_cat","embeddable":true,"href":"https:\/\/cortenstaalverkoop.nl\/fr\/wp-json\/wp\/v2\/product_cat?post=1045"},{"taxonomy":"product_tag","embeddable":true,"href":"https:\/\/cortenstaalverkoop.nl\/fr\/wp-json\/wp\/v2\/product_tag?post=1045"}],"curies":[{"name":"wp","href":"https:\/\/api.w.org\/{rel}","templated":true}]}}