{"id":10473,"date":"2026-02-18T14:02:11","date_gmt":"2026-02-18T13:02:11","guid":{"rendered":"https:\/\/cortenstaalverkoop.nl\/?post_type=product&#038;p=10473"},"modified":"2026-02-20T17:09:51","modified_gmt":"2026-02-20T16:09:51","slug":"kamado-workstation","status":"publish","type":"product","link":"https:\/\/cortenstaalverkoop.nl\/fr\/product\/kamado-workstation\/","title":{"rendered":"Kamado workstation"},"content":{"rendered":"<div data-elementor-type=\"wp-post\" data-elementor-id=\"10473\" class=\"elementor elementor-10473\">\n\t\t\t\t\t\t<section class=\"elementor-section elementor-top-section elementor-element elementor-element-5d3a55ae elementor-section-boxed elementor-section-height-default elementor-section-height-default\" data-id=\"5d3a55ae\" data-element_type=\"section\" data-e-type=\"section\">\n\t\t\t\t\t\t<div class=\"elementor-container elementor-column-gap-default\">\n\t\t\t\t\t<div class=\"elementor-column elementor-col-100 elementor-top-column elementor-element elementor-element-6bce4bf2\" data-id=\"6bce4bf2\" data-element_type=\"column\" data-e-type=\"column\">\n\t\t\t<div class=\"elementor-widget-wrap elementor-element-populated\">\n\t\t\t\t\t\t<div class=\"elementor-element elementor-element-495f2e35 elementor-widget elementor-widget-text-editor\" data-id=\"495f2e35\" data-element_type=\"widget\" data-e-type=\"widget\" data-widget_type=\"text-editor.default\">\n\t\t\t\t<div class=\"elementor-widget-container\">\n\t\t\t\t\t\t\t\t\t<h2 data-start=\"203\" data-end=\"273\">Kamado poste de travail cuisine en plein air avec le luxe et l'aspect naturel<\/h2><p data-start=\"275\" data-end=\"718\">Cette Kamado poste de travail cuisine en plein air vient dans son propre magnifiquement parmi la verdure de votre jardin. Gr\u00e2ce au bambou finition en combinaison avec la Neolith Riverwashed plan de travail en c\u00e9ramique, le tout aussi luxueux et naturel. Aussi il <a href=\"https:\/\/nl.wikipedia.org\/wiki\/Cortenstaal\" target=\"_blank\" rel=\"noopener\">l'acier corten<\/a> contribue de mani\u00e8re significative \u00e0 ce. Par exemple, la caract\u00e9ristique d'orange-brun, qui est cr\u00e9\u00e9 par une couche de rouille, assure un accueil chaleureux et d'apparence robuste.<\/p><p data-start=\"720\" data-end=\"898\">En outre, l'acier Corten est connu comme l'\u00e9preuve des intemp\u00e9ries en acier. Cela signifie que les intemp\u00e9ries ne font que renforcer le mat\u00e9riel et, par cons\u00e9quent, il est extr\u00eamement appropri\u00e9 pour une utilisation en ext\u00e9rieur.<\/p><p data-start=\"970\" data-end=\"1258\">Vous pouvez \u00e9galement commander cette cuisine en plein air avec un rev\u00eatement en poudre durable. Dans ce cas, nous font la trame de 3 mm d'\u00e9paisseur en aluminium. En cons\u00e9quence, le Kamado poste de travail obtient non seulement une allure \u00e9l\u00e9gante et moderne, mais il est aussi parfaitement r\u00e9sistant aux diff\u00e9rentes conditions m\u00e9t\u00e9orologiques.<\/p><h2 data-start=\"1265\" data-end=\"1330\">Parfait pour combiner avec un Big Green Egg!<\/h2><p data-start=\"1332\" data-end=\"1542\">Gr\u00e2ce \u00e0 cette boutique en ligne vous \u00e9galement acheter un adapt\u00e9 <a href=\"https:\/\/cortenstaalverkoop.nl\/product\/big-green-egg-large\/\" target=\"_blank\" rel=\"noopener\"><span class=\"hover:entity-accent entity-underline inline cursor-pointer align-baseline\"><span class=\"whitespace-normal\">Big Green Egg<\/span><\/span><\/a> \u00e0 un prix tr\u00e8s comp\u00e9titif. De cette fa\u00e7on, vous cr\u00e9ez un complet et professionnel de cuisine en plein air dans lequel tout est parfaitement coordonn\u00e9.<\/p><p data-start=\"1549\" data-end=\"1613\">Avec le Kamado poste de travail vous d'avoir tous vos accessoires et ingr\u00e9dients \u00e0 port\u00e9e de main. Cela vous permet de travailler plus efficacement et l'exp\u00e9rience d'un confort d'utilisation optimal lors de la pr\u00e9paration de vos plats pr\u00e9f\u00e9r\u00e9s. Si vous \u00eates \u00e0 la cuisson, fumage, la cuisson ou la cuisson lente, vous de toujours avoir suffisamment d'espace de travail et de pr\u00e9sentation. Le Kamado poste de travail ne fournit pas seulement un confort suppl\u00e9mentaire, mais donne \u00e9galement \u00e0 votre cuisine d'ext\u00e9rieur un aspect \u00e9l\u00e9gant et professionnel.<\/p><p data-start=\"2070\" data-end=\"2312\">La construction robuste et pratique de mise en page vous permettent de stocker des accessoires barbecue en toute s\u00e9curit\u00e9 et proprement, tout en ayant suffisamment d'espace pour pr\u00e9parer les ingr\u00e9dients. Cela rend la cuisson sur le barbecue, plus facile, plus amusant et plus de d\u00e9tente.<\/p><p data-start=\"1305\" data-end=\"1430\">Enfin, nous livrons les produits non torr\u00e9fi\u00e9es, de sorte que le processus de la rouille peut se d\u00e9velopper de mani\u00e8re authentique.<\/p><p>D\u00e9baller le produit imm\u00e9diatement apr\u00e8s la livraison. Cela permet \u00e0 toute l'humidit\u00e9 entre l'emballage et le produit s'\u00e9vaporer. Cela emp\u00eache irr\u00e9guli\u00e8re, la formation de la rouille et des taches.<\/p><p><strong>Informations sur le produit l'acier Corten.<\/strong><br \/>L'Acier Corten, aussi connu comme l'\u00e9preuve des intemp\u00e9ries en acier, est un m\u00e9tal solide en alliage de fer avec des additifs tels que le cuivre, le silicium, le nickel et le chrome. Lorsqu'il est expos\u00e9 \u00e0 l'air ext\u00e9rieur, une couche de protection de la rouille se forme sur son propre. Cette couche prot\u00e8ge l'acier contre la corrosion et prolonge sa dur\u00e9e de vie. La caract\u00e9ristique d'orange-brun, la couleur et la longue dur\u00e9e de vie, l'acier Corten un choix populaire pour une utilisation en ext\u00e9rieur.<\/p><p>Livraison gratuite aux Pays-Bas, Belgique. Les frais de port pour l'Allemagne, le Luxembourg et la France commencent \u00e0 280 euros pour la commande enti\u00e8re.<\/p>\t\t\t\t\t\t\t\t<\/div>\n\t\t\t\t<\/div>\n\t\t\t\t\t<\/div>\n\t\t<\/div>\n\t\t\t\t\t<\/div>\n\t\t<\/section>\n\t\t\t\t<\/div>","protected":false},"excerpt":{"rendered":"<p>Le Kamado workstation est le niveau ultime pour n'importe quel espace ext\u00e9rieur. Cet \u00e9l\u00e9gant en plein air de la cuisine offre beaucoup d'espace de travail, commode options de stockage et un endroit id\u00e9al pour pr\u00e9parer vos plats. Convient pour presque n'importe quel type de Kamado. Un Kamado (Big Green Egg) est \u00e9galement disponible.<\/p>\n<p>\u2022 R\u00e9glable et robuste pieds pour n&#039;importe quelle surface.<br \/>\n* Ouverture pour le kamado: \u00d8 345 mm<br \/>\n* L'\u00e9paisseur de mat\u00e9riau: acier Corten de 2 mm et d'aluminium de 3 mm<br \/>\n\u2022 5 ans de garantie<br \/>\n\u2022 4 roues sont inclus.<br \/>\n* avec Neolith riverwashed plan de travail en c\u00e9ramique<\/p>","protected":false},"featured_media":10799,"template":"","meta":{"site-sidebar-layout":"default","site-content-layout":"default","ast-site-content-layout":"default","site-content-style":"default","site-sidebar-style":"default","ast-global-header-display":"","ast-banner-title-visibility":"","ast-main-header-display":"","ast-hfb-above-header-display":"","ast-hfb-below-header-display":"","ast-hfb-mobile-header-display":"","site-post-title":"","ast-breadcrumbs-content":"","ast-featured-img":"","footer-sml-layout":"","ast-disable-related-posts":"","theme-transparent-header-meta":"default","adv-header-id-meta":"","stick-header-meta":"","header-above-stick-meta":"","header-main-stick-meta":"","header-below-stick-meta":"","astra-migrate-meta-layouts":"set","ast-page-background-enabled":"default","ast-page-background-meta":{"desktop":{"background-color":"","background-image":"","background-repeat":"repeat","background-position":"center center","background-size":"auto","background-attachment":"scroll","background-type":"","background-media":"","overlay-type":"","overlay-color":"","overlay-opacity":"","overlay-gradient":""},"tablet":{"background-color":"","background-image":"","background-repeat":"repeat","background-position":"center center","background-size":"auto","background-attachment":"scroll","background-type":"","background-media":"","overlay-type":"","overlay-color":"","overlay-opacity":"","overlay-gradient":""},"mobile":{"background-color":"","background-image":"","background-repeat":"repeat","background-position":"center center","background-size":"auto","background-attachment":"scroll","background-type":"","background-media":"","overlay-type":"","overlay-color":"","overlay-opacity":"","overlay-gradient":""}},"ast-content-background-meta":{"desktop":{"background-color":"var(--ast-global-color-5)","background-image":"","background-repeat":"repeat","background-position":"center center","background-size":"auto","background-attachment":"scroll","background-type":"","background-media":"","overlay-type":"","overlay-color":"","overlay-opacity":"","overlay-gradient":""},"tablet":{"background-color":"var(--ast-global-color-5)","background-image":"","background-repeat":"repeat","background-position":"center center","background-size":"auto","background-attachment":"scroll","background-type":"","background-media":"","overlay-type":"","overlay-color":"","overlay-opacity":"","overlay-gradient":""},"mobile":{"background-color":"var(--ast-global-color-5)","background-image":"","background-repeat":"repeat","background-position":"center center","background-size":"auto","background-attachment":"scroll","background-type":"","background-media":"","overlay-type":"","overlay-color":"","overlay-opacity":"","overlay-gradient":""}}},"product_brand":[],"product_cat":[58],"product_tag":[],"class_list":{"0":"post-10473","1":"product","2":"type-product","3":"status-publish","4":"has-post-thumbnail","6":"product_cat-cortenstaal-vuurelementen","7":"product_shipping_class-transport-heavy","8":"desktop-align-left","9":"tablet-align-left","10":"mobile-align-left","12":"first","13":"instock","14":"taxable","15":"shipping-taxable","16":"purchasable","17":"product-type-variable"},"yoast_head":"<!-- This site is optimized with the Yoast SEO plugin v27.3 - https:\/\/yoast.com\/product\/yoast-seo-wordpress\/ -->\n<title>Kamado workstation, goedkoop bij cortenstaalverkoop.nl<\/title>\n<meta name=\"description\" content=\"\u2705Kamado workstation\u2705 de beste kwaliteit \u2705 5 jaar garantie! Bestel uw Kamado workstation goedkoop bij cortenstaalverkoop.nl\" \/>\n<meta name=\"robots\" content=\"index, follow, max-snippet:-1, max-image-preview:large, max-video-preview:-1\" \/>\n<link rel=\"canonical\" href=\"https:\/\/cortenstaalverkoop.nl\/fr\/produit\/kamado-workstation\/\" \/>\n<meta property=\"og:locale\" content=\"fr_FR\" \/>\n<meta property=\"og:type\" content=\"article\" \/>\n<meta property=\"og:title\" content=\"Kamado workstation, goedkoop bij cortenstaalverkoop.nl\" \/>\n<meta property=\"og:description\" content=\"\u2705Kamado workstation\u2705 de beste kwaliteit \u2705 5 jaar garantie! Bestel uw Kamado workstation goedkoop bij cortenstaalverkoop.nl\" \/>\n<meta property=\"og:url\" content=\"https:\/\/cortenstaalverkoop.nl\/fr\/produit\/kamado-workstation\/\" \/>\n<meta property=\"og:site_name\" content=\"Cortenstaalverkoop.nl\" \/>\n<meta property=\"article:modified_time\" content=\"2026-02-20T16:09:51+00:00\" \/>\n<meta property=\"og:image\" content=\"https:\/\/cortenstaalverkoop.nl\/wp-content\/uploads\/2025\/03\/kamado-onderstel-200.jpg\" \/>\n\t<meta property=\"og:image:width\" content=\"699\" \/>\n\t<meta property=\"og:image:height\" content=\"699\" \/>\n\t<meta property=\"og:image:type\" content=\"image\/jpeg\" \/>\n<meta name=\"twitter:card\" content=\"summary_large_image\" \/>\n<meta name=\"twitter:label1\" content=\"Dur\u00e9e de lecture estim\u00e9e\" \/>\n\t<meta name=\"twitter:data1\" content=\"3 minutes\" \/>\n<script type=\"application\/ld+json\" class=\"yoast-schema-graph\">{\"@context\":\"https:\\\/\\\/schema.org\",\"@graph\":[{\"@type\":\"WebPage\",\"@id\":\"https:\\\/\\\/cortenstaalverkoop.nl\\\/product\\\/kamado-workstation\\\/\",\"url\":\"https:\\\/\\\/cortenstaalverkoop.nl\\\/product\\\/kamado-workstation\\\/\",\"name\":\"Kamado workstation, goedkoop bij cortenstaalverkoop.nl\",\"isPartOf\":{\"@id\":\"https:\\\/\\\/cortenstaalverkoop.nl\\\/#website\"},\"primaryImageOfPage\":{\"@id\":\"https:\\\/\\\/cortenstaalverkoop.nl\\\/product\\\/kamado-workstation\\\/#primaryimage\"},\"image\":{\"@id\":\"https:\\\/\\\/cortenstaalverkoop.nl\\\/product\\\/kamado-workstation\\\/#primaryimage\"},\"thumbnailUrl\":\"https:\\\/\\\/cortenstaalverkoop.nl\\\/wp-content\\\/uploads\\\/2025\\\/03\\\/kamado-onderstel-200.jpg\",\"datePublished\":\"2026-02-18T13:02:11+00:00\",\"dateModified\":\"2026-02-20T16:09:51+00:00\",\"description\":\"\u2705Kamado workstation\u2705 de beste kwaliteit \u2705 5 jaar garantie! Bestel uw Kamado workstation goedkoop bij cortenstaalverkoop.nl\",\"breadcrumb\":{\"@id\":\"https:\\\/\\\/cortenstaalverkoop.nl\\\/product\\\/kamado-workstation\\\/#breadcrumb\"},\"inLanguage\":\"fr-FR\",\"potentialAction\":[{\"@type\":\"ReadAction\",\"target\":[\"https:\\\/\\\/cortenstaalverkoop.nl\\\/product\\\/kamado-workstation\\\/\"]}]},{\"@type\":\"ImageObject\",\"inLanguage\":\"fr-FR\",\"@id\":\"https:\\\/\\\/cortenstaalverkoop.nl\\\/product\\\/kamado-workstation\\\/#primaryimage\",\"url\":\"https:\\\/\\\/cortenstaalverkoop.nl\\\/wp-content\\\/uploads\\\/2025\\\/03\\\/kamado-onderstel-200.jpg\",\"contentUrl\":\"https:\\\/\\\/cortenstaalverkoop.nl\\\/wp-content\\\/uploads\\\/2025\\\/03\\\/kamado-onderstel-200.jpg\",\"width\":699,\"height\":699,\"caption\":\"Kamado workstation\"},{\"@type\":\"BreadcrumbList\",\"@id\":\"https:\\\/\\\/cortenstaalverkoop.nl\\\/product\\\/kamado-workstation\\\/#breadcrumb\",\"itemListElement\":[{\"@type\":\"ListItem\",\"position\":1,\"name\":\"Home\",\"item\":\"https:\\\/\\\/cortenstaalverkoop.nl\\\/\"},{\"@type\":\"ListItem\",\"position\":2,\"name\":\"Assortiment\",\"item\":\"https:\\\/\\\/cortenstaalverkoop.nl\\\/assortiment-cortenstaal\\\/\"},{\"@type\":\"ListItem\",\"position\":3,\"name\":\"Kamado workstation\"}]},{\"@type\":\"WebSite\",\"@id\":\"https:\\\/\\\/cortenstaalverkoop.nl\\\/#website\",\"url\":\"https:\\\/\\\/cortenstaalverkoop.nl\\\/\",\"name\":\"Cortenstaalverkoop.nl\",\"description\":\"de cortenstaal specialist!\",\"publisher\":{\"@id\":\"https:\\\/\\\/cortenstaalverkoop.nl\\\/#organization\"},\"potentialAction\":[{\"@type\":\"SearchAction\",\"target\":{\"@type\":\"EntryPoint\",\"urlTemplate\":\"https:\\\/\\\/cortenstaalverkoop.nl\\\/?s={search_term_string}\"},\"query-input\":{\"@type\":\"PropertyValueSpecification\",\"valueRequired\":true,\"valueName\":\"search_term_string\"}}],\"inLanguage\":\"fr-FR\"},{\"@type\":\"Organization\",\"@id\":\"https:\\\/\\\/cortenstaalverkoop.nl\\\/#organization\",\"name\":\"Cortenstaalverkoop.nl\",\"url\":\"https:\\\/\\\/cortenstaalverkoop.nl\\\/\",\"logo\":{\"@type\":\"ImageObject\",\"inLanguage\":\"fr-FR\",\"@id\":\"https:\\\/\\\/cortenstaalverkoop.nl\\\/#\\\/schema\\\/logo\\\/image\\\/\",\"url\":\"https:\\\/\\\/cortenstaalverkoop.nl\\\/wp-content\\\/uploads\\\/2019\\\/11\\\/cortenstaal-logo-1.png\",\"contentUrl\":\"https:\\\/\\\/cortenstaalverkoop.nl\\\/wp-content\\\/uploads\\\/2019\\\/11\\\/cortenstaal-logo-1.png\",\"width\":480,\"height\":163,\"caption\":\"Cortenstaalverkoop.nl\"},\"image\":{\"@id\":\"https:\\\/\\\/cortenstaalverkoop.nl\\\/#\\\/schema\\\/logo\\\/image\\\/\"}}]}<\/script>\n<!-- \/ Yoast SEO plugin. -->","yoast_head_json":{"title":"Kamado poste de travail, \u00e0 bas prix Kamado poste de travail cortenstaalverkoop.nl","description":"\u2705Kamado poste de travail\u2705 la meilleure qualit\u00e9 \u2705 garantie de 5 ans! Commandez votre Kamado poste de travail \u00e0 bas prix \u00e0 partir de cortenstaalverkoop.nl","robots":{"index":"index","follow":"follow","max-snippet":"max-snippet:-1","max-image-preview":"max-image-preview:large","max-video-preview":"max-video-preview:-1"},"canonical":"https:\/\/cortenstaalverkoop.nl\/fr\/produit\/kamado-workstation\/","og_locale":"fr_FR","og_type":"article","og_title":"Kamado workstation, goedkoop bij cortenstaalverkoop.nl","og_description":"\u2705Kamado workstation\u2705 de beste kwaliteit \u2705 5 jaar garantie! Bestel uw Kamado workstation goedkoop bij cortenstaalverkoop.nl","og_url":"https:\/\/cortenstaalverkoop.nl\/fr\/produit\/kamado-workstation\/","og_site_name":"Cortenstaalverkoop.nl","article_modified_time":"2026-02-20T16:09:51+00:00","og_image":[{"width":699,"height":699,"url":"https:\/\/cortenstaalverkoop.nl\/wp-content\/uploads\/2025\/03\/kamado-onderstel-200.jpg","type":"image\/jpeg"}],"twitter_card":"summary_large_image","twitter_misc":{"Dur\u00e9e de lecture estim\u00e9e":"3 minutes"},"schema":{"@context":"https:\/\/schema.org","@graph":[{"@type":"WebPage","@id":"https:\/\/cortenstaalverkoop.nl\/product\/kamado-workstation\/","url":"https:\/\/cortenstaalverkoop.nl\/product\/kamado-workstation\/","name":"Kamado poste de travail, \u00e0 bas prix Kamado poste de travail cortenstaalverkoop.nl","isPartOf":{"@id":"https:\/\/cortenstaalverkoop.nl\/#website"},"primaryImageOfPage":{"@id":"https:\/\/cortenstaalverkoop.nl\/product\/kamado-workstation\/#primaryimage"},"image":{"@id":"https:\/\/cortenstaalverkoop.nl\/product\/kamado-workstation\/#primaryimage"},"thumbnailUrl":"https:\/\/cortenstaalverkoop.nl\/wp-content\/uploads\/2025\/03\/kamado-onderstel-200.jpg","datePublished":"2026-02-18T13:02:11+00:00","dateModified":"2026-02-20T16:09:51+00:00","description":"\u2705Kamado poste de travail\u2705 la meilleure qualit\u00e9 \u2705 garantie de 5 ans! Commandez votre Kamado poste de travail \u00e0 bas prix \u00e0 partir de cortenstaalverkoop.nl","breadcrumb":{"@id":"https:\/\/cortenstaalverkoop.nl\/product\/kamado-workstation\/#breadcrumb"},"inLanguage":"fr-FR","potentialAction":[{"@type":"ReadAction","target":["https:\/\/cortenstaalverkoop.nl\/product\/kamado-workstation\/"]}]},{"@type":"ImageObject","inLanguage":"fr-FR","@id":"https:\/\/cortenstaalverkoop.nl\/product\/kamado-workstation\/#primaryimage","url":"https:\/\/cortenstaalverkoop.nl\/wp-content\/uploads\/2025\/03\/kamado-onderstel-200.jpg","contentUrl":"https:\/\/cortenstaalverkoop.nl\/wp-content\/uploads\/2025\/03\/kamado-onderstel-200.jpg","width":699,"height":699,"caption":"Kamado workstation"},{"@type":"BreadcrumbList","@id":"https:\/\/cortenstaalverkoop.nl\/product\/kamado-workstation\/#breadcrumb","itemListElement":[{"@type":"ListItem","position":1,"name":"Home","item":"https:\/\/cortenstaalverkoop.nl\/"},{"@type":"ListItem","position":2,"name":"Assortiment","item":"https:\/\/cortenstaalverkoop.nl\/assortiment-cortenstaal\/"},{"@type":"ListItem","position":3,"name":"Kamado workstation"}]},{"@type":"WebSite","@id":"https:\/\/cortenstaalverkoop.nl\/#website","url":"https:\/\/cortenstaalverkoop.nl\/","name":"Cortenstaalverkoop.nl","description":"l&#039;acier cor-ten sp\u00e9cialiste!","publisher":{"@id":"https:\/\/cortenstaalverkoop.nl\/#organization"},"potentialAction":[{"@type":"SearchAction","target":{"@type":"EntryPoint","urlTemplate":"https:\/\/cortenstaalverkoop.nl\/?s={search_term_string}"},"query-input":{"@type":"PropertyValueSpecification","valueRequired":true,"valueName":"search_term_string"}}],"inLanguage":"fr-FR"},{"@type":"Organization","@id":"https:\/\/cortenstaalverkoop.nl\/#organization","name":"Cortenstaalverkoop.nl","url":"https:\/\/cortenstaalverkoop.nl\/","logo":{"@type":"ImageObject","inLanguage":"fr-FR","@id":"https:\/\/cortenstaalverkoop.nl\/#\/schema\/logo\/image\/","url":"https:\/\/cortenstaalverkoop.nl\/wp-content\/uploads\/2019\/11\/cortenstaal-logo-1.png","contentUrl":"https:\/\/cortenstaalverkoop.nl\/wp-content\/uploads\/2019\/11\/cortenstaal-logo-1.png","width":480,"height":163,"caption":"Cortenstaalverkoop.nl"},"image":{"@id":"https:\/\/cortenstaalverkoop.nl\/#\/schema\/logo\/image\/"}}]}},"_links":{"self":[{"href":"https:\/\/cortenstaalverkoop.nl\/fr\/wp-json\/wp\/v2\/product\/10473","targetHints":{"allow":["GET"]}}],"collection":[{"href":"https:\/\/cortenstaalverkoop.nl\/fr\/wp-json\/wp\/v2\/product"}],"about":[{"href":"https:\/\/cortenstaalverkoop.nl\/fr\/wp-json\/wp\/v2\/types\/product"}],"version-history":[{"count":59,"href":"https:\/\/cortenstaalverkoop.nl\/fr\/wp-json\/wp\/v2\/product\/10473\/revisions"}],"predecessor-version":[{"id":10893,"href":"https:\/\/cortenstaalverkoop.nl\/fr\/wp-json\/wp\/v2\/product\/10473\/revisions\/10893"}],"wp:featuredmedia":[{"embeddable":true,"href":"https:\/\/cortenstaalverkoop.nl\/fr\/wp-json\/wp\/v2\/media\/10799"}],"wp:attachment":[{"href":"https:\/\/cortenstaalverkoop.nl\/fr\/wp-json\/wp\/v2\/media?parent=10473"}],"wp:term":[{"taxonomy":"product_brand","embeddable":true,"href":"https:\/\/cortenstaalverkoop.nl\/fr\/wp-json\/wp\/v2\/product_brand?post=10473"},{"taxonomy":"product_cat","embeddable":true,"href":"https:\/\/cortenstaalverkoop.nl\/fr\/wp-json\/wp\/v2\/product_cat?post=10473"},{"taxonomy":"product_tag","embeddable":true,"href":"https:\/\/cortenstaalverkoop.nl\/fr\/wp-json\/wp\/v2\/product_tag?post=10473"}],"curies":[{"name":"wp","href":"https:\/\/api.w.org\/{rel}","templated":true}]}}