{"id":10757,"date":"2026-01-10T16:44:33","date_gmt":"2026-01-10T15:44:33","guid":{"rendered":"https:\/\/cortenstaalverkoop.nl\/?post_type=product&#038;p=10757"},"modified":"2026-03-24T16:53:09","modified_gmt":"2026-03-24T15:53:09","slug":"acier-corten-planteur-tap","status":"publish","type":"product","link":"https:\/\/cortenstaalverkoop.nl\/fr\/product\/cortenstaal-plantenbak-tap\/","title":{"rendered":"L'acier Corten planteur APPUYEZ sur"},"content":{"rendered":"<h3>L'acier Corten planteur TAP est disponible en diff\u00e9rentes tailles.<\/h3>\n<p>Donc facile \u00e0 placer sur votre balcon, la terrasse ou dans le jardin. Un jeu de l'acier Corten <a href=\"https:\/\/cortenstaalverkoop.nl\/cortenstaal\/cortenstaal-plantenbakken\/\">les plantes<\/a> peut aussi \u00eatre une belle eye-catcher \u00e0 l'entr\u00e9e de votre entreprise. Par la combinaison de diff\u00e9rentes tailles, vous pouvez facilement cr\u00e9er un tout \u00e0 fait originaux planteur avec les diff\u00e9rences de niveau de vous-m\u00eame. Le bord sup\u00e9rieur de l'acier Corten planteur TAP est la double conversion.<\/p>\n<p>L'acier corten est une tr\u00e8s forte type d'acier et la capacit\u00e9 \u00e0 se concentrer sur l'exposition \u00e0 l'air, de le couvrir avec une protection de la rouille de la couche. C'est une plante naturelle et la rouille des formes dans la protection contre la corrosion. Caract\u00e9ristiques de l'acier corten est brun-orange, rouille et la longue vie de travail.<br \/>\nNos produits en acier corten sont livr\u00e9s non rouill\u00e9s et le processus de rouille prendra alors environ 4 \u00e0 5 mois.<\/p>\n<h4>Conseil de plantation:<\/h4>\n<ul>\n<li>Le fond est recouvert d&#039;une couche de gravier \u00e0 \u00d8 35 mm) en quelque sorte<\/li>\n<li>N'utilisez pas de tuyau de trop-plein (il ne doit pas rester d'eau dans le r\u00e9cipient)<\/li>\n<li>C&#039;est un imperm\u00e9able, anti-racine de couverture<\/li>\n<li>Sur cette terre, qui est appropri\u00e9 pour le type de plantes<\/li>\n<\/ul>\n<h5>Remarque importante:<\/h5>\n<ul>\n<li style=\"list-style-type: none;\">\n<ul>\n<li>Les produits sont livr\u00e9s non corrod\u00e9s.<\/li>\n<li>Assurez-vous d&#039;avoir un bon drainage (trous dans le fond, par d\u00e9faut, la production de l&#039;impression, il ne faut pas l&#039;exc\u00e8s d&#039;eau dans le pot stand, en raison de la mati\u00e8re, puis \u00e0 l&#039;\u00e9poque, il peut aller \u00e0 la corrosion due \u00e0 une combinaison de l&#039;oxyg\u00e8ne et de la terre.<\/li>\n<li>Pas de cailloux d&#039;argile utilis\u00e9s parce qu&#039;ils retiennent l&#039;humidit\u00e9.<\/li>\n<li>Les produits doivent \u00eatre apr\u00e8s l'accouchement, imm\u00e9diatement d\u00e9compresser, de sorte que toute l'humidit\u00e9 entre l'emballage et le produit, ne sont pas confin\u00e9s \u00e0. Cela peut \u00eatre une irr\u00e9gularit\u00e9 de la rouille et de la cause de la coloration. La jardini\u00e8re peut d\u00e9gager pendant le processus de rouille. avoir plus \u00e0 donner.<\/li>\n<li>Haute r\u00e9sistance, r\u00e9sistant \u00e0 l&#039;usure, tr\u00e8s durable<\/li>\n<li>Serr\u00e9es et, par cons\u00e9quent, le design intemporel<\/li>\n<li>Mat\u00e9riau r\u00e9sistant aux intemp\u00e9ries et durable<\/li>\n<li>Le son chaud et naturel de regarder et se sentir<\/li>\n<li>Une garantie de 5 ans<\/li>\n<li>Sans entretien<\/li>\n<\/ul>\n<\/li>\n<\/ul>\n<h6>Informations sur le produit: acier corten:<\/h6>\n<p><a href=\"https:\/\/nl.wikipedia.org\/wikirong\/Cortenstaal\" target=\"_blank\" rel=\"noopener noreferrer\">L&#039;acier Cor-Ten<\/a> \u00e9galement connu sous le nom d'acier r\u00e9sistant aux intemp\u00e9ries. C'est un alliage m\u00e9tallique compos\u00e9 de fer, de cuivre, le silicium, le nickel et le chrome sont ajout\u00e9s. Cor-Ten est une tr\u00e8s forte type d'acier et la capacit\u00e9 \u00e0 se concentrer sur l'exposition \u00e0 l'air, de le couvrir avec une protection de la rouille de la couche. Ensuite, cette couche de protection contre la corrosion. La caract\u00e9ristique de l'acier Corten est sa couleur rouille orang\u00e9e et sa longue dur\u00e9e de vie.<\/p>\n<p>Livraison gratuite aux Pays-Bas, Belgique. Les frais de port pour l'Allemagne, le Luxembourg et la France commencent \u00e0 280 euros pour la commande enti\u00e8re.<\/p>","protected":false},"excerpt":{"rendered":"<p>L'acier Corten planteur TAP est disponible dans diff\u00e9rentes tailles et donc facile \u00e0 placer sur votre balcon, la terrasse ou dans le jardin. Un jeu de l'acier Corten planteurs peuvent \u00e9galement \u00eatre une belle eye-catcher \u00e0 l'entr\u00e9e de votre entreprise. Par la combinaison de diff\u00e9rentes tailles, vous pouvez facilement cr\u00e9er un tout \u00e0 fait originaux planteur avec les diff\u00e9rences de niveau de vous-m\u00eame. Le bord sup\u00e9rieur de l'acier Corten planteur TAP est la double conversion. L'\u00e9paisseur de mat\u00e9riau de l'acier Corten planteur est standard 2 mm (3-4 et 5 mm est possible sur demande).<\/p>\n<ul>\n<li>Tr\u00e8s solide et durable<\/li>\n<li>Sans entretien<\/li>\n<li>Mat\u00e9riau r\u00e9sistant aux intemp\u00e9ries et durable<\/li>\n<li>Le son chaud et naturel de regarder et se sentir<\/li>\n<li>Par d\u00e9faut, il repose sur un 15 mm en dessous de la baignoires pour le drainage<\/li>\n<li>Garantie de 5 ans.<\/li>\n<\/ul>","protected":false},"featured_media":10775,"template":"","meta":{"site-sidebar-layout":"default","site-content-layout":"default","ast-site-content-layout":"default","site-content-style":"default","site-sidebar-style":"default","ast-global-header-display":"","ast-banner-title-visibility":"","ast-main-header-display":"","ast-hfb-above-header-display":"","ast-hfb-below-header-display":"","ast-hfb-mobile-header-display":"","site-post-title":"","ast-breadcrumbs-content":"","ast-featured-img":"","footer-sml-layout":"","ast-disable-related-posts":"","theme-transparent-header-meta":"default","adv-header-id-meta":"","stick-header-meta":"","header-above-stick-meta":"","header-main-stick-meta":"","header-below-stick-meta":"","astra-migrate-meta-layouts":"set","ast-page-background-enabled":"default","ast-page-background-meta":{"desktop":{"background-color":"","background-image":"","background-repeat":"repeat","background-position":"center center","background-size":"auto","background-attachment":"scroll","background-type":"","background-media":"","overlay-type":"","overlay-color":"","overlay-opacity":"","overlay-gradient":""},"tablet":{"background-color":"","background-image":"","background-repeat":"repeat","background-position":"center center","background-size":"auto","background-attachment":"scroll","background-type":"","background-media":"","overlay-type":"","overlay-color":"","overlay-opacity":"","overlay-gradient":""},"mobile":{"background-color":"","background-image":"","background-repeat":"repeat","background-position":"center center","background-size":"auto","background-attachment":"scroll","background-type":"","background-media":"","overlay-type":"","overlay-color":"","overlay-opacity":"","overlay-gradient":""}},"ast-content-background-meta":{"desktop":{"background-color":"var(--ast-global-color-5)","background-image":"","background-repeat":"repeat","background-position":"center center","background-size":"auto","background-attachment":"scroll","background-type":"","background-media":"","overlay-type":"","overlay-color":"","overlay-opacity":"","overlay-gradient":""},"tablet":{"background-color":"var(--ast-global-color-5)","background-image":"","background-repeat":"repeat","background-position":"center center","background-size":"auto","background-attachment":"scroll","background-type":"","background-media":"","overlay-type":"","overlay-color":"","overlay-opacity":"","overlay-gradient":""},"mobile":{"background-color":"var(--ast-global-color-5)","background-image":"","background-repeat":"repeat","background-position":"center center","background-size":"auto","background-attachment":"scroll","background-type":"","background-media":"","overlay-type":"","overlay-color":"","overlay-opacity":"","overlay-gradient":""}}},"product_brand":[],"product_cat":[57],"product_tag":[],"class_list":{"0":"post-10757","1":"product","2":"type-product","3":"status-publish","4":"has-post-thumbnail","6":"product_cat-cortenstaal-plantenbakken","7":"product_shipping_class-fritom","8":"desktop-align-left","9":"tablet-align-left","10":"mobile-align-left","12":"first","13":"instock","14":"featured","15":"taxable","16":"shipping-taxable","17":"purchasable","18":"product-type-variable"},"yoast_head":"<!-- This site is optimized with the Yoast SEO plugin v27.3 - https:\/\/yoast.com\/product\/yoast-seo-wordpress\/ -->\n<title>Cortenstaal plantenbak TAP, goedkoop bij cortenstaalverkoop.nl<\/title>\n<meta name=\"description\" content=\"\u2705 Cortenstaal plantenbak TAP, diverse maten.\u2705 beste kwaliteit \u2705 5 jaar garantie! Bestel uw cortenstaal plantenbak TAP goedkoop bij cortenstaalverkoop.nl\" \/>\n<meta name=\"robots\" content=\"index, follow, max-snippet:-1, max-image-preview:large, max-video-preview:-1\" \/>\n<link rel=\"canonical\" href=\"https:\/\/cortenstaalverkoop.nl\/fr\/produit\/acier-corten-planteur-tap\/\" \/>\n<meta property=\"og:locale\" content=\"fr_FR\" \/>\n<meta property=\"og:type\" content=\"article\" \/>\n<meta property=\"og:title\" content=\"Cortenstaal plantenbak TAP, goedkoop bij cortenstaalverkoop.nl\" \/>\n<meta property=\"og:description\" content=\"\u2705 Cortenstaal plantenbak TAP, diverse maten.\u2705 beste kwaliteit \u2705 5 jaar garantie! Bestel uw cortenstaal plantenbak TAP goedkoop bij cortenstaalverkoop.nl\" \/>\n<meta property=\"og:url\" content=\"https:\/\/cortenstaalverkoop.nl\/fr\/produit\/acier-corten-planteur-tap\/\" \/>\n<meta property=\"og:site_name\" content=\"Cortenstaalverkoop.nl\" \/>\n<meta property=\"article:modified_time\" content=\"2026-03-24T15:53:09+00:00\" \/>\n<meta property=\"og:image\" content=\"https:\/\/cortenstaalverkoop.nl\/wp-content\/uploads\/2026\/01\/tap-COT8.2.webp\" \/>\n\t<meta property=\"og:image:width\" content=\"699\" \/>\n\t<meta property=\"og:image:height\" content=\"699\" \/>\n\t<meta property=\"og:image:type\" content=\"image\/webp\" \/>\n<meta name=\"twitter:card\" content=\"summary_large_image\" \/>\n<meta name=\"twitter:label1\" content=\"Dur\u00e9e de lecture estim\u00e9e\" \/>\n\t<meta name=\"twitter:data1\" content=\"2 minutes\" \/>\n<script type=\"application\/ld+json\" class=\"yoast-schema-graph\">{\"@context\":\"https:\\\/\\\/schema.org\",\"@graph\":[{\"@type\":\"WebPage\",\"@id\":\"https:\\\/\\\/cortenstaalverkoop.nl\\\/product\\\/cortenstaal-plantenbak-tap\\\/\",\"url\":\"https:\\\/\\\/cortenstaalverkoop.nl\\\/product\\\/cortenstaal-plantenbak-tap\\\/\",\"name\":\"Cortenstaal plantenbak TAP, goedkoop bij cortenstaalverkoop.nl\",\"isPartOf\":{\"@id\":\"https:\\\/\\\/cortenstaalverkoop.nl\\\/#website\"},\"primaryImageOfPage\":{\"@id\":\"https:\\\/\\\/cortenstaalverkoop.nl\\\/product\\\/cortenstaal-plantenbak-tap\\\/#primaryimage\"},\"image\":{\"@id\":\"https:\\\/\\\/cortenstaalverkoop.nl\\\/product\\\/cortenstaal-plantenbak-tap\\\/#primaryimage\"},\"thumbnailUrl\":\"https:\\\/\\\/cortenstaalverkoop.nl\\\/wp-content\\\/uploads\\\/2026\\\/01\\\/tap-COT8.2.webp\",\"datePublished\":\"2026-01-10T15:44:33+00:00\",\"dateModified\":\"2026-03-24T15:53:09+00:00\",\"description\":\"\u2705 Cortenstaal plantenbak TAP, diverse maten.\u2705 beste kwaliteit \u2705 5 jaar garantie! Bestel uw cortenstaal plantenbak TAP goedkoop bij cortenstaalverkoop.nl\",\"breadcrumb\":{\"@id\":\"https:\\\/\\\/cortenstaalverkoop.nl\\\/product\\\/cortenstaal-plantenbak-tap\\\/#breadcrumb\"},\"inLanguage\":\"fr-FR\",\"potentialAction\":[{\"@type\":\"ReadAction\",\"target\":[\"https:\\\/\\\/cortenstaalverkoop.nl\\\/product\\\/cortenstaal-plantenbak-tap\\\/\"]}]},{\"@type\":\"ImageObject\",\"inLanguage\":\"fr-FR\",\"@id\":\"https:\\\/\\\/cortenstaalverkoop.nl\\\/product\\\/cortenstaal-plantenbak-tap\\\/#primaryimage\",\"url\":\"https:\\\/\\\/cortenstaalverkoop.nl\\\/wp-content\\\/uploads\\\/2026\\\/01\\\/tap-COT8.2.webp\",\"contentUrl\":\"https:\\\/\\\/cortenstaalverkoop.nl\\\/wp-content\\\/uploads\\\/2026\\\/01\\\/tap-COT8.2.webp\",\"width\":699,\"height\":699,\"caption\":\"Cortenstaal plantenbak TAP\"},{\"@type\":\"BreadcrumbList\",\"@id\":\"https:\\\/\\\/cortenstaalverkoop.nl\\\/product\\\/cortenstaal-plantenbak-tap\\\/#breadcrumb\",\"itemListElement\":[{\"@type\":\"ListItem\",\"position\":1,\"name\":\"Home\",\"item\":\"https:\\\/\\\/cortenstaalverkoop.nl\\\/\"},{\"@type\":\"ListItem\",\"position\":2,\"name\":\"Assortiment\",\"item\":\"https:\\\/\\\/cortenstaalverkoop.nl\\\/assortiment-cortenstaal\\\/\"},{\"@type\":\"ListItem\",\"position\":3,\"name\":\"Cortenstaal plantenbak TAP\"}]},{\"@type\":\"WebSite\",\"@id\":\"https:\\\/\\\/cortenstaalverkoop.nl\\\/#website\",\"url\":\"https:\\\/\\\/cortenstaalverkoop.nl\\\/\",\"name\":\"Cortenstaalverkoop.nl\",\"description\":\"de cortenstaal specialist!\",\"publisher\":{\"@id\":\"https:\\\/\\\/cortenstaalverkoop.nl\\\/#organization\"},\"potentialAction\":[{\"@type\":\"SearchAction\",\"target\":{\"@type\":\"EntryPoint\",\"urlTemplate\":\"https:\\\/\\\/cortenstaalverkoop.nl\\\/?s={search_term_string}\"},\"query-input\":{\"@type\":\"PropertyValueSpecification\",\"valueRequired\":true,\"valueName\":\"search_term_string\"}}],\"inLanguage\":\"fr-FR\"},{\"@type\":\"Organization\",\"@id\":\"https:\\\/\\\/cortenstaalverkoop.nl\\\/#organization\",\"name\":\"Cortenstaalverkoop.nl\",\"url\":\"https:\\\/\\\/cortenstaalverkoop.nl\\\/\",\"logo\":{\"@type\":\"ImageObject\",\"inLanguage\":\"fr-FR\",\"@id\":\"https:\\\/\\\/cortenstaalverkoop.nl\\\/#\\\/schema\\\/logo\\\/image\\\/\",\"url\":\"https:\\\/\\\/cortenstaalverkoop.nl\\\/wp-content\\\/uploads\\\/2019\\\/11\\\/cortenstaal-logo-1.png\",\"contentUrl\":\"https:\\\/\\\/cortenstaalverkoop.nl\\\/wp-content\\\/uploads\\\/2019\\\/11\\\/cortenstaal-logo-1.png\",\"width\":480,\"height\":163,\"caption\":\"Cortenstaalverkoop.nl\"},\"image\":{\"@id\":\"https:\\\/\\\/cortenstaalverkoop.nl\\\/#\\\/schema\\\/logo\\\/image\\\/\"}}]}<\/script>\n<!-- \/ Yoast SEO plugin. -->","yoast_head_json":{"title":"L'acier Corten planteur du ROBINET, pas cher \u00e0 cortenstaalverkoop.nl","description":"\u2705 Acier Corten planteur APPUYEZ sur, de diff\u00e9rentes tailles.\u2705 la meilleure qualit\u00e9 \u2705 garantie de 5 ans! Commandez votre acier Corten planteur TOUCHEZ pas cher \u00e0 partir de cortenstaalverkoop.nl","robots":{"index":"index","follow":"follow","max-snippet":"max-snippet:-1","max-image-preview":"max-image-preview:large","max-video-preview":"max-video-preview:-1"},"canonical":"https:\/\/cortenstaalverkoop.nl\/fr\/produit\/acier-corten-planteur-tap\/","og_locale":"fr_FR","og_type":"article","og_title":"Cortenstaal plantenbak TAP, goedkoop bij cortenstaalverkoop.nl","og_description":"\u2705 Cortenstaal plantenbak TAP, diverse maten.\u2705 beste kwaliteit \u2705 5 jaar garantie! Bestel uw cortenstaal plantenbak TAP goedkoop bij cortenstaalverkoop.nl","og_url":"https:\/\/cortenstaalverkoop.nl\/fr\/produit\/acier-corten-planteur-tap\/","og_site_name":"Cortenstaalverkoop.nl","article_modified_time":"2026-03-24T15:53:09+00:00","og_image":[{"width":699,"height":699,"url":"https:\/\/cortenstaalverkoop.nl\/wp-content\/uploads\/2026\/01\/tap-COT8.2.webp","type":"image\/webp"}],"twitter_card":"summary_large_image","twitter_misc":{"Dur\u00e9e de lecture estim\u00e9e":"2 minutes"},"schema":{"@context":"https:\/\/schema.org","@graph":[{"@type":"WebPage","@id":"https:\/\/cortenstaalverkoop.nl\/product\/cortenstaal-plantenbak-tap\/","url":"https:\/\/cortenstaalverkoop.nl\/product\/cortenstaal-plantenbak-tap\/","name":"L'acier Corten planteur du ROBINET, pas cher \u00e0 cortenstaalverkoop.nl","isPartOf":{"@id":"https:\/\/cortenstaalverkoop.nl\/#website"},"primaryImageOfPage":{"@id":"https:\/\/cortenstaalverkoop.nl\/product\/cortenstaal-plantenbak-tap\/#primaryimage"},"image":{"@id":"https:\/\/cortenstaalverkoop.nl\/product\/cortenstaal-plantenbak-tap\/#primaryimage"},"thumbnailUrl":"https:\/\/cortenstaalverkoop.nl\/wp-content\/uploads\/2026\/01\/tap-COT8.2.webp","datePublished":"2026-01-10T15:44:33+00:00","dateModified":"2026-03-24T15:53:09+00:00","description":"\u2705 Acier Corten planteur APPUYEZ sur, de diff\u00e9rentes tailles.\u2705 la meilleure qualit\u00e9 \u2705 garantie de 5 ans! Commandez votre acier Corten planteur TOUCHEZ pas cher \u00e0 partir de cortenstaalverkoop.nl","breadcrumb":{"@id":"https:\/\/cortenstaalverkoop.nl\/product\/cortenstaal-plantenbak-tap\/#breadcrumb"},"inLanguage":"fr-FR","potentialAction":[{"@type":"ReadAction","target":["https:\/\/cortenstaalverkoop.nl\/product\/cortenstaal-plantenbak-tap\/"]}]},{"@type":"ImageObject","inLanguage":"fr-FR","@id":"https:\/\/cortenstaalverkoop.nl\/product\/cortenstaal-plantenbak-tap\/#primaryimage","url":"https:\/\/cortenstaalverkoop.nl\/wp-content\/uploads\/2026\/01\/tap-COT8.2.webp","contentUrl":"https:\/\/cortenstaalverkoop.nl\/wp-content\/uploads\/2026\/01\/tap-COT8.2.webp","width":699,"height":699,"caption":"Cortenstaal plantenbak TAP"},{"@type":"BreadcrumbList","@id":"https:\/\/cortenstaalverkoop.nl\/product\/cortenstaal-plantenbak-tap\/#breadcrumb","itemListElement":[{"@type":"ListItem","position":1,"name":"Home","item":"https:\/\/cortenstaalverkoop.nl\/"},{"@type":"ListItem","position":2,"name":"Assortiment","item":"https:\/\/cortenstaalverkoop.nl\/assortiment-cortenstaal\/"},{"@type":"ListItem","position":3,"name":"Cortenstaal plantenbak TAP"}]},{"@type":"WebSite","@id":"https:\/\/cortenstaalverkoop.nl\/#website","url":"https:\/\/cortenstaalverkoop.nl\/","name":"Cortenstaalverkoop.nl","description":"l&#039;acier cor-ten sp\u00e9cialiste!","publisher":{"@id":"https:\/\/cortenstaalverkoop.nl\/#organization"},"potentialAction":[{"@type":"SearchAction","target":{"@type":"EntryPoint","urlTemplate":"https:\/\/cortenstaalverkoop.nl\/?s={search_term_string}"},"query-input":{"@type":"PropertyValueSpecification","valueRequired":true,"valueName":"search_term_string"}}],"inLanguage":"fr-FR"},{"@type":"Organization","@id":"https:\/\/cortenstaalverkoop.nl\/#organization","name":"Cortenstaalverkoop.nl","url":"https:\/\/cortenstaalverkoop.nl\/","logo":{"@type":"ImageObject","inLanguage":"fr-FR","@id":"https:\/\/cortenstaalverkoop.nl\/#\/schema\/logo\/image\/","url":"https:\/\/cortenstaalverkoop.nl\/wp-content\/uploads\/2019\/11\/cortenstaal-logo-1.png","contentUrl":"https:\/\/cortenstaalverkoop.nl\/wp-content\/uploads\/2019\/11\/cortenstaal-logo-1.png","width":480,"height":163,"caption":"Cortenstaalverkoop.nl"},"image":{"@id":"https:\/\/cortenstaalverkoop.nl\/#\/schema\/logo\/image\/"}}]}},"_links":{"self":[{"href":"https:\/\/cortenstaalverkoop.nl\/fr\/wp-json\/wp\/v2\/product\/10757","targetHints":{"allow":["GET"]}}],"collection":[{"href":"https:\/\/cortenstaalverkoop.nl\/fr\/wp-json\/wp\/v2\/product"}],"about":[{"href":"https:\/\/cortenstaalverkoop.nl\/fr\/wp-json\/wp\/v2\/types\/product"}],"version-history":[{"count":3,"href":"https:\/\/cortenstaalverkoop.nl\/fr\/wp-json\/wp\/v2\/product\/10757\/revisions"}],"predecessor-version":[{"id":10916,"href":"https:\/\/cortenstaalverkoop.nl\/fr\/wp-json\/wp\/v2\/product\/10757\/revisions\/10916"}],"wp:featuredmedia":[{"embeddable":true,"href":"https:\/\/cortenstaalverkoop.nl\/fr\/wp-json\/wp\/v2\/media\/10775"}],"wp:attachment":[{"href":"https:\/\/cortenstaalverkoop.nl\/fr\/wp-json\/wp\/v2\/media?parent=10757"}],"wp:term":[{"taxonomy":"product_brand","embeddable":true,"href":"https:\/\/cortenstaalverkoop.nl\/fr\/wp-json\/wp\/v2\/product_brand?post=10757"},{"taxonomy":"product_cat","embeddable":true,"href":"https:\/\/cortenstaalverkoop.nl\/fr\/wp-json\/wp\/v2\/product_cat?post=10757"},{"taxonomy":"product_tag","embeddable":true,"href":"https:\/\/cortenstaalverkoop.nl\/fr\/wp-json\/wp\/v2\/product_tag?post=10757"}],"curies":[{"name":"wp","href":"https:\/\/api.w.org\/{rel}","templated":true}]}}