{"id":10818,"date":"2026-02-18T14:59:05","date_gmt":"2026-02-18T13:59:05","guid":{"rendered":"https:\/\/cortenstaalverkoop.nl\/?post_type=product&#038;p=10818"},"modified":"2026-04-20T16:16:52","modified_gmt":"2026-04-20T14:16:52","slug":"big-green-egg-large","status":"publish","type":"product","link":"https:\/\/cortenstaalverkoop.nl\/fr\/product\/big-green-egg-large\/","title":{"rendered":"BIG GREEN EGG Grand"},"content":{"rendered":"<div data-elementor-type=\"wp-post\" data-elementor-id=\"10818\" class=\"elementor elementor-10818\">\n\t\t\t\t\t\t<section class=\"elementor-section elementor-top-section elementor-element elementor-element-5d3a55ae elementor-section-boxed elementor-section-height-default elementor-section-height-default\" data-id=\"5d3a55ae\" data-element_type=\"section\" data-e-type=\"section\">\n\t\t\t\t\t\t<div class=\"elementor-container elementor-column-gap-default\">\n\t\t\t\t\t<div class=\"elementor-column elementor-col-100 elementor-top-column elementor-element elementor-element-6bce4bf2\" data-id=\"6bce4bf2\" data-element_type=\"column\" data-e-type=\"column\">\n\t\t\t<div class=\"elementor-widget-wrap elementor-element-populated\">\n\t\t\t\t\t\t<div class=\"elementor-element elementor-element-495f2e35 elementor-widget elementor-widget-text-editor\" data-id=\"495f2e35\" data-element_type=\"widget\" data-e-type=\"widget\" data-widget_type=\"text-editor.default\">\n\t\t\t\t<div class=\"elementor-widget-container\">\n\t\t\t\t\t\t\t\t\t<h2 data-start=\"0\" data-end=\"67\">BIG Green EGG Grande la plus populaire de kamado pour votre cuisine ext\u00e9rieure<\/h2><p data-start=\"69\" data-end=\"419\">Avec sa taille g\u00e9n\u00e9reuse, une performance fiable et une infinit\u00e9 de possibilit\u00e9s de cuisson, Le Big Green EGG est la taille de la plupart des mod\u00e8le choisi dans le Kamado de la famille. Si vous voulez faire griller spontan\u00e9ment ou pr\u00e9parer un d\u00eener copieux, avec cette kamado vous avez un maximum de contr\u00f4le et des r\u00e9sultats professionnels dans votre propre jardin.<\/p><h2 data-start=\"421\" data-end=\"466\">Grande surface de cuisson pour chaque partie<\/h2><p data-start=\"467\" data-end=\"767\">Gr\u00e2ce \u00e0 la grande surface de cuisson de <strong data-start=\"503\" data-end=\"515\">1688 cm2<\/strong> et un treillis de diam\u00e8tre <strong data-start=\"543\" data-end=\"552\">46 cm<\/strong> pr\u00e9parer des plats sans effort <strong data-start=\"589\" data-end=\"620\">jusqu'\u00e0 8 personnes en m\u00eame temps<\/strong>. Id\u00e9al pour des soir\u00e9es agr\u00e9ables en famille, entre amis ou invit\u00e9s. Vous avez toujours assez d'espace pour pr\u00e9parer plusieurs ingr\u00e9dients en m\u00eame temps.<\/p><h2 data-start=\"769\" data-end=\"803\">Adapt\u00e9 \u00e0 chaque style de cuisine<\/h2><p data-start=\"804\" data-end=\"1066\">Ce BARBECUE est connu pour son exceptionnelle polyvalence. Gr\u00e2ce au contr\u00f4le pr\u00e9cis de la temp\u00e9rature, vous pouvez facilement basculer entre les diff\u00e9rentes techniques de cuisson. Ainsi, vous pourrez pr\u00e9parer un plat exactement comme vous le souhaitez \u2014 de grill rapide \u00e0 la cuisson lente.<\/p><p data-start=\"1068\" data-end=\"1113\"><strong data-start=\"1068\" data-end=\"1113\">Vous utilisez cette kamado, entre autres choses:<\/strong><\/p><ul data-start=\"1115\" data-end=\"1277\"><li data-start=\"1115\" data-end=\"1153\"><p data-start=\"1117\" data-end=\"1153\">Griller la viande, le poisson et les l\u00e9gumes<\/p><\/li><li data-start=\"1154\" data-end=\"1190\"><p data-start=\"1156\" data-end=\"1190\">De fumer pour de go\u00fbt intense exp\u00e9rience<\/p><\/li><li data-start=\"1191\" data-end=\"1232\"><p data-start=\"1193\" data-end=\"1232\">La cuisson du pain, des pizzas et des desserts<\/p><\/li><li data-start=\"1233\" data-end=\"1277\"><p data-start=\"1235\" data-end=\"1277\">La cuisson lente pour un parfait r\u00e9sultat de l'adjudication<\/p><\/li><\/ul><h2 data-start=\"1279\" data-end=\"1319\">Des performances homog\u00e8nes et de qualit\u00e9 sup\u00e9rieure<\/h2><p data-start=\"1320\" data-end=\"1545\">La haute qualit\u00e9 de la c\u00e9ramique de construction assure une excellente isolation thermique et une <strong data-start=\"1405\" data-end=\"1440\">stable, la temp\u00e9rature constante<\/strong>. Cela vous permet d'obtenir une cuisson parfaite et un go\u00fbt optimal, encore et encore, avec l'efficacit\u00e9 de consommation de charbon de bois.<\/p><p data-start=\"1552\" data-end=\"1598\"><strong data-start=\"1552\" data-end=\"1598\">Pourquoi choisir le BIG Green EGG Grand?<\/strong><\/p><ul data-start=\"1600\" data-end=\"1822\"><li data-start=\"1600\" data-end=\"1649\"><p data-start=\"1602\" data-end=\"1649\">Spacieuse surface de cuisson pour les grands groupes<\/p><\/li><li data-start=\"1650\" data-end=\"1690\"><p data-start=\"1652\" data-end=\"1690\">Contr\u00f4le pr\u00e9cis de temp\u00e9rature<\/p><\/li><li data-start=\"1691\" data-end=\"1728\"><p data-start=\"1693\" data-end=\"1728\">Convient pour toutes les techniques de cuisson<\/p><\/li><li data-start=\"1729\" data-end=\"1767\"><p data-start=\"1731\" data-end=\"1767\">De qualit\u00e9 sup\u00e9rieure durable de la c\u00e9ramique<\/p><\/li><li data-start=\"1768\" data-end=\"1822\"><p data-start=\"1770\" data-end=\"1822\">Id\u00e9al pour les d\u00e9butants et les exp\u00e9riment\u00e9s ext\u00e9rieure cuisiniers<\/p><\/li><\/ul><h2 data-start=\"0\" data-end=\"22\">Robuste et durable<\/h2><p data-start=\"24\" data-end=\"243\">Avec un poids de <strong data-start=\"44\" data-end=\"53\">73 kg<\/strong> et d'une hauteur de <strong data-start=\"72\" data-end=\"81\">84 cm<\/strong> cette kamado est un robuste tout-terrain. Gr\u00e2ce \u00e0 sa construction solide, il peut supporter de lourdes utiliser et est con\u00e7u pour des ann\u00e9es de cuisine de plaisir dans votre jardin.<\/p><h2 data-start=\"245\" data-end=\"289\">R\u00e9sistant aux intemp\u00e9ries et facile d'entretien<\/h2><p data-start=\"290\" data-end=\"496\">Les mat\u00e9riaux de haute qualit\u00e9 vous assurer que votre kamado peut r\u00e9sister \u00e0 diverses conditions m\u00e9t\u00e9orologiques. En outre, il est facile \u00e0 nettoyer, il vous permettra de passer plus de temps sur la cuisson et moins d'entretien.<\/p><h2 data-start=\"498\" data-end=\"525\">Int\u00e9gration parfaite<\/h2><p><span style=\"font-size: 15px;\">Vous pouvez facilement placer ce kamado dans un <a href=\"https:\/\/cortenstaalverkoop.nl\/product\/kamado-workstation\/\" target=\"_blank\" rel=\"noopener\">Kamado workstation<\/a> ou dans notre sp\u00e9cialement con\u00e7us cuisine en plein air. De cette fa\u00e7on, vous cr\u00e9ez un \u00e9l\u00e9gant et fonctionnel, la cuisine de l'installation qui r\u00e9pond parfaitement \u00e0 vos souhaits.<\/span><\/p><p>Livraison gratuite aux Pays-Bas, Belgique. Les frais de port pour l'Allemagne, le Luxembourg et la France commencent \u00e0 280 euros pour la commande enti\u00e8re.<\/p>\t\t\t\t\t\t\t\t<\/div>\n\t\t\t\t<\/div>\n\t\t\t\t\t<\/div>\n\t\t<\/div>\n\t\t\t\t\t<\/div>\n\t\t<\/section>\n\t\t\t\t<\/div>","protected":false},"excerpt":{"rendered":"<p>Le BIG Green EGG Grand est incroyablement polyvalent. Gr\u00e2ce au contr\u00f4le pr\u00e9cis de la temp\u00e9rature, vous pouvez facilement basculer entre les diff\u00e9rentes techniques de cuisson, de sorte que vous pouvez pr\u00e9parer tous les plats \u00e0 la perfection. Grille diam\u00e8tre de 46 cm, hauteur de 84 cm.<\/p>\n<ul data-end=\"1617\" data-start=\"1521\">\n<li class=\"\" data-end=\"1550\" data-start=\"1521\">\n<p class=\"\" data-end=\"1550\" data-start=\"1523\">La NASA-les c\u00e9ramiques de la qualit\u00e9<\/p>\n<\/li>\n<li class=\"\" data-end=\"1579\" data-start=\"1551\">\n<p class=\"\" data-end=\"1579\" data-start=\"1553\">La pr\u00e9servation de la chaleur et de l'humidit\u00e9<\/p>\n<\/li>\n<li class=\"\" data-end=\"1617\" data-start=\"1580\">\n<p class=\"\" data-end=\"1617\" data-start=\"1582\">Extr\u00eamement efficace de la consommation de charbon de bois<\/p>\n<\/li>\n<li class=\"\" data-end=\"1875\" data-start=\"1835\">\n<p class=\"\" data-end=\"1875\" data-start=\"1837\">R\u00e9sistant aux intemp\u00e9ries et facile d'entretien<\/p>\n<\/li>\n<\/ul>","protected":false},"featured_media":10824,"template":"","meta":{"site-sidebar-layout":"default","site-content-layout":"default","ast-site-content-layout":"default","site-content-style":"default","site-sidebar-style":"default","ast-global-header-display":"","ast-banner-title-visibility":"","ast-main-header-display":"","ast-hfb-above-header-display":"","ast-hfb-below-header-display":"","ast-hfb-mobile-header-display":"","site-post-title":"","ast-breadcrumbs-content":"","ast-featured-img":"","footer-sml-layout":"","ast-disable-related-posts":"","theme-transparent-header-meta":"default","adv-header-id-meta":"","stick-header-meta":"","header-above-stick-meta":"","header-main-stick-meta":"","header-below-stick-meta":"","astra-migrate-meta-layouts":"set","ast-page-background-enabled":"default","ast-page-background-meta":{"desktop":{"background-color":"","background-image":"","background-repeat":"repeat","background-position":"center center","background-size":"auto","background-attachment":"scroll","background-type":"","background-media":"","overlay-type":"","overlay-color":"","overlay-opacity":"","overlay-gradient":""},"tablet":{"background-color":"","background-image":"","background-repeat":"repeat","background-position":"center center","background-size":"auto","background-attachment":"scroll","background-type":"","background-media":"","overlay-type":"","overlay-color":"","overlay-opacity":"","overlay-gradient":""},"mobile":{"background-color":"","background-image":"","background-repeat":"repeat","background-position":"center center","background-size":"auto","background-attachment":"scroll","background-type":"","background-media":"","overlay-type":"","overlay-color":"","overlay-opacity":"","overlay-gradient":""}},"ast-content-background-meta":{"desktop":{"background-color":"var(--ast-global-color-5)","background-image":"","background-repeat":"repeat","background-position":"center center","background-size":"auto","background-attachment":"scroll","background-type":"","background-media":"","overlay-type":"","overlay-color":"","overlay-opacity":"","overlay-gradient":""},"tablet":{"background-color":"var(--ast-global-color-5)","background-image":"","background-repeat":"repeat","background-position":"center center","background-size":"auto","background-attachment":"scroll","background-type":"","background-media":"","overlay-type":"","overlay-color":"","overlay-opacity":"","overlay-gradient":""},"mobile":{"background-color":"var(--ast-global-color-5)","background-image":"","background-repeat":"repeat","background-position":"center center","background-size":"auto","background-attachment":"scroll","background-type":"","background-media":"","overlay-type":"","overlay-color":"","overlay-opacity":"","overlay-gradient":""}}},"product_brand":[],"product_cat":[58],"product_tag":[],"class_list":{"0":"post-10818","1":"product","2":"type-product","3":"status-publish","4":"has-post-thumbnail","6":"product_cat-cortenstaal-vuurelementen","7":"product_shipping_class-transport-light","8":"desktop-align-left","9":"tablet-align-left","10":"mobile-align-left","12":"first","13":"instock","14":"taxable","15":"shipping-taxable","16":"purchasable","17":"product-type-simple"},"yoast_head":"<!-- This site is optimized with the Yoast SEO plugin v27.4 - https:\/\/yoast.com\/product\/yoast-seo-wordpress\/ -->\n<title>BIG GREEN EGG Large, goedkoop bij cortenstaalverkoop.nl<\/title>\n<meta name=\"description\" content=\"\u2705BIG GREEN EGG Large\u2705 de beste kwaliteit \u2705 5 jaar garantie! Bestel uw BIG GREEN EGG Large goedkoop bij cortenstaalverkoop.nl\" \/>\n<meta name=\"robots\" content=\"index, follow, max-snippet:-1, max-image-preview:large, max-video-preview:-1\" \/>\n<link rel=\"canonical\" href=\"https:\/\/cortenstaalverkoop.nl\/fr\/produit\/big-green-egg-large\/\" \/>\n<meta property=\"og:locale\" content=\"fr_FR\" \/>\n<meta property=\"og:type\" content=\"article\" \/>\n<meta property=\"og:title\" content=\"BIG GREEN EGG Large, goedkoop bij cortenstaalverkoop.nl\" \/>\n<meta property=\"og:description\" content=\"\u2705BIG GREEN EGG Large\u2705 de beste kwaliteit \u2705 5 jaar garantie! Bestel uw BIG GREEN EGG Large goedkoop bij cortenstaalverkoop.nl\" \/>\n<meta property=\"og:url\" content=\"https:\/\/cortenstaalverkoop.nl\/fr\/produit\/big-green-egg-large\/\" \/>\n<meta property=\"og:site_name\" content=\"Cortenstaalverkoop.nl\" \/>\n<meta property=\"article:modified_time\" content=\"2026-04-20T14:16:52+00:00\" \/>\n<meta property=\"og:image\" content=\"https:\/\/cortenstaalverkoop.nl\/wp-content\/uploads\/2026\/02\/Big-Green-Egg.jpg\" \/>\n\t<meta property=\"og:image:width\" content=\"699\" \/>\n\t<meta property=\"og:image:height\" content=\"699\" \/>\n\t<meta property=\"og:image:type\" content=\"image\/jpeg\" \/>\n<meta name=\"twitter:card\" content=\"summary_large_image\" \/>\n<meta name=\"twitter:label1\" content=\"Dur\u00e9e de lecture estim\u00e9e\" \/>\n\t<meta name=\"twitter:data1\" content=\"2 minutes\" \/>\n<script type=\"application\/ld+json\" class=\"yoast-schema-graph\">{\"@context\":\"https:\\\/\\\/schema.org\",\"@graph\":[{\"@type\":\"WebPage\",\"@id\":\"https:\\\/\\\/cortenstaalverkoop.nl\\\/product\\\/big-green-egg-large\\\/\",\"url\":\"https:\\\/\\\/cortenstaalverkoop.nl\\\/product\\\/big-green-egg-large\\\/\",\"name\":\"BIG GREEN EGG Large, goedkoop bij cortenstaalverkoop.nl\",\"isPartOf\":{\"@id\":\"https:\\\/\\\/cortenstaalverkoop.nl\\\/#website\"},\"primaryImageOfPage\":{\"@id\":\"https:\\\/\\\/cortenstaalverkoop.nl\\\/product\\\/big-green-egg-large\\\/#primaryimage\"},\"image\":{\"@id\":\"https:\\\/\\\/cortenstaalverkoop.nl\\\/product\\\/big-green-egg-large\\\/#primaryimage\"},\"thumbnailUrl\":\"https:\\\/\\\/cortenstaalverkoop.nl\\\/wp-content\\\/uploads\\\/2026\\\/02\\\/Big-Green-Egg.jpg\",\"datePublished\":\"2026-02-18T13:59:05+00:00\",\"dateModified\":\"2026-04-20T14:16:52+00:00\",\"description\":\"\u2705BIG GREEN EGG Large\u2705 de beste kwaliteit \u2705 5 jaar garantie! Bestel uw BIG GREEN EGG Large goedkoop bij cortenstaalverkoop.nl\",\"breadcrumb\":{\"@id\":\"https:\\\/\\\/cortenstaalverkoop.nl\\\/product\\\/big-green-egg-large\\\/#breadcrumb\"},\"inLanguage\":\"fr-FR\",\"potentialAction\":[{\"@type\":\"ReadAction\",\"target\":[\"https:\\\/\\\/cortenstaalverkoop.nl\\\/product\\\/big-green-egg-large\\\/\"]}]},{\"@type\":\"ImageObject\",\"inLanguage\":\"fr-FR\",\"@id\":\"https:\\\/\\\/cortenstaalverkoop.nl\\\/product\\\/big-green-egg-large\\\/#primaryimage\",\"url\":\"https:\\\/\\\/cortenstaalverkoop.nl\\\/wp-content\\\/uploads\\\/2026\\\/02\\\/Big-Green-Egg.jpg\",\"contentUrl\":\"https:\\\/\\\/cortenstaalverkoop.nl\\\/wp-content\\\/uploads\\\/2026\\\/02\\\/Big-Green-Egg.jpg\",\"width\":699,\"height\":699,\"caption\":\"BIG GREEN EGG Large\"},{\"@type\":\"BreadcrumbList\",\"@id\":\"https:\\\/\\\/cortenstaalverkoop.nl\\\/product\\\/big-green-egg-large\\\/#breadcrumb\",\"itemListElement\":[{\"@type\":\"ListItem\",\"position\":1,\"name\":\"Home\",\"item\":\"https:\\\/\\\/cortenstaalverkoop.nl\\\/\"},{\"@type\":\"ListItem\",\"position\":2,\"name\":\"Assortiment\",\"item\":\"https:\\\/\\\/cortenstaalverkoop.nl\\\/assortiment-cortenstaal\\\/\"},{\"@type\":\"ListItem\",\"position\":3,\"name\":\"BIG GREEN EGG Large\"}]},{\"@type\":\"WebSite\",\"@id\":\"https:\\\/\\\/cortenstaalverkoop.nl\\\/#website\",\"url\":\"https:\\\/\\\/cortenstaalverkoop.nl\\\/\",\"name\":\"Cortenstaalverkoop.nl\",\"description\":\"de cortenstaal specialist!\",\"publisher\":{\"@id\":\"https:\\\/\\\/cortenstaalverkoop.nl\\\/#organization\"},\"potentialAction\":[{\"@type\":\"SearchAction\",\"target\":{\"@type\":\"EntryPoint\",\"urlTemplate\":\"https:\\\/\\\/cortenstaalverkoop.nl\\\/?s={search_term_string}\"},\"query-input\":{\"@type\":\"PropertyValueSpecification\",\"valueRequired\":true,\"valueName\":\"search_term_string\"}}],\"inLanguage\":\"fr-FR\"},{\"@type\":\"Organization\",\"@id\":\"https:\\\/\\\/cortenstaalverkoop.nl\\\/#organization\",\"name\":\"Cortenstaalverkoop.nl\",\"url\":\"https:\\\/\\\/cortenstaalverkoop.nl\\\/\",\"logo\":{\"@type\":\"ImageObject\",\"inLanguage\":\"fr-FR\",\"@id\":\"https:\\\/\\\/cortenstaalverkoop.nl\\\/#\\\/schema\\\/logo\\\/image\\\/\",\"url\":\"https:\\\/\\\/cortenstaalverkoop.nl\\\/wp-content\\\/uploads\\\/2019\\\/11\\\/cortenstaal-logo-1.png\",\"contentUrl\":\"https:\\\/\\\/cortenstaalverkoop.nl\\\/wp-content\\\/uploads\\\/2019\\\/11\\\/cortenstaal-logo-1.png\",\"width\":480,\"height\":163,\"caption\":\"Cortenstaalverkoop.nl\"},\"image\":{\"@id\":\"https:\\\/\\\/cortenstaalverkoop.nl\\\/#\\\/schema\\\/logo\\\/image\\\/\"}}]}<\/script>\n<!-- \/ Yoast SEO plugin. -->","yoast_head_json":{"title":"BIG GREEN EGG Grand, goedkoop bij cortenstaalverkoop.nl","description":"\u2705BIG Green EGG grand\u2705 la meilleure qualit\u00e9 \u2705 garantie de 5 ans! Commandez votre BIG green EGG Grand pas cher \u00e0 partir de cortenstaalverkoop.nl","robots":{"index":"index","follow":"follow","max-snippet":"max-snippet:-1","max-image-preview":"max-image-preview:large","max-video-preview":"max-video-preview:-1"},"canonical":"https:\/\/cortenstaalverkoop.nl\/fr\/produit\/big-green-egg-large\/","og_locale":"fr_FR","og_type":"article","og_title":"BIG GREEN EGG Large, goedkoop bij cortenstaalverkoop.nl","og_description":"\u2705BIG GREEN EGG Large\u2705 de beste kwaliteit \u2705 5 jaar garantie! Bestel uw BIG GREEN EGG Large goedkoop bij cortenstaalverkoop.nl","og_url":"https:\/\/cortenstaalverkoop.nl\/fr\/produit\/big-green-egg-large\/","og_site_name":"Cortenstaalverkoop.nl","article_modified_time":"2026-04-20T14:16:52+00:00","og_image":[{"width":699,"height":699,"url":"https:\/\/cortenstaalverkoop.nl\/wp-content\/uploads\/2026\/02\/Big-Green-Egg.jpg","type":"image\/jpeg"}],"twitter_card":"summary_large_image","twitter_misc":{"Dur\u00e9e de lecture estim\u00e9e":"2 minutes"},"schema":{"@context":"https:\/\/schema.org","@graph":[{"@type":"WebPage","@id":"https:\/\/cortenstaalverkoop.nl\/product\/big-green-egg-large\/","url":"https:\/\/cortenstaalverkoop.nl\/product\/big-green-egg-large\/","name":"BIG GREEN EGG Grand, goedkoop bij cortenstaalverkoop.nl","isPartOf":{"@id":"https:\/\/cortenstaalverkoop.nl\/#website"},"primaryImageOfPage":{"@id":"https:\/\/cortenstaalverkoop.nl\/product\/big-green-egg-large\/#primaryimage"},"image":{"@id":"https:\/\/cortenstaalverkoop.nl\/product\/big-green-egg-large\/#primaryimage"},"thumbnailUrl":"https:\/\/cortenstaalverkoop.nl\/wp-content\/uploads\/2026\/02\/Big-Green-Egg.jpg","datePublished":"2026-02-18T13:59:05+00:00","dateModified":"2026-04-20T14:16:52+00:00","description":"\u2705BIG Green EGG grand\u2705 la meilleure qualit\u00e9 \u2705 garantie de 5 ans! Commandez votre BIG green EGG Grand pas cher \u00e0 partir de cortenstaalverkoop.nl","breadcrumb":{"@id":"https:\/\/cortenstaalverkoop.nl\/product\/big-green-egg-large\/#breadcrumb"},"inLanguage":"fr-FR","potentialAction":[{"@type":"ReadAction","target":["https:\/\/cortenstaalverkoop.nl\/product\/big-green-egg-large\/"]}]},{"@type":"ImageObject","inLanguage":"fr-FR","@id":"https:\/\/cortenstaalverkoop.nl\/product\/big-green-egg-large\/#primaryimage","url":"https:\/\/cortenstaalverkoop.nl\/wp-content\/uploads\/2026\/02\/Big-Green-Egg.jpg","contentUrl":"https:\/\/cortenstaalverkoop.nl\/wp-content\/uploads\/2026\/02\/Big-Green-Egg.jpg","width":699,"height":699,"caption":"BIG GREEN EGG Large"},{"@type":"BreadcrumbList","@id":"https:\/\/cortenstaalverkoop.nl\/product\/big-green-egg-large\/#breadcrumb","itemListElement":[{"@type":"ListItem","position":1,"name":"Home","item":"https:\/\/cortenstaalverkoop.nl\/"},{"@type":"ListItem","position":2,"name":"Assortiment","item":"https:\/\/cortenstaalverkoop.nl\/assortiment-cortenstaal\/"},{"@type":"ListItem","position":3,"name":"BIG GREEN EGG Large"}]},{"@type":"WebSite","@id":"https:\/\/cortenstaalverkoop.nl\/#website","url":"https:\/\/cortenstaalverkoop.nl\/","name":"Cortenstaalverkoop.nl","description":"l&#039;acier cor-ten sp\u00e9cialiste!","publisher":{"@id":"https:\/\/cortenstaalverkoop.nl\/#organization"},"potentialAction":[{"@type":"SearchAction","target":{"@type":"EntryPoint","urlTemplate":"https:\/\/cortenstaalverkoop.nl\/?s={search_term_string}"},"query-input":{"@type":"PropertyValueSpecification","valueRequired":true,"valueName":"search_term_string"}}],"inLanguage":"fr-FR"},{"@type":"Organization","@id":"https:\/\/cortenstaalverkoop.nl\/#organization","name":"Cortenstaalverkoop.nl","url":"https:\/\/cortenstaalverkoop.nl\/","logo":{"@type":"ImageObject","inLanguage":"fr-FR","@id":"https:\/\/cortenstaalverkoop.nl\/#\/schema\/logo\/image\/","url":"https:\/\/cortenstaalverkoop.nl\/wp-content\/uploads\/2019\/11\/cortenstaal-logo-1.png","contentUrl":"https:\/\/cortenstaalverkoop.nl\/wp-content\/uploads\/2019\/11\/cortenstaal-logo-1.png","width":480,"height":163,"caption":"Cortenstaalverkoop.nl"},"image":{"@id":"https:\/\/cortenstaalverkoop.nl\/#\/schema\/logo\/image\/"}}]}},"_links":{"self":[{"href":"https:\/\/cortenstaalverkoop.nl\/fr\/wp-json\/wp\/v2\/product\/10818","targetHints":{"allow":["GET"]}}],"collection":[{"href":"https:\/\/cortenstaalverkoop.nl\/fr\/wp-json\/wp\/v2\/product"}],"about":[{"href":"https:\/\/cortenstaalverkoop.nl\/fr\/wp-json\/wp\/v2\/types\/product"}],"version-history":[{"count":12,"href":"https:\/\/cortenstaalverkoop.nl\/fr\/wp-json\/wp\/v2\/product\/10818\/revisions"}],"predecessor-version":[{"id":10853,"href":"https:\/\/cortenstaalverkoop.nl\/fr\/wp-json\/wp\/v2\/product\/10818\/revisions\/10853"}],"wp:featuredmedia":[{"embeddable":true,"href":"https:\/\/cortenstaalverkoop.nl\/fr\/wp-json\/wp\/v2\/media\/10824"}],"wp:attachment":[{"href":"https:\/\/cortenstaalverkoop.nl\/fr\/wp-json\/wp\/v2\/media?parent=10818"}],"wp:term":[{"taxonomy":"product_brand","embeddable":true,"href":"https:\/\/cortenstaalverkoop.nl\/fr\/wp-json\/wp\/v2\/product_brand?post=10818"},{"taxonomy":"product_cat","embeddable":true,"href":"https:\/\/cortenstaalverkoop.nl\/fr\/wp-json\/wp\/v2\/product_cat?post=10818"},{"taxonomy":"product_tag","embeddable":true,"href":"https:\/\/cortenstaalverkoop.nl\/fr\/wp-json\/wp\/v2\/product_tag?post=10818"}],"curies":[{"name":"wp","href":"https:\/\/api.w.org\/{rel}","templated":true}]}}