{"id":10861,"date":"2026-02-21T11:03:37","date_gmt":"2026-02-21T10:03:37","guid":{"rendered":"https:\/\/cortenstaalverkoop.nl\/?post_type=product&#038;p=10861"},"modified":"2026-02-21T11:14:30","modified_gmt":"2026-02-21T10:14:30","slug":"banc-de-jardin-en-acier-corten-dub","status":"publish","type":"product","link":"https:\/\/cortenstaalverkoop.nl\/fr\/product\/cortenstaal-tuinbank-dub\/","title":{"rendered":"Banc de jardin en acier Corten DUB"},"content":{"rendered":"<p data-start=\"62\" data-end=\"327\">L' <strong data-start=\"65\" data-end=\"94\">Banc de jardin en acier Corten Dub<\/strong> gr\u00e2ce \u00e0 ses lignes \u00e9pur\u00e9es et son design minimaliste, il est un vrai eye-catcher dans chaque jardin, patio ou d'espace public. La combinaison d'une construction en acier robuste et chaleureux, le bois cr\u00e9e un \u00e9l\u00e9gant, look moderne avec une touche naturelle. En outre, ce canap\u00e9 peut \u00eatre parfaitement combin\u00e9 avec la forme conique de la <a href=\"https:\/\/cortenstaalverkoop.nl\/product\/cortenstaal-plantenbak-nora\/\" target=\"_blank\" rel=\"noopener\">planteur Nora<\/a>, avec lequel vous pouvez facilement cr\u00e9er un ensemble harmonieux et luxueux de l'ensemble de votre espace ext\u00e9rieur.<\/p>\n<h3 data-start=\"329\" data-end=\"379\">Mat\u00e9riaux de haute qualit\u00e9 et durable de la qualit\u00e9<\/h3>\n<ul data-start=\"380\" data-end=\"640\">\n<li data-start=\"380\" data-end=\"416\">\n<p data-start=\"382\" data-end=\"416\"><strong data-start=\"382\" data-end=\"392\">Cadre:<\/strong> 10 mm d'\u00e9paisseur en acier Corten<\/p>\n<\/li>\n<li data-start=\"417\" data-end=\"527\">\n<p data-start=\"419\" data-end=\"527\">En option: 10 mm cadre en acier galvanis\u00e9 avec un <strong data-start=\"466\" data-end=\"492\">2-couche de rev\u00eatement de poudre<\/strong>, disponible dans diverses couleurs<\/p>\n<\/li>\n<li data-start=\"528\" data-end=\"617\">\n<p data-start=\"530\" data-end=\"617\">\u00c9quip\u00e9e avec <strong data-start=\"543\" data-end=\"559\">trous de montage<\/strong> pour la simple et solide attachement \u00e0 la surface<\/p>\n<\/li>\n<li data-start=\"618\" data-end=\"640\">\n<p data-start=\"620\" data-end=\"640\"><strong data-start=\"620\" data-end=\"640\">Garantie: 5 ans<\/strong><\/p>\n<\/li>\n<\/ul>\n<p data-start=\"642\" data-end=\"842\">L'acier Corten est connu pour ses caract\u00e9ristiques de rouille couche qui prot\u00e8ge le mat\u00e9riau contre la corrosion. Cela donne le canap\u00e9 unique, look chaleureux qui deviennent de plus en plus beau au fil du temps. Chaque type de bois a sa propre apparence et son caract\u00e8re. Sous l'influence du rayonnement UV, les intemp\u00e9ries et le vent, (dur)en bois vieillira naturellement au fil du temps. La couleur finale d\u00e9pend en partie de la teinte d'origine du bois.<\/p>\n<h3 data-start=\"844\" data-end=\"881\">Choix de trois de luxe bois pour cette acier Corten banc de jardin DUB.<\/h3>\n<p data-start=\"882\" data-end=\"916\">Pour la session, vous avez le choix de: <strong style=\"font-size: 16px;\" data-start=\"919\" data-end=\"929\">Garapa, <\/strong><strong style=\"font-size: 16px;\" data-start=\"932\" data-end=\"942\">Bambou, <\/strong><strong style=\"font-size: 16px;\" data-start=\"945\" data-end=\"955\">Kebony<\/strong><\/p>\n<h3 data-start=\"1586\" data-end=\"1608\">Conseils d'entretien<\/h3>\n<p data-start=\"1609\" data-end=\"1686\">Un bon entretien prolonge la dur\u00e9e de vie et de conserver l'aspect du bois:<\/p>\n<ul data-start=\"1688\" data-end=\"1977\">\n<li data-start=\"1688\" data-end=\"1775\">\n<p data-start=\"1690\" data-end=\"1775\">Annuel de nettoyer en enlevant les impuret\u00e9s grossi\u00e8res avec l'eau du robinet de l'eau (rin\u00e7age).<\/p>\n<\/li>\n<li data-start=\"1776\" data-end=\"1812\">\n<p data-start=\"1778\" data-end=\"1812\">Ne pas utiliser un nettoyeur haute pression.<\/p>\n<\/li>\n<li data-start=\"1813\" data-end=\"1864\">\n<p data-start=\"1815\" data-end=\"1864\">Un nettoyage r\u00e9gulier avec <em data-start=\"1839\" data-end=\"1863\">UN Nettoyant Exterieur<\/em>.<\/p>\n<\/li>\n<li data-start=\"1865\" data-end=\"1977\">\n<p data-start=\"1867\" data-end=\"1977\">Traiter avec <em data-start=\"1882\" data-end=\"1903\">UN ext\u00e9rieur \u00e0 l'huile<\/em> afin de pr\u00e9server le pigment le plus et de ralentir le processus de grisonnement.<\/p>\n<\/li>\n<\/ul>\n<p>Les produits doivent \u00eatre apr\u00e8s l&#039;accouchement, imm\u00e9diatement d\u00e9compresser. Comme il est, il est important que toute l&#039;humidit\u00e9 entre l&#039;emballage et le produit tout de suite. Ceux-ci peuvent \u00eatre irr\u00e9guliers, de rouille et de causer des taches.<\/p>\n<h5>Informations sur le produit: acier corten:<\/h5>\n<p><a href=\"https:\/\/nl.wikipedia.org\/wiki\/Cortenstaal\" target=\"_blank\" rel=\"noopener noreferrer\">L&#039;acier Cor-Ten<\/a> \u00e9galement connu sous le nom d'acier r\u00e9sistant aux intemp\u00e9ries. C'est un alliage m\u00e9tallique compos\u00e9 de fer, de cuivre, le silicium, le nickel et le chrome sont ajout\u00e9s. L'acier Cor-ten est une tr\u00e8s forte type d'acier. En raison de la capacit\u00e9 \u00e0 se concentrer sur l'exposition \u00e0 l'air, de le couvrir avec une protection de la rouille de la couche. C'est la plante naturelle de la rouille est une couche de protection contre la corrosion.<\/p>\n<p>Livraison gratuite aux Pays-Bas, Belgique. Les frais de port pour l'Allemagne, le Luxembourg et la France commencent \u00e0 280 euros pour la commande enti\u00e8re.<\/p>","protected":false},"excerpt":{"rendered":"<p>Gr\u00e2ce \u00e0 ses lignes \u00e9pur\u00e9es et son design minimaliste, le Banc de jardin en acier Corten Dub est un vrai eye-catcher dans chaque jardin, patio ou d'espace public. Ces bois sont certifi\u00e9s FSC, avec des propri\u00e9t\u00e9s similaires \u00e0 Bankirai de feuillus.<\/p>\n<p>Le banc de jardin a une longueur totale de 230 CM. Hauteur du canap\u00e9 est de 45 cm et 45 cm de profondeur. Mat\u00e9riau de 10 mm d'\u00e9paisseur en acier Corten ou 10 mm d'\u00e9paisseur en acier galvanis\u00e9 avec 2 couche de poudre caoting.<\/p>\n<p>Pour la session, vous avez le choix de: <strong style=\"font-size: 16px;\" data-start=\"919\" data-end=\"929\">Garapa, <\/strong><strong style=\"font-size: 16px;\" data-start=\"932\" data-end=\"942\">Bambou, <\/strong><strong style=\"font-size: 16px;\" data-start=\"945\" data-end=\"955\">Kebony<\/strong><\/p>\n<p>&nbsp;<\/p>","protected":false},"featured_media":10896,"template":"","meta":{"site-sidebar-layout":"default","site-content-layout":"default","ast-site-content-layout":"default","site-content-style":"default","site-sidebar-style":"default","ast-global-header-display":"","ast-banner-title-visibility":"","ast-main-header-display":"","ast-hfb-above-header-display":"","ast-hfb-below-header-display":"","ast-hfb-mobile-header-display":"","site-post-title":"","ast-breadcrumbs-content":"","ast-featured-img":"","footer-sml-layout":"","ast-disable-related-posts":"","theme-transparent-header-meta":"default","adv-header-id-meta":"","stick-header-meta":"","header-above-stick-meta":"","header-main-stick-meta":"","header-below-stick-meta":"","astra-migrate-meta-layouts":"set","ast-page-background-enabled":"default","ast-page-background-meta":{"desktop":{"background-color":"","background-image":"","background-repeat":"repeat","background-position":"center center","background-size":"auto","background-attachment":"scroll","background-type":"","background-media":"","overlay-type":"","overlay-color":"","overlay-opacity":"","overlay-gradient":""},"tablet":{"background-color":"","background-image":"","background-repeat":"repeat","background-position":"center center","background-size":"auto","background-attachment":"scroll","background-type":"","background-media":"","overlay-type":"","overlay-color":"","overlay-opacity":"","overlay-gradient":""},"mobile":{"background-color":"","background-image":"","background-repeat":"repeat","background-position":"center center","background-size":"auto","background-attachment":"scroll","background-type":"","background-media":"","overlay-type":"","overlay-color":"","overlay-opacity":"","overlay-gradient":""}},"ast-content-background-meta":{"desktop":{"background-color":"var(--ast-global-color-5)","background-image":"","background-repeat":"repeat","background-position":"center center","background-size":"auto","background-attachment":"scroll","background-type":"","background-media":"","overlay-type":"","overlay-color":"","overlay-opacity":"","overlay-gradient":""},"tablet":{"background-color":"var(--ast-global-color-5)","background-image":"","background-repeat":"repeat","background-position":"center center","background-size":"auto","background-attachment":"scroll","background-type":"","background-media":"","overlay-type":"","overlay-color":"","overlay-opacity":"","overlay-gradient":""},"mobile":{"background-color":"var(--ast-global-color-5)","background-image":"","background-repeat":"repeat","background-position":"center center","background-size":"auto","background-attachment":"scroll","background-type":"","background-media":"","overlay-type":"","overlay-color":"","overlay-opacity":"","overlay-gradient":""}}},"product_brand":[],"product_cat":[61],"product_tag":[],"class_list":{"0":"post-10861","1":"product","2":"type-product","3":"status-publish","4":"has-post-thumbnail","6":"product_cat-cortenstaal-tuininrichting","7":"product_shipping_class-fritom","8":"desktop-align-left","9":"tablet-align-left","10":"mobile-align-left","12":"first","13":"instock","14":"taxable","15":"shipping-taxable","16":"purchasable","17":"product-type-variable"},"yoast_head":"<!-- This site is optimized with the Yoast SEO plugin v27.3 - https:\/\/yoast.com\/product\/yoast-seo-wordpress\/ -->\n<title>Cortenstaal tuinbank Dub koopt u bij cortenstaalverkoop.nl<\/title>\n<meta name=\"description\" content=\"\u2705 Cortenstaal tuinbank Dub\u2705 de beste kwaliteit \u2705 5 jaar garantie! Bestel uw cortenstaal tuinbank Dub goedkoop bij cortenstaalverkoop.nl\" \/>\n<meta name=\"robots\" content=\"index, follow, max-snippet:-1, max-image-preview:large, max-video-preview:-1\" \/>\n<link rel=\"canonical\" href=\"https:\/\/cortenstaalverkoop.nl\/fr\/produit\/banc-de-jardin-en-acier-corten-dub\/\" \/>\n<meta property=\"og:locale\" content=\"fr_FR\" \/>\n<meta property=\"og:type\" content=\"article\" \/>\n<meta property=\"og:title\" content=\"Cortenstaal tuinbank Dub koopt u bij cortenstaalverkoop.nl\" \/>\n<meta property=\"og:description\" content=\"\u2705 Cortenstaal tuinbank Dub\u2705 de beste kwaliteit \u2705 5 jaar garantie! Bestel uw cortenstaal tuinbank Dub goedkoop bij cortenstaalverkoop.nl\" \/>\n<meta property=\"og:url\" content=\"https:\/\/cortenstaalverkoop.nl\/fr\/produit\/banc-de-jardin-en-acier-corten-dub\/\" \/>\n<meta property=\"og:site_name\" content=\"Cortenstaalverkoop.nl\" \/>\n<meta property=\"article:modified_time\" content=\"2026-02-21T10:14:30+00:00\" \/>\n<meta property=\"og:image\" content=\"https:\/\/cortenstaalverkoop.nl\/wp-content\/uploads\/2026\/02\/Bank-corten-DUBE.webp\" \/>\n\t<meta property=\"og:image:width\" content=\"699\" \/>\n\t<meta property=\"og:image:height\" content=\"699\" \/>\n\t<meta property=\"og:image:type\" content=\"image\/webp\" \/>\n<meta name=\"twitter:card\" content=\"summary_large_image\" \/>\n<meta name=\"twitter:label1\" content=\"Dur\u00e9e de lecture estim\u00e9e\" \/>\n\t<meta name=\"twitter:data1\" content=\"2 minutes\" \/>\n<script type=\"application\/ld+json\" class=\"yoast-schema-graph\">{\"@context\":\"https:\\\/\\\/schema.org\",\"@graph\":[{\"@type\":\"WebPage\",\"@id\":\"https:\\\/\\\/cortenstaalverkoop.nl\\\/product\\\/cortenstaal-tuinbank-dub\\\/\",\"url\":\"https:\\\/\\\/cortenstaalverkoop.nl\\\/product\\\/cortenstaal-tuinbank-dub\\\/\",\"name\":\"Cortenstaal tuinbank Dub koopt u bij cortenstaalverkoop.nl\",\"isPartOf\":{\"@id\":\"https:\\\/\\\/cortenstaalverkoop.nl\\\/#website\"},\"primaryImageOfPage\":{\"@id\":\"https:\\\/\\\/cortenstaalverkoop.nl\\\/product\\\/cortenstaal-tuinbank-dub\\\/#primaryimage\"},\"image\":{\"@id\":\"https:\\\/\\\/cortenstaalverkoop.nl\\\/product\\\/cortenstaal-tuinbank-dub\\\/#primaryimage\"},\"thumbnailUrl\":\"https:\\\/\\\/cortenstaalverkoop.nl\\\/wp-content\\\/uploads\\\/2026\\\/02\\\/Bank-corten-DUBE.webp\",\"datePublished\":\"2026-02-21T10:03:37+00:00\",\"dateModified\":\"2026-02-21T10:14:30+00:00\",\"description\":\"\u2705 Cortenstaal tuinbank Dub\u2705 de beste kwaliteit \u2705 5 jaar garantie! Bestel uw cortenstaal tuinbank Dub goedkoop bij cortenstaalverkoop.nl\",\"breadcrumb\":{\"@id\":\"https:\\\/\\\/cortenstaalverkoop.nl\\\/product\\\/cortenstaal-tuinbank-dub\\\/#breadcrumb\"},\"inLanguage\":\"fr-FR\",\"potentialAction\":[{\"@type\":\"ReadAction\",\"target\":[\"https:\\\/\\\/cortenstaalverkoop.nl\\\/product\\\/cortenstaal-tuinbank-dub\\\/\"]}]},{\"@type\":\"ImageObject\",\"inLanguage\":\"fr-FR\",\"@id\":\"https:\\\/\\\/cortenstaalverkoop.nl\\\/product\\\/cortenstaal-tuinbank-dub\\\/#primaryimage\",\"url\":\"https:\\\/\\\/cortenstaalverkoop.nl\\\/wp-content\\\/uploads\\\/2026\\\/02\\\/Bank-corten-DUBE.webp\",\"contentUrl\":\"https:\\\/\\\/cortenstaalverkoop.nl\\\/wp-content\\\/uploads\\\/2026\\\/02\\\/Bank-corten-DUBE.webp\",\"width\":699,\"height\":699,\"caption\":\"Cortenstaal tuinbank Dunc\"},{\"@type\":\"BreadcrumbList\",\"@id\":\"https:\\\/\\\/cortenstaalverkoop.nl\\\/product\\\/cortenstaal-tuinbank-dub\\\/#breadcrumb\",\"itemListElement\":[{\"@type\":\"ListItem\",\"position\":1,\"name\":\"Home\",\"item\":\"https:\\\/\\\/cortenstaalverkoop.nl\\\/\"},{\"@type\":\"ListItem\",\"position\":2,\"name\":\"Assortiment\",\"item\":\"https:\\\/\\\/cortenstaalverkoop.nl\\\/assortiment-cortenstaal\\\/\"},{\"@type\":\"ListItem\",\"position\":3,\"name\":\"Cortenstaal tuinbank DUB\"}]},{\"@type\":\"WebSite\",\"@id\":\"https:\\\/\\\/cortenstaalverkoop.nl\\\/#website\",\"url\":\"https:\\\/\\\/cortenstaalverkoop.nl\\\/\",\"name\":\"Cortenstaalverkoop.nl\",\"description\":\"de cortenstaal specialist!\",\"publisher\":{\"@id\":\"https:\\\/\\\/cortenstaalverkoop.nl\\\/#organization\"},\"potentialAction\":[{\"@type\":\"SearchAction\",\"target\":{\"@type\":\"EntryPoint\",\"urlTemplate\":\"https:\\\/\\\/cortenstaalverkoop.nl\\\/?s={search_term_string}\"},\"query-input\":{\"@type\":\"PropertyValueSpecification\",\"valueRequired\":true,\"valueName\":\"search_term_string\"}}],\"inLanguage\":\"fr-FR\"},{\"@type\":\"Organization\",\"@id\":\"https:\\\/\\\/cortenstaalverkoop.nl\\\/#organization\",\"name\":\"Cortenstaalverkoop.nl\",\"url\":\"https:\\\/\\\/cortenstaalverkoop.nl\\\/\",\"logo\":{\"@type\":\"ImageObject\",\"inLanguage\":\"fr-FR\",\"@id\":\"https:\\\/\\\/cortenstaalverkoop.nl\\\/#\\\/schema\\\/logo\\\/image\\\/\",\"url\":\"https:\\\/\\\/cortenstaalverkoop.nl\\\/wp-content\\\/uploads\\\/2019\\\/11\\\/cortenstaal-logo-1.png\",\"contentUrl\":\"https:\\\/\\\/cortenstaalverkoop.nl\\\/wp-content\\\/uploads\\\/2019\\\/11\\\/cortenstaal-logo-1.png\",\"width\":480,\"height\":163,\"caption\":\"Cortenstaalverkoop.nl\"},\"image\":{\"@id\":\"https:\\\/\\\/cortenstaalverkoop.nl\\\/#\\\/schema\\\/logo\\\/image\\\/\"}}]}<\/script>\n<!-- \/ Yoast SEO plugin. -->","yoast_head_json":{"title":"Vous pouvez acheter Cortenstaal banc de jardin Dub \u00e0 cortenstaalverkoop.nl","description":"\u2705 Acier Corten banc de jardin dub\u2705 la meilleure qualit\u00e9 \u2705 garantie de 5 ans! Commandez votre cortenstaal banc de jardin Dub pas cher cortenstaalverkoop.nl","robots":{"index":"index","follow":"follow","max-snippet":"max-snippet:-1","max-image-preview":"max-image-preview:large","max-video-preview":"max-video-preview:-1"},"canonical":"https:\/\/cortenstaalverkoop.nl\/fr\/produit\/banc-de-jardin-en-acier-corten-dub\/","og_locale":"fr_FR","og_type":"article","og_title":"Cortenstaal tuinbank Dub koopt u bij cortenstaalverkoop.nl","og_description":"\u2705 Cortenstaal tuinbank Dub\u2705 de beste kwaliteit \u2705 5 jaar garantie! Bestel uw cortenstaal tuinbank Dub goedkoop bij cortenstaalverkoop.nl","og_url":"https:\/\/cortenstaalverkoop.nl\/fr\/produit\/banc-de-jardin-en-acier-corten-dub\/","og_site_name":"Cortenstaalverkoop.nl","article_modified_time":"2026-02-21T10:14:30+00:00","og_image":[{"width":699,"height":699,"url":"https:\/\/cortenstaalverkoop.nl\/wp-content\/uploads\/2026\/02\/Bank-corten-DUBE.webp","type":"image\/webp"}],"twitter_card":"summary_large_image","twitter_misc":{"Dur\u00e9e de lecture estim\u00e9e":"2 minutes"},"schema":{"@context":"https:\/\/schema.org","@graph":[{"@type":"WebPage","@id":"https:\/\/cortenstaalverkoop.nl\/product\/cortenstaal-tuinbank-dub\/","url":"https:\/\/cortenstaalverkoop.nl\/product\/cortenstaal-tuinbank-dub\/","name":"Vous pouvez acheter Cortenstaal banc de jardin Dub \u00e0 cortenstaalverkoop.nl","isPartOf":{"@id":"https:\/\/cortenstaalverkoop.nl\/#website"},"primaryImageOfPage":{"@id":"https:\/\/cortenstaalverkoop.nl\/product\/cortenstaal-tuinbank-dub\/#primaryimage"},"image":{"@id":"https:\/\/cortenstaalverkoop.nl\/product\/cortenstaal-tuinbank-dub\/#primaryimage"},"thumbnailUrl":"https:\/\/cortenstaalverkoop.nl\/wp-content\/uploads\/2026\/02\/Bank-corten-DUBE.webp","datePublished":"2026-02-21T10:03:37+00:00","dateModified":"2026-02-21T10:14:30+00:00","description":"\u2705 Acier Corten banc de jardin dub\u2705 la meilleure qualit\u00e9 \u2705 garantie de 5 ans! Commandez votre cortenstaal banc de jardin Dub pas cher cortenstaalverkoop.nl","breadcrumb":{"@id":"https:\/\/cortenstaalverkoop.nl\/product\/cortenstaal-tuinbank-dub\/#breadcrumb"},"inLanguage":"fr-FR","potentialAction":[{"@type":"ReadAction","target":["https:\/\/cortenstaalverkoop.nl\/product\/cortenstaal-tuinbank-dub\/"]}]},{"@type":"ImageObject","inLanguage":"fr-FR","@id":"https:\/\/cortenstaalverkoop.nl\/product\/cortenstaal-tuinbank-dub\/#primaryimage","url":"https:\/\/cortenstaalverkoop.nl\/wp-content\/uploads\/2026\/02\/Bank-corten-DUBE.webp","contentUrl":"https:\/\/cortenstaalverkoop.nl\/wp-content\/uploads\/2026\/02\/Bank-corten-DUBE.webp","width":699,"height":699,"caption":"Cortenstaal tuinbank Dunc"},{"@type":"BreadcrumbList","@id":"https:\/\/cortenstaalverkoop.nl\/product\/cortenstaal-tuinbank-dub\/#breadcrumb","itemListElement":[{"@type":"ListItem","position":1,"name":"Home","item":"https:\/\/cortenstaalverkoop.nl\/"},{"@type":"ListItem","position":2,"name":"Assortiment","item":"https:\/\/cortenstaalverkoop.nl\/assortiment-cortenstaal\/"},{"@type":"ListItem","position":3,"name":"Cortenstaal tuinbank DUB"}]},{"@type":"WebSite","@id":"https:\/\/cortenstaalverkoop.nl\/#website","url":"https:\/\/cortenstaalverkoop.nl\/","name":"Cortenstaalverkoop.nl","description":"l&#039;acier cor-ten sp\u00e9cialiste!","publisher":{"@id":"https:\/\/cortenstaalverkoop.nl\/#organization"},"potentialAction":[{"@type":"SearchAction","target":{"@type":"EntryPoint","urlTemplate":"https:\/\/cortenstaalverkoop.nl\/?s={search_term_string}"},"query-input":{"@type":"PropertyValueSpecification","valueRequired":true,"valueName":"search_term_string"}}],"inLanguage":"fr-FR"},{"@type":"Organization","@id":"https:\/\/cortenstaalverkoop.nl\/#organization","name":"Cortenstaalverkoop.nl","url":"https:\/\/cortenstaalverkoop.nl\/","logo":{"@type":"ImageObject","inLanguage":"fr-FR","@id":"https:\/\/cortenstaalverkoop.nl\/#\/schema\/logo\/image\/","url":"https:\/\/cortenstaalverkoop.nl\/wp-content\/uploads\/2019\/11\/cortenstaal-logo-1.png","contentUrl":"https:\/\/cortenstaalverkoop.nl\/wp-content\/uploads\/2019\/11\/cortenstaal-logo-1.png","width":480,"height":163,"caption":"Cortenstaalverkoop.nl"},"image":{"@id":"https:\/\/cortenstaalverkoop.nl\/#\/schema\/logo\/image\/"}}]}},"_links":{"self":[{"href":"https:\/\/cortenstaalverkoop.nl\/fr\/wp-json\/wp\/v2\/product\/10861","targetHints":{"allow":["GET"]}}],"collection":[{"href":"https:\/\/cortenstaalverkoop.nl\/fr\/wp-json\/wp\/v2\/product"}],"about":[{"href":"https:\/\/cortenstaalverkoop.nl\/fr\/wp-json\/wp\/v2\/types\/product"}],"version-history":[{"count":8,"href":"https:\/\/cortenstaalverkoop.nl\/fr\/wp-json\/wp\/v2\/product\/10861\/revisions"}],"predecessor-version":[{"id":10914,"href":"https:\/\/cortenstaalverkoop.nl\/fr\/wp-json\/wp\/v2\/product\/10861\/revisions\/10914"}],"wp:featuredmedia":[{"embeddable":true,"href":"https:\/\/cortenstaalverkoop.nl\/fr\/wp-json\/wp\/v2\/media\/10896"}],"wp:attachment":[{"href":"https:\/\/cortenstaalverkoop.nl\/fr\/wp-json\/wp\/v2\/media?parent=10861"}],"wp:term":[{"taxonomy":"product_brand","embeddable":true,"href":"https:\/\/cortenstaalverkoop.nl\/fr\/wp-json\/wp\/v2\/product_brand?post=10861"},{"taxonomy":"product_cat","embeddable":true,"href":"https:\/\/cortenstaalverkoop.nl\/fr\/wp-json\/wp\/v2\/product_cat?post=10861"},{"taxonomy":"product_tag","embeddable":true,"href":"https:\/\/cortenstaalverkoop.nl\/fr\/wp-json\/wp\/v2\/product_tag?post=10861"}],"curies":[{"name":"wp","href":"https:\/\/api.w.org\/{rel}","templated":true}]}}