{"id":11249,"date":"2026-04-23T14:54:50","date_gmt":"2026-04-23T12:54:50","guid":{"rendered":"https:\/\/cortenstaalverkoop.nl\/?post_type=product&#038;p=11249"},"modified":"2026-05-12T10:38:37","modified_gmt":"2026-05-12T08:38:37","slug":"lacier-corten-tables-deau-conic","status":"publish","type":"product","link":"https:\/\/cortenstaalverkoop.nl\/fr\/product\/cortenstaal-watertafel-conic\/","title":{"rendered":"L'acier Corten Tables d'eau CONIC"},"content":{"rendered":"<div data-elementor-type=\"wp-post\" data-elementor-id=\"11249\" class=\"elementor elementor-11249\">\n\t\t\t\t\t\t<section class=\"elementor-section elementor-top-section elementor-element elementor-element-71a6730d elementor-section-boxed elementor-section-height-default elementor-section-height-default\" data-id=\"71a6730d\" data-element_type=\"section\" data-e-type=\"section\">\n\t\t\t\t\t\t<div class=\"elementor-container elementor-column-gap-default\">\n\t\t\t\t\t<div class=\"elementor-column elementor-col-100 elementor-top-column elementor-element elementor-element-42ff9e30\" data-id=\"42ff9e30\" data-element_type=\"column\" data-e-type=\"column\">\n\t\t\t<div class=\"elementor-widget-wrap elementor-element-populated\">\n\t\t\t\t\t\t<div class=\"elementor-element elementor-element-7cbf92e4 elementor-widget elementor-widget-text-editor\" data-id=\"7cbf92e4\" data-element_type=\"widget\" data-e-type=\"widget\" data-widget_type=\"text-editor.default\">\n\t\t\t\t<div class=\"elementor-widget-container\">\n\t\t\t\t\t\t\t\t\t<h3 data-start=\"69\" data-end=\"101\"><strong data-start=\"69\" data-end=\"101\">L'acier Corten Tables d'eau CONIC<\/strong><\/h3><p data-start=\"103\" data-end=\"330\">l'acier Corten de l'eau de table Bayou offre la solution parfaite. Avec ce compact de l'eau ornement de vous cr\u00e9er imm\u00e9diatement un remarquable \u00e9l\u00e9ment d'attractivit\u00e9 dans votre jardin.<\/p><p data-start=\"332\" data-end=\"695\">Gr\u00e2ce \u00e0 l'\u00e9clairage int\u00e9gr\u00e9, vous profiterez d'un magnifique spectacle de jour comme de nuit. De plus, la fontaine et l'\u00e9clairage LED cr\u00e9ent une ambiance et une exp\u00e9rience uniques, vous permettant ainsi de donner sans effort \u00e0 votre jardin une allure luxueuse. La hauteur de la fontaine est d'environ 5 cm, cr\u00e9ant un effet d'eau subtil et apaisant. Les bassins sont pr\u00eats \u00e0 l'emploi et disponibles en diff\u00e9rentes tailles, facilitant ainsi le choix d'un mod\u00e8le parfaitement adapt\u00e9 \u00e0 votre jardin. <a href=\"https:\/\/cortenstaalverkoop.nl\/product\/cortenstaal-watertafel-rond\/\" target=\"_blank\" rel=\"noopener\">ronde<\/a> si <a href=\"https:\/\/cortenstaalverkoop.nl\/product\/cortenstaal-watertafel-rechthoekig\/\" target=\"_blank\" rel=\"noopener\">rectangulaire<\/a> les variantes.<\/p><p data-start=\"915\" data-end=\"1071\">De plus, ce produit est dot\u00e9 d'un rev\u00eatement en caoutchouc \u00e0 l'int\u00e9rieur. Vous b\u00e9n\u00e9ficiez ainsi d'une couche de protection suppl\u00e9mentaire et d'une dur\u00e9e de vie prolong\u00e9e.<\/p><h3 data-start=\"1078\" data-end=\"1092\"><strong data-start=\"1078\" data-end=\"1092\">Important<\/strong><\/h3><ul data-start=\"1094\" data-end=\"1846\"><li data-section-id=\"sksk7m\" data-start=\"1094\" data-end=\"1226\"><p data-start=\"1096\" data-end=\"1226\">Avant toute chose : placez la table d\u2019eau CONIC en acier Corten sur une surface stable et plane. Cela garantit un fonctionnement optimal.<\/p><\/li><li data-section-id=\"w4nmtg\" data-start=\"1227\" data-end=\"1350\"><p data-start=\"1229\" data-end=\"1350\">De plus : assurez-vous que le pH de l\u2019eau soit neutre (7). Cela \u00e9vitera d\u2019endommager le mat\u00e9riau.<\/p><\/li><li data-section-id=\"f95mls\" data-start=\"1351\" data-end=\"1535\"><p data-start=\"1353\" data-end=\"1535\">De plus, la table d'eau est livr\u00e9e avec un \u00e9clairage LED Rencontr\u00e9 Faste Fr (blanc froid), vous permettant de l'utiliser imm\u00e9diatement. L'\u00e9clairage LED Faste Fr est garanti 2 ans.<\/p><\/li><li data-section-id=\"fhan4w\" data-start=\"1536\" data-end=\"1692\"><p data-start=\"1538\" data-end=\"1692\"><strong data-start=\"1538\" data-end=\"1549\">Note:<\/strong> Nous d\u00e9conseillons l'utilisation de l'acier Corten dans un rayon de 2 km du littoral, car l'air sal\u00e9 peut affecter le processus de rouille.<\/p><\/li><li data-section-id=\"12hub1a\" data-start=\"1693\" data-end=\"1846\"><p data-start=\"1695\" data-end=\"1846\">Enfin : d\u00e9ballez le produit imm\u00e9diatement apr\u00e8s la livraison. Cela permet \u00e0 toute trace d\u2019humidit\u00e9 de s\u2019\u00e9vaporer et pr\u00e9vient les taches et la formation de rouille.<\/p><\/li><\/ul><p data-start=\"1853\" data-end=\"1877\"><strong data-start=\"1853\" data-end=\"1877\">Utilisation en hiver<\/strong><\/p><ul data-start=\"1879\" data-end=\"2321\"><li data-section-id=\"fikoom\" data-start=\"1879\" data-end=\"1941\"><p data-start=\"1881\" data-end=\"1941\"><strong data-start=\"1881\" data-end=\"1895\">En cas de gel:<\/strong> toujours d\u00e9brancher de la prise \u00e9lectrique.<\/p><\/li><li data-section-id=\"13pkaen\" data-start=\"1942\" data-end=\"2021\"><p data-start=\"1944\" data-end=\"2021\">remplir la table de l'eau avec de l'eau au maximum.<\/p><\/li><li data-section-id=\"1e5ckqd\" data-start=\"2022\" data-end=\"2126\"><p data-start=\"2024\" data-end=\"2126\">utiliser de pr\u00e9f\u00e9rence un gel de la garde (disponible dans les centres de jardinage ou les quincailleries).<\/p><\/li><li data-section-id=\"16p10oj\" data-start=\"2127\" data-end=\"2203\"><p data-start=\"2129\" data-end=\"2203\">La pompe peut rester dans l'eau, \u00e0 condition de suivre les \u00e9tapes ci-dessus.<\/p><\/li><li data-section-id=\"1r208nc\" data-start=\"2204\" data-end=\"2321\"><p data-start=\"2206\" data-end=\"2321\"><strong data-start=\"2206\" data-end=\"2235\">Vous pouvez \u00e9galement choisir<\/strong> pour obtenir la pompe de l'\u00e9tang et \u00e0 l'abri du gel, <strong>sous l'eau<\/strong>, \u00e0 gauche pour passer l'hiver.<\/p><\/li><\/ul><p><a href=\"https:\/\/nl.wikipedia.org\/wiki\/Cortenstaal\" target=\"_blank\" rel=\"noopener noreferrer\">L&#039;acier Cor-Ten<\/a> \u00e9galement connu sous le nom d'acier r\u00e9sistant aux intemp\u00e9ries. C'est un alliage m\u00e9tallique compos\u00e9 de fer, de cuivre, le silicium, le nickel et le chrome sont ajout\u00e9s. L'acier Cor-ten est une tr\u00e8s forte type d'acier. En raison de la capacit\u00e9 \u00e0 se concentrer sur l'exposition \u00e0 l'air, de le couvrir avec une protection de la rouille de la couche. C'est la plante naturelle de la rouille est une couche de protection contre la corrosion.<\/p>\t\t\t\t\t\t\t\t<\/div>\n\t\t\t\t<\/div>\n\t\t\t\t\t<\/div>\n\t\t<\/div>\n\t\t\t\t\t<\/div>\n\t\t<\/section>\n\t\t\t\t<\/div>","protected":false},"excerpt":{"rendered":"<p>L'acier Corten Tables d'eau CONIC est fournie avec un \u00e9clairage LED, une ou plusieurs fontaines et une pompe. La pompe, situ\u00e9e \u00e0 l'int\u00e9rieur du bassin, assure la remont\u00e9e de l'eau. Celle-ci s'\u00e9coule ensuite sur la plaque int\u00e9rieure avant de retomber dans le bassin. Le c\u00e2ble sort du bassin par un trop-plein situ\u00e9 au fond, le rendant ainsi invisible. Ces tables d'eau n\u00e9cessitent peu d'entretien et sont parfaitement adapt\u00e9es aux enfants gr\u00e2ce \u00e0 l'absence de couche d'eau profonde.<\/p>","protected":false},"featured_media":11259,"template":"","meta":{"site-sidebar-layout":"default","site-content-layout":"default","ast-site-content-layout":"default","site-content-style":"default","site-sidebar-style":"default","ast-global-header-display":"","ast-banner-title-visibility":"","ast-main-header-display":"","ast-hfb-above-header-display":"","ast-hfb-below-header-display":"","ast-hfb-mobile-header-display":"","site-post-title":"","ast-breadcrumbs-content":"","ast-featured-img":"","footer-sml-layout":"","ast-disable-related-posts":"","theme-transparent-header-meta":"default","adv-header-id-meta":"","stick-header-meta":"","header-above-stick-meta":"","header-main-stick-meta":"","header-below-stick-meta":"","astra-migrate-meta-layouts":"set","ast-page-background-enabled":"default","ast-page-background-meta":{"desktop":{"background-color":"","background-image":"","background-repeat":"repeat","background-position":"center center","background-size":"auto","background-attachment":"scroll","background-type":"","background-media":"","overlay-type":"","overlay-color":"","overlay-opacity":"","overlay-gradient":""},"tablet":{"background-color":"","background-image":"","background-repeat":"repeat","background-position":"center center","background-size":"auto","background-attachment":"scroll","background-type":"","background-media":"","overlay-type":"","overlay-color":"","overlay-opacity":"","overlay-gradient":""},"mobile":{"background-color":"","background-image":"","background-repeat":"repeat","background-position":"center center","background-size":"auto","background-attachment":"scroll","background-type":"","background-media":"","overlay-type":"","overlay-color":"","overlay-opacity":"","overlay-gradient":""}},"ast-content-background-meta":{"desktop":{"background-color":"var(--ast-global-color-5)","background-image":"","background-repeat":"repeat","background-position":"center center","background-size":"auto","background-attachment":"scroll","background-type":"","background-media":"","overlay-type":"","overlay-color":"","overlay-opacity":"","overlay-gradient":""},"tablet":{"background-color":"var(--ast-global-color-5)","background-image":"","background-repeat":"repeat","background-position":"center center","background-size":"auto","background-attachment":"scroll","background-type":"","background-media":"","overlay-type":"","overlay-color":"","overlay-opacity":"","overlay-gradient":""},"mobile":{"background-color":"var(--ast-global-color-5)","background-image":"","background-repeat":"repeat","background-position":"center center","background-size":"auto","background-attachment":"scroll","background-type":"","background-media":"","overlay-type":"","overlay-color":"","overlay-opacity":"","overlay-gradient":""}}},"product_brand":[],"product_cat":[60],"product_tag":[],"class_list":{"0":"post-11249","1":"product","2":"type-product","3":"status-publish","4":"has-post-thumbnail","6":"product_cat-cortenstaal-waterelementen","7":"product_shipping_class-fritom","8":"desktop-align-left","9":"tablet-align-left","10":"mobile-align-left","12":"first","13":"instock","14":"taxable","15":"shipping-taxable","16":"purchasable","17":"product-type-variable"},"yoast_head":"<!-- This site is optimized with the Yoast SEO plugin v27.6 - https:\/\/yoast.com\/product\/yoast-seo-wordpress\/ -->\n<title>Cortenstaal watertafel CONIC koopt u bij cortenstaalverkoop.nl<\/title>\n<meta name=\"description\" content=\"\u2705 Cortenstaal watertafel CONIC met fontein.\u2705 de beste kwaliteit \u2705 5 jaar garantie! Bestel uw cortenstaal watertafel goedkoop bij cortenstaalverkoop.nl!\" \/>\n<meta name=\"robots\" content=\"index, follow, max-snippet:-1, max-image-preview:large, max-video-preview:-1\" \/>\n<link rel=\"canonical\" href=\"https:\/\/cortenstaalverkoop.nl\/fr\/produit\/lacier-corten-tables-deau-conic\/\" \/>\n<meta property=\"og:locale\" content=\"fr_FR\" \/>\n<meta property=\"og:type\" content=\"article\" \/>\n<meta property=\"og:title\" content=\"Cortenstaal watertafel CONIC koopt u bij cortenstaalverkoop.nl\" \/>\n<meta property=\"og:description\" content=\"\u2705 Cortenstaal watertafel CONIC met fontein.\u2705 de beste kwaliteit \u2705 5 jaar garantie! Bestel uw cortenstaal watertafel goedkoop bij cortenstaalverkoop.nl!\" \/>\n<meta property=\"og:url\" content=\"https:\/\/cortenstaalverkoop.nl\/fr\/produit\/lacier-corten-tables-deau-conic\/\" \/>\n<meta property=\"og:site_name\" content=\"Cortenstaalverkoop.nl\" \/>\n<meta property=\"article:modified_time\" content=\"2026-05-12T08:38:37+00:00\" \/>\n<meta property=\"og:image\" content=\"https:\/\/cortenstaalverkoop.nl\/wp-content\/uploads\/2026\/04\/watertafel-cove-120-c.webp\" \/>\n\t<meta property=\"og:image:width\" content=\"699\" \/>\n\t<meta property=\"og:image:height\" content=\"699\" \/>\n\t<meta property=\"og:image:type\" content=\"image\/webp\" \/>\n<meta name=\"twitter:card\" content=\"summary_large_image\" \/>\n<meta name=\"twitter:label1\" content=\"Dur\u00e9e de lecture estim\u00e9e\" \/>\n\t<meta name=\"twitter:data1\" content=\"3 minutes\" \/>\n<script type=\"application\/ld+json\" class=\"yoast-schema-graph\">{\"@context\":\"https:\\\/\\\/schema.org\",\"@graph\":[{\"@type\":\"WebPage\",\"@id\":\"https:\\\/\\\/cortenstaalverkoop.nl\\\/product\\\/cortenstaal-watertafel-conic\\\/\",\"url\":\"https:\\\/\\\/cortenstaalverkoop.nl\\\/product\\\/cortenstaal-watertafel-conic\\\/\",\"name\":\"Cortenstaal watertafel CONIC koopt u bij cortenstaalverkoop.nl\",\"isPartOf\":{\"@id\":\"https:\\\/\\\/cortenstaalverkoop.nl\\\/#website\"},\"primaryImageOfPage\":{\"@id\":\"https:\\\/\\\/cortenstaalverkoop.nl\\\/product\\\/cortenstaal-watertafel-conic\\\/#primaryimage\"},\"image\":{\"@id\":\"https:\\\/\\\/cortenstaalverkoop.nl\\\/product\\\/cortenstaal-watertafel-conic\\\/#primaryimage\"},\"thumbnailUrl\":\"https:\\\/\\\/cortenstaalverkoop.nl\\\/wp-content\\\/uploads\\\/2026\\\/04\\\/watertafel-cove-120-c.webp\",\"datePublished\":\"2026-04-23T12:54:50+00:00\",\"dateModified\":\"2026-05-12T08:38:37+00:00\",\"description\":\"\u2705 Cortenstaal watertafel CONIC met fontein.\u2705 de beste kwaliteit \u2705 5 jaar garantie! Bestel uw cortenstaal watertafel goedkoop bij cortenstaalverkoop.nl!\",\"breadcrumb\":{\"@id\":\"https:\\\/\\\/cortenstaalverkoop.nl\\\/product\\\/cortenstaal-watertafel-conic\\\/#breadcrumb\"},\"inLanguage\":\"fr-FR\",\"potentialAction\":[{\"@type\":\"ReadAction\",\"target\":[\"https:\\\/\\\/cortenstaalverkoop.nl\\\/product\\\/cortenstaal-watertafel-conic\\\/\"]}]},{\"@type\":\"ImageObject\",\"inLanguage\":\"fr-FR\",\"@id\":\"https:\\\/\\\/cortenstaalverkoop.nl\\\/product\\\/cortenstaal-watertafel-conic\\\/#primaryimage\",\"url\":\"https:\\\/\\\/cortenstaalverkoop.nl\\\/wp-content\\\/uploads\\\/2026\\\/04\\\/watertafel-cove-120-c.webp\",\"contentUrl\":\"https:\\\/\\\/cortenstaalverkoop.nl\\\/wp-content\\\/uploads\\\/2026\\\/04\\\/watertafel-cove-120-c.webp\",\"width\":699,\"height\":699,\"caption\":\"Cortenstaal watertafel CONIC\"},{\"@type\":\"BreadcrumbList\",\"@id\":\"https:\\\/\\\/cortenstaalverkoop.nl\\\/product\\\/cortenstaal-watertafel-conic\\\/#breadcrumb\",\"itemListElement\":[{\"@type\":\"ListItem\",\"position\":1,\"name\":\"Home\",\"item\":\"https:\\\/\\\/cortenstaalverkoop.nl\\\/\"},{\"@type\":\"ListItem\",\"position\":2,\"name\":\"Assortiment\",\"item\":\"https:\\\/\\\/cortenstaalverkoop.nl\\\/assortiment-cortenstaal\\\/\"},{\"@type\":\"ListItem\",\"position\":3,\"name\":\"Cortenstaal watertafel CONIC\"}]},{\"@type\":\"WebSite\",\"@id\":\"https:\\\/\\\/cortenstaalverkoop.nl\\\/#website\",\"url\":\"https:\\\/\\\/cortenstaalverkoop.nl\\\/\",\"name\":\"Cortenstaalverkoop.nl\",\"description\":\"de cortenstaal specialist!\",\"publisher\":{\"@id\":\"https:\\\/\\\/cortenstaalverkoop.nl\\\/#organization\"},\"potentialAction\":[{\"@type\":\"SearchAction\",\"target\":{\"@type\":\"EntryPoint\",\"urlTemplate\":\"https:\\\/\\\/cortenstaalverkoop.nl\\\/?s={search_term_string}\"},\"query-input\":{\"@type\":\"PropertyValueSpecification\",\"valueRequired\":true,\"valueName\":\"search_term_string\"}}],\"inLanguage\":\"fr-FR\"},{\"@type\":\"Organization\",\"@id\":\"https:\\\/\\\/cortenstaalverkoop.nl\\\/#organization\",\"name\":\"Cortenstaalverkoop.nl\",\"url\":\"https:\\\/\\\/cortenstaalverkoop.nl\\\/\",\"logo\":{\"@type\":\"ImageObject\",\"inLanguage\":\"fr-FR\",\"@id\":\"https:\\\/\\\/cortenstaalverkoop.nl\\\/#\\\/schema\\\/logo\\\/image\\\/\",\"url\":\"https:\\\/\\\/cortenstaalverkoop.nl\\\/wp-content\\\/uploads\\\/2019\\\/11\\\/cortenstaal-logo-1.png\",\"contentUrl\":\"https:\\\/\\\/cortenstaalverkoop.nl\\\/wp-content\\\/uploads\\\/2019\\\/11\\\/cortenstaal-logo-1.png\",\"width\":480,\"height\":163,\"caption\":\"Cortenstaalverkoop.nl\"},\"image\":{\"@id\":\"https:\\\/\\\/cortenstaalverkoop.nl\\\/#\\\/schema\\\/logo\\\/image\\\/\"}}]}<\/script>\n<!-- \/ Yoast SEO plugin. -->","yoast_head_json":{"title":"Cortenstaal watertafel CONIQUE \"koopt\" u bij cortenstaalverkoop.nl","description":"\u2705 Cortenstaal watertafel CONIQUE rencontr\u00e9 fontein.\u2705 de beste kwaliteit \u2705 5 jaar garantie! Bestel uw cortenstaal watertafel goedkoop bij cortenstaalverkoop.nl!","robots":{"index":"index","follow":"follow","max-snippet":"max-snippet:-1","max-image-preview":"max-image-preview:large","max-video-preview":"max-video-preview:-1"},"canonical":"https:\/\/cortenstaalverkoop.nl\/fr\/produit\/lacier-corten-tables-deau-conic\/","og_locale":"fr_FR","og_type":"article","og_title":"Cortenstaal watertafel CONIC koopt u bij cortenstaalverkoop.nl","og_description":"\u2705 Cortenstaal watertafel CONIC met fontein.\u2705 de beste kwaliteit \u2705 5 jaar garantie! Bestel uw cortenstaal watertafel goedkoop bij cortenstaalverkoop.nl!","og_url":"https:\/\/cortenstaalverkoop.nl\/fr\/produit\/lacier-corten-tables-deau-conic\/","og_site_name":"Cortenstaalverkoop.nl","article_modified_time":"2026-05-12T08:38:37+00:00","og_image":[{"width":699,"height":699,"url":"https:\/\/cortenstaalverkoop.nl\/wp-content\/uploads\/2026\/04\/watertafel-cove-120-c.webp","type":"image\/webp"}],"twitter_card":"summary_large_image","twitter_misc":{"Dur\u00e9e de lecture estim\u00e9e":"3 minutes"},"schema":{"@context":"https:\/\/schema.org","@graph":[{"@type":"WebPage","@id":"https:\/\/cortenstaalverkoop.nl\/product\/cortenstaal-watertafel-conic\/","url":"https:\/\/cortenstaalverkoop.nl\/product\/cortenstaal-watertafel-conic\/","name":"Cortenstaal watertafel CONIQUE \"koopt\" u bij cortenstaalverkoop.nl","isPartOf":{"@id":"https:\/\/cortenstaalverkoop.nl\/#website"},"primaryImageOfPage":{"@id":"https:\/\/cortenstaalverkoop.nl\/product\/cortenstaal-watertafel-conic\/#primaryimage"},"image":{"@id":"https:\/\/cortenstaalverkoop.nl\/product\/cortenstaal-watertafel-conic\/#primaryimage"},"thumbnailUrl":"https:\/\/cortenstaalverkoop.nl\/wp-content\/uploads\/2026\/04\/watertafel-cove-120-c.webp","datePublished":"2026-04-23T12:54:50+00:00","dateModified":"2026-05-12T08:38:37+00:00","description":"\u2705 Cortenstaal watertafel CONIQUE rencontr\u00e9 fontein.\u2705 de beste kwaliteit \u2705 5 jaar garantie! Bestel uw cortenstaal watertafel goedkoop bij cortenstaalverkoop.nl!","breadcrumb":{"@id":"https:\/\/cortenstaalverkoop.nl\/product\/cortenstaal-watertafel-conic\/#breadcrumb"},"inLanguage":"fr-FR","potentialAction":[{"@type":"ReadAction","target":["https:\/\/cortenstaalverkoop.nl\/product\/cortenstaal-watertafel-conic\/"]}]},{"@type":"ImageObject","inLanguage":"fr-FR","@id":"https:\/\/cortenstaalverkoop.nl\/product\/cortenstaal-watertafel-conic\/#primaryimage","url":"https:\/\/cortenstaalverkoop.nl\/wp-content\/uploads\/2026\/04\/watertafel-cove-120-c.webp","contentUrl":"https:\/\/cortenstaalverkoop.nl\/wp-content\/uploads\/2026\/04\/watertafel-cove-120-c.webp","width":699,"height":699,"caption":"Cortenstaal watertafel CONIC"},{"@type":"BreadcrumbList","@id":"https:\/\/cortenstaalverkoop.nl\/product\/cortenstaal-watertafel-conic\/#breadcrumb","itemListElement":[{"@type":"ListItem","position":1,"name":"Home","item":"https:\/\/cortenstaalverkoop.nl\/"},{"@type":"ListItem","position":2,"name":"Assortiment","item":"https:\/\/cortenstaalverkoop.nl\/assortiment-cortenstaal\/"},{"@type":"ListItem","position":3,"name":"Cortenstaal watertafel CONIC"}]},{"@type":"WebSite","@id":"https:\/\/cortenstaalverkoop.nl\/#website","url":"https:\/\/cortenstaalverkoop.nl\/","name":"Cortenstaalverkoop.nl","description":"l&#039;acier cor-ten sp\u00e9cialiste!","publisher":{"@id":"https:\/\/cortenstaalverkoop.nl\/#organization"},"potentialAction":[{"@type":"SearchAction","target":{"@type":"EntryPoint","urlTemplate":"https:\/\/cortenstaalverkoop.nl\/?s={search_term_string}"},"query-input":{"@type":"PropertyValueSpecification","valueRequired":true,"valueName":"search_term_string"}}],"inLanguage":"fr-FR"},{"@type":"Organization","@id":"https:\/\/cortenstaalverkoop.nl\/#organization","name":"Cortenstaalverkoop.nl","url":"https:\/\/cortenstaalverkoop.nl\/","logo":{"@type":"ImageObject","inLanguage":"fr-FR","@id":"https:\/\/cortenstaalverkoop.nl\/#\/schema\/logo\/image\/","url":"https:\/\/cortenstaalverkoop.nl\/wp-content\/uploads\/2019\/11\/cortenstaal-logo-1.png","contentUrl":"https:\/\/cortenstaalverkoop.nl\/wp-content\/uploads\/2019\/11\/cortenstaal-logo-1.png","width":480,"height":163,"caption":"Cortenstaalverkoop.nl"},"image":{"@id":"https:\/\/cortenstaalverkoop.nl\/#\/schema\/logo\/image\/"}}]}},"_links":{"self":[{"href":"https:\/\/cortenstaalverkoop.nl\/fr\/wp-json\/wp\/v2\/product\/11249","targetHints":{"allow":["GET"]}}],"collection":[{"href":"https:\/\/cortenstaalverkoop.nl\/fr\/wp-json\/wp\/v2\/product"}],"about":[{"href":"https:\/\/cortenstaalverkoop.nl\/fr\/wp-json\/wp\/v2\/types\/product"}],"version-history":[{"count":6,"href":"https:\/\/cortenstaalverkoop.nl\/fr\/wp-json\/wp\/v2\/product\/11249\/revisions"}],"predecessor-version":[{"id":11282,"href":"https:\/\/cortenstaalverkoop.nl\/fr\/wp-json\/wp\/v2\/product\/11249\/revisions\/11282"}],"wp:featuredmedia":[{"embeddable":true,"href":"https:\/\/cortenstaalverkoop.nl\/fr\/wp-json\/wp\/v2\/media\/11259"}],"wp:attachment":[{"href":"https:\/\/cortenstaalverkoop.nl\/fr\/wp-json\/wp\/v2\/media?parent=11249"}],"wp:term":[{"taxonomy":"product_brand","embeddable":true,"href":"https:\/\/cortenstaalverkoop.nl\/fr\/wp-json\/wp\/v2\/product_brand?post=11249"},{"taxonomy":"product_cat","embeddable":true,"href":"https:\/\/cortenstaalverkoop.nl\/fr\/wp-json\/wp\/v2\/product_cat?post=11249"},{"taxonomy":"product_tag","embeddable":true,"href":"https:\/\/cortenstaalverkoop.nl\/fr\/wp-json\/wp\/v2\/product_tag?post=11249"}],"curies":[{"name":"wp","href":"https:\/\/api.w.org\/{rel}","templated":true}]}}