{"id":1144,"date":"2019-11-30T12:14:22","date_gmt":"2019-11-30T12:14:22","guid":{"rendered":"https:\/\/cortenstaalverkoop.nl\/?post_type=product&#038;p=1144"},"modified":"2026-04-02T16:53:32","modified_gmt":"2026-04-02T14:53:32","slug":"lacier-corten-bol-a-feu","status":"publish","type":"product","link":"https:\/\/cortenstaalverkoop.nl\/fr\/product\/cortenstaal-vuurschaal\/","title":{"rendered":"L'acier corten bol \u00e0 feu"},"content":{"rendered":"<div data-elementor-type=\"wp-post\" data-elementor-id=\"1144\" class=\"elementor elementor-1144\">\n\t\t\t\t\t\t<section class=\"elementor-section elementor-top-section elementor-element elementor-element-1c93a1c6 elementor-section-boxed elementor-section-height-default elementor-section-height-default\" data-id=\"1c93a1c6\" data-element_type=\"section\" data-e-type=\"section\">\n\t\t\t\t\t\t<div class=\"elementor-container elementor-column-gap-default\">\n\t\t\t\t\t<div class=\"elementor-column elementor-col-100 elementor-top-column elementor-element elementor-element-4c9260a4\" data-id=\"4c9260a4\" data-element_type=\"column\" data-e-type=\"column\">\n\t\t\t<div class=\"elementor-widget-wrap elementor-element-populated\">\n\t\t\t\t\t\t<div class=\"elementor-element elementor-element-6b4ef978 elementor-widget elementor-widget-text-editor\" data-id=\"6b4ef978\" data-element_type=\"widget\" data-e-type=\"widget\" data-widget_type=\"text-editor.default\">\n\t\t\t\t<div class=\"elementor-widget-container\">\n\t\t\t\t\t\t\t\t\t<p>La simple forme ronde de l'acier corten bol de feu vous permet d'avoir tous les c\u00f4t\u00e9s pour profiter de la chaleur et de l'ambiance, et vous pouvez profiter de tout cela depuis le d\u00e9but du printemps avec une terrasse. Un acier corten bol de feu est tr\u00e8s facile \u00e0 obtenir avec une combinaison de l'acier corten <a href=\"https:\/\/cortenstaalverkoop.nl\/product\/cortenstaal-vuurelementen\/cortenstaal-zuil\/\" target=\"_blank\" rel=\"noopener\">le socle<\/a> ou <a href=\"https:\/\/cortenstaalverkoop.nl\/product\/cortenstaal-vuurelementen\/cortenstaal-sokkel\/\" target=\"_blank\" rel=\"noopener\">socle en forme U<\/a>.<\/p><p>Les produits sont livr\u00e9s non corrod\u00e9s.<br \/>L'acier corten bol d'incendie requis au moment de la livraison, directement extrait de permettre \u00e0 tout \u00e0 l'humidit\u00e9 entre l'emballage et le produit, ne sont pas confin\u00e9s \u00e0. Cela peut \u00eatre une irr\u00e9gularit\u00e9 de la rouille et de la cause de la coloration. Ce processus de rouille est initi\u00e9 par la m\u00e9t\u00e9o. Il peut \u00eatre d'environ 4 \u00e0 5 mois avant que le produit a \u00e9t\u00e9 enti\u00e8rement rouill\u00e9, est.<\/p><p><strong>Conseil chauffage:<\/strong><br \/>Pour Commencer, les allume-feu, avec de petits morceaux de bois sur le dessus.<br \/>L&#039;utilisation de petits morceaux de bois sec pour le feu bol lentement et laissez-le chauffer. D\u00e8s que le feu, le feu progresse lentement. Veuillez garder \u00e0 l&#039;esprit que l&#039;ext\u00e9rieur de l&#039;incendie est tr\u00e8s chaud. L&#039;arbre est supprim\u00e9. Il est important que le bol d&#039;incendie ne sera pas, sans la supervision de laisser br\u00fbler. Mettre un seau d&#039;eau ou de sable dans votre domaine que vous avez dans le cas d&#039;une urgence, un feu peut rapidement \u00e9teindre le feu.<\/p><ul><li>Haute r\u00e9sistance, r\u00e9sistant \u00e0 l'abrasion, et donc tr\u00e8s robuste<\/li><li>Avec un design \u00e9pur\u00e9 et design contemporain<\/li><li>Mat\u00e9riau r\u00e9sistant aux intemp\u00e9ries et durable<\/li><li>Le son chaud et naturel de regarder et se sentir<\/li><li>Une garantie de 5 ans<\/li><li>Sans entretien<\/li><\/ul><p><strong>Informations sur le produit: acier corten:<\/strong><br \/><a href=\"https:\/\/nl.wikipedia.org\/wiki\/Cortenstaal\" target=\"_blank\" rel=\"noopener noreferrer\">L&#039;acier Cor-Ten<\/a> \u00e9galement connu sous le nom d'acier r\u00e9sistant aux intemp\u00e9ries. C'est un alliage m\u00e9tallique compos\u00e9 de fer, de cuivre, le silicium, le nickel et le chrome sont ajout\u00e9s. Cor-Ten est une tr\u00e8s forte type d'acier et la capacit\u00e9 \u00e0 se concentrer sur l'exposition \u00e0 l'air, de le couvrir avec une protection de la rouille de la couche. Ensuite, cette couche de protection contre la corrosion. La caract\u00e9ristique de l'acier Corten est sa couleur rouille orang\u00e9e et sa longue dur\u00e9e de vie.<\/p>\t\t\t\t\t\t\t\t<\/div>\n\t\t\t\t<\/div>\n\t\t\t\t\t<\/div>\n\t\t<\/div>\n\t\t\t\t\t<\/div>\n\t\t<\/section>\n\t\t\t\t<\/div>","protected":false},"excerpt":{"rendered":"<p>L'acier corten bol \u00e0 feu vous fait vous sentir comme vous \u00eates \u00e0 un feu de camp dessin. Cet acier corten bol de feu chaud, avec un bon feu dans le patio ext\u00e9rieur. Si vous \u00eates d\u00e9j\u00e0 d\u00e8s le d\u00e9but du printemps, votre jardin peut \u00eatre appr\u00e9ci\u00e9. Le bol d'incendie a \u00e9t\u00e9 r\u00e9alis\u00e9 avec le drain, en cons\u00e9quence, de l'oxyg\u00e8ne, de bas en haut, devant un feu de chemin\u00e9e est \u00e0 venir. L'acier corten bol \u00e0 feu pour plus d'un but que vous le pouvez dans le bol de l'utiliser comme un pot de fleur. L'acier corten bol d'incendie peut \u00eatre utilis\u00e9 toute l'ann\u00e9e \u00e0 l'ext\u00e9rieur. Parce que le mat\u00e9riau est r\u00e9sistant aux intemp\u00e9ries et r\u00e9sistant au gel. Un acier corten bol de feu est tr\u00e8s facile \u00e0 obtenir avec une combinaison de l'acier corten colonne ou sur socle.<\/p>\n<ul>\n<li>Tr\u00e8s solide et durable<\/li>\n<li>Avec un design \u00e9pur\u00e9 et design contemporain<\/li>\n<li>Mat\u00e9riau r\u00e9sistant aux intemp\u00e9ries et tr\u00e8s durable<\/li>\n<li>Le son chaud et naturel de regarder et se sentir<\/li>\n<li>Une garantie de 5 ans<\/li>\n<li>disponible en 6 tailles diff\u00e9rentes.<\/li>\n<\/ul>","protected":false},"featured_media":2768,"template":"","meta":{"site-sidebar-layout":"default","site-content-layout":"default","ast-site-content-layout":"default","site-content-style":"default","site-sidebar-style":"default","ast-global-header-display":"","ast-banner-title-visibility":"","ast-main-header-display":"","ast-hfb-above-header-display":"","ast-hfb-below-header-display":"","ast-hfb-mobile-header-display":"","site-post-title":"","ast-breadcrumbs-content":"","ast-featured-img":"","footer-sml-layout":"","ast-disable-related-posts":"","theme-transparent-header-meta":"default","adv-header-id-meta":"","stick-header-meta":"","header-above-stick-meta":"","header-main-stick-meta":"","header-below-stick-meta":"","astra-migrate-meta-layouts":"set","ast-page-background-enabled":"default","ast-page-background-meta":{"desktop":{"background-color":"","background-image":"","background-repeat":"repeat","background-position":"center center","background-size":"auto","background-attachment":"scroll","background-type":"","background-media":"","overlay-type":"","overlay-color":"","overlay-opacity":"","overlay-gradient":""},"tablet":{"background-color":"","background-image":"","background-repeat":"repeat","background-position":"center center","background-size":"auto","background-attachment":"scroll","background-type":"","background-media":"","overlay-type":"","overlay-color":"","overlay-opacity":"","overlay-gradient":""},"mobile":{"background-color":"","background-image":"","background-repeat":"repeat","background-position":"center center","background-size":"auto","background-attachment":"scroll","background-type":"","background-media":"","overlay-type":"","overlay-color":"","overlay-opacity":"","overlay-gradient":""}},"ast-content-background-meta":{"desktop":{"background-color":"var(--ast-global-color-5)","background-image":"","background-repeat":"repeat","background-position":"center center","background-size":"auto","background-attachment":"scroll","background-type":"","background-media":"","overlay-type":"","overlay-color":"","overlay-opacity":"","overlay-gradient":""},"tablet":{"background-color":"var(--ast-global-color-5)","background-image":"","background-repeat":"repeat","background-position":"center center","background-size":"auto","background-attachment":"scroll","background-type":"","background-media":"","overlay-type":"","overlay-color":"","overlay-opacity":"","overlay-gradient":""},"mobile":{"background-color":"var(--ast-global-color-5)","background-image":"","background-repeat":"repeat","background-position":"center center","background-size":"auto","background-attachment":"scroll","background-type":"","background-media":"","overlay-type":"","overlay-color":"","overlay-opacity":"","overlay-gradient":""}}},"product_brand":[],"product_cat":[58],"product_tag":[],"class_list":{"0":"post-1144","1":"product","2":"type-product","3":"status-publish","4":"has-post-thumbnail","6":"product_cat-cortenstaal-vuurelementen","7":"product_shipping_class-fritom","8":"desktop-align-left","9":"tablet-align-left","10":"mobile-align-left","12":"first","13":"instock","14":"taxable","15":"shipping-taxable","16":"purchasable","17":"product-type-variable"},"yoast_head":"<!-- This site is optimized with the Yoast SEO plugin v27.3 - https:\/\/yoast.com\/product\/yoast-seo-wordpress\/ -->\n<title>Cortenstaal vuurschaal koopt u goedkoop bij cortenstaalverkoop.nl<\/title>\n<meta name=\"description\" content=\"\u2705 Cortenstaal vuurschaal in diverse maten.\u2705 de beste kwaliteit \u2705 5 jaar garantie! Bestel uw cortenstalen vuurschaal goedkoop bij cortenstaalverkoop.nl!\" \/>\n<meta name=\"robots\" content=\"index, follow, max-snippet:-1, max-image-preview:large, max-video-preview:-1\" \/>\n<link rel=\"canonical\" href=\"https:\/\/cortenstaalverkoop.nl\/fr\/produit\/lacier-corten-bol-a-feu\/\" \/>\n<meta property=\"og:locale\" content=\"fr_FR\" \/>\n<meta property=\"og:type\" content=\"article\" \/>\n<meta property=\"og:title\" content=\"Cortenstaal vuurschaal koopt u goedkoop bij cortenstaalverkoop.nl\" \/>\n<meta property=\"og:description\" content=\"\u2705 Cortenstaal vuurschaal in diverse maten.\u2705 de beste kwaliteit \u2705 5 jaar garantie! Bestel uw cortenstalen vuurschaal goedkoop bij cortenstaalverkoop.nl!\" \/>\n<meta property=\"og:url\" content=\"https:\/\/cortenstaalverkoop.nl\/fr\/produit\/lacier-corten-bol-a-feu\/\" \/>\n<meta property=\"og:site_name\" content=\"Cortenstaalverkoop.nl\" \/>\n<meta property=\"article:modified_time\" content=\"2026-04-02T14:53:32+00:00\" \/>\n<meta property=\"og:image\" content=\"https:\/\/cortenstaalverkoop.nl\/wp-content\/uploads\/2020\/01\/vuurschaal-200.jpg\" \/>\n\t<meta property=\"og:image:width\" content=\"699\" \/>\n\t<meta property=\"og:image:height\" content=\"699\" \/>\n\t<meta property=\"og:image:type\" content=\"image\/jpeg\" \/>\n<meta name=\"twitter:card\" content=\"summary_large_image\" \/>\n<meta name=\"twitter:label1\" content=\"Dur\u00e9e de lecture estim\u00e9e\" \/>\n\t<meta name=\"twitter:data1\" content=\"2 minutes\" \/>\n<script type=\"application\/ld+json\" class=\"yoast-schema-graph\">{\"@context\":\"https:\\\/\\\/schema.org\",\"@graph\":[{\"@type\":\"WebPage\",\"@id\":\"https:\\\/\\\/cortenstaalverkoop.nl\\\/product\\\/cortenstaal-vuurschaal\\\/\",\"url\":\"https:\\\/\\\/cortenstaalverkoop.nl\\\/product\\\/cortenstaal-vuurschaal\\\/\",\"name\":\"Cortenstaal vuurschaal koopt u goedkoop bij cortenstaalverkoop.nl\",\"isPartOf\":{\"@id\":\"https:\\\/\\\/cortenstaalverkoop.nl\\\/#website\"},\"primaryImageOfPage\":{\"@id\":\"https:\\\/\\\/cortenstaalverkoop.nl\\\/product\\\/cortenstaal-vuurschaal\\\/#primaryimage\"},\"image\":{\"@id\":\"https:\\\/\\\/cortenstaalverkoop.nl\\\/product\\\/cortenstaal-vuurschaal\\\/#primaryimage\"},\"thumbnailUrl\":\"https:\\\/\\\/cortenstaalverkoop.nl\\\/wp-content\\\/uploads\\\/2020\\\/01\\\/vuurschaal-200.jpg\",\"datePublished\":\"2019-11-30T12:14:22+00:00\",\"dateModified\":\"2026-04-02T14:53:32+00:00\",\"description\":\"\u2705 Cortenstaal vuurschaal in diverse maten.\u2705 de beste kwaliteit \u2705 5 jaar garantie! Bestel uw cortenstalen vuurschaal goedkoop bij cortenstaalverkoop.nl!\",\"breadcrumb\":{\"@id\":\"https:\\\/\\\/cortenstaalverkoop.nl\\\/product\\\/cortenstaal-vuurschaal\\\/#breadcrumb\"},\"inLanguage\":\"fr-FR\",\"potentialAction\":[{\"@type\":\"ReadAction\",\"target\":[\"https:\\\/\\\/cortenstaalverkoop.nl\\\/product\\\/cortenstaal-vuurschaal\\\/\"]}]},{\"@type\":\"ImageObject\",\"inLanguage\":\"fr-FR\",\"@id\":\"https:\\\/\\\/cortenstaalverkoop.nl\\\/product\\\/cortenstaal-vuurschaal\\\/#primaryimage\",\"url\":\"https:\\\/\\\/cortenstaalverkoop.nl\\\/wp-content\\\/uploads\\\/2020\\\/01\\\/vuurschaal-200.jpg\",\"contentUrl\":\"https:\\\/\\\/cortenstaalverkoop.nl\\\/wp-content\\\/uploads\\\/2020\\\/01\\\/vuurschaal-200.jpg\",\"width\":699,\"height\":699,\"caption\":\"Cortenstaal vuurschaal\"},{\"@type\":\"BreadcrumbList\",\"@id\":\"https:\\\/\\\/cortenstaalverkoop.nl\\\/product\\\/cortenstaal-vuurschaal\\\/#breadcrumb\",\"itemListElement\":[{\"@type\":\"ListItem\",\"position\":1,\"name\":\"Home\",\"item\":\"https:\\\/\\\/cortenstaalverkoop.nl\\\/\"},{\"@type\":\"ListItem\",\"position\":2,\"name\":\"Assortiment\",\"item\":\"https:\\\/\\\/cortenstaalverkoop.nl\\\/assortiment-cortenstaal\\\/\"},{\"@type\":\"ListItem\",\"position\":3,\"name\":\"Cortenstaal vuurschaal\"}]},{\"@type\":\"WebSite\",\"@id\":\"https:\\\/\\\/cortenstaalverkoop.nl\\\/#website\",\"url\":\"https:\\\/\\\/cortenstaalverkoop.nl\\\/\",\"name\":\"Cortenstaalverkoop.nl\",\"description\":\"de cortenstaal specialist!\",\"publisher\":{\"@id\":\"https:\\\/\\\/cortenstaalverkoop.nl\\\/#organization\"},\"potentialAction\":[{\"@type\":\"SearchAction\",\"target\":{\"@type\":\"EntryPoint\",\"urlTemplate\":\"https:\\\/\\\/cortenstaalverkoop.nl\\\/?s={search_term_string}\"},\"query-input\":{\"@type\":\"PropertyValueSpecification\",\"valueRequired\":true,\"valueName\":\"search_term_string\"}}],\"inLanguage\":\"fr-FR\"},{\"@type\":\"Organization\",\"@id\":\"https:\\\/\\\/cortenstaalverkoop.nl\\\/#organization\",\"name\":\"Cortenstaalverkoop.nl\",\"url\":\"https:\\\/\\\/cortenstaalverkoop.nl\\\/\",\"logo\":{\"@type\":\"ImageObject\",\"inLanguage\":\"fr-FR\",\"@id\":\"https:\\\/\\\/cortenstaalverkoop.nl\\\/#\\\/schema\\\/logo\\\/image\\\/\",\"url\":\"https:\\\/\\\/cortenstaalverkoop.nl\\\/wp-content\\\/uploads\\\/2019\\\/11\\\/cortenstaal-logo-1.png\",\"contentUrl\":\"https:\\\/\\\/cortenstaalverkoop.nl\\\/wp-content\\\/uploads\\\/2019\\\/11\\\/cortenstaal-logo-1.png\",\"width\":480,\"height\":163,\"caption\":\"Cortenstaalverkoop.nl\"},\"image\":{\"@id\":\"https:\\\/\\\/cortenstaalverkoop.nl\\\/#\\\/schema\\\/logo\\\/image\\\/\"}}]}<\/script>\n<!-- \/ Yoast SEO plugin. -->","yoast_head_json":{"title":"L&#039;acier Cor-ten bol d&#039;incendie, vous pouvez acheter \u00e0 un prix avantageux \u00e0 l&#039;cortenstaalverkoop.nl","description":"\u2705 L&#039;acier Cor-ten bol d&#039;incendie dans une vari\u00e9t\u00e9 de tailles.\u2705 la meilleure qualit\u00e9 \u2705 garantie de 5 ans! Obtenir un acier corten bol d&#039;incendie est pas cher dans cortenstaalverkoop.nl!","robots":{"index":"index","follow":"follow","max-snippet":"max-snippet:-1","max-image-preview":"max-image-preview:large","max-video-preview":"max-video-preview:-1"},"canonical":"https:\/\/cortenstaalverkoop.nl\/fr\/produit\/lacier-corten-bol-a-feu\/","og_locale":"fr_FR","og_type":"article","og_title":"Cortenstaal vuurschaal koopt u goedkoop bij cortenstaalverkoop.nl","og_description":"\u2705 Cortenstaal vuurschaal in diverse maten.\u2705 de beste kwaliteit \u2705 5 jaar garantie! Bestel uw cortenstalen vuurschaal goedkoop bij cortenstaalverkoop.nl!","og_url":"https:\/\/cortenstaalverkoop.nl\/fr\/produit\/lacier-corten-bol-a-feu\/","og_site_name":"Cortenstaalverkoop.nl","article_modified_time":"2026-04-02T14:53:32+00:00","og_image":[{"width":699,"height":699,"url":"https:\/\/cortenstaalverkoop.nl\/wp-content\/uploads\/2020\/01\/vuurschaal-200.jpg","type":"image\/jpeg"}],"twitter_card":"summary_large_image","twitter_misc":{"Dur\u00e9e de lecture estim\u00e9e":"2 minutes"},"schema":{"@context":"https:\/\/schema.org","@graph":[{"@type":"WebPage","@id":"https:\/\/cortenstaalverkoop.nl\/product\/cortenstaal-vuurschaal\/","url":"https:\/\/cortenstaalverkoop.nl\/product\/cortenstaal-vuurschaal\/","name":"L&#039;acier Cor-ten bol d&#039;incendie, vous pouvez acheter \u00e0 un prix avantageux \u00e0 l&#039;cortenstaalverkoop.nl","isPartOf":{"@id":"https:\/\/cortenstaalverkoop.nl\/#website"},"primaryImageOfPage":{"@id":"https:\/\/cortenstaalverkoop.nl\/product\/cortenstaal-vuurschaal\/#primaryimage"},"image":{"@id":"https:\/\/cortenstaalverkoop.nl\/product\/cortenstaal-vuurschaal\/#primaryimage"},"thumbnailUrl":"https:\/\/cortenstaalverkoop.nl\/wp-content\/uploads\/2020\/01\/vuurschaal-200.jpg","datePublished":"2019-11-30T12:14:22+00:00","dateModified":"2026-04-02T14:53:32+00:00","description":"\u2705 L&#039;acier Cor-ten bol d&#039;incendie dans une vari\u00e9t\u00e9 de tailles.\u2705 la meilleure qualit\u00e9 \u2705 garantie de 5 ans! Obtenir un acier corten bol d&#039;incendie est pas cher dans cortenstaalverkoop.nl!","breadcrumb":{"@id":"https:\/\/cortenstaalverkoop.nl\/product\/cortenstaal-vuurschaal\/#breadcrumb"},"inLanguage":"fr-FR","potentialAction":[{"@type":"ReadAction","target":["https:\/\/cortenstaalverkoop.nl\/product\/cortenstaal-vuurschaal\/"]}]},{"@type":"ImageObject","inLanguage":"fr-FR","@id":"https:\/\/cortenstaalverkoop.nl\/product\/cortenstaal-vuurschaal\/#primaryimage","url":"https:\/\/cortenstaalverkoop.nl\/wp-content\/uploads\/2020\/01\/vuurschaal-200.jpg","contentUrl":"https:\/\/cortenstaalverkoop.nl\/wp-content\/uploads\/2020\/01\/vuurschaal-200.jpg","width":699,"height":699,"caption":"Cortenstaal vuurschaal"},{"@type":"BreadcrumbList","@id":"https:\/\/cortenstaalverkoop.nl\/product\/cortenstaal-vuurschaal\/#breadcrumb","itemListElement":[{"@type":"ListItem","position":1,"name":"Home","item":"https:\/\/cortenstaalverkoop.nl\/"},{"@type":"ListItem","position":2,"name":"Assortiment","item":"https:\/\/cortenstaalverkoop.nl\/assortiment-cortenstaal\/"},{"@type":"ListItem","position":3,"name":"Cortenstaal vuurschaal"}]},{"@type":"WebSite","@id":"https:\/\/cortenstaalverkoop.nl\/#website","url":"https:\/\/cortenstaalverkoop.nl\/","name":"Cortenstaalverkoop.nl","description":"l&#039;acier cor-ten sp\u00e9cialiste!","publisher":{"@id":"https:\/\/cortenstaalverkoop.nl\/#organization"},"potentialAction":[{"@type":"SearchAction","target":{"@type":"EntryPoint","urlTemplate":"https:\/\/cortenstaalverkoop.nl\/?s={search_term_string}"},"query-input":{"@type":"PropertyValueSpecification","valueRequired":true,"valueName":"search_term_string"}}],"inLanguage":"fr-FR"},{"@type":"Organization","@id":"https:\/\/cortenstaalverkoop.nl\/#organization","name":"Cortenstaalverkoop.nl","url":"https:\/\/cortenstaalverkoop.nl\/","logo":{"@type":"ImageObject","inLanguage":"fr-FR","@id":"https:\/\/cortenstaalverkoop.nl\/#\/schema\/logo\/image\/","url":"https:\/\/cortenstaalverkoop.nl\/wp-content\/uploads\/2019\/11\/cortenstaal-logo-1.png","contentUrl":"https:\/\/cortenstaalverkoop.nl\/wp-content\/uploads\/2019\/11\/cortenstaal-logo-1.png","width":480,"height":163,"caption":"Cortenstaalverkoop.nl"},"image":{"@id":"https:\/\/cortenstaalverkoop.nl\/#\/schema\/logo\/image\/"}}]}},"_links":{"self":[{"href":"https:\/\/cortenstaalverkoop.nl\/fr\/wp-json\/wp\/v2\/product\/1144","targetHints":{"allow":["GET"]}}],"collection":[{"href":"https:\/\/cortenstaalverkoop.nl\/fr\/wp-json\/wp\/v2\/product"}],"about":[{"href":"https:\/\/cortenstaalverkoop.nl\/fr\/wp-json\/wp\/v2\/types\/product"}],"version-history":[{"count":55,"href":"https:\/\/cortenstaalverkoop.nl\/fr\/wp-json\/wp\/v2\/product\/1144\/revisions"}],"predecessor-version":[{"id":11122,"href":"https:\/\/cortenstaalverkoop.nl\/fr\/wp-json\/wp\/v2\/product\/1144\/revisions\/11122"}],"wp:featuredmedia":[{"embeddable":true,"href":"https:\/\/cortenstaalverkoop.nl\/fr\/wp-json\/wp\/v2\/media\/2768"}],"wp:attachment":[{"href":"https:\/\/cortenstaalverkoop.nl\/fr\/wp-json\/wp\/v2\/media?parent=1144"}],"wp:term":[{"taxonomy":"product_brand","embeddable":true,"href":"https:\/\/cortenstaalverkoop.nl\/fr\/wp-json\/wp\/v2\/product_brand?post=1144"},{"taxonomy":"product_cat","embeddable":true,"href":"https:\/\/cortenstaalverkoop.nl\/fr\/wp-json\/wp\/v2\/product_cat?post=1144"},{"taxonomy":"product_tag","embeddable":true,"href":"https:\/\/cortenstaalverkoop.nl\/fr\/wp-json\/wp\/v2\/product_tag?post=1144"}],"curies":[{"name":"wp","href":"https:\/\/api.w.org\/{rel}","templated":true}]}}