{"id":1383,"date":"2019-12-19T11:04:40","date_gmt":"2019-12-19T10:04:40","guid":{"rendered":"https:\/\/cortenstaalverkoop.nl\/?post_type=product&#038;p=1383"},"modified":"2026-04-15T09:49:22","modified_gmt":"2026-04-15T07:49:22","slug":"lacier-corten-boite-aux-lettres-rosco","status":"publish","type":"product","link":"https:\/\/cortenstaalverkoop.nl\/fr\/product\/cortenstaal-brievenbus-rosco\/","title":{"rendered":"L'acier corten bo\u00eete aux lettres, Rosco"},"content":{"rendered":"<h3 data-section-id=\"1kgpj9n\" data-start=\"0\" data-end=\"32\">L'acier corten bo\u00eete aux lettres, Rosco<\/h3>\n<p data-start=\"34\" data-end=\"388\">L'acier Corten bo\u00eete aux lettres Rosco a un \u00e9l\u00e9gant design industriel et, par cons\u00e9quent, s'adapte parfaitement \u00e0 la fois une maison et d'un bureau. Gr\u00e2ce au mat\u00e9riau robuste et la chaleur de la rouille de couleur, cette bo\u00eete aux lettres est aussi un \u00e9l\u00e9gant et durable plus de votre entr\u00e9e. Au sein de notre collection, vous trouverez Cinq debout bo\u00eete aux lettres de mod\u00e8les, y compris ce Rosco.<\/p>\n<p data-start=\"390\" data-end=\"665\">Voulez-vous personnaliser votre bo\u00eete aux lettres? Puis choisissez <a href=\"https:\/\/cortenstaalverkoop.nl\/product\/cortenstaal-en-rvs-letters\/\" target=\"_blank\" rel=\"noopener\">num\u00e9ros de maison<\/a> ou <a href=\"https:\/\/cortenstaalverkoop.nl\/product\/cortenstaal-en-rvs-letters\/\" target=\"_blank\" rel=\"noopener\">lettres<\/a> en acier inoxydable ou en acier Corten. Il vous suffit de coller sur l'endroit voulu sur la bo\u00eete aux lettres. Si vous commandez des chiffres ou des lettres, nous vous livrons le correspondant de la colle directement, de sorte que vous pouvez les joindre imm\u00e9diatement.<\/p>\n<p data-start=\"667\" data-end=\"889\">Toutes les bo\u00eetes aux lettres ont une porte verrouillable. En outre, vous recevrez deux touches par d\u00e9faut. Cela permet de maintenir votre courrier stock\u00e9 en toute s\u00e9curit\u00e9. Vous trouverez ces cl\u00e9s dans le bleu de l'enveloppe fix\u00e9e \u00e0 la partie sup\u00e9rieure de la bo\u00eete aux lettres.<\/p>\n<p data-start=\"891\" data-end=\"1230\" data-is-last-node=\"\" data-is-only-node=\"\">Nous livrons nos acier Corten produits intacte. Par cons\u00e9quent, d\u00e9ballez la bo\u00eete aux lettres imm\u00e9diatement apr\u00e8s la livraison. Cela permet \u00e0 la mati\u00e8re de la rouille uniform\u00e9ment et emp\u00eache les rayures ou les taches pendant le processus de la rouille. Au fil du temps, la caract\u00e9ristique de la couche de rouille se d\u00e9veloppe, ce qui prot\u00e8ge l'acier et assure l'aspect unique de l'acier Corten.<\/p>\n<p>Les chiffres et les lettres sont disponibles en acier corten et en acier INOX sont: <strong>0, 1, 2, 3, 4, 5, 6, 7, 8, 9, (A, B, C, D<\/strong><\/p>\n<p>Cet acier Corten bo\u00eete aux lettres de Rosco est de 35 cm de large et 35 cm de profondeur et de 120 cm de haut, et p\u00e8se 26 kg.<\/p>\n<h4>Les Traits de l&#039;acier corten:<\/h4>\n<ul>\n<li>Haute r\u00e9sistance, r\u00e9sistant \u00e0 l'abrasion, et donc tr\u00e8s robuste<\/li>\n<li>Avec un design \u00e9pur\u00e9 et design contemporain<\/li>\n<li>Mat\u00e9riau r\u00e9sistant aux intemp\u00e9ries et durable<\/li>\n<li>Le son chaud et naturel de regarder et se sentir<\/li>\n<li>Garantie de 5 ans.<\/li>\n<li>Sans entretien<\/li>\n<\/ul>\n<h5>Informations sur le produit: acier corten:<\/h5>\n<p><a href=\"https:\/\/nl.wikipedia.org\/wiki\/Cortenstaal\" target=\"_blank\" rel=\"noopener noreferrer\">L&#039;acier Cor-Ten<\/a> \u00e9galement connu sous le nom d'acier r\u00e9sistant aux intemp\u00e9ries. C'est un alliage m\u00e9tallique compos\u00e9 de fer, de cuivre, le silicium, le nickel et le chrome sont ajout\u00e9s. L'acier Cor-ten est une tr\u00e8s forte type d'acier. En raison de la capacit\u00e9 \u00e0 se concentrer sur l'exposition \u00e0 l'air, et de le couvrir avec une protection de la rouille de la couche. C'est la plante naturelle de la rouille est une couche de protection contre la corrosion.<\/p>","protected":false},"excerpt":{"rendered":"<p>Cet acier Corten letterbox Rosco est de 35 cm de large et 35 cm de profondeur et de 120 cm de haut. Les chiffres et les lettres sont disponibles en acier Corten et acier inoxydable: 0, 1, 2, 3, 4, 5, 6, 7, 8, 9, A, B, C, D<\/p>\n<p><strong>Avantages cl\u00e9s:<\/strong><\/p>\n<ul>\n<li>Haute r\u00e9sistance, r\u00e9sistant \u00e0 l&#039;usure et durable<\/li>\n<li>Sans entretien<\/li>\n<li>Le son chaud et naturel de regarder et se sentir<\/li>\n<li>Nous utilisons exclusivement de l'acier corten type, S355JOWP<\/li>\n<li>Garantie de 5 ans.<\/li>\n<\/ul>\n<p><strong>Remarque importante:<\/strong><br \/>\nLa bo\u00eete aux lettres sur pied en acier corten Rosco est livr\u00e9e sans rouille. C'est pourquoi la bo\u00eete aux lettres doit \u00eatre d\u00e9ball\u00e9e imm\u00e9diatement apr\u00e8s la livraison afin que le produit puisse rouiller uniform\u00e9ment et qu'il n'y ait pas de rayures ou de taches.<\/p>\n<p>Informez-vous sur le d\u00e9lai de livraison!<\/p>","protected":false},"featured_media":10635,"template":"","meta":{"site-sidebar-layout":"default","site-content-layout":"default","ast-site-content-layout":"default","site-content-style":"default","site-sidebar-style":"default","ast-global-header-display":"","ast-banner-title-visibility":"","ast-main-header-display":"","ast-hfb-above-header-display":"","ast-hfb-below-header-display":"","ast-hfb-mobile-header-display":"","site-post-title":"","ast-breadcrumbs-content":"","ast-featured-img":"","footer-sml-layout":"","ast-disable-related-posts":"","theme-transparent-header-meta":"default","adv-header-id-meta":"","stick-header-meta":"","header-above-stick-meta":"","header-main-stick-meta":"","header-below-stick-meta":"","astra-migrate-meta-layouts":"set","ast-page-background-enabled":"default","ast-page-background-meta":{"desktop":{"background-color":"","background-image":"","background-repeat":"repeat","background-position":"center center","background-size":"auto","background-attachment":"scroll","background-type":"","background-media":"","overlay-type":"","overlay-color":"","overlay-opacity":"","overlay-gradient":""},"tablet":{"background-color":"","background-image":"","background-repeat":"repeat","background-position":"center center","background-size":"auto","background-attachment":"scroll","background-type":"","background-media":"","overlay-type":"","overlay-color":"","overlay-opacity":"","overlay-gradient":""},"mobile":{"background-color":"","background-image":"","background-repeat":"repeat","background-position":"center center","background-size":"auto","background-attachment":"scroll","background-type":"","background-media":"","overlay-type":"","overlay-color":"","overlay-opacity":"","overlay-gradient":""}},"ast-content-background-meta":{"desktop":{"background-color":"var(--ast-global-color-5)","background-image":"","background-repeat":"repeat","background-position":"center center","background-size":"auto","background-attachment":"scroll","background-type":"","background-media":"","overlay-type":"","overlay-color":"","overlay-opacity":"","overlay-gradient":""},"tablet":{"background-color":"var(--ast-global-color-5)","background-image":"","background-repeat":"repeat","background-position":"center center","background-size":"auto","background-attachment":"scroll","background-type":"","background-media":"","overlay-type":"","overlay-color":"","overlay-opacity":"","overlay-gradient":""},"mobile":{"background-color":"var(--ast-global-color-5)","background-image":"","background-repeat":"repeat","background-position":"center center","background-size":"auto","background-attachment":"scroll","background-type":"","background-media":"","overlay-type":"","overlay-color":"","overlay-opacity":"","overlay-gradient":""}}},"product_brand":[],"product_cat":[61],"product_tag":[],"class_list":{"0":"post-1383","1":"product","2":"type-product","3":"status-publish","4":"has-post-thumbnail","6":"product_cat-cortenstaal-tuininrichting","7":"product_shipping_class-fritom","8":"desktop-align-left","9":"tablet-align-left","10":"mobile-align-left","12":"first","13":"instock","14":"taxable","15":"shipping-taxable","16":"purchasable","17":"product-type-simple"},"yoast_head":"<!-- This site is optimized with the Yoast SEO plugin v27.4 - https:\/\/yoast.com\/product\/yoast-seo-wordpress\/ -->\n<title>Cortenstaal brievenbus Rosco koopt u bij cortenstaalverkoop.nl<\/title>\n<meta name=\"description\" content=\"\u2705 Cortenstaal brievenbus Rosco, diverse modellen \u2705 de beste kwaliteit \u2705 5 jaar garantie! Bestel uw cortenstaal brievenbus goedkoop bij cortenstaalverkoop.nl\" \/>\n<meta name=\"robots\" content=\"index, follow, max-snippet:-1, max-image-preview:large, max-video-preview:-1\" \/>\n<link rel=\"canonical\" href=\"https:\/\/cortenstaalverkoop.nl\/fr\/produit\/lacier-corten-boite-aux-lettres-rosco\/\" \/>\n<meta property=\"og:locale\" content=\"fr_FR\" \/>\n<meta property=\"og:type\" content=\"article\" \/>\n<meta property=\"og:title\" content=\"Cortenstaal brievenbus Rosco koopt u bij cortenstaalverkoop.nl\" \/>\n<meta property=\"og:description\" content=\"\u2705 Cortenstaal brievenbus Rosco, diverse modellen \u2705 de beste kwaliteit \u2705 5 jaar garantie! Bestel uw cortenstaal brievenbus goedkoop bij cortenstaalverkoop.nl\" \/>\n<meta property=\"og:url\" content=\"https:\/\/cortenstaalverkoop.nl\/fr\/produit\/lacier-corten-boite-aux-lettres-rosco\/\" \/>\n<meta property=\"og:site_name\" content=\"Cortenstaalverkoop.nl\" \/>\n<meta property=\"article:modified_time\" content=\"2026-04-15T07:49:22+00:00\" \/>\n<meta property=\"og:image\" content=\"https:\/\/cortenstaalverkoop.nl\/wp-content\/uploads\/2021\/01\/brievenbus-FLYN-nieuw.webp\" \/>\n\t<meta property=\"og:image:width\" content=\"699\" \/>\n\t<meta property=\"og:image:height\" content=\"699\" \/>\n\t<meta property=\"og:image:type\" content=\"image\/webp\" \/>\n<meta name=\"twitter:card\" content=\"summary_large_image\" \/>\n<meta name=\"twitter:label1\" content=\"Dur\u00e9e de lecture estim\u00e9e\" \/>\n\t<meta name=\"twitter:data1\" content=\"2 minutes\" \/>\n<script type=\"application\/ld+json\" class=\"yoast-schema-graph\">{\"@context\":\"https:\\\/\\\/schema.org\",\"@graph\":[{\"@type\":\"WebPage\",\"@id\":\"https:\\\/\\\/cortenstaalverkoop.nl\\\/product\\\/cortenstaal-brievenbus-rosco\\\/\",\"url\":\"https:\\\/\\\/cortenstaalverkoop.nl\\\/product\\\/cortenstaal-brievenbus-rosco\\\/\",\"name\":\"Cortenstaal brievenbus Rosco koopt u bij cortenstaalverkoop.nl\",\"isPartOf\":{\"@id\":\"https:\\\/\\\/cortenstaalverkoop.nl\\\/#website\"},\"primaryImageOfPage\":{\"@id\":\"https:\\\/\\\/cortenstaalverkoop.nl\\\/product\\\/cortenstaal-brievenbus-rosco\\\/#primaryimage\"},\"image\":{\"@id\":\"https:\\\/\\\/cortenstaalverkoop.nl\\\/product\\\/cortenstaal-brievenbus-rosco\\\/#primaryimage\"},\"thumbnailUrl\":\"https:\\\/\\\/cortenstaalverkoop.nl\\\/wp-content\\\/uploads\\\/2021\\\/01\\\/brievenbus-FLYN-nieuw.webp\",\"datePublished\":\"2019-12-19T10:04:40+00:00\",\"dateModified\":\"2026-04-15T07:49:22+00:00\",\"description\":\"\u2705 Cortenstaal brievenbus Rosco, diverse modellen \u2705 de beste kwaliteit \u2705 5 jaar garantie! Bestel uw cortenstaal brievenbus goedkoop bij cortenstaalverkoop.nl\",\"breadcrumb\":{\"@id\":\"https:\\\/\\\/cortenstaalverkoop.nl\\\/product\\\/cortenstaal-brievenbus-rosco\\\/#breadcrumb\"},\"inLanguage\":\"fr-FR\",\"potentialAction\":[{\"@type\":\"ReadAction\",\"target\":[\"https:\\\/\\\/cortenstaalverkoop.nl\\\/product\\\/cortenstaal-brievenbus-rosco\\\/\"]}]},{\"@type\":\"ImageObject\",\"inLanguage\":\"fr-FR\",\"@id\":\"https:\\\/\\\/cortenstaalverkoop.nl\\\/product\\\/cortenstaal-brievenbus-rosco\\\/#primaryimage\",\"url\":\"https:\\\/\\\/cortenstaalverkoop.nl\\\/wp-content\\\/uploads\\\/2021\\\/01\\\/brievenbus-FLYN-nieuw.webp\",\"contentUrl\":\"https:\\\/\\\/cortenstaalverkoop.nl\\\/wp-content\\\/uploads\\\/2021\\\/01\\\/brievenbus-FLYN-nieuw.webp\",\"width\":699,\"height\":699,\"caption\":\"Cortenstaal brievenbus Rosco\"},{\"@type\":\"BreadcrumbList\",\"@id\":\"https:\\\/\\\/cortenstaalverkoop.nl\\\/product\\\/cortenstaal-brievenbus-rosco\\\/#breadcrumb\",\"itemListElement\":[{\"@type\":\"ListItem\",\"position\":1,\"name\":\"Home\",\"item\":\"https:\\\/\\\/cortenstaalverkoop.nl\\\/\"},{\"@type\":\"ListItem\",\"position\":2,\"name\":\"Assortiment\",\"item\":\"https:\\\/\\\/cortenstaalverkoop.nl\\\/assortiment-cortenstaal\\\/\"},{\"@type\":\"ListItem\",\"position\":3,\"name\":\"Cortenstaal brievenbus Rosco\"}]},{\"@type\":\"WebSite\",\"@id\":\"https:\\\/\\\/cortenstaalverkoop.nl\\\/#website\",\"url\":\"https:\\\/\\\/cortenstaalverkoop.nl\\\/\",\"name\":\"Cortenstaalverkoop.nl\",\"description\":\"de cortenstaal specialist!\",\"publisher\":{\"@id\":\"https:\\\/\\\/cortenstaalverkoop.nl\\\/#organization\"},\"potentialAction\":[{\"@type\":\"SearchAction\",\"target\":{\"@type\":\"EntryPoint\",\"urlTemplate\":\"https:\\\/\\\/cortenstaalverkoop.nl\\\/?s={search_term_string}\"},\"query-input\":{\"@type\":\"PropertyValueSpecification\",\"valueRequired\":true,\"valueName\":\"search_term_string\"}}],\"inLanguage\":\"fr-FR\"},{\"@type\":\"Organization\",\"@id\":\"https:\\\/\\\/cortenstaalverkoop.nl\\\/#organization\",\"name\":\"Cortenstaalverkoop.nl\",\"url\":\"https:\\\/\\\/cortenstaalverkoop.nl\\\/\",\"logo\":{\"@type\":\"ImageObject\",\"inLanguage\":\"fr-FR\",\"@id\":\"https:\\\/\\\/cortenstaalverkoop.nl\\\/#\\\/schema\\\/logo\\\/image\\\/\",\"url\":\"https:\\\/\\\/cortenstaalverkoop.nl\\\/wp-content\\\/uploads\\\/2019\\\/11\\\/cortenstaal-logo-1.png\",\"contentUrl\":\"https:\\\/\\\/cortenstaalverkoop.nl\\\/wp-content\\\/uploads\\\/2019\\\/11\\\/cortenstaal-logo-1.png\",\"width\":480,\"height\":163,\"caption\":\"Cortenstaalverkoop.nl\"},\"image\":{\"@id\":\"https:\\\/\\\/cortenstaalverkoop.nl\\\/#\\\/schema\\\/logo\\\/image\\\/\"}}]}<\/script>\n<!-- \/ Yoast SEO plugin. -->","yoast_head_json":{"title":"Cortenstaal letterbox Rosco cortenstaalverkoop.nl","description":"\u2705 L&#039;acier Cor-ten bo\u00eete aux lettres, Rosco, divers mod\u00e8les \u2705 meilleure qualit\u00e9 \u2705 garantie de 5 ans! Obtenir un acier cor-ten bo\u00eete \u00e0 lettre est bon march\u00e9 dans cortenstaalverkoop.nl","robots":{"index":"index","follow":"follow","max-snippet":"max-snippet:-1","max-image-preview":"max-image-preview:large","max-video-preview":"max-video-preview:-1"},"canonical":"https:\/\/cortenstaalverkoop.nl\/fr\/produit\/lacier-corten-boite-aux-lettres-rosco\/","og_locale":"fr_FR","og_type":"article","og_title":"Cortenstaal brievenbus Rosco koopt u bij cortenstaalverkoop.nl","og_description":"\u2705 Cortenstaal brievenbus Rosco, diverse modellen \u2705 de beste kwaliteit \u2705 5 jaar garantie! Bestel uw cortenstaal brievenbus goedkoop bij cortenstaalverkoop.nl","og_url":"https:\/\/cortenstaalverkoop.nl\/fr\/produit\/lacier-corten-boite-aux-lettres-rosco\/","og_site_name":"Cortenstaalverkoop.nl","article_modified_time":"2026-04-15T07:49:22+00:00","og_image":[{"width":699,"height":699,"url":"https:\/\/cortenstaalverkoop.nl\/wp-content\/uploads\/2021\/01\/brievenbus-FLYN-nieuw.webp","type":"image\/webp"}],"twitter_card":"summary_large_image","twitter_misc":{"Dur\u00e9e de lecture estim\u00e9e":"2 minutes"},"schema":{"@context":"https:\/\/schema.org","@graph":[{"@type":"WebPage","@id":"https:\/\/cortenstaalverkoop.nl\/product\/cortenstaal-brievenbus-rosco\/","url":"https:\/\/cortenstaalverkoop.nl\/product\/cortenstaal-brievenbus-rosco\/","name":"Cortenstaal letterbox Rosco cortenstaalverkoop.nl","isPartOf":{"@id":"https:\/\/cortenstaalverkoop.nl\/#website"},"primaryImageOfPage":{"@id":"https:\/\/cortenstaalverkoop.nl\/product\/cortenstaal-brievenbus-rosco\/#primaryimage"},"image":{"@id":"https:\/\/cortenstaalverkoop.nl\/product\/cortenstaal-brievenbus-rosco\/#primaryimage"},"thumbnailUrl":"https:\/\/cortenstaalverkoop.nl\/wp-content\/uploads\/2021\/01\/brievenbus-FLYN-nieuw.webp","datePublished":"2019-12-19T10:04:40+00:00","dateModified":"2026-04-15T07:49:22+00:00","description":"\u2705 L&#039;acier Cor-ten bo\u00eete aux lettres, Rosco, divers mod\u00e8les \u2705 meilleure qualit\u00e9 \u2705 garantie de 5 ans! Obtenir un acier cor-ten bo\u00eete \u00e0 lettre est bon march\u00e9 dans cortenstaalverkoop.nl","breadcrumb":{"@id":"https:\/\/cortenstaalverkoop.nl\/product\/cortenstaal-brievenbus-rosco\/#breadcrumb"},"inLanguage":"fr-FR","potentialAction":[{"@type":"ReadAction","target":["https:\/\/cortenstaalverkoop.nl\/product\/cortenstaal-brievenbus-rosco\/"]}]},{"@type":"ImageObject","inLanguage":"fr-FR","@id":"https:\/\/cortenstaalverkoop.nl\/product\/cortenstaal-brievenbus-rosco\/#primaryimage","url":"https:\/\/cortenstaalverkoop.nl\/wp-content\/uploads\/2021\/01\/brievenbus-FLYN-nieuw.webp","contentUrl":"https:\/\/cortenstaalverkoop.nl\/wp-content\/uploads\/2021\/01\/brievenbus-FLYN-nieuw.webp","width":699,"height":699,"caption":"Cortenstaal brievenbus Rosco"},{"@type":"BreadcrumbList","@id":"https:\/\/cortenstaalverkoop.nl\/product\/cortenstaal-brievenbus-rosco\/#breadcrumb","itemListElement":[{"@type":"ListItem","position":1,"name":"Home","item":"https:\/\/cortenstaalverkoop.nl\/"},{"@type":"ListItem","position":2,"name":"Assortiment","item":"https:\/\/cortenstaalverkoop.nl\/assortiment-cortenstaal\/"},{"@type":"ListItem","position":3,"name":"Cortenstaal brievenbus Rosco"}]},{"@type":"WebSite","@id":"https:\/\/cortenstaalverkoop.nl\/#website","url":"https:\/\/cortenstaalverkoop.nl\/","name":"Cortenstaalverkoop.nl","description":"l&#039;acier cor-ten sp\u00e9cialiste!","publisher":{"@id":"https:\/\/cortenstaalverkoop.nl\/#organization"},"potentialAction":[{"@type":"SearchAction","target":{"@type":"EntryPoint","urlTemplate":"https:\/\/cortenstaalverkoop.nl\/?s={search_term_string}"},"query-input":{"@type":"PropertyValueSpecification","valueRequired":true,"valueName":"search_term_string"}}],"inLanguage":"fr-FR"},{"@type":"Organization","@id":"https:\/\/cortenstaalverkoop.nl\/#organization","name":"Cortenstaalverkoop.nl","url":"https:\/\/cortenstaalverkoop.nl\/","logo":{"@type":"ImageObject","inLanguage":"fr-FR","@id":"https:\/\/cortenstaalverkoop.nl\/#\/schema\/logo\/image\/","url":"https:\/\/cortenstaalverkoop.nl\/wp-content\/uploads\/2019\/11\/cortenstaal-logo-1.png","contentUrl":"https:\/\/cortenstaalverkoop.nl\/wp-content\/uploads\/2019\/11\/cortenstaal-logo-1.png","width":480,"height":163,"caption":"Cortenstaalverkoop.nl"},"image":{"@id":"https:\/\/cortenstaalverkoop.nl\/#\/schema\/logo\/image\/"}}]}},"_links":{"self":[{"href":"https:\/\/cortenstaalverkoop.nl\/fr\/wp-json\/wp\/v2\/product\/1383","targetHints":{"allow":["GET"]}}],"collection":[{"href":"https:\/\/cortenstaalverkoop.nl\/fr\/wp-json\/wp\/v2\/product"}],"about":[{"href":"https:\/\/cortenstaalverkoop.nl\/fr\/wp-json\/wp\/v2\/types\/product"}],"version-history":[{"count":39,"href":"https:\/\/cortenstaalverkoop.nl\/fr\/wp-json\/wp\/v2\/product\/1383\/revisions"}],"predecessor-version":[{"id":11129,"href":"https:\/\/cortenstaalverkoop.nl\/fr\/wp-json\/wp\/v2\/product\/1383\/revisions\/11129"}],"wp:featuredmedia":[{"embeddable":true,"href":"https:\/\/cortenstaalverkoop.nl\/fr\/wp-json\/wp\/v2\/media\/10635"}],"wp:attachment":[{"href":"https:\/\/cortenstaalverkoop.nl\/fr\/wp-json\/wp\/v2\/media?parent=1383"}],"wp:term":[{"taxonomy":"product_brand","embeddable":true,"href":"https:\/\/cortenstaalverkoop.nl\/fr\/wp-json\/wp\/v2\/product_brand?post=1383"},{"taxonomy":"product_cat","embeddable":true,"href":"https:\/\/cortenstaalverkoop.nl\/fr\/wp-json\/wp\/v2\/product_cat?post=1383"},{"taxonomy":"product_tag","embeddable":true,"href":"https:\/\/cortenstaalverkoop.nl\/fr\/wp-json\/wp\/v2\/product_tag?post=1383"}],"curies":[{"name":"wp","href":"https:\/\/api.w.org\/{rel}","templated":true}]}}