{"id":3847,"date":"2020-02-18T11:10:10","date_gmt":"2020-02-18T10:10:10","guid":{"rendered":"https:\/\/cortenstaalverkoop.nl\/?post_type=product&#038;p=3847"},"modified":"2025-11-16T12:29:51","modified_gmt":"2025-11-16T11:29:51","slug":"lacier-corten-cheminee-de-jardin-mel","status":"publish","type":"product","link":"https:\/\/cortenstaalverkoop.nl\/fr\/product\/cortenstaal-buitenhaard-mel\/","title":{"rendered":"L'acier corten chemin\u00e9e de jardin Mel"},"content":{"rendered":"<p>Cette chemin\u00e9e d'ext\u00e9rieur en acier corten Mel peut \u00eatre qualifi\u00e9e d'excentrique, intemporelle et surtout unique avec ses formes \u00e9pur\u00e9es. C'est pourquoi cette chemin\u00e9e d'ext\u00e9rieur en acier Corten Mel peut \u00eatre qualifi\u00e9e de chemin\u00e9e de terrasse robuste. Les mesures sont; 1 m\u00e8tre de large, 50 cm de profondeur et 1 m\u00e8tre de haut. De plus, ce foyer est \u00e0 vendre avec ou sans porte et ou grille. Au fil du temps, l'acier Corten prend sa couleur sp\u00e9ciale, brun rouille fonc\u00e9. L'\u00e9paisseur du mat\u00e9riau de cette chemin\u00e9e ext\u00e9rieure \u00e0 double paroi est de 3 mm. La porte du foyer ext\u00e9rieur Mel est facile \u00e0 installer sur les foyers existants et nouveaux. Le diam\u00e8tre du drain est de 200 mm. <a href=\"https:\/\/cortenstaalverkoop.nl\/product\/cortenstaal-vuurelementen\/cortenstaal-afvoer\/\" target=\"_blank\" rel=\"noopener noreferrer\">tuyau de po\u00eale<\/a> et <a href=\"https:\/\/cortenstaalverkoop.nl\/product\/cortenstaal-vuurelementen\/cortenstaal-regenkap\/\" target=\"_blank\" rel=\"noopener noreferrer\">cap<\/a> aussi disponible en acier corten dans ce magasin.<\/p>\n<h4>Avantages cl\u00e9s:<\/h4>\n<ul>\n<li>Tr\u00e8s solide et durable<\/li>\n<li>Double paroi<\/li>\n<li>Avec un design \u00e9pur\u00e9 et design contemporain<\/li>\n<li>Mat\u00e9riau r\u00e9sistant aux intemp\u00e9ries et durable<\/li>\n<li>Le son chaud et naturel de regarder et se sentir<\/li>\n<li>Une garantie de 5 ans<\/li>\n<\/ul>\n<h4>Conseil chauffage:<\/h4>\n<ul>\n<li>Pour Commencer, les allume-feu, avec des petits morceaux de bois sec et sur elle<\/li>\n<li>L&#039;utilisation de petits morceaux de bois sec dans la po\u00eale + chemin\u00e9e, lentement, pour se r\u00e9chauffer.<\/li>\n<li>D\u00e8s que le feu, le feu progresse lentement (maximum 1,5 kg de bois sec dans la chemin\u00e9e).<\/li>\n<\/ul>\n<h4>Soin et entretien:<\/h4>\n<ul>\n<li>L&#039;arbre, enlever, et une fois par an, faites ramoner la chemin\u00e9e.<\/li>\n<\/ul>\n<p>Nos grilles de BARBECUE sont test\u00e9s et a pass\u00e9 la certification de GV.<\/p>\n<p>Les produits sont livr\u00e9s non corrod\u00e9s.<br \/>\nLes produits doivent \u00eatre apr\u00e8s l&#039;accouchement, imm\u00e9diatement d\u00e9compresser. Peut-humidit\u00e9 entre l&#039;emballage et le produit dans le temps. Cela peut \u00eatre une irr\u00e9gularit\u00e9 de la rouille et de la cause de la coloration.<\/p>\n<p><strong>Informations sur le produit: acier corten:<\/strong><br \/>\n<a href=\"https:\/\/nl.wikipedia.org\/wiki\/Cortenstaal\" target=\"_blank\" rel=\"noopener noreferrer\">L&#039;acier Cor-Ten<\/a> \u00e9galement connu sous le nom d'acier r\u00e9sistant aux intemp\u00e9ries. C'est un alliage m\u00e9tallique compos\u00e9 de fer, de cuivre, le silicium, le nickel et le chrome sont ajout\u00e9s. Cor-Ten est une tr\u00e8s forte type d'acier et la capacit\u00e9 \u00e0 se concentrer sur l'exposition \u00e0 l'air, de le couvrir avec une protection de la rouille de la couche. Ensuite, cette couche de protection contre la corrosion. La caract\u00e9ristique de l'acier Corten est sa couleur rouille orang\u00e9e et sa longue dur\u00e9e de vie.<\/p>\n<p>Livraison gratuite en Belgique. Les frais de livraison en France et au Luxembourg sont de 240 euros, pour toute la commande.<\/p>","protected":false},"excerpt":{"rendered":"<p>Cet acier Corten chemin\u00e9e ext\u00e9rieure Mel, est un magnifique patio chemin\u00e9e qui sera un vrai eye-catcher dans votre jardin ou sur la terrasse en raison de son simple et un design intemporel. L&#039;acier Corten Mel chemin\u00e9e ext\u00e9rieure avec la base de terrasse, chemin\u00e9e de 1 m\u00e8tre de large, 50 cm de profondeur et de 1 m\u00e8tre de haut. Cette chemin\u00e9e est \u00e0 vendre avec ou sans porte et ou sur le gril, et aussi avec ou sans base. Nos grilles de BARBECUE sont test\u00e9s et SGS. Cet acier Corten chemin\u00e9e ext\u00e9rieure est faite de 3 mm d&#039;\u00e9paisseur en acier Corten. <strong>Drain de Diam\u00e8tre 200 mm.<\/strong><\/p>\n<ul>\n<li>Tr\u00e8s solide et durable<\/li>\n<li>Double paroi<\/li>\n<li>Mat\u00e9riau r\u00e9sistant aux intemp\u00e9ries et durable<\/li>\n<li>Une garantie de 5 ans<\/li>\n<\/ul>","protected":false},"featured_media":3850,"template":"","meta":{"site-sidebar-layout":"default","site-content-layout":"default","ast-site-content-layout":"default","site-content-style":"default","site-sidebar-style":"default","ast-global-header-display":"","ast-banner-title-visibility":"","ast-main-header-display":"","ast-hfb-above-header-display":"","ast-hfb-below-header-display":"","ast-hfb-mobile-header-display":"","site-post-title":"","ast-breadcrumbs-content":"","ast-featured-img":"","footer-sml-layout":"","ast-disable-related-posts":"","theme-transparent-header-meta":"default","adv-header-id-meta":"","stick-header-meta":"","header-above-stick-meta":"","header-main-stick-meta":"","header-below-stick-meta":"","astra-migrate-meta-layouts":"set","ast-page-background-enabled":"default","ast-page-background-meta":{"desktop":{"background-color":"","background-image":"","background-repeat":"repeat","background-position":"center center","background-size":"auto","background-attachment":"scroll","background-type":"","background-media":"","overlay-type":"","overlay-color":"","overlay-opacity":"","overlay-gradient":""},"tablet":{"background-color":"","background-image":"","background-repeat":"repeat","background-position":"center center","background-size":"auto","background-attachment":"scroll","background-type":"","background-media":"","overlay-type":"","overlay-color":"","overlay-opacity":"","overlay-gradient":""},"mobile":{"background-color":"","background-image":"","background-repeat":"repeat","background-position":"center center","background-size":"auto","background-attachment":"scroll","background-type":"","background-media":"","overlay-type":"","overlay-color":"","overlay-opacity":"","overlay-gradient":""}},"ast-content-background-meta":{"desktop":{"background-color":"var(--ast-global-color-5)","background-image":"","background-repeat":"repeat","background-position":"center center","background-size":"auto","background-attachment":"scroll","background-type":"","background-media":"","overlay-type":"","overlay-color":"","overlay-opacity":"","overlay-gradient":""},"tablet":{"background-color":"var(--ast-global-color-5)","background-image":"","background-repeat":"repeat","background-position":"center center","background-size":"auto","background-attachment":"scroll","background-type":"","background-media":"","overlay-type":"","overlay-color":"","overlay-opacity":"","overlay-gradient":""},"mobile":{"background-color":"var(--ast-global-color-5)","background-image":"","background-repeat":"repeat","background-position":"center center","background-size":"auto","background-attachment":"scroll","background-type":"","background-media":"","overlay-type":"","overlay-color":"","overlay-opacity":"","overlay-gradient":""}}},"product_brand":[],"product_cat":[58],"product_tag":[],"class_list":{"0":"post-3847","1":"product","2":"type-product","3":"status-publish","4":"has-post-thumbnail","6":"product_cat-cortenstaal-vuurelementen","7":"product_shipping_class-fritom","8":"desktop-align-left","9":"tablet-align-left","10":"mobile-align-left","12":"first","13":"instock","14":"taxable","15":"shipping-taxable","16":"purchasable","17":"product-type-variable"},"yoast_head":"<!-- This site is optimized with the Yoast SEO plugin v27.3 - https:\/\/yoast.com\/product\/yoast-seo-wordpress\/ -->\n<title>Cortenstaal buitenhaard Mel koopt u bij cortenstaalverkoop.nl<\/title>\n<meta name=\"description\" content=\"\u2705 Cortenstaal buitenhaard Mel \u2705 de beste kwaliteit \u2705 5 jaar garantie! Bestel uw cortenstaal buitenhaard goedkoop bij cortenstaalverkoop.nl!\" \/>\n<meta name=\"robots\" content=\"index, follow, max-snippet:-1, max-image-preview:large, max-video-preview:-1\" \/>\n<link rel=\"canonical\" href=\"https:\/\/cortenstaalverkoop.nl\/fr\/produit\/lacier-corten-cheminee-de-jardin-mel\/\" \/>\n<meta property=\"og:locale\" content=\"fr_FR\" \/>\n<meta property=\"og:type\" content=\"article\" \/>\n<meta property=\"og:title\" content=\"Cortenstaal buitenhaard Mel koopt u bij cortenstaalverkoop.nl\" \/>\n<meta property=\"og:description\" content=\"\u2705 Cortenstaal buitenhaard Mel \u2705 de beste kwaliteit \u2705 5 jaar garantie! Bestel uw cortenstaal buitenhaard goedkoop bij cortenstaalverkoop.nl!\" \/>\n<meta property=\"og:url\" content=\"https:\/\/cortenstaalverkoop.nl\/fr\/produit\/lacier-corten-cheminee-de-jardin-mel\/\" \/>\n<meta property=\"og:site_name\" content=\"Cortenstaalverkoop.nl\" \/>\n<meta property=\"article:modified_time\" content=\"2025-11-16T11:29:51+00:00\" \/>\n<meta property=\"og:image\" content=\"https:\/\/cortenstaalverkoop.nl\/wp-content\/uploads\/2020\/02\/burni-ENOK-door-scaled.jpg\" \/>\n\t<meta property=\"og:image:width\" content=\"2560\" \/>\n\t<meta property=\"og:image:height\" content=\"1920\" \/>\n\t<meta property=\"og:image:type\" content=\"image\/jpeg\" \/>\n<meta name=\"twitter:card\" content=\"summary_large_image\" \/>\n<meta name=\"twitter:label1\" content=\"Dur\u00e9e de lecture estim\u00e9e\" \/>\n\t<meta name=\"twitter:data1\" content=\"2 minutes\" \/>\n<script type=\"application\/ld+json\" class=\"yoast-schema-graph\">{\"@context\":\"https:\\\/\\\/schema.org\",\"@graph\":[{\"@type\":\"WebPage\",\"@id\":\"https:\\\/\\\/cortenstaalverkoop.nl\\\/product\\\/cortenstaal-buitenhaard-mel\\\/\",\"url\":\"https:\\\/\\\/cortenstaalverkoop.nl\\\/product\\\/cortenstaal-buitenhaard-mel\\\/\",\"name\":\"Cortenstaal buitenhaard Mel koopt u bij cortenstaalverkoop.nl\",\"isPartOf\":{\"@id\":\"https:\\\/\\\/cortenstaalverkoop.nl\\\/#website\"},\"primaryImageOfPage\":{\"@id\":\"https:\\\/\\\/cortenstaalverkoop.nl\\\/product\\\/cortenstaal-buitenhaard-mel\\\/#primaryimage\"},\"image\":{\"@id\":\"https:\\\/\\\/cortenstaalverkoop.nl\\\/product\\\/cortenstaal-buitenhaard-mel\\\/#primaryimage\"},\"thumbnailUrl\":\"https:\\\/\\\/cortenstaalverkoop.nl\\\/wp-content\\\/uploads\\\/2020\\\/02\\\/burni-ENOK-door-scaled.jpg\",\"datePublished\":\"2020-02-18T10:10:10+00:00\",\"dateModified\":\"2025-11-16T11:29:51+00:00\",\"description\":\"\u2705 Cortenstaal buitenhaard Mel \u2705 de beste kwaliteit \u2705 5 jaar garantie! Bestel uw cortenstaal buitenhaard goedkoop bij cortenstaalverkoop.nl!\",\"breadcrumb\":{\"@id\":\"https:\\\/\\\/cortenstaalverkoop.nl\\\/product\\\/cortenstaal-buitenhaard-mel\\\/#breadcrumb\"},\"inLanguage\":\"fr-FR\",\"potentialAction\":[{\"@type\":\"ReadAction\",\"target\":[\"https:\\\/\\\/cortenstaalverkoop.nl\\\/product\\\/cortenstaal-buitenhaard-mel\\\/\"]}]},{\"@type\":\"ImageObject\",\"inLanguage\":\"fr-FR\",\"@id\":\"https:\\\/\\\/cortenstaalverkoop.nl\\\/product\\\/cortenstaal-buitenhaard-mel\\\/#primaryimage\",\"url\":\"https:\\\/\\\/cortenstaalverkoop.nl\\\/wp-content\\\/uploads\\\/2020\\\/02\\\/burni-ENOK-door-scaled.jpg\",\"contentUrl\":\"https:\\\/\\\/cortenstaalverkoop.nl\\\/wp-content\\\/uploads\\\/2020\\\/02\\\/burni-ENOK-door-scaled.jpg\",\"width\":2560,\"height\":1920,\"caption\":\"Cortenstaal buitenhaard Mel\"},{\"@type\":\"BreadcrumbList\",\"@id\":\"https:\\\/\\\/cortenstaalverkoop.nl\\\/product\\\/cortenstaal-buitenhaard-mel\\\/#breadcrumb\",\"itemListElement\":[{\"@type\":\"ListItem\",\"position\":1,\"name\":\"Home\",\"item\":\"https:\\\/\\\/cortenstaalverkoop.nl\\\/\"},{\"@type\":\"ListItem\",\"position\":2,\"name\":\"Assortiment\",\"item\":\"https:\\\/\\\/cortenstaalverkoop.nl\\\/assortiment-cortenstaal\\\/\"},{\"@type\":\"ListItem\",\"position\":3,\"name\":\"Cortenstaal buitenhaard Mel\"}]},{\"@type\":\"WebSite\",\"@id\":\"https:\\\/\\\/cortenstaalverkoop.nl\\\/#website\",\"url\":\"https:\\\/\\\/cortenstaalverkoop.nl\\\/\",\"name\":\"Cortenstaalverkoop.nl\",\"description\":\"de cortenstaal specialist!\",\"publisher\":{\"@id\":\"https:\\\/\\\/cortenstaalverkoop.nl\\\/#organization\"},\"potentialAction\":[{\"@type\":\"SearchAction\",\"target\":{\"@type\":\"EntryPoint\",\"urlTemplate\":\"https:\\\/\\\/cortenstaalverkoop.nl\\\/?s={search_term_string}\"},\"query-input\":{\"@type\":\"PropertyValueSpecification\",\"valueRequired\":true,\"valueName\":\"search_term_string\"}}],\"inLanguage\":\"fr-FR\"},{\"@type\":\"Organization\",\"@id\":\"https:\\\/\\\/cortenstaalverkoop.nl\\\/#organization\",\"name\":\"Cortenstaalverkoop.nl\",\"url\":\"https:\\\/\\\/cortenstaalverkoop.nl\\\/\",\"logo\":{\"@type\":\"ImageObject\",\"inLanguage\":\"fr-FR\",\"@id\":\"https:\\\/\\\/cortenstaalverkoop.nl\\\/#\\\/schema\\\/logo\\\/image\\\/\",\"url\":\"https:\\\/\\\/cortenstaalverkoop.nl\\\/wp-content\\\/uploads\\\/2019\\\/11\\\/cortenstaal-logo-1.png\",\"contentUrl\":\"https:\\\/\\\/cortenstaalverkoop.nl\\\/wp-content\\\/uploads\\\/2019\\\/11\\\/cortenstaal-logo-1.png\",\"width\":480,\"height\":163,\"caption\":\"Cortenstaalverkoop.nl\"},\"image\":{\"@id\":\"https:\\\/\\\/cortenstaalverkoop.nl\\\/#\\\/schema\\\/logo\\\/image\\\/\"}}]}<\/script>\n<!-- \/ Yoast SEO plugin. -->","yoast_head_json":{"title":"Cortenstaal chemin\u00e9e ext\u00e9rieure Mel de l&#039;acheter cortenstaalverkoop.nl","description":"\u2705 Acier Corten chemin\u00e9e ext\u00e9rieure Mel \u2705 meilleure qualit\u00e9 \u2705 garantie de 5 ans! Obtenir un acier corten chemin\u00e9e ext\u00e9rieure est bon march\u00e9 dans cortenstaalverkoop.nl!","robots":{"index":"index","follow":"follow","max-snippet":"max-snippet:-1","max-image-preview":"max-image-preview:large","max-video-preview":"max-video-preview:-1"},"canonical":"https:\/\/cortenstaalverkoop.nl\/fr\/produit\/lacier-corten-cheminee-de-jardin-mel\/","og_locale":"fr_FR","og_type":"article","og_title":"Cortenstaal buitenhaard Mel koopt u bij cortenstaalverkoop.nl","og_description":"\u2705 Cortenstaal buitenhaard Mel \u2705 de beste kwaliteit \u2705 5 jaar garantie! Bestel uw cortenstaal buitenhaard goedkoop bij cortenstaalverkoop.nl!","og_url":"https:\/\/cortenstaalverkoop.nl\/fr\/produit\/lacier-corten-cheminee-de-jardin-mel\/","og_site_name":"Cortenstaalverkoop.nl","article_modified_time":"2025-11-16T11:29:51+00:00","og_image":[{"width":2560,"height":1920,"url":"https:\/\/cortenstaalverkoop.nl\/wp-content\/uploads\/2020\/02\/burni-ENOK-door-scaled.jpg","type":"image\/jpeg"}],"twitter_card":"summary_large_image","twitter_misc":{"Dur\u00e9e de lecture estim\u00e9e":"2 minutes"},"schema":{"@context":"https:\/\/schema.org","@graph":[{"@type":"WebPage","@id":"https:\/\/cortenstaalverkoop.nl\/product\/cortenstaal-buitenhaard-mel\/","url":"https:\/\/cortenstaalverkoop.nl\/product\/cortenstaal-buitenhaard-mel\/","name":"Cortenstaal chemin\u00e9e ext\u00e9rieure Mel de l&#039;acheter cortenstaalverkoop.nl","isPartOf":{"@id":"https:\/\/cortenstaalverkoop.nl\/#website"},"primaryImageOfPage":{"@id":"https:\/\/cortenstaalverkoop.nl\/product\/cortenstaal-buitenhaard-mel\/#primaryimage"},"image":{"@id":"https:\/\/cortenstaalverkoop.nl\/product\/cortenstaal-buitenhaard-mel\/#primaryimage"},"thumbnailUrl":"https:\/\/cortenstaalverkoop.nl\/wp-content\/uploads\/2020\/02\/burni-ENOK-door-scaled.jpg","datePublished":"2020-02-18T10:10:10+00:00","dateModified":"2025-11-16T11:29:51+00:00","description":"\u2705 Acier Corten chemin\u00e9e ext\u00e9rieure Mel \u2705 meilleure qualit\u00e9 \u2705 garantie de 5 ans! Obtenir un acier corten chemin\u00e9e ext\u00e9rieure est bon march\u00e9 dans cortenstaalverkoop.nl!","breadcrumb":{"@id":"https:\/\/cortenstaalverkoop.nl\/product\/cortenstaal-buitenhaard-mel\/#breadcrumb"},"inLanguage":"fr-FR","potentialAction":[{"@type":"ReadAction","target":["https:\/\/cortenstaalverkoop.nl\/product\/cortenstaal-buitenhaard-mel\/"]}]},{"@type":"ImageObject","inLanguage":"fr-FR","@id":"https:\/\/cortenstaalverkoop.nl\/product\/cortenstaal-buitenhaard-mel\/#primaryimage","url":"https:\/\/cortenstaalverkoop.nl\/wp-content\/uploads\/2020\/02\/burni-ENOK-door-scaled.jpg","contentUrl":"https:\/\/cortenstaalverkoop.nl\/wp-content\/uploads\/2020\/02\/burni-ENOK-door-scaled.jpg","width":2560,"height":1920,"caption":"Cortenstaal buitenhaard Mel"},{"@type":"BreadcrumbList","@id":"https:\/\/cortenstaalverkoop.nl\/product\/cortenstaal-buitenhaard-mel\/#breadcrumb","itemListElement":[{"@type":"ListItem","position":1,"name":"Home","item":"https:\/\/cortenstaalverkoop.nl\/"},{"@type":"ListItem","position":2,"name":"Assortiment","item":"https:\/\/cortenstaalverkoop.nl\/assortiment-cortenstaal\/"},{"@type":"ListItem","position":3,"name":"Cortenstaal buitenhaard Mel"}]},{"@type":"WebSite","@id":"https:\/\/cortenstaalverkoop.nl\/#website","url":"https:\/\/cortenstaalverkoop.nl\/","name":"Cortenstaalverkoop.nl","description":"l&#039;acier cor-ten sp\u00e9cialiste!","publisher":{"@id":"https:\/\/cortenstaalverkoop.nl\/#organization"},"potentialAction":[{"@type":"SearchAction","target":{"@type":"EntryPoint","urlTemplate":"https:\/\/cortenstaalverkoop.nl\/?s={search_term_string}"},"query-input":{"@type":"PropertyValueSpecification","valueRequired":true,"valueName":"search_term_string"}}],"inLanguage":"fr-FR"},{"@type":"Organization","@id":"https:\/\/cortenstaalverkoop.nl\/#organization","name":"Cortenstaalverkoop.nl","url":"https:\/\/cortenstaalverkoop.nl\/","logo":{"@type":"ImageObject","inLanguage":"fr-FR","@id":"https:\/\/cortenstaalverkoop.nl\/#\/schema\/logo\/image\/","url":"https:\/\/cortenstaalverkoop.nl\/wp-content\/uploads\/2019\/11\/cortenstaal-logo-1.png","contentUrl":"https:\/\/cortenstaalverkoop.nl\/wp-content\/uploads\/2019\/11\/cortenstaal-logo-1.png","width":480,"height":163,"caption":"Cortenstaalverkoop.nl"},"image":{"@id":"https:\/\/cortenstaalverkoop.nl\/#\/schema\/logo\/image\/"}}]}},"_links":{"self":[{"href":"https:\/\/cortenstaalverkoop.nl\/fr\/wp-json\/wp\/v2\/product\/3847","targetHints":{"allow":["GET"]}}],"collection":[{"href":"https:\/\/cortenstaalverkoop.nl\/fr\/wp-json\/wp\/v2\/product"}],"about":[{"href":"https:\/\/cortenstaalverkoop.nl\/fr\/wp-json\/wp\/v2\/types\/product"}],"version-history":[{"count":20,"href":"https:\/\/cortenstaalverkoop.nl\/fr\/wp-json\/wp\/v2\/product\/3847\/revisions"}],"predecessor-version":[{"id":9226,"href":"https:\/\/cortenstaalverkoop.nl\/fr\/wp-json\/wp\/v2\/product\/3847\/revisions\/9226"}],"wp:featuredmedia":[{"embeddable":true,"href":"https:\/\/cortenstaalverkoop.nl\/fr\/wp-json\/wp\/v2\/media\/3850"}],"wp:attachment":[{"href":"https:\/\/cortenstaalverkoop.nl\/fr\/wp-json\/wp\/v2\/media?parent=3847"}],"wp:term":[{"taxonomy":"product_brand","embeddable":true,"href":"https:\/\/cortenstaalverkoop.nl\/fr\/wp-json\/wp\/v2\/product_brand?post=3847"},{"taxonomy":"product_cat","embeddable":true,"href":"https:\/\/cortenstaalverkoop.nl\/fr\/wp-json\/wp\/v2\/product_cat?post=3847"},{"taxonomy":"product_tag","embeddable":true,"href":"https:\/\/cortenstaalverkoop.nl\/fr\/wp-json\/wp\/v2\/product_tag?post=3847"}],"curies":[{"name":"wp","href":"https:\/\/api.w.org\/{rel}","templated":true}]}}