{"id":3942,"date":"2020-02-19T13:08:16","date_gmt":"2020-02-19T12:08:16","guid":{"rendered":"https:\/\/cortenstaalverkoop.nl\/?post_type=product&#038;p=3942"},"modified":"2026-04-20T16:02:01","modified_gmt":"2026-04-20T14:02:01","slug":"lacier-corten-four-a-pizza-dome","status":"publish","type":"product","link":"https:\/\/cortenstaalverkoop.nl\/fr\/product\/cortenstaal-pizzaoven-dome\/","title":{"rendered":"L&#039;acier Corten four \u00e0 pizza D\u00f4me"},"content":{"rendered":"<h3 data-start=\"120\" data-end=\"150\"><strong data-start=\"120\" data-end=\"150\">L'acier Corten four \u00e0 pizza D\u00f4me<\/strong><\/h3>\n<p data-start=\"152\" data-end=\"494\">Cr\u00e9ez les pizzas les plus d\u00e9licieuses gr\u00e2ce \u00e0 notre authentique four \u00e0 pizza \u00e0 d\u00f4me en acier Corten chauff\u00e9 au bois. <strong data-start=\"253\" data-end=\"266\">Aussi<\/strong> savourez un d\u00e9licieux repas convivial entre amis ou en famille dans votre propre jardin. <strong data-start=\"364\" data-end=\"377\">Plus<\/strong> vous pouvez facilement cuire deux pizzas en m\u00eame temps, elles seront parfaitement cuites en quelques minutes et auront une cro\u00fbte croustillante.<\/p>\n<p data-start=\"496\" data-end=\"1156\">Le d\u00f4me rond de ce four \u00e0 pizza en acier Corten offre <strong data-start=\"554\" data-end=\"569\">non seulement<\/strong> une apparence robuste, <strong data-start=\"594\" data-end=\"612\">mais assure \u00e9galement<\/strong> pour une circulation d'air optimale. <strong data-start=\"648\" data-end=\"662\">Premi\u00e8re<\/strong> On chauffe la pierre en allumant un feu. Ensuite, on place du bois incandescent sur le c\u00f4t\u00e9 du four. L'air chaud ainsi g\u00e9n\u00e9r\u00e9 monte et traverse la vo\u00fbte jusqu'au conduit de fum\u00e9e. La chaleur circule alors uniform\u00e9ment autour du plat, assurant une cuisson parfaite et homog\u00e8ne. <strong data-start=\"981\" data-end=\"994\">Aussi<\/strong> La pierre \u00e0 pizza en c\u00e9ramique conserve parfaitement la chaleur. En r\u00e9sum\u00e9, le Dome offre tout ce qu'il faut pour de d\u00e9licieuses pizzas. <a href=\"https:\/\/nl.wikipedia.org\/wiki\/Pizza_margherita\" target=\"_blank\" rel=\"noopener\">pizzas<\/a> avec un go\u00fbt authentique.<\/p>\n<p data-start=\"1158\" data-end=\"1317\"><strong data-start=\"1158\" data-end=\"1171\">Plus<\/strong> sont l\u00e0 pour ce four \u00e0 pizza <a href=\"https:\/\/cortenstaalverkoop.nl\/product\/cortenstaal-onderstel\/\" target=\"_blank\" rel=\"noopener\">deux bases diff\u00e9rentes<\/a> disponible en acier Corten, vous pouvez ainsi facilement placer le four \u00e0 la hauteur souhait\u00e9e.<\/p>\n<h4 data-start=\"1319\" data-end=\"1354\"><strong data-start=\"1319\" data-end=\"1354\">Points D&#039;Int\u00e9r\u00eat Four \u00c0 Pizza D\u00f4me:<\/strong><\/h4>\n<ul data-start=\"1355\" data-end=\"2325\">\n<li data-section-id=\"10d0avo\" data-start=\"1355\" data-end=\"1532\">Tout d'abord, placez le d\u00f4me sur une surface stable et r\u00e9sistante \u00e0 la chaleur. Vous pouvez \u00e9galement opter pour nos stations DOME\u00a0; cela cr\u00e9e imm\u00e9diatement un espace de travail suppl\u00e9mentaire.<\/li>\n<li data-section-id=\"1ci479o\" data-start=\"1533\" data-end=\"1604\">De plus, le four est livr\u00e9 avec un conduit de chemin\u00e9e et un chapeau de protection contre la pluie.<\/li>\n<li data-section-id=\"i2lgiq\" data-start=\"1605\" data-end=\"1695\">Lors de l'installation du d\u00f4me sous un auvent, utilisez une bande de solin de toiture.<\/li>\n<li data-section-id=\"v6lcbr\" data-start=\"1696\" data-end=\"1788\">De plus, utilisez un support mural par m\u00e8tre de conduit de fum\u00e9e ou optez pour une travers\u00e9e de toit.<\/li>\n<li data-section-id=\"1m6nfy3\" data-start=\"1789\" data-end=\"1977\">Important\u00a0: D\u00e9ballez les produits imm\u00e9diatement apr\u00e8s r\u00e9ception afin d\u2019\u00e9viter que l\u2019humidit\u00e9 ne s\u2019accumule entre l\u2019emballage et le produit. Dans le cas contraire, des taches de rouille irr\u00e9guli\u00e8res pourraient appara\u00eetre.<\/li>\n<li data-section-id=\"2oixih\" data-start=\"1978\" data-end=\"2065\">De plus, nous d\u00e9conseillons l'utilisation de l'acier Corten dans un rayon de 2 km du littoral.<\/li>\n<li data-section-id=\"bufizr\" data-start=\"2066\" data-end=\"2237\">De plus, vous pouvez \u00e9liminer la rouille avec Owatrol. Ce produit forme une couche protectrice qui garantit la protection du produit et emp\u00eache l'acier Corten de s'\u00e9cailler.<\/li>\n<li data-section-id=\"1lbzu2c\" data-start=\"2238\" data-end=\"2325\">Enfin, nettoyez le four une fois par an en enlevant les salet\u00e9s grossi\u00e8res \u00e0 l'eau du robinet.<\/li>\n<\/ul>","protected":false},"excerpt":{"rendered":"<p>L&#039;acier Corten four \u00e0 pizza D\u00f4me se r\u00e9f\u00e8re \u00e0 l&#039;italienne traditionnelle au feu de bois fours \u00e0 briques. Le four \u00e0 pizza est de 80 cm de large et 75 cm de profondeur. Hauteur sans la chemin\u00e9e est de 44 cm et une avec chemin\u00e9e et capuchon de pluie 118 cm.<\/p>\n<h5>Sp\u00e9cifications:<\/h5>\n<ul>\n<li>Garantie limit\u00e9e de 5 ans.<\/li>\n<li>Le D\u00d4ME est livr\u00e9 rouill\u00e9.<\/li>\n<li>Pizza capacit\u00e9: 1-2<\/li>\n<li>Mat\u00e9riel de la pierre \u00e0 pizza est la cordi\u00e9rite.<\/li>\n<li>Comprend des fum\u00e9es et de la pluie.<\/li>\n<\/ul>","protected":false},"featured_media":10047,"template":"","meta":{"site-sidebar-layout":"default","site-content-layout":"default","ast-site-content-layout":"default","site-content-style":"default","site-sidebar-style":"default","ast-global-header-display":"","ast-banner-title-visibility":"","ast-main-header-display":"","ast-hfb-above-header-display":"","ast-hfb-below-header-display":"","ast-hfb-mobile-header-display":"","site-post-title":"","ast-breadcrumbs-content":"","ast-featured-img":"","footer-sml-layout":"","ast-disable-related-posts":"","theme-transparent-header-meta":"default","adv-header-id-meta":"","stick-header-meta":"","header-above-stick-meta":"","header-main-stick-meta":"","header-below-stick-meta":"","astra-migrate-meta-layouts":"set","ast-page-background-enabled":"default","ast-page-background-meta":{"desktop":{"background-color":"","background-image":"","background-repeat":"repeat","background-position":"center center","background-size":"auto","background-attachment":"scroll","background-type":"","background-media":"","overlay-type":"","overlay-color":"","overlay-opacity":"","overlay-gradient":""},"tablet":{"background-color":"","background-image":"","background-repeat":"repeat","background-position":"center center","background-size":"auto","background-attachment":"scroll","background-type":"","background-media":"","overlay-type":"","overlay-color":"","overlay-opacity":"","overlay-gradient":""},"mobile":{"background-color":"","background-image":"","background-repeat":"repeat","background-position":"center center","background-size":"auto","background-attachment":"scroll","background-type":"","background-media":"","overlay-type":"","overlay-color":"","overlay-opacity":"","overlay-gradient":""}},"ast-content-background-meta":{"desktop":{"background-color":"var(--ast-global-color-5)","background-image":"","background-repeat":"repeat","background-position":"center center","background-size":"auto","background-attachment":"scroll","background-type":"","background-media":"","overlay-type":"","overlay-color":"","overlay-opacity":"","overlay-gradient":""},"tablet":{"background-color":"var(--ast-global-color-5)","background-image":"","background-repeat":"repeat","background-position":"center center","background-size":"auto","background-attachment":"scroll","background-type":"","background-media":"","overlay-type":"","overlay-color":"","overlay-opacity":"","overlay-gradient":""},"mobile":{"background-color":"var(--ast-global-color-5)","background-image":"","background-repeat":"repeat","background-position":"center center","background-size":"auto","background-attachment":"scroll","background-type":"","background-media":"","overlay-type":"","overlay-color":"","overlay-opacity":"","overlay-gradient":""}}},"product_brand":[],"product_cat":[58],"product_tag":[],"class_list":{"0":"post-3942","1":"product","2":"type-product","3":"status-publish","4":"has-post-thumbnail","6":"product_cat-cortenstaal-vuurelementen","7":"product_shipping_class-transport-light","8":"desktop-align-left","9":"tablet-align-left","10":"mobile-align-left","12":"first","13":"instock","14":"taxable","15":"shipping-taxable","16":"purchasable","17":"product-type-simple"},"yoast_head":"<!-- This site is optimized with the Yoast SEO plugin v27.5 - https:\/\/yoast.com\/product\/yoast-seo-wordpress\/ -->\n<title>Cortenstaal pizzaoven Dome voordelig bij cortenstaalverkoop.nl<\/title>\n<meta name=\"description\" content=\"\u2705 Cortenstaal pizzaoven Dome houtgestookt \u2705 de beste kwaliteit \u2705 5 jaar garantie! Bestel uw Cortenstaal pizzaoven goedkoop bij cortenstaalverkoop.nl\" \/>\n<meta name=\"robots\" content=\"index, follow, max-snippet:-1, max-image-preview:large, max-video-preview:-1\" \/>\n<link rel=\"canonical\" href=\"https:\/\/cortenstaalverkoop.nl\/fr\/produit\/lacier-corten-four-a-pizza-dome\/\" \/>\n<meta property=\"og:locale\" content=\"fr_FR\" \/>\n<meta property=\"og:type\" content=\"article\" \/>\n<meta property=\"og:title\" content=\"Cortenstaal pizzaoven Dome voordelig bij cortenstaalverkoop.nl\" \/>\n<meta property=\"og:description\" content=\"\u2705 Cortenstaal pizzaoven Dome houtgestookt \u2705 de beste kwaliteit \u2705 5 jaar garantie! Bestel uw Cortenstaal pizzaoven goedkoop bij cortenstaalverkoop.nl\" \/>\n<meta property=\"og:url\" content=\"https:\/\/cortenstaalverkoop.nl\/fr\/produit\/lacier-corten-four-a-pizza-dome\/\" \/>\n<meta property=\"og:site_name\" content=\"Cortenstaalverkoop.nl\" \/>\n<meta property=\"article:modified_time\" content=\"2026-04-20T14:02:01+00:00\" \/>\n<meta property=\"og:image\" content=\"https:\/\/cortenstaalverkoop.nl\/wp-content\/uploads\/2020\/02\/Pizzaoven-FD1.jpg\" \/>\n\t<meta property=\"og:image:width\" content=\"699\" \/>\n\t<meta property=\"og:image:height\" content=\"699\" \/>\n\t<meta property=\"og:image:type\" content=\"image\/jpeg\" \/>\n<meta name=\"twitter:card\" content=\"summary_large_image\" \/>\n<meta name=\"twitter:label1\" content=\"Dur\u00e9e de lecture estim\u00e9e\" \/>\n\t<meta name=\"twitter:data1\" content=\"2 minutes\" \/>\n<script type=\"application\/ld+json\" class=\"yoast-schema-graph\">{\"@context\":\"https:\\\/\\\/schema.org\",\"@graph\":[{\"@type\":\"WebPage\",\"@id\":\"https:\\\/\\\/cortenstaalverkoop.nl\\\/product\\\/cortenstaal-pizzaoven-dome\\\/\",\"url\":\"https:\\\/\\\/cortenstaalverkoop.nl\\\/product\\\/cortenstaal-pizzaoven-dome\\\/\",\"name\":\"Cortenstaal pizzaoven Dome voordelig bij cortenstaalverkoop.nl\",\"isPartOf\":{\"@id\":\"https:\\\/\\\/cortenstaalverkoop.nl\\\/#website\"},\"primaryImageOfPage\":{\"@id\":\"https:\\\/\\\/cortenstaalverkoop.nl\\\/product\\\/cortenstaal-pizzaoven-dome\\\/#primaryimage\"},\"image\":{\"@id\":\"https:\\\/\\\/cortenstaalverkoop.nl\\\/product\\\/cortenstaal-pizzaoven-dome\\\/#primaryimage\"},\"thumbnailUrl\":\"https:\\\/\\\/cortenstaalverkoop.nl\\\/wp-content\\\/uploads\\\/2020\\\/02\\\/Pizzaoven-FD1.jpg\",\"datePublished\":\"2020-02-19T12:08:16+00:00\",\"dateModified\":\"2026-04-20T14:02:01+00:00\",\"description\":\"\u2705 Cortenstaal pizzaoven Dome houtgestookt \u2705 de beste kwaliteit \u2705 5 jaar garantie! Bestel uw Cortenstaal pizzaoven goedkoop bij cortenstaalverkoop.nl\",\"breadcrumb\":{\"@id\":\"https:\\\/\\\/cortenstaalverkoop.nl\\\/product\\\/cortenstaal-pizzaoven-dome\\\/#breadcrumb\"},\"inLanguage\":\"fr-FR\",\"potentialAction\":[{\"@type\":\"ReadAction\",\"target\":[\"https:\\\/\\\/cortenstaalverkoop.nl\\\/product\\\/cortenstaal-pizzaoven-dome\\\/\"]}]},{\"@type\":\"ImageObject\",\"inLanguage\":\"fr-FR\",\"@id\":\"https:\\\/\\\/cortenstaalverkoop.nl\\\/product\\\/cortenstaal-pizzaoven-dome\\\/#primaryimage\",\"url\":\"https:\\\/\\\/cortenstaalverkoop.nl\\\/wp-content\\\/uploads\\\/2020\\\/02\\\/Pizzaoven-FD1.jpg\",\"contentUrl\":\"https:\\\/\\\/cortenstaalverkoop.nl\\\/wp-content\\\/uploads\\\/2020\\\/02\\\/Pizzaoven-FD1.jpg\",\"width\":699,\"height\":699,\"caption\":\"Cortenstaal pizzaoven Dome\"},{\"@type\":\"BreadcrumbList\",\"@id\":\"https:\\\/\\\/cortenstaalverkoop.nl\\\/product\\\/cortenstaal-pizzaoven-dome\\\/#breadcrumb\",\"itemListElement\":[{\"@type\":\"ListItem\",\"position\":1,\"name\":\"Home\",\"item\":\"https:\\\/\\\/cortenstaalverkoop.nl\\\/\"},{\"@type\":\"ListItem\",\"position\":2,\"name\":\"Assortiment\",\"item\":\"https:\\\/\\\/cortenstaalverkoop.nl\\\/assortiment-cortenstaal\\\/\"},{\"@type\":\"ListItem\",\"position\":3,\"name\":\"Cortenstaal pizzaoven Dome\"}]},{\"@type\":\"WebSite\",\"@id\":\"https:\\\/\\\/cortenstaalverkoop.nl\\\/#website\",\"url\":\"https:\\\/\\\/cortenstaalverkoop.nl\\\/\",\"name\":\"Cortenstaalverkoop.nl\",\"description\":\"de cortenstaal specialist!\",\"publisher\":{\"@id\":\"https:\\\/\\\/cortenstaalverkoop.nl\\\/#organization\"},\"potentialAction\":[{\"@type\":\"SearchAction\",\"target\":{\"@type\":\"EntryPoint\",\"urlTemplate\":\"https:\\\/\\\/cortenstaalverkoop.nl\\\/?s={search_term_string}\"},\"query-input\":{\"@type\":\"PropertyValueSpecification\",\"valueRequired\":true,\"valueName\":\"search_term_string\"}}],\"inLanguage\":\"fr-FR\"},{\"@type\":\"Organization\",\"@id\":\"https:\\\/\\\/cortenstaalverkoop.nl\\\/#organization\",\"name\":\"Cortenstaalverkoop.nl\",\"url\":\"https:\\\/\\\/cortenstaalverkoop.nl\\\/\",\"logo\":{\"@type\":\"ImageObject\",\"inLanguage\":\"fr-FR\",\"@id\":\"https:\\\/\\\/cortenstaalverkoop.nl\\\/#\\\/schema\\\/logo\\\/image\\\/\",\"url\":\"https:\\\/\\\/cortenstaalverkoop.nl\\\/wp-content\\\/uploads\\\/2019\\\/11\\\/cortenstaal-logo-1.png\",\"contentUrl\":\"https:\\\/\\\/cortenstaalverkoop.nl\\\/wp-content\\\/uploads\\\/2019\\\/11\\\/cortenstaal-logo-1.png\",\"width\":480,\"height\":163,\"caption\":\"Cortenstaalverkoop.nl\"},\"image\":{\"@id\":\"https:\\\/\\\/cortenstaalverkoop.nl\\\/#\\\/schema\\\/logo\\\/image\\\/\"}}]}<\/script>\n<!-- \/ Yoast SEO plugin. -->","yoast_head_json":{"title":"L&#039;acier Corten four \u00e0 pizza D\u00f4me cortenstaalverkoop.nl","description":"\u2705 Acier Corten four \u00e0 pizza D\u00f4me de chauffage au bois \u2705 la meilleure qualit\u00e9 \u2705 garantie de 5 ans! Commandez votre acier Corten four \u00e0 pizza pas cher cortenstaalverkoop.nl","robots":{"index":"index","follow":"follow","max-snippet":"max-snippet:-1","max-image-preview":"max-image-preview:large","max-video-preview":"max-video-preview:-1"},"canonical":"https:\/\/cortenstaalverkoop.nl\/fr\/produit\/lacier-corten-four-a-pizza-dome\/","og_locale":"fr_FR","og_type":"article","og_title":"Cortenstaal pizzaoven Dome voordelig bij cortenstaalverkoop.nl","og_description":"\u2705 Cortenstaal pizzaoven Dome houtgestookt \u2705 de beste kwaliteit \u2705 5 jaar garantie! Bestel uw Cortenstaal pizzaoven goedkoop bij cortenstaalverkoop.nl","og_url":"https:\/\/cortenstaalverkoop.nl\/fr\/produit\/lacier-corten-four-a-pizza-dome\/","og_site_name":"Cortenstaalverkoop.nl","article_modified_time":"2026-04-20T14:02:01+00:00","og_image":[{"width":699,"height":699,"url":"https:\/\/cortenstaalverkoop.nl\/wp-content\/uploads\/2020\/02\/Pizzaoven-FD1.jpg","type":"image\/jpeg"}],"twitter_card":"summary_large_image","twitter_misc":{"Dur\u00e9e de lecture estim\u00e9e":"2 minutes"},"schema":{"@context":"https:\/\/schema.org","@graph":[{"@type":"WebPage","@id":"https:\/\/cortenstaalverkoop.nl\/product\/cortenstaal-pizzaoven-dome\/","url":"https:\/\/cortenstaalverkoop.nl\/product\/cortenstaal-pizzaoven-dome\/","name":"L&#039;acier Corten four \u00e0 pizza D\u00f4me cortenstaalverkoop.nl","isPartOf":{"@id":"https:\/\/cortenstaalverkoop.nl\/#website"},"primaryImageOfPage":{"@id":"https:\/\/cortenstaalverkoop.nl\/product\/cortenstaal-pizzaoven-dome\/#primaryimage"},"image":{"@id":"https:\/\/cortenstaalverkoop.nl\/product\/cortenstaal-pizzaoven-dome\/#primaryimage"},"thumbnailUrl":"https:\/\/cortenstaalverkoop.nl\/wp-content\/uploads\/2020\/02\/Pizzaoven-FD1.jpg","datePublished":"2020-02-19T12:08:16+00:00","dateModified":"2026-04-20T14:02:01+00:00","description":"\u2705 Acier Corten four \u00e0 pizza D\u00f4me de chauffage au bois \u2705 la meilleure qualit\u00e9 \u2705 garantie de 5 ans! Commandez votre acier Corten four \u00e0 pizza pas cher cortenstaalverkoop.nl","breadcrumb":{"@id":"https:\/\/cortenstaalverkoop.nl\/product\/cortenstaal-pizzaoven-dome\/#breadcrumb"},"inLanguage":"fr-FR","potentialAction":[{"@type":"ReadAction","target":["https:\/\/cortenstaalverkoop.nl\/product\/cortenstaal-pizzaoven-dome\/"]}]},{"@type":"ImageObject","inLanguage":"fr-FR","@id":"https:\/\/cortenstaalverkoop.nl\/product\/cortenstaal-pizzaoven-dome\/#primaryimage","url":"https:\/\/cortenstaalverkoop.nl\/wp-content\/uploads\/2020\/02\/Pizzaoven-FD1.jpg","contentUrl":"https:\/\/cortenstaalverkoop.nl\/wp-content\/uploads\/2020\/02\/Pizzaoven-FD1.jpg","width":699,"height":699,"caption":"Cortenstaal pizzaoven Dome"},{"@type":"BreadcrumbList","@id":"https:\/\/cortenstaalverkoop.nl\/product\/cortenstaal-pizzaoven-dome\/#breadcrumb","itemListElement":[{"@type":"ListItem","position":1,"name":"Home","item":"https:\/\/cortenstaalverkoop.nl\/"},{"@type":"ListItem","position":2,"name":"Assortiment","item":"https:\/\/cortenstaalverkoop.nl\/assortiment-cortenstaal\/"},{"@type":"ListItem","position":3,"name":"Cortenstaal pizzaoven Dome"}]},{"@type":"WebSite","@id":"https:\/\/cortenstaalverkoop.nl\/#website","url":"https:\/\/cortenstaalverkoop.nl\/","name":"Cortenstaalverkoop.nl","description":"l&#039;acier cor-ten sp\u00e9cialiste!","publisher":{"@id":"https:\/\/cortenstaalverkoop.nl\/#organization"},"potentialAction":[{"@type":"SearchAction","target":{"@type":"EntryPoint","urlTemplate":"https:\/\/cortenstaalverkoop.nl\/?s={search_term_string}"},"query-input":{"@type":"PropertyValueSpecification","valueRequired":true,"valueName":"search_term_string"}}],"inLanguage":"fr-FR"},{"@type":"Organization","@id":"https:\/\/cortenstaalverkoop.nl\/#organization","name":"Cortenstaalverkoop.nl","url":"https:\/\/cortenstaalverkoop.nl\/","logo":{"@type":"ImageObject","inLanguage":"fr-FR","@id":"https:\/\/cortenstaalverkoop.nl\/#\/schema\/logo\/image\/","url":"https:\/\/cortenstaalverkoop.nl\/wp-content\/uploads\/2019\/11\/cortenstaal-logo-1.png","contentUrl":"https:\/\/cortenstaalverkoop.nl\/wp-content\/uploads\/2019\/11\/cortenstaal-logo-1.png","width":480,"height":163,"caption":"Cortenstaalverkoop.nl"},"image":{"@id":"https:\/\/cortenstaalverkoop.nl\/#\/schema\/logo\/image\/"}}]}},"_links":{"self":[{"href":"https:\/\/cortenstaalverkoop.nl\/fr\/wp-json\/wp\/v2\/product\/3942","targetHints":{"allow":["GET"]}}],"collection":[{"href":"https:\/\/cortenstaalverkoop.nl\/fr\/wp-json\/wp\/v2\/product"}],"about":[{"href":"https:\/\/cortenstaalverkoop.nl\/fr\/wp-json\/wp\/v2\/types\/product"}],"version-history":[{"count":24,"href":"https:\/\/cortenstaalverkoop.nl\/fr\/wp-json\/wp\/v2\/product\/3942\/revisions"}],"predecessor-version":[{"id":4466,"href":"https:\/\/cortenstaalverkoop.nl\/fr\/wp-json\/wp\/v2\/product\/3942\/revisions\/4466"}],"wp:featuredmedia":[{"embeddable":true,"href":"https:\/\/cortenstaalverkoop.nl\/fr\/wp-json\/wp\/v2\/media\/10047"}],"wp:attachment":[{"href":"https:\/\/cortenstaalverkoop.nl\/fr\/wp-json\/wp\/v2\/media?parent=3942"}],"wp:term":[{"taxonomy":"product_brand","embeddable":true,"href":"https:\/\/cortenstaalverkoop.nl\/fr\/wp-json\/wp\/v2\/product_brand?post=3942"},{"taxonomy":"product_cat","embeddable":true,"href":"https:\/\/cortenstaalverkoop.nl\/fr\/wp-json\/wp\/v2\/product_cat?post=3942"},{"taxonomy":"product_tag","embeddable":true,"href":"https:\/\/cortenstaalverkoop.nl\/fr\/wp-json\/wp\/v2\/product_tag?post=3942"}],"curies":[{"name":"wp","href":"https:\/\/api.w.org\/{rel}","templated":true}]}}