{"id":4785,"date":"2020-06-06T21:24:30","date_gmt":"2020-06-06T19:24:30","guid":{"rendered":"https:\/\/cortenstaalverkoop.nl\/?post_type=product&#038;p=4785"},"modified":"2026-03-27T16:29:14","modified_gmt":"2026-03-27T15:29:14","slug":"lacier-corten-planteur-disa","status":"publish","type":"product","link":"https:\/\/cortenstaalverkoop.nl\/fr\/product\/cortenstaal-plantenbak-disa\/","title":{"rendered":"L'acier corten planteur Disa"},"content":{"rendered":"<h3 data-start=\"117\" data-end=\"182\"><strong data-start=\"117\" data-end=\"182\">Cortenstaal plantenbak Disa \u2013 stijlvol, praktisch en duurzaam<\/strong><\/h3>\n<p data-start=\"184\" data-end=\"462\">De cortenstaal plantenbak Disa is verkrijgbaar in <strong data-start=\"234\" data-end=\"262\">vier verschillende maten<\/strong>. Hierdoor is er altijd een formaat dat perfect past op uw balkon, terras of in de tuin. Daarnaast kan een set cortenstaal bloempotten ook dienen als een echte blikvanger bij de ingang van uw bedrijf. Bent u op zoek naar een andere stijl? Bekijk dan ook eens onze andere <a href=\"https:\/\/cortenstaalverkoop.nl\/product\/cortenstaal-plantenbak-tap\/\" target=\"_blank\" rel=\"noopener\">design plantenbakken<\/a> voor nog meer inspiratie.<\/p>\n<p data-start=\"464\" data-end=\"820\">Bovendien is deze plantenbak voorzien van een <strong data-start=\"510\" data-end=\"549\">dubbel omgezette bovenrand van 5 cm<\/strong>, wat zorgt voor extra stevigheid en een strakke afwerking. Aan de onderzijde bevinden zich <strong data-start=\"641\" data-end=\"671\">subtiele pootjes van 18 mm<\/strong>, die bijdragen aan een optimale afwatering. De materiaaldikte bedraagt standaard <strong data-start=\"753\" data-end=\"761\">3 mm<\/strong>, wat garant staat voor een robuuste en duurzame kwaliteit.<\/p>\n<h3 data-start=\"827\" data-end=\"850\"><strong data-start=\"827\" data-end=\"850\">Qu'est-ce que l'acier Corten ?<\/strong><\/h3>\n<p data-start=\"852\" data-end=\"1141\">Cortenstaal is een bijzonder sterke staalsoort die, zodra deze wordt blootgesteld aan de buitenlucht, een <strong data-start=\"958\" data-end=\"984\">beschermende roestlaag<\/strong> vormt. Deze natuurlijke laag voorkomt verdere corrosie. Kenmerkend voor cortenstaal zijn dan ook de <strong data-start=\"1085\" data-end=\"1113\">warme bruin-oranje kleur<\/strong> en de <strong data-start=\"1120\" data-end=\"1140\">lange levensduur<\/strong>.<\/p>\n<p data-start=\"1143\" data-end=\"1296\">Let op: onze cortenstalen producten worden <strong data-start=\"1186\" data-end=\"1208\">onberoest geleverd<\/strong>. Vervolgens ontwikkelt de karakteristieke roestlaag zich binnen ongeveer <strong data-start=\"1282\" data-end=\"1295\">4 maanden<\/strong>.<\/p>\n<h3 data-start=\"1303\" data-end=\"1324\"><strong data-start=\"1303\" data-end=\"1324\">Beplantingsadvies<\/strong><\/h3>\n<p data-start=\"1326\" data-end=\"1381\">Voor een optimaal resultaat adviseren wij het volgende:<\/p>\n<ul data-start=\"1383\" data-end=\"1655\">\n<li data-section-id=\"13mdxub\" data-start=\"1383\" data-end=\"1445\">Allereerst: breng een laag kiezels aan (\u00d8 35 mm sortering)<\/li>\n<li data-section-id=\"1p0hwq3\" data-start=\"1446\" data-end=\"1533\">Vervolgens: plaats <strong data-start=\"1467\" data-end=\"1490\">g\u00e9\u00e9n overlooppijpje<\/strong> (water mag niet in de bak blijven staan)<\/li>\n<li data-section-id=\"q1lo7n\" data-start=\"1534\" data-end=\"1585\">Daarna: leg een waterdoorlatend anti-worteldoek<\/li>\n<li data-section-id=\"1n6lfd4\" data-start=\"1586\" data-end=\"1655\">Tot slot: vul de bak met aarde die geschikt is voor uw beplanting<\/li>\n<\/ul>\n<p data-start=\"1662\" data-end=\"1693\"><strong data-start=\"1662\" data-end=\"1693\">Belangrijke aandachtspunten<\/strong><\/p>\n<ul data-start=\"1695\" data-end=\"2145\">\n<li data-section-id=\"55tqpq\" data-start=\"1695\" data-end=\"1783\">Zorg altijd voor een goede afwatering (afwateringsgaten zijn standaard aanwezig)<\/li>\n<li data-section-id=\"55tqpq\" data-start=\"1695\" data-end=\"1783\">Voorkom dat er water in de plantenbak blijft staan; dit kan op termijn doorroesten veroorzaken<\/li>\n<li data-section-id=\"55tqpq\" data-start=\"1695\" data-end=\"1783\">Gebruik geen hydrokorrels, omdat deze vocht vasthouden.<\/li>\n<li data-section-id=\"55tqpq\" data-start=\"1695\" data-end=\"1783\">Let op: wij raden het gebruik van cortenstaal af binnen een straal van 2 km van een kustlijn, omdat zoute lucht het roestproces kan be\u00efnvloeden<\/li>\n<li data-section-id=\"55tqpq\" data-start=\"1695\" data-end=\"1783\">Pak de plantenbak direct na levering uit, zodat eventueel vocht kan verdampen<\/li>\n<li data-section-id=\"55tqpq\" data-start=\"1695\" data-end=\"1783\">Houd er rekening mee dat tijdens het roestproces de plantenbak kan afgeven en vlekken kan veroorzaken<\/li>\n<\/ul>\n<h5>Informations sur le produit: acier corten:<\/h5>\n<p><a href=\"https:\/\/nl.wikipedia.org\/wiki\/Cortenstaal\" target=\"_blank\" rel=\"noopener noreferrer\">L&#039;acier Cor-Ten<\/a> \u00e9galement connu sous le nom d'acier r\u00e9sistant aux intemp\u00e9ries. C'est un alliage m\u00e9tallique compos\u00e9 de fer, de cuivre, le silicium, le nickel et le chrome sont ajout\u00e9s. Corten est un acier \u00e0 haute r\u00e9sistance. Cet acier a la propri\u00e9t\u00e9 de ce qu'il est expos\u00e9 \u00e0 l'air, de le couvrir avec une protection de la rouille de la couche. C'est la plante naturelle de la rouille est une couche de protection contre la corrosion. Les caract\u00e9ristiques de l'acier Cor-Ten sont sa couleur rouille brun-orange et sa longue dur\u00e9e de vie.<\/p>\n<p>Pour les livraisons vers la France et le Luxembourg, nous appliquons les tarifs de transport suivants par commande totale : petits colis 45 \u20ac, transport l\u00e9ger 80 \u20ac, transport standard 280 \u20ac et transport lourd 380 \u20ac (incluant la livraison avec chariot embarqu\u00e9).<\/p>","protected":false},"excerpt":{"rendered":"<p>L'acier corten planteur Disa est disponible en 4 tailles diff\u00e9rentes et sont faciles \u00e0 placer sur vous, sur la terrasse ou dans le jardin. Un jeu de l'acier corten planteurs et peut m\u00eame avoir une belle blinkvanger \u00e0 l'entr\u00e9e de votre entreprise. Cet acier corten planteur Disa a un bord sup\u00e9rieur, un double est converti \u00e0 5 cm. Il y a de petits pieds, au milieu des plantes jusqu'\u00e0 18 mm pour le drainage. L'\u00e9paisseur du mat\u00e9riau, ce semoir est de 3 mm de diam\u00e8tre. Le sp\u00e9cifi\u00e9e diam\u00e8tre de l'argent vers le haut.<\/p>\n<p><strong>Avantages cl\u00e9s:<\/strong><\/p>\n<ul>\n<li><strong>Tr\u00e8s forte<\/strong> et r\u00e9sistant \u00e0 l&#039;usure<\/li>\n<li>Sans entretien<\/li>\n<li>Mat\u00e9riau r\u00e9sistant aux intemp\u00e9ries et durable<\/li>\n<li>Le son chaud et naturel de regarder et se sentir<\/li>\n<li>Nous utilisons exclusivement de l'acier corten type, S355JOWP<\/li>\n<li>Garantie de 5 ans.<\/li>\n<\/ul>","protected":false},"featured_media":4788,"template":"","meta":{"site-sidebar-layout":"default","site-content-layout":"default","ast-site-content-layout":"default","site-content-style":"default","site-sidebar-style":"default","ast-global-header-display":"","ast-banner-title-visibility":"","ast-main-header-display":"","ast-hfb-above-header-display":"","ast-hfb-below-header-display":"","ast-hfb-mobile-header-display":"","site-post-title":"","ast-breadcrumbs-content":"","ast-featured-img":"","footer-sml-layout":"","ast-disable-related-posts":"","theme-transparent-header-meta":"default","adv-header-id-meta":"","stick-header-meta":"","header-above-stick-meta":"","header-main-stick-meta":"","header-below-stick-meta":"","astra-migrate-meta-layouts":"set","ast-page-background-enabled":"default","ast-page-background-meta":{"desktop":{"background-color":"","background-image":"","background-repeat":"repeat","background-position":"center center","background-size":"auto","background-attachment":"scroll","background-type":"","background-media":"","overlay-type":"","overlay-color":"","overlay-opacity":"","overlay-gradient":""},"tablet":{"background-color":"","background-image":"","background-repeat":"repeat","background-position":"center center","background-size":"auto","background-attachment":"scroll","background-type":"","background-media":"","overlay-type":"","overlay-color":"","overlay-opacity":"","overlay-gradient":""},"mobile":{"background-color":"","background-image":"","background-repeat":"repeat","background-position":"center center","background-size":"auto","background-attachment":"scroll","background-type":"","background-media":"","overlay-type":"","overlay-color":"","overlay-opacity":"","overlay-gradient":""}},"ast-content-background-meta":{"desktop":{"background-color":"var(--ast-global-color-5)","background-image":"","background-repeat":"repeat","background-position":"center center","background-size":"auto","background-attachment":"scroll","background-type":"","background-media":"","overlay-type":"","overlay-color":"","overlay-opacity":"","overlay-gradient":""},"tablet":{"background-color":"var(--ast-global-color-5)","background-image":"","background-repeat":"repeat","background-position":"center center","background-size":"auto","background-attachment":"scroll","background-type":"","background-media":"","overlay-type":"","overlay-color":"","overlay-opacity":"","overlay-gradient":""},"mobile":{"background-color":"var(--ast-global-color-5)","background-image":"","background-repeat":"repeat","background-position":"center center","background-size":"auto","background-attachment":"scroll","background-type":"","background-media":"","overlay-type":"","overlay-color":"","overlay-opacity":"","overlay-gradient":""}}},"product_brand":[],"product_cat":[57],"product_tag":[],"class_list":{"0":"post-4785","1":"product","2":"type-product","3":"status-publish","4":"has-post-thumbnail","6":"product_cat-cortenstaal-plantenbakken","7":"product_shipping_class-fritom","8":"desktop-align-left","9":"tablet-align-left","10":"mobile-align-left","12":"first","13":"instock","14":"taxable","15":"shipping-taxable","16":"purchasable","17":"product-type-variable"},"yoast_head":"<!-- This site is optimized with the Yoast SEO plugin v27.3 - https:\/\/yoast.com\/product\/yoast-seo-wordpress\/ -->\n<title>Cortenstaal plantenbak Disa, goedkoop bij cortenstaalverkoop.nl<\/title>\n<meta name=\"description\" content=\"\u2705 Cortenstaal plantenbak Disa in diverse maten.\u2705 de beste kwaliteit \u2705 5 jaar garantie! Bestel uw cortenstaal plantenbak goedkoop bij cortenstaalverkoop.nl!\" \/>\n<meta name=\"robots\" content=\"index, follow, max-snippet:-1, max-image-preview:large, max-video-preview:-1\" \/>\n<link rel=\"canonical\" href=\"https:\/\/cortenstaalverkoop.nl\/fr\/produit\/lacier-corten-planteur-disa\/\" \/>\n<meta property=\"og:locale\" content=\"fr_FR\" \/>\n<meta property=\"og:type\" content=\"article\" \/>\n<meta property=\"og:title\" content=\"Cortenstaal plantenbak Disa, goedkoop bij cortenstaalverkoop.nl\" \/>\n<meta property=\"og:description\" content=\"\u2705 Cortenstaal plantenbak Disa in diverse maten.\u2705 de beste kwaliteit \u2705 5 jaar garantie! Bestel uw cortenstaal plantenbak goedkoop bij cortenstaalverkoop.nl!\" \/>\n<meta property=\"og:url\" content=\"https:\/\/cortenstaalverkoop.nl\/fr\/produit\/lacier-corten-planteur-disa\/\" \/>\n<meta property=\"og:site_name\" content=\"Cortenstaalverkoop.nl\" \/>\n<meta property=\"article:modified_time\" content=\"2026-03-27T15:29:14+00:00\" \/>\n<meta property=\"og:image\" content=\"https:\/\/cortenstaalverkoop.nl\/wp-content\/uploads\/2020\/06\/Extend-2-C.png\" \/>\n\t<meta property=\"og:image:width\" content=\"699\" \/>\n\t<meta property=\"og:image:height\" content=\"699\" \/>\n\t<meta property=\"og:image:type\" content=\"image\/png\" \/>\n<meta name=\"twitter:card\" content=\"summary_large_image\" \/>\n<meta name=\"twitter:label1\" content=\"Dur\u00e9e de lecture estim\u00e9e\" \/>\n\t<meta name=\"twitter:data1\" content=\"3 minutes\" \/>\n<script type=\"application\/ld+json\" class=\"yoast-schema-graph\">{\"@context\":\"https:\\\/\\\/schema.org\",\"@graph\":[{\"@type\":\"WebPage\",\"@id\":\"https:\\\/\\\/cortenstaalverkoop.nl\\\/product\\\/cortenstaal-plantenbak-disa\\\/\",\"url\":\"https:\\\/\\\/cortenstaalverkoop.nl\\\/product\\\/cortenstaal-plantenbak-disa\\\/\",\"name\":\"Cortenstaal plantenbak Disa, goedkoop bij cortenstaalverkoop.nl\",\"isPartOf\":{\"@id\":\"https:\\\/\\\/cortenstaalverkoop.nl\\\/#website\"},\"primaryImageOfPage\":{\"@id\":\"https:\\\/\\\/cortenstaalverkoop.nl\\\/product\\\/cortenstaal-plantenbak-disa\\\/#primaryimage\"},\"image\":{\"@id\":\"https:\\\/\\\/cortenstaalverkoop.nl\\\/product\\\/cortenstaal-plantenbak-disa\\\/#primaryimage\"},\"thumbnailUrl\":\"https:\\\/\\\/cortenstaalverkoop.nl\\\/wp-content\\\/uploads\\\/2020\\\/06\\\/Extend-2-C.png\",\"datePublished\":\"2020-06-06T19:24:30+00:00\",\"dateModified\":\"2026-03-27T15:29:14+00:00\",\"description\":\"\u2705 Cortenstaal plantenbak Disa in diverse maten.\u2705 de beste kwaliteit \u2705 5 jaar garantie! Bestel uw cortenstaal plantenbak goedkoop bij cortenstaalverkoop.nl!\",\"breadcrumb\":{\"@id\":\"https:\\\/\\\/cortenstaalverkoop.nl\\\/product\\\/cortenstaal-plantenbak-disa\\\/#breadcrumb\"},\"inLanguage\":\"fr-FR\",\"potentialAction\":[{\"@type\":\"ReadAction\",\"target\":[\"https:\\\/\\\/cortenstaalverkoop.nl\\\/product\\\/cortenstaal-plantenbak-disa\\\/\"]}]},{\"@type\":\"ImageObject\",\"inLanguage\":\"fr-FR\",\"@id\":\"https:\\\/\\\/cortenstaalverkoop.nl\\\/product\\\/cortenstaal-plantenbak-disa\\\/#primaryimage\",\"url\":\"https:\\\/\\\/cortenstaalverkoop.nl\\\/wp-content\\\/uploads\\\/2020\\\/06\\\/Extend-2-C.png\",\"contentUrl\":\"https:\\\/\\\/cortenstaalverkoop.nl\\\/wp-content\\\/uploads\\\/2020\\\/06\\\/Extend-2-C.png\",\"width\":699,\"height\":699,\"caption\":\"Cortenstaal plantenbak Disa\"},{\"@type\":\"BreadcrumbList\",\"@id\":\"https:\\\/\\\/cortenstaalverkoop.nl\\\/product\\\/cortenstaal-plantenbak-disa\\\/#breadcrumb\",\"itemListElement\":[{\"@type\":\"ListItem\",\"position\":1,\"name\":\"Home\",\"item\":\"https:\\\/\\\/cortenstaalverkoop.nl\\\/\"},{\"@type\":\"ListItem\",\"position\":2,\"name\":\"Assortiment\",\"item\":\"https:\\\/\\\/cortenstaalverkoop.nl\\\/assortiment-cortenstaal\\\/\"},{\"@type\":\"ListItem\",\"position\":3,\"name\":\"Cortenstaal plantenbak Disa\"}]},{\"@type\":\"WebSite\",\"@id\":\"https:\\\/\\\/cortenstaalverkoop.nl\\\/#website\",\"url\":\"https:\\\/\\\/cortenstaalverkoop.nl\\\/\",\"name\":\"Cortenstaalverkoop.nl\",\"description\":\"de cortenstaal specialist!\",\"publisher\":{\"@id\":\"https:\\\/\\\/cortenstaalverkoop.nl\\\/#organization\"},\"potentialAction\":[{\"@type\":\"SearchAction\",\"target\":{\"@type\":\"EntryPoint\",\"urlTemplate\":\"https:\\\/\\\/cortenstaalverkoop.nl\\\/?s={search_term_string}\"},\"query-input\":{\"@type\":\"PropertyValueSpecification\",\"valueRequired\":true,\"valueName\":\"search_term_string\"}}],\"inLanguage\":\"fr-FR\"},{\"@type\":\"Organization\",\"@id\":\"https:\\\/\\\/cortenstaalverkoop.nl\\\/#organization\",\"name\":\"Cortenstaalverkoop.nl\",\"url\":\"https:\\\/\\\/cortenstaalverkoop.nl\\\/\",\"logo\":{\"@type\":\"ImageObject\",\"inLanguage\":\"fr-FR\",\"@id\":\"https:\\\/\\\/cortenstaalverkoop.nl\\\/#\\\/schema\\\/logo\\\/image\\\/\",\"url\":\"https:\\\/\\\/cortenstaalverkoop.nl\\\/wp-content\\\/uploads\\\/2019\\\/11\\\/cortenstaal-logo-1.png\",\"contentUrl\":\"https:\\\/\\\/cortenstaalverkoop.nl\\\/wp-content\\\/uploads\\\/2019\\\/11\\\/cortenstaal-logo-1.png\",\"width\":480,\"height\":163,\"caption\":\"Cortenstaalverkoop.nl\"},\"image\":{\"@id\":\"https:\\\/\\\/cortenstaalverkoop.nl\\\/#\\\/schema\\\/logo\\\/image\\\/\"}}]}<\/script>\n<!-- \/ Yoast SEO plugin. -->","yoast_head_json":{"title":"L&#039;acier Cor-ten planteur Disa, bon march\u00e9, en cortenstaalverkoop.nl","description":"\u2705 L&#039;acier Cor-ten planteur Disa, dans une vari\u00e9t\u00e9 de tailles.\u2705 la meilleure qualit\u00e9 \u2705 garantie de 5 ans! Obtenir un acier cor-ten planteur est peu co\u00fbteux \u00e0 cortenstaalverkoop.nl!","robots":{"index":"index","follow":"follow","max-snippet":"max-snippet:-1","max-image-preview":"max-image-preview:large","max-video-preview":"max-video-preview:-1"},"canonical":"https:\/\/cortenstaalverkoop.nl\/fr\/produit\/lacier-corten-planteur-disa\/","og_locale":"fr_FR","og_type":"article","og_title":"Cortenstaal plantenbak Disa, goedkoop bij cortenstaalverkoop.nl","og_description":"\u2705 Cortenstaal plantenbak Disa in diverse maten.\u2705 de beste kwaliteit \u2705 5 jaar garantie! Bestel uw cortenstaal plantenbak goedkoop bij cortenstaalverkoop.nl!","og_url":"https:\/\/cortenstaalverkoop.nl\/fr\/produit\/lacier-corten-planteur-disa\/","og_site_name":"Cortenstaalverkoop.nl","article_modified_time":"2026-03-27T15:29:14+00:00","og_image":[{"width":699,"height":699,"url":"https:\/\/cortenstaalverkoop.nl\/wp-content\/uploads\/2020\/06\/Extend-2-C.png","type":"image\/png"}],"twitter_card":"summary_large_image","twitter_misc":{"Dur\u00e9e de lecture estim\u00e9e":"3 minutes"},"schema":{"@context":"https:\/\/schema.org","@graph":[{"@type":"WebPage","@id":"https:\/\/cortenstaalverkoop.nl\/product\/cortenstaal-plantenbak-disa\/","url":"https:\/\/cortenstaalverkoop.nl\/product\/cortenstaal-plantenbak-disa\/","name":"L&#039;acier Cor-ten planteur Disa, bon march\u00e9, en cortenstaalverkoop.nl","isPartOf":{"@id":"https:\/\/cortenstaalverkoop.nl\/#website"},"primaryImageOfPage":{"@id":"https:\/\/cortenstaalverkoop.nl\/product\/cortenstaal-plantenbak-disa\/#primaryimage"},"image":{"@id":"https:\/\/cortenstaalverkoop.nl\/product\/cortenstaal-plantenbak-disa\/#primaryimage"},"thumbnailUrl":"https:\/\/cortenstaalverkoop.nl\/wp-content\/uploads\/2020\/06\/Extend-2-C.png","datePublished":"2020-06-06T19:24:30+00:00","dateModified":"2026-03-27T15:29:14+00:00","description":"\u2705 L&#039;acier Cor-ten planteur Disa, dans une vari\u00e9t\u00e9 de tailles.\u2705 la meilleure qualit\u00e9 \u2705 garantie de 5 ans! Obtenir un acier cor-ten planteur est peu co\u00fbteux \u00e0 cortenstaalverkoop.nl!","breadcrumb":{"@id":"https:\/\/cortenstaalverkoop.nl\/product\/cortenstaal-plantenbak-disa\/#breadcrumb"},"inLanguage":"fr-FR","potentialAction":[{"@type":"ReadAction","target":["https:\/\/cortenstaalverkoop.nl\/product\/cortenstaal-plantenbak-disa\/"]}]},{"@type":"ImageObject","inLanguage":"fr-FR","@id":"https:\/\/cortenstaalverkoop.nl\/product\/cortenstaal-plantenbak-disa\/#primaryimage","url":"https:\/\/cortenstaalverkoop.nl\/wp-content\/uploads\/2020\/06\/Extend-2-C.png","contentUrl":"https:\/\/cortenstaalverkoop.nl\/wp-content\/uploads\/2020\/06\/Extend-2-C.png","width":699,"height":699,"caption":"Cortenstaal plantenbak Disa"},{"@type":"BreadcrumbList","@id":"https:\/\/cortenstaalverkoop.nl\/product\/cortenstaal-plantenbak-disa\/#breadcrumb","itemListElement":[{"@type":"ListItem","position":1,"name":"Home","item":"https:\/\/cortenstaalverkoop.nl\/"},{"@type":"ListItem","position":2,"name":"Assortiment","item":"https:\/\/cortenstaalverkoop.nl\/assortiment-cortenstaal\/"},{"@type":"ListItem","position":3,"name":"Cortenstaal plantenbak Disa"}]},{"@type":"WebSite","@id":"https:\/\/cortenstaalverkoop.nl\/#website","url":"https:\/\/cortenstaalverkoop.nl\/","name":"Cortenstaalverkoop.nl","description":"l&#039;acier cor-ten sp\u00e9cialiste!","publisher":{"@id":"https:\/\/cortenstaalverkoop.nl\/#organization"},"potentialAction":[{"@type":"SearchAction","target":{"@type":"EntryPoint","urlTemplate":"https:\/\/cortenstaalverkoop.nl\/?s={search_term_string}"},"query-input":{"@type":"PropertyValueSpecification","valueRequired":true,"valueName":"search_term_string"}}],"inLanguage":"fr-FR"},{"@type":"Organization","@id":"https:\/\/cortenstaalverkoop.nl\/#organization","name":"Cortenstaalverkoop.nl","url":"https:\/\/cortenstaalverkoop.nl\/","logo":{"@type":"ImageObject","inLanguage":"fr-FR","@id":"https:\/\/cortenstaalverkoop.nl\/#\/schema\/logo\/image\/","url":"https:\/\/cortenstaalverkoop.nl\/wp-content\/uploads\/2019\/11\/cortenstaal-logo-1.png","contentUrl":"https:\/\/cortenstaalverkoop.nl\/wp-content\/uploads\/2019\/11\/cortenstaal-logo-1.png","width":480,"height":163,"caption":"Cortenstaalverkoop.nl"},"image":{"@id":"https:\/\/cortenstaalverkoop.nl\/#\/schema\/logo\/image\/"}}]}},"_links":{"self":[{"href":"https:\/\/cortenstaalverkoop.nl\/fr\/wp-json\/wp\/v2\/product\/4785","targetHints":{"allow":["GET"]}}],"collection":[{"href":"https:\/\/cortenstaalverkoop.nl\/fr\/wp-json\/wp\/v2\/product"}],"about":[{"href":"https:\/\/cortenstaalverkoop.nl\/fr\/wp-json\/wp\/v2\/types\/product"}],"version-history":[{"count":5,"href":"https:\/\/cortenstaalverkoop.nl\/fr\/wp-json\/wp\/v2\/product\/4785\/revisions"}],"predecessor-version":[{"id":11104,"href":"https:\/\/cortenstaalverkoop.nl\/fr\/wp-json\/wp\/v2\/product\/4785\/revisions\/11104"}],"wp:featuredmedia":[{"embeddable":true,"href":"https:\/\/cortenstaalverkoop.nl\/fr\/wp-json\/wp\/v2\/media\/4788"}],"wp:attachment":[{"href":"https:\/\/cortenstaalverkoop.nl\/fr\/wp-json\/wp\/v2\/media?parent=4785"}],"wp:term":[{"taxonomy":"product_brand","embeddable":true,"href":"https:\/\/cortenstaalverkoop.nl\/fr\/wp-json\/wp\/v2\/product_brand?post=4785"},{"taxonomy":"product_cat","embeddable":true,"href":"https:\/\/cortenstaalverkoop.nl\/fr\/wp-json\/wp\/v2\/product_cat?post=4785"},{"taxonomy":"product_tag","embeddable":true,"href":"https:\/\/cortenstaalverkoop.nl\/fr\/wp-json\/wp\/v2\/product_tag?post=4785"}],"curies":[{"name":"wp","href":"https:\/\/api.w.org\/{rel}","templated":true}]}}