{"id":5012,"date":"2020-08-31T22:37:09","date_gmt":"2020-08-31T20:37:09","guid":{"rendered":"https:\/\/cortenstaalverkoop.nl\/?post_type=product&#038;p=5012"},"modified":"2026-04-20T16:20:07","modified_gmt":"2026-04-20T14:20:07","slug":"lacier-corten-cuisiniere-madamm","status":"publish","type":"product","link":"https:\/\/cortenstaalverkoop.nl\/fr\/product\/cortenstaal-keukenhaard-madamm\/","title":{"rendered":"L'acier corten cuisini\u00e8re Madamm"},"content":{"rendered":"<p>Cette <a href=\"https:\/\/nl.wikipedia.org\/wiki\/Cortenstaal\" target=\"_blank\" rel=\"noopener noreferrer\">l'acier corten<\/a> cuisini\u00e8re Madamm, c'est un tr\u00e8s beau po\u00eale \u00e0 bois sur le dessus d'une feuille de cuisson. Sur cette plaque, de 10 mm d'\u00e9paisseur, carbonstaal \u00eatre pr\u00e9par\u00e9 facilement, un beau morceau de viande ou de poisson, et des l\u00e9gumes. C'est la cuisson est mieux, parce que vous avez tous les ingr\u00e9dients ensemble et servir. D\u00e9couvrez un tout nouveau monde de possibilit\u00e9s pour la cuisson en plein air. La fin de deux plaques, il est possible d'avoir plus de place pour les recevoir. Si une prolongation suppl\u00e9mentaire, il est un support de c\u00f4t\u00e9, avec un acier inoxydable haut ou un couvercle en bois, disponible \u00e0 l'achat. Avec de simples panneaux lat\u00e9raux, haut de 40 cm plus large que cela. D'autres <a href=\"https:\/\/cortenstaalverkoop.nl\/cortenstaal\/cortenstaal-vuurelementen\/\" target=\"_blank\" rel=\"noopener noreferrer\">bbq<\/a> \u00e9galement disponible sur ce site.<\/p>\n<p><strong>Remarque importante:<\/strong><\/p>\n<p><strong>D\u00e8s la premi\u00e8re utilisation<\/strong> cet acier corten cuisini\u00e8re Madamm, il est tr\u00e8s important que vous commencez avec un petit feu, et \u00e0 25 minutes de marche du feu pour continuer sur le feu. Les poids-lourds plaque de cuisson sera en bas, plus chaud que dans la partie sup\u00e9rieure. En raison de cette diff\u00e9rence de temp\u00e9rature sera dans le trou de la plaque de traction. Apr\u00e8s la premi\u00e8re utilisation, le plateau est fix\u00e9 et le processus n'est plus n\u00e9cessaire.<br \/>\nL'unit\u00e9 de cuisson fonctionnera mieux s'il a \u00e9t\u00e9 utilis\u00e9 une ou deux fois et que l'huile a br\u00fbl\u00e9 dans la plaque. La cuisson sur la plaque de cuisson sera plus facile apr\u00e8s ce \u00ab\u00a0br\u00fblage\u00a0\u00bb et prot\u00e8ge la plaque contre la rouille lorsqu'elle n'est pas utilis\u00e9e. Il est pr\u00e9f\u00e9rable de faire frire avec de l'huile v\u00e9g\u00e9tale \u00e0 haut degr\u00e9 de combustion, par exemple de l'huile de tournesol.<\/p>\n<p>Apr\u00e8s environ 25 \u00e0 30 minutes, remuer la plaque de cuisson \u00e0 l&#039;int\u00e9rieur d&#039;une temp\u00e9rature de 275 \u00e0 300\u00b0C ont \u00e9t\u00e9 atteints. Si l&#039;incendie a \u00e9t\u00e9 cr\u00e9\u00e9, vous pouvez commencer avec la feuille de biscuit aux huiles, ajouter un peu plus d&#039;huile et de l&#039;endroit o\u00f9 vous allez le faire cuire. Sur l&#039;ext\u00e9rieur, c&#039;est la temp\u00e9rature un peu plus bas, de sorte que les gens peuvent passer \u00e0 la cuisson et \u00e0 conserver. Dans la chaleur de la plaque chaude va faire un petit creux dans le tirage au sort. Lorsque la plaque s&#039;est refroidi, il sera redresser compl\u00e8tement.<\/p>\n<p><strong>Le nettoyage de la cuisini\u00e8re Madamm, il n'est pas vraiment n\u00e9cessaire.<\/strong> L'huile de cuisson, et les restes peuvent \u00eatre utilis\u00e9s avec une spatule, dans le feu, peuvent \u00eatre abord\u00e9s. Il peut \u00eatre tout de la plaque chaude pour une utilisation avec un chiffon humide pour nettoyer. Le cuisini\u00e8re contre le vent et les intemp\u00e9ries et ne n\u00e9cessite aucun entretien.<\/p>","protected":false},"excerpt":{"rendered":"<p>Cette <a href=\"https:\/\/nl.wikipedia.org\/wiki\/Cortenstaal\" target=\"_blank\" rel=\"noopener noreferrer\">l'acier corten<\/a> cuisini\u00e8re Madamm, c'est un tr\u00e8s beau po\u00eale \u00e0 bois sur le dessus d'une feuille de cuisson. Sur cette plaque, de 10 mm d'\u00e9paisseur, carbonstaal \u00eatre pr\u00e9par\u00e9 facilement, un beau morceau de viande ou de poisson, et des l\u00e9gumes. C'est la cuisson est mieux, parce que vous avez tous les ingr\u00e9dients ensemble et servir. D\u00e9couvrez un tout nouveau monde de possibilit\u00e9s pour la cuisson en plein air. L'expansion de deux finales diff\u00e9rentes plaques (40 x 50 cm).<\/p>\n<ul>\n<li>gril \/ plancha \/ teppanyak 50 x 50 cm.<\/li>\n<li>La hauteur totale de 2 m\u00e8tres.<\/li>\n<li>Hauteur au dessus de l&#039;appareil \u00e0 85 cm).<\/li>\n<li>Taxe inclus. tuyau de diam\u00e8tre de 154 mm.<\/li>\n<li>Taxe inclus. la pac.<\/li>\n<li>Garantie de 5 ans.<\/li>\n<\/ul>","protected":false},"featured_media":5020,"template":"","meta":{"site-sidebar-layout":"default","site-content-layout":"default","ast-site-content-layout":"default","site-content-style":"default","site-sidebar-style":"default","ast-global-header-display":"","ast-banner-title-visibility":"","ast-main-header-display":"","ast-hfb-above-header-display":"","ast-hfb-below-header-display":"","ast-hfb-mobile-header-display":"","site-post-title":"","ast-breadcrumbs-content":"","ast-featured-img":"","footer-sml-layout":"","ast-disable-related-posts":"","theme-transparent-header-meta":"default","adv-header-id-meta":"","stick-header-meta":"","header-above-stick-meta":"","header-main-stick-meta":"","header-below-stick-meta":"","astra-migrate-meta-layouts":"set","ast-page-background-enabled":"default","ast-page-background-meta":{"desktop":{"background-color":"","background-image":"","background-repeat":"repeat","background-position":"center center","background-size":"auto","background-attachment":"scroll","background-type":"","background-media":"","overlay-type":"","overlay-color":"","overlay-opacity":"","overlay-gradient":""},"tablet":{"background-color":"","background-image":"","background-repeat":"repeat","background-position":"center center","background-size":"auto","background-attachment":"scroll","background-type":"","background-media":"","overlay-type":"","overlay-color":"","overlay-opacity":"","overlay-gradient":""},"mobile":{"background-color":"","background-image":"","background-repeat":"repeat","background-position":"center center","background-size":"auto","background-attachment":"scroll","background-type":"","background-media":"","overlay-type":"","overlay-color":"","overlay-opacity":"","overlay-gradient":""}},"ast-content-background-meta":{"desktop":{"background-color":"var(--ast-global-color-5)","background-image":"","background-repeat":"repeat","background-position":"center center","background-size":"auto","background-attachment":"scroll","background-type":"","background-media":"","overlay-type":"","overlay-color":"","overlay-opacity":"","overlay-gradient":""},"tablet":{"background-color":"var(--ast-global-color-5)","background-image":"","background-repeat":"repeat","background-position":"center center","background-size":"auto","background-attachment":"scroll","background-type":"","background-media":"","overlay-type":"","overlay-color":"","overlay-opacity":"","overlay-gradient":""},"mobile":{"background-color":"var(--ast-global-color-5)","background-image":"","background-repeat":"repeat","background-position":"center center","background-size":"auto","background-attachment":"scroll","background-type":"","background-media":"","overlay-type":"","overlay-color":"","overlay-opacity":"","overlay-gradient":""}}},"product_brand":[],"product_cat":[58],"product_tag":[],"class_list":{"0":"post-5012","1":"product","2":"type-product","3":"status-publish","4":"has-post-thumbnail","6":"product_cat-cortenstaal-vuurelementen","7":"product_shipping_class-transport-light","8":"desktop-align-left","9":"tablet-align-left","10":"mobile-align-left","12":"first","13":"instock","14":"taxable","15":"shipping-taxable","16":"purchasable","17":"product-type-variable"},"yoast_head":"<!-- This site is optimized with the Yoast SEO plugin v27.4 - https:\/\/yoast.com\/product\/yoast-seo-wordpress\/ -->\n<title>Cortenstaal keukenhaard Madamm voordelig bij cortenstaalverkoop.nl<\/title>\n<meta name=\"description\" content=\"\u2705 Cortenstaal keukenhaard Madamm + bakplaat \u2705 de beste kwaliteit \u2705 5 jaar garantie! Bestel uw keukenhaard goedkoop bij cortenstaalverkoop.nl\" \/>\n<meta name=\"robots\" content=\"index, follow, max-snippet:-1, max-image-preview:large, max-video-preview:-1\" \/>\n<link rel=\"canonical\" href=\"https:\/\/cortenstaalverkoop.nl\/fr\/produit\/lacier-corten-cuisiniere-madamm\/\" \/>\n<meta property=\"og:locale\" content=\"fr_FR\" \/>\n<meta property=\"og:type\" content=\"article\" \/>\n<meta property=\"og:title\" content=\"Cortenstaal keukenhaard Madamm voordelig bij cortenstaalverkoop.nl\" \/>\n<meta property=\"og:description\" content=\"\u2705 Cortenstaal keukenhaard Madamm + bakplaat \u2705 de beste kwaliteit \u2705 5 jaar garantie! Bestel uw keukenhaard goedkoop bij cortenstaalverkoop.nl\" \/>\n<meta property=\"og:url\" content=\"https:\/\/cortenstaalverkoop.nl\/fr\/produit\/lacier-corten-cuisiniere-madamm\/\" \/>\n<meta property=\"og:site_name\" content=\"Cortenstaalverkoop.nl\" \/>\n<meta property=\"article:modified_time\" content=\"2026-04-20T14:20:07+00:00\" \/>\n<meta property=\"og:image\" content=\"https:\/\/cortenstaalverkoop.nl\/wp-content\/uploads\/2020\/08\/buitenkeuken-Madamm4.jpg\" \/>\n\t<meta property=\"og:image:width\" content=\"2000\" \/>\n\t<meta property=\"og:image:height\" content=\"2000\" \/>\n\t<meta property=\"og:image:type\" content=\"image\/jpeg\" \/>\n<meta name=\"twitter:card\" content=\"summary_large_image\" \/>\n<meta name=\"twitter:label1\" content=\"Dur\u00e9e de lecture estim\u00e9e\" \/>\n\t<meta name=\"twitter:data1\" content=\"2 minutes\" \/>\n<script type=\"application\/ld+json\" class=\"yoast-schema-graph\">{\"@context\":\"https:\\\/\\\/schema.org\",\"@graph\":[{\"@type\":\"WebPage\",\"@id\":\"https:\\\/\\\/cortenstaalverkoop.nl\\\/product\\\/cortenstaal-keukenhaard-madamm\\\/\",\"url\":\"https:\\\/\\\/cortenstaalverkoop.nl\\\/product\\\/cortenstaal-keukenhaard-madamm\\\/\",\"name\":\"Cortenstaal keukenhaard Madamm voordelig bij cortenstaalverkoop.nl\",\"isPartOf\":{\"@id\":\"https:\\\/\\\/cortenstaalverkoop.nl\\\/#website\"},\"primaryImageOfPage\":{\"@id\":\"https:\\\/\\\/cortenstaalverkoop.nl\\\/product\\\/cortenstaal-keukenhaard-madamm\\\/#primaryimage\"},\"image\":{\"@id\":\"https:\\\/\\\/cortenstaalverkoop.nl\\\/product\\\/cortenstaal-keukenhaard-madamm\\\/#primaryimage\"},\"thumbnailUrl\":\"https:\\\/\\\/cortenstaalverkoop.nl\\\/wp-content\\\/uploads\\\/2020\\\/08\\\/buitenkeuken-Madamm4.jpg\",\"datePublished\":\"2020-08-31T20:37:09+00:00\",\"dateModified\":\"2026-04-20T14:20:07+00:00\",\"description\":\"\u2705 Cortenstaal keukenhaard Madamm + bakplaat \u2705 de beste kwaliteit \u2705 5 jaar garantie! Bestel uw keukenhaard goedkoop bij cortenstaalverkoop.nl\",\"breadcrumb\":{\"@id\":\"https:\\\/\\\/cortenstaalverkoop.nl\\\/product\\\/cortenstaal-keukenhaard-madamm\\\/#breadcrumb\"},\"inLanguage\":\"fr-FR\",\"potentialAction\":[{\"@type\":\"ReadAction\",\"target\":[\"https:\\\/\\\/cortenstaalverkoop.nl\\\/product\\\/cortenstaal-keukenhaard-madamm\\\/\"]}]},{\"@type\":\"ImageObject\",\"inLanguage\":\"fr-FR\",\"@id\":\"https:\\\/\\\/cortenstaalverkoop.nl\\\/product\\\/cortenstaal-keukenhaard-madamm\\\/#primaryimage\",\"url\":\"https:\\\/\\\/cortenstaalverkoop.nl\\\/wp-content\\\/uploads\\\/2020\\\/08\\\/buitenkeuken-Madamm4.jpg\",\"contentUrl\":\"https:\\\/\\\/cortenstaalverkoop.nl\\\/wp-content\\\/uploads\\\/2020\\\/08\\\/buitenkeuken-Madamm4.jpg\",\"width\":2000,\"height\":2000,\"caption\":\"Cortenstaal keukenhaard Madamm\"},{\"@type\":\"BreadcrumbList\",\"@id\":\"https:\\\/\\\/cortenstaalverkoop.nl\\\/product\\\/cortenstaal-keukenhaard-madamm\\\/#breadcrumb\",\"itemListElement\":[{\"@type\":\"ListItem\",\"position\":1,\"name\":\"Home\",\"item\":\"https:\\\/\\\/cortenstaalverkoop.nl\\\/\"},{\"@type\":\"ListItem\",\"position\":2,\"name\":\"Assortiment\",\"item\":\"https:\\\/\\\/cortenstaalverkoop.nl\\\/assortiment-cortenstaal\\\/\"},{\"@type\":\"ListItem\",\"position\":3,\"name\":\"Cortenstaal keukenhaard Madamm\"}]},{\"@type\":\"WebSite\",\"@id\":\"https:\\\/\\\/cortenstaalverkoop.nl\\\/#website\",\"url\":\"https:\\\/\\\/cortenstaalverkoop.nl\\\/\",\"name\":\"Cortenstaalverkoop.nl\",\"description\":\"de cortenstaal specialist!\",\"publisher\":{\"@id\":\"https:\\\/\\\/cortenstaalverkoop.nl\\\/#organization\"},\"potentialAction\":[{\"@type\":\"SearchAction\",\"target\":{\"@type\":\"EntryPoint\",\"urlTemplate\":\"https:\\\/\\\/cortenstaalverkoop.nl\\\/?s={search_term_string}\"},\"query-input\":{\"@type\":\"PropertyValueSpecification\",\"valueRequired\":true,\"valueName\":\"search_term_string\"}}],\"inLanguage\":\"fr-FR\"},{\"@type\":\"Organization\",\"@id\":\"https:\\\/\\\/cortenstaalverkoop.nl\\\/#organization\",\"name\":\"Cortenstaalverkoop.nl\",\"url\":\"https:\\\/\\\/cortenstaalverkoop.nl\\\/\",\"logo\":{\"@type\":\"ImageObject\",\"inLanguage\":\"fr-FR\",\"@id\":\"https:\\\/\\\/cortenstaalverkoop.nl\\\/#\\\/schema\\\/logo\\\/image\\\/\",\"url\":\"https:\\\/\\\/cortenstaalverkoop.nl\\\/wp-content\\\/uploads\\\/2019\\\/11\\\/cortenstaal-logo-1.png\",\"contentUrl\":\"https:\\\/\\\/cortenstaalverkoop.nl\\\/wp-content\\\/uploads\\\/2019\\\/11\\\/cortenstaal-logo-1.png\",\"width\":480,\"height\":163,\"caption\":\"Cortenstaalverkoop.nl\"},\"image\":{\"@id\":\"https:\\\/\\\/cortenstaalverkoop.nl\\\/#\\\/schema\\\/logo\\\/image\\\/\"}}]}<\/script>\n<!-- \/ Yoast SEO plugin. -->","yoast_head_json":{"title":"Cortenstaal keukenhaard Madamm voordelig bij cortenstaalverkoop.nl","description":"\u2705 L&#039;acier Cor-ten keukenhaard Madamm + plaque de cuisson \u2705 meilleure qualit\u00e9 \u2705 garantie de 5 ans! Obtenez votre keukenhaard est bon march\u00e9 dans cortenstaalverkoop.nl","robots":{"index":"index","follow":"follow","max-snippet":"max-snippet:-1","max-image-preview":"max-image-preview:large","max-video-preview":"max-video-preview:-1"},"canonical":"https:\/\/cortenstaalverkoop.nl\/fr\/produit\/lacier-corten-cuisiniere-madamm\/","og_locale":"fr_FR","og_type":"article","og_title":"Cortenstaal keukenhaard Madamm voordelig bij cortenstaalverkoop.nl","og_description":"\u2705 Cortenstaal keukenhaard Madamm + bakplaat \u2705 de beste kwaliteit \u2705 5 jaar garantie! Bestel uw keukenhaard goedkoop bij cortenstaalverkoop.nl","og_url":"https:\/\/cortenstaalverkoop.nl\/fr\/produit\/lacier-corten-cuisiniere-madamm\/","og_site_name":"Cortenstaalverkoop.nl","article_modified_time":"2026-04-20T14:20:07+00:00","og_image":[{"width":2000,"height":2000,"url":"https:\/\/cortenstaalverkoop.nl\/wp-content\/uploads\/2020\/08\/buitenkeuken-Madamm4.jpg","type":"image\/jpeg"}],"twitter_card":"summary_large_image","twitter_misc":{"Dur\u00e9e de lecture estim\u00e9e":"2 minutes"},"schema":{"@context":"https:\/\/schema.org","@graph":[{"@type":"WebPage","@id":"https:\/\/cortenstaalverkoop.nl\/product\/cortenstaal-keukenhaard-madamm\/","url":"https:\/\/cortenstaalverkoop.nl\/product\/cortenstaal-keukenhaard-madamm\/","name":"Cortenstaal keukenhaard Madamm voordelig bij cortenstaalverkoop.nl","isPartOf":{"@id":"https:\/\/cortenstaalverkoop.nl\/#website"},"primaryImageOfPage":{"@id":"https:\/\/cortenstaalverkoop.nl\/product\/cortenstaal-keukenhaard-madamm\/#primaryimage"},"image":{"@id":"https:\/\/cortenstaalverkoop.nl\/product\/cortenstaal-keukenhaard-madamm\/#primaryimage"},"thumbnailUrl":"https:\/\/cortenstaalverkoop.nl\/wp-content\/uploads\/2020\/08\/buitenkeuken-Madamm4.jpg","datePublished":"2020-08-31T20:37:09+00:00","dateModified":"2026-04-20T14:20:07+00:00","description":"\u2705 L&#039;acier Cor-ten keukenhaard Madamm + plaque de cuisson \u2705 meilleure qualit\u00e9 \u2705 garantie de 5 ans! Obtenez votre keukenhaard est bon march\u00e9 dans cortenstaalverkoop.nl","breadcrumb":{"@id":"https:\/\/cortenstaalverkoop.nl\/product\/cortenstaal-keukenhaard-madamm\/#breadcrumb"},"inLanguage":"fr-FR","potentialAction":[{"@type":"ReadAction","target":["https:\/\/cortenstaalverkoop.nl\/product\/cortenstaal-keukenhaard-madamm\/"]}]},{"@type":"ImageObject","inLanguage":"fr-FR","@id":"https:\/\/cortenstaalverkoop.nl\/product\/cortenstaal-keukenhaard-madamm\/#primaryimage","url":"https:\/\/cortenstaalverkoop.nl\/wp-content\/uploads\/2020\/08\/buitenkeuken-Madamm4.jpg","contentUrl":"https:\/\/cortenstaalverkoop.nl\/wp-content\/uploads\/2020\/08\/buitenkeuken-Madamm4.jpg","width":2000,"height":2000,"caption":"Cortenstaal keukenhaard Madamm"},{"@type":"BreadcrumbList","@id":"https:\/\/cortenstaalverkoop.nl\/product\/cortenstaal-keukenhaard-madamm\/#breadcrumb","itemListElement":[{"@type":"ListItem","position":1,"name":"Home","item":"https:\/\/cortenstaalverkoop.nl\/"},{"@type":"ListItem","position":2,"name":"Assortiment","item":"https:\/\/cortenstaalverkoop.nl\/assortiment-cortenstaal\/"},{"@type":"ListItem","position":3,"name":"Cortenstaal keukenhaard Madamm"}]},{"@type":"WebSite","@id":"https:\/\/cortenstaalverkoop.nl\/#website","url":"https:\/\/cortenstaalverkoop.nl\/","name":"Cortenstaalverkoop.nl","description":"l&#039;acier cor-ten sp\u00e9cialiste!","publisher":{"@id":"https:\/\/cortenstaalverkoop.nl\/#organization"},"potentialAction":[{"@type":"SearchAction","target":{"@type":"EntryPoint","urlTemplate":"https:\/\/cortenstaalverkoop.nl\/?s={search_term_string}"},"query-input":{"@type":"PropertyValueSpecification","valueRequired":true,"valueName":"search_term_string"}}],"inLanguage":"fr-FR"},{"@type":"Organization","@id":"https:\/\/cortenstaalverkoop.nl\/#organization","name":"Cortenstaalverkoop.nl","url":"https:\/\/cortenstaalverkoop.nl\/","logo":{"@type":"ImageObject","inLanguage":"fr-FR","@id":"https:\/\/cortenstaalverkoop.nl\/#\/schema\/logo\/image\/","url":"https:\/\/cortenstaalverkoop.nl\/wp-content\/uploads\/2019\/11\/cortenstaal-logo-1.png","contentUrl":"https:\/\/cortenstaalverkoop.nl\/wp-content\/uploads\/2019\/11\/cortenstaal-logo-1.png","width":480,"height":163,"caption":"Cortenstaalverkoop.nl"},"image":{"@id":"https:\/\/cortenstaalverkoop.nl\/#\/schema\/logo\/image\/"}}]}},"_links":{"self":[{"href":"https:\/\/cortenstaalverkoop.nl\/fr\/wp-json\/wp\/v2\/product\/5012","targetHints":{"allow":["GET"]}}],"collection":[{"href":"https:\/\/cortenstaalverkoop.nl\/fr\/wp-json\/wp\/v2\/product"}],"about":[{"href":"https:\/\/cortenstaalverkoop.nl\/fr\/wp-json\/wp\/v2\/types\/product"}],"version-history":[{"count":7,"href":"https:\/\/cortenstaalverkoop.nl\/fr\/wp-json\/wp\/v2\/product\/5012\/revisions"}],"predecessor-version":[{"id":11177,"href":"https:\/\/cortenstaalverkoop.nl\/fr\/wp-json\/wp\/v2\/product\/5012\/revisions\/11177"}],"wp:featuredmedia":[{"embeddable":true,"href":"https:\/\/cortenstaalverkoop.nl\/fr\/wp-json\/wp\/v2\/media\/5020"}],"wp:attachment":[{"href":"https:\/\/cortenstaalverkoop.nl\/fr\/wp-json\/wp\/v2\/media?parent=5012"}],"wp:term":[{"taxonomy":"product_brand","embeddable":true,"href":"https:\/\/cortenstaalverkoop.nl\/fr\/wp-json\/wp\/v2\/product_brand?post=5012"},{"taxonomy":"product_cat","embeddable":true,"href":"https:\/\/cortenstaalverkoop.nl\/fr\/wp-json\/wp\/v2\/product_cat?post=5012"},{"taxonomy":"product_tag","embeddable":true,"href":"https:\/\/cortenstaalverkoop.nl\/fr\/wp-json\/wp\/v2\/product_tag?post=5012"}],"curies":[{"name":"wp","href":"https:\/\/api.w.org\/{rel}","templated":true}]}}