{"id":5123,"date":"2020-12-03T12:36:17","date_gmt":"2020-12-03T11:36:17","guid":{"rendered":"https:\/\/cortenstaalverkoop.nl\/?post_type=product&#038;p=5123"},"modified":"2025-11-20T14:38:13","modified_gmt":"2025-11-20T13:38:13","slug":"lacier-corten-bloc-deau-carree","status":"publish","type":"product","link":"https:\/\/cortenstaalverkoop.nl\/fr\/product\/cortenstaal-waterblok\/","title":{"rendered":"L'acier Corten Bloc d\u2019eau carr\u00e9e"},"content":{"rendered":"<p>Voulez-vous avoir une magnifique fontaine dans votre jardin? Alors, le bloc d'eau en acier corten pourrait \u00eatre quelque chose pour vous! Cet objet unique cr\u00e9e une belle et remarquable fontaine dans votre jardin, o\u00f9 vous pouvez profiter de l'eau courante depuis quatre c\u00f4t\u00e9s diff\u00e9rents. Le bloc d'eau en acier corten est livr\u00e9 avec un \u00e9clairage LED, une fontaine et une pompe, ce qui en fait un ensemble complet. L'eau jaillit du pulv\u00e9risateur en acier inoxydable avec \u00e9clairage LED au milieu de la plaque sup\u00e9rieure, puis coule uniform\u00e9ment le long des c\u00f4t\u00e9s du bloc dans le r\u00e9servoir de r\u00e9cup\u00e9ration souterrain. Il existe plusieurs <a href=\"https:\/\/cortenstaalverkoop.nl\/product\/cortenstaal-watertafel-rechthoekig\/\" target=\"_blank\" rel=\"noopener\">les tables de l&#039;eau<\/a> disponibles et l'\u00e9clairage LED cr\u00e9e une ambiance suppl\u00e9mentaire dans l'obscurit\u00e9.<\/p>\n<h4>Remarque importante:<\/h4>\n<ul>\n<li>L'acier corten Bloc d\u2019eau, placez-le sur une surface plane et stable.<\/li>\n<li>Le meilleur de la valeur du Ph de l&#039;eau est de 7 (neutre), et qui va vous donner le meilleur roestproces.<\/li>\n<li>L&#039;eau les tableaux sont livr\u00e9s avec la pompe et l&#039;\u00e9clairage LED.<\/li>\n<li>Produits, directement apr\u00e8s la livraison de l&#039;extraction. Peut-humidit\u00e9 entre l&#039;emballage et le produit dans le temps. Ou peut-\u00eatre une irr\u00e9gularit\u00e9 de la rouille et de la cause de la coloration.<\/li>\n<\/ul>\n<h5>L&#039;utiliser en hiver<\/h5>\n<ul>\n<li>Quand il g\u00e8le, d\u00e9branchez toujours le cordon d&#039;alimentation de la prise murale avant de poursuivre.<\/li>\n<li>Le niveau d&#039;eau baisse d&#039;au moins 10 cm de haut.<\/li>\n<li>\u201cUn vorstvrijhouder est recommand\u00e9 et est disponible \u00e0 n&#039;importe quel centre de jardin ou un magasin de r\u00e9novation domiciliaire.<\/li>\n<li>La pompe peut rester dans l&#039;eau si toutes les conditions ci-dessus ont \u00e9t\u00e9 respect\u00e9es.<\/li>\n<li>Vous pouvez \u00e9galement vider le ramassage des d\u00e9chets. Et puis, avec la pompe dans un gel-place de libre dans l&#039;eau pendant l&#039;hiver.<\/li>\n<\/ul>\n<h5>Informations sur le produit: acier corten:<\/h5>\n<p><a href=\"https:\/\/nl.wikipedia.org\/wiki\/Cortenstaal\" target=\"_blank\" rel=\"noopener noreferrer\">L&#039;acier Cor-Ten<\/a> \u00e9galement connu sous le nom d'acier r\u00e9sistant aux intemp\u00e9ries. C'est un alliage m\u00e9tallique compos\u00e9 de fer, de cuivre, le silicium, le nickel et le chrome sont ajout\u00e9s. L'acier Cor-ten est une tr\u00e8s forte type d'acier. En raison de la capacit\u00e9 \u00e0 se concentrer sur l'exposition \u00e0 l'air, de le couvrir avec une protection de la rouille de la couche. C'est la plante naturelle de la rouille est une couche de protection contre la corrosion.<\/p>\n<p>Livraison gratuite aux Pays-Bas, Belgique. Les frais de port pour l'Allemagne, le Luxembourg et la France commencent \u00e0 280 euros pour la commande enti\u00e8re.<\/p>","protected":false},"excerpt":{"rendered":"<p>L'acier corten Bloc d\u2019eau carr\u00e9e avec la LED s'allume, l'eau de la fontaine(s), et d'une pompe. L'eau des bulles qui sortent de l'acier inoxydable buses avec des lumi\u00e8res LED, dans le milieu de la plaque. Ci-apr\u00e8s d\u00e9nomm\u00e9 l'eau est uniform\u00e9ment sur les c\u00f4t\u00e9s du bloc, dans le m\u00e9tro, les d\u00e9chets, et puis re-pomp\u00e9. Le c\u00e2ble est un overloopconstructie au fond du r\u00e9cipient, de sorte qu'il peut ne pas \u00eatre visible. Le Bloc d\u2019eau doit \u00eatre peu d'entretien, et il est tr\u00e8s adapt\u00e9 pour les enfants car il n'y a pas une couche profonde.<\/p>\n<ul>\n<li>La taille de l&#039;unit\u00e9: 70 x 70 x 70 cm.<\/li>\n<li>Taille de plateau: 110 x 110 x 38 cm.<\/li>\n<li>L&#039;\u00e9paisseur du mat\u00e9riau: 3 mm d&#039;\u00e9paisseur.<\/li>\n<li>Poids: 150 LBS.<\/li>\n<li>Finition: non trait\u00e9, acier cor-ten.<\/li>\n<li>Bloc d\u2019eau et est \u00e9quip\u00e9 d'un \u00e9clairage \u00e0 Led, et le correspondant de la pompe cordon d'alimentation.<\/li>\n<li>Levertijd enkelen weken!<\/li>\n<\/ul>","protected":false},"featured_media":5204,"template":"","meta":{"site-sidebar-layout":"default","site-content-layout":"default","ast-site-content-layout":"default","site-content-style":"default","site-sidebar-style":"default","ast-global-header-display":"","ast-banner-title-visibility":"","ast-main-header-display":"","ast-hfb-above-header-display":"","ast-hfb-below-header-display":"","ast-hfb-mobile-header-display":"","site-post-title":"","ast-breadcrumbs-content":"","ast-featured-img":"","footer-sml-layout":"","ast-disable-related-posts":"","theme-transparent-header-meta":"default","adv-header-id-meta":"","stick-header-meta":"","header-above-stick-meta":"","header-main-stick-meta":"","header-below-stick-meta":"","astra-migrate-meta-layouts":"set","ast-page-background-enabled":"default","ast-page-background-meta":{"desktop":{"background-color":"","background-image":"","background-repeat":"repeat","background-position":"center center","background-size":"auto","background-attachment":"scroll","background-type":"","background-media":"","overlay-type":"","overlay-color":"","overlay-opacity":"","overlay-gradient":""},"tablet":{"background-color":"","background-image":"","background-repeat":"repeat","background-position":"center center","background-size":"auto","background-attachment":"scroll","background-type":"","background-media":"","overlay-type":"","overlay-color":"","overlay-opacity":"","overlay-gradient":""},"mobile":{"background-color":"","background-image":"","background-repeat":"repeat","background-position":"center center","background-size":"auto","background-attachment":"scroll","background-type":"","background-media":"","overlay-type":"","overlay-color":"","overlay-opacity":"","overlay-gradient":""}},"ast-content-background-meta":{"desktop":{"background-color":"var(--ast-global-color-5)","background-image":"","background-repeat":"repeat","background-position":"center center","background-size":"auto","background-attachment":"scroll","background-type":"","background-media":"","overlay-type":"","overlay-color":"","overlay-opacity":"","overlay-gradient":""},"tablet":{"background-color":"var(--ast-global-color-5)","background-image":"","background-repeat":"repeat","background-position":"center center","background-size":"auto","background-attachment":"scroll","background-type":"","background-media":"","overlay-type":"","overlay-color":"","overlay-opacity":"","overlay-gradient":""},"mobile":{"background-color":"var(--ast-global-color-5)","background-image":"","background-repeat":"repeat","background-position":"center center","background-size":"auto","background-attachment":"scroll","background-type":"","background-media":"","overlay-type":"","overlay-color":"","overlay-opacity":"","overlay-gradient":""}}},"product_brand":[],"product_cat":[60],"product_tag":[],"class_list":{"0":"post-5123","1":"product","2":"type-product","3":"status-publish","4":"has-post-thumbnail","6":"product_cat-cortenstaal-waterelementen","7":"product_shipping_class-transport-heavy","8":"desktop-align-left","9":"tablet-align-left","10":"mobile-align-left","12":"first","13":"instock","14":"taxable","15":"shipping-taxable","16":"purchasable","17":"product-type-simple"},"yoast_head":"<!-- This site is optimized with the Yoast SEO plugin v27.3 - https:\/\/yoast.com\/product\/yoast-seo-wordpress\/ -->\n<title>Cortenstaal waterblok koopt u goedkoop bij cortenstaalverkoop.nl<\/title>\n<meta name=\"description\" content=\"\u2705 Cortenstaal waterblok met fontein.\u2705 de beste kwaliteit \u2705 5 jaar garantie! Bestel uw cortenstaal waterblokl goedkoop bij cortenstaalverkoop.nl!\" \/>\n<meta name=\"robots\" content=\"index, follow, max-snippet:-1, max-image-preview:large, max-video-preview:-1\" \/>\n<link rel=\"canonical\" href=\"https:\/\/cortenstaalverkoop.nl\/fr\/produit\/lacier-corten-bloc-deau-carree\/\" \/>\n<meta property=\"og:locale\" content=\"fr_FR\" \/>\n<meta property=\"og:type\" content=\"article\" \/>\n<meta property=\"og:title\" content=\"Cortenstaal waterblok koopt u goedkoop bij cortenstaalverkoop.nl\" \/>\n<meta property=\"og:description\" content=\"\u2705 Cortenstaal waterblok met fontein.\u2705 de beste kwaliteit \u2705 5 jaar garantie! Bestel uw cortenstaal waterblokl goedkoop bij cortenstaalverkoop.nl!\" \/>\n<meta property=\"og:url\" content=\"https:\/\/cortenstaalverkoop.nl\/fr\/produit\/lacier-corten-bloc-deau-carree\/\" \/>\n<meta property=\"og:site_name\" content=\"Cortenstaalverkoop.nl\" \/>\n<meta property=\"article:modified_time\" content=\"2025-11-20T13:38:13+00:00\" \/>\n<meta property=\"og:image\" content=\"https:\/\/cortenstaalverkoop.nl\/wp-content\/uploads\/2020\/12\/WATERBLOK-CWB-01.jpg\" \/>\n\t<meta property=\"og:image:width\" content=\"2000\" \/>\n\t<meta property=\"og:image:height\" content=\"2000\" \/>\n\t<meta property=\"og:image:type\" content=\"image\/jpeg\" \/>\n<meta name=\"twitter:card\" content=\"summary_large_image\" \/>\n<meta name=\"twitter:label1\" content=\"Dur\u00e9e de lecture estim\u00e9e\" \/>\n\t<meta name=\"twitter:data1\" content=\"2 minutes\" \/>\n<script type=\"application\/ld+json\" class=\"yoast-schema-graph\">{\"@context\":\"https:\\\/\\\/schema.org\",\"@graph\":[{\"@type\":\"WebPage\",\"@id\":\"https:\\\/\\\/cortenstaalverkoop.nl\\\/product\\\/cortenstaal-waterblok\\\/\",\"url\":\"https:\\\/\\\/cortenstaalverkoop.nl\\\/product\\\/cortenstaal-waterblok\\\/\",\"name\":\"Cortenstaal waterblok koopt u goedkoop bij cortenstaalverkoop.nl\",\"isPartOf\":{\"@id\":\"https:\\\/\\\/cortenstaalverkoop.nl\\\/#website\"},\"primaryImageOfPage\":{\"@id\":\"https:\\\/\\\/cortenstaalverkoop.nl\\\/product\\\/cortenstaal-waterblok\\\/#primaryimage\"},\"image\":{\"@id\":\"https:\\\/\\\/cortenstaalverkoop.nl\\\/product\\\/cortenstaal-waterblok\\\/#primaryimage\"},\"thumbnailUrl\":\"https:\\\/\\\/cortenstaalverkoop.nl\\\/wp-content\\\/uploads\\\/2020\\\/12\\\/WATERBLOK-CWB-01.jpg\",\"datePublished\":\"2020-12-03T11:36:17+00:00\",\"dateModified\":\"2025-11-20T13:38:13+00:00\",\"description\":\"\u2705 Cortenstaal waterblok met fontein.\u2705 de beste kwaliteit \u2705 5 jaar garantie! Bestel uw cortenstaal waterblokl goedkoop bij cortenstaalverkoop.nl!\",\"breadcrumb\":{\"@id\":\"https:\\\/\\\/cortenstaalverkoop.nl\\\/product\\\/cortenstaal-waterblok\\\/#breadcrumb\"},\"inLanguage\":\"fr-FR\",\"potentialAction\":[{\"@type\":\"ReadAction\",\"target\":[\"https:\\\/\\\/cortenstaalverkoop.nl\\\/product\\\/cortenstaal-waterblok\\\/\"]}]},{\"@type\":\"ImageObject\",\"inLanguage\":\"fr-FR\",\"@id\":\"https:\\\/\\\/cortenstaalverkoop.nl\\\/product\\\/cortenstaal-waterblok\\\/#primaryimage\",\"url\":\"https:\\\/\\\/cortenstaalverkoop.nl\\\/wp-content\\\/uploads\\\/2020\\\/12\\\/WATERBLOK-CWB-01.jpg\",\"contentUrl\":\"https:\\\/\\\/cortenstaalverkoop.nl\\\/wp-content\\\/uploads\\\/2020\\\/12\\\/WATERBLOK-CWB-01.jpg\",\"width\":2000,\"height\":2000,\"caption\":\"cortenstaal waterblok\"},{\"@type\":\"BreadcrumbList\",\"@id\":\"https:\\\/\\\/cortenstaalverkoop.nl\\\/product\\\/cortenstaal-waterblok\\\/#breadcrumb\",\"itemListElement\":[{\"@type\":\"ListItem\",\"position\":1,\"name\":\"Home\",\"item\":\"https:\\\/\\\/cortenstaalverkoop.nl\\\/\"},{\"@type\":\"ListItem\",\"position\":2,\"name\":\"Assortiment\",\"item\":\"https:\\\/\\\/cortenstaalverkoop.nl\\\/assortiment-cortenstaal\\\/\"},{\"@type\":\"ListItem\",\"position\":3,\"name\":\"Cortenstaal waterblok\"}]},{\"@type\":\"WebSite\",\"@id\":\"https:\\\/\\\/cortenstaalverkoop.nl\\\/#website\",\"url\":\"https:\\\/\\\/cortenstaalverkoop.nl\\\/\",\"name\":\"Cortenstaalverkoop.nl\",\"description\":\"de cortenstaal specialist!\",\"publisher\":{\"@id\":\"https:\\\/\\\/cortenstaalverkoop.nl\\\/#organization\"},\"potentialAction\":[{\"@type\":\"SearchAction\",\"target\":{\"@type\":\"EntryPoint\",\"urlTemplate\":\"https:\\\/\\\/cortenstaalverkoop.nl\\\/?s={search_term_string}\"},\"query-input\":{\"@type\":\"PropertyValueSpecification\",\"valueRequired\":true,\"valueName\":\"search_term_string\"}}],\"inLanguage\":\"fr-FR\"},{\"@type\":\"Organization\",\"@id\":\"https:\\\/\\\/cortenstaalverkoop.nl\\\/#organization\",\"name\":\"Cortenstaalverkoop.nl\",\"url\":\"https:\\\/\\\/cortenstaalverkoop.nl\\\/\",\"logo\":{\"@type\":\"ImageObject\",\"inLanguage\":\"fr-FR\",\"@id\":\"https:\\\/\\\/cortenstaalverkoop.nl\\\/#\\\/schema\\\/logo\\\/image\\\/\",\"url\":\"https:\\\/\\\/cortenstaalverkoop.nl\\\/wp-content\\\/uploads\\\/2019\\\/11\\\/cortenstaal-logo-1.png\",\"contentUrl\":\"https:\\\/\\\/cortenstaalverkoop.nl\\\/wp-content\\\/uploads\\\/2019\\\/11\\\/cortenstaal-logo-1.png\",\"width\":480,\"height\":163,\"caption\":\"Cortenstaalverkoop.nl\"},\"image\":{\"@id\":\"https:\\\/\\\/cortenstaalverkoop.nl\\\/#\\\/schema\\\/logo\\\/image\\\/\"}}]}<\/script>\n<!-- \/ Yoast SEO plugin. -->","yoast_head_json":{"title":"L&#039;acier Cor-ten waterblok vous pouvez acheter \u00e0 bas prix au cortenstaalverkoop.nl","description":"\u2705 L&#039;acier Cor-ten waterblok avec une fontaine d&#039;eau.\u2705 la meilleure qualit\u00e9 \u2705 garantie de 5 ans! Obtenir un acier cor-ten waterblokl est bon march\u00e9 dans cortenstaalverkoop.nl!","robots":{"index":"index","follow":"follow","max-snippet":"max-snippet:-1","max-image-preview":"max-image-preview:large","max-video-preview":"max-video-preview:-1"},"canonical":"https:\/\/cortenstaalverkoop.nl\/fr\/produit\/lacier-corten-bloc-deau-carree\/","og_locale":"fr_FR","og_type":"article","og_title":"Cortenstaal waterblok koopt u goedkoop bij cortenstaalverkoop.nl","og_description":"\u2705 Cortenstaal waterblok met fontein.\u2705 de beste kwaliteit \u2705 5 jaar garantie! Bestel uw cortenstaal waterblokl goedkoop bij cortenstaalverkoop.nl!","og_url":"https:\/\/cortenstaalverkoop.nl\/fr\/produit\/lacier-corten-bloc-deau-carree\/","og_site_name":"Cortenstaalverkoop.nl","article_modified_time":"2025-11-20T13:38:13+00:00","og_image":[{"width":2000,"height":2000,"url":"https:\/\/cortenstaalverkoop.nl\/wp-content\/uploads\/2020\/12\/WATERBLOK-CWB-01.jpg","type":"image\/jpeg"}],"twitter_card":"summary_large_image","twitter_misc":{"Dur\u00e9e de lecture estim\u00e9e":"2 minutes"},"schema":{"@context":"https:\/\/schema.org","@graph":[{"@type":"WebPage","@id":"https:\/\/cortenstaalverkoop.nl\/product\/cortenstaal-waterblok\/","url":"https:\/\/cortenstaalverkoop.nl\/product\/cortenstaal-waterblok\/","name":"L&#039;acier Cor-ten waterblok vous pouvez acheter \u00e0 bas prix au cortenstaalverkoop.nl","isPartOf":{"@id":"https:\/\/cortenstaalverkoop.nl\/#website"},"primaryImageOfPage":{"@id":"https:\/\/cortenstaalverkoop.nl\/product\/cortenstaal-waterblok\/#primaryimage"},"image":{"@id":"https:\/\/cortenstaalverkoop.nl\/product\/cortenstaal-waterblok\/#primaryimage"},"thumbnailUrl":"https:\/\/cortenstaalverkoop.nl\/wp-content\/uploads\/2020\/12\/WATERBLOK-CWB-01.jpg","datePublished":"2020-12-03T11:36:17+00:00","dateModified":"2025-11-20T13:38:13+00:00","description":"\u2705 L&#039;acier Cor-ten waterblok avec une fontaine d&#039;eau.\u2705 la meilleure qualit\u00e9 \u2705 garantie de 5 ans! Obtenir un acier cor-ten waterblokl est bon march\u00e9 dans cortenstaalverkoop.nl!","breadcrumb":{"@id":"https:\/\/cortenstaalverkoop.nl\/product\/cortenstaal-waterblok\/#breadcrumb"},"inLanguage":"fr-FR","potentialAction":[{"@type":"ReadAction","target":["https:\/\/cortenstaalverkoop.nl\/product\/cortenstaal-waterblok\/"]}]},{"@type":"ImageObject","inLanguage":"fr-FR","@id":"https:\/\/cortenstaalverkoop.nl\/product\/cortenstaal-waterblok\/#primaryimage","url":"https:\/\/cortenstaalverkoop.nl\/wp-content\/uploads\/2020\/12\/WATERBLOK-CWB-01.jpg","contentUrl":"https:\/\/cortenstaalverkoop.nl\/wp-content\/uploads\/2020\/12\/WATERBLOK-CWB-01.jpg","width":2000,"height":2000,"caption":"cortenstaal waterblok"},{"@type":"BreadcrumbList","@id":"https:\/\/cortenstaalverkoop.nl\/product\/cortenstaal-waterblok\/#breadcrumb","itemListElement":[{"@type":"ListItem","position":1,"name":"Home","item":"https:\/\/cortenstaalverkoop.nl\/"},{"@type":"ListItem","position":2,"name":"Assortiment","item":"https:\/\/cortenstaalverkoop.nl\/assortiment-cortenstaal\/"},{"@type":"ListItem","position":3,"name":"Cortenstaal waterblok"}]},{"@type":"WebSite","@id":"https:\/\/cortenstaalverkoop.nl\/#website","url":"https:\/\/cortenstaalverkoop.nl\/","name":"Cortenstaalverkoop.nl","description":"l&#039;acier cor-ten sp\u00e9cialiste!","publisher":{"@id":"https:\/\/cortenstaalverkoop.nl\/#organization"},"potentialAction":[{"@type":"SearchAction","target":{"@type":"EntryPoint","urlTemplate":"https:\/\/cortenstaalverkoop.nl\/?s={search_term_string}"},"query-input":{"@type":"PropertyValueSpecification","valueRequired":true,"valueName":"search_term_string"}}],"inLanguage":"fr-FR"},{"@type":"Organization","@id":"https:\/\/cortenstaalverkoop.nl\/#organization","name":"Cortenstaalverkoop.nl","url":"https:\/\/cortenstaalverkoop.nl\/","logo":{"@type":"ImageObject","inLanguage":"fr-FR","@id":"https:\/\/cortenstaalverkoop.nl\/#\/schema\/logo\/image\/","url":"https:\/\/cortenstaalverkoop.nl\/wp-content\/uploads\/2019\/11\/cortenstaal-logo-1.png","contentUrl":"https:\/\/cortenstaalverkoop.nl\/wp-content\/uploads\/2019\/11\/cortenstaal-logo-1.png","width":480,"height":163,"caption":"Cortenstaalverkoop.nl"},"image":{"@id":"https:\/\/cortenstaalverkoop.nl\/#\/schema\/logo\/image\/"}}]}},"_links":{"self":[{"href":"https:\/\/cortenstaalverkoop.nl\/fr\/wp-json\/wp\/v2\/product\/5123","targetHints":{"allow":["GET"]}}],"collection":[{"href":"https:\/\/cortenstaalverkoop.nl\/fr\/wp-json\/wp\/v2\/product"}],"about":[{"href":"https:\/\/cortenstaalverkoop.nl\/fr\/wp-json\/wp\/v2\/types\/product"}],"version-history":[{"count":6,"href":"https:\/\/cortenstaalverkoop.nl\/fr\/wp-json\/wp\/v2\/product\/5123\/revisions"}],"predecessor-version":[{"id":10236,"href":"https:\/\/cortenstaalverkoop.nl\/fr\/wp-json\/wp\/v2\/product\/5123\/revisions\/10236"}],"wp:featuredmedia":[{"embeddable":true,"href":"https:\/\/cortenstaalverkoop.nl\/fr\/wp-json\/wp\/v2\/media\/5204"}],"wp:attachment":[{"href":"https:\/\/cortenstaalverkoop.nl\/fr\/wp-json\/wp\/v2\/media?parent=5123"}],"wp:term":[{"taxonomy":"product_brand","embeddable":true,"href":"https:\/\/cortenstaalverkoop.nl\/fr\/wp-json\/wp\/v2\/product_brand?post=5123"},{"taxonomy":"product_cat","embeddable":true,"href":"https:\/\/cortenstaalverkoop.nl\/fr\/wp-json\/wp\/v2\/product_cat?post=5123"},{"taxonomy":"product_tag","embeddable":true,"href":"https:\/\/cortenstaalverkoop.nl\/fr\/wp-json\/wp\/v2\/product_tag?post=5123"}],"curies":[{"name":"wp","href":"https:\/\/api.w.org\/{rel}","templated":true}]}}