{"id":5477,"date":"2021-03-04T11:27:04","date_gmt":"2021-03-04T10:27:04","guid":{"rendered":"https:\/\/cortenstaalverkoop.nl\/?post_type=product&#038;p=5477"},"modified":"2026-04-15T09:48:05","modified_gmt":"2026-04-15T07:48:05","slug":"lacier-corten-boite-aux-lettres-de-colis-paca","status":"publish","type":"product","link":"https:\/\/cortenstaalverkoop.nl\/fr\/product\/cortenstaal-pakketbrievenbus-paca\/","title":{"rendered":"L'acier corten bo\u00eete aux lettres de colis, Paca"},"content":{"rendered":"<h3 data-start=\"86\" data-end=\"516\">L'acier corten bo\u00eete aux lettres de colis, Paca dispose d'un \u00e9l\u00e9gant design industriel.<\/h3>\n<p data-start=\"86\" data-end=\"516\">L'acier corten bo\u00eete aux lettres de colis, Paca, par cons\u00e9quent, s'adapte parfaitement \u00e0 votre bureau ou \u00e0 la maison.<\/p>\n<p data-start=\"86\" data-end=\"516\">En outre, vous avez le choix de deux mod\u00e8les au sein de notre collection: L'acier corten bo\u00eete aux lettres de colis, Paca et le cas. Paca est la plus large variante de l'affaire. En outre, contrairement \u00e0 nos autres mod\u00e8les, la porte est \u00e0 l'avant. Cela rend le Paca venu dans son propre dans chaque jardin.<\/p>\n<p data-start=\"518\" data-end=\"814\">Le livreur se contente de placer le paquet dans le rabat. Puis, d\u00e8s qu'il le ferme, le paquet glisse vers le bas en toute s\u00e9curit\u00e9. Dans le m\u00eame temps, le haut se ferme automatiquement, en gardant votre paquet bien prot\u00e9g\u00e9. Ensuite, vous pouvez facilement prendre le paquet de la bo\u00eete aux lettres via le porte verrouillable.<\/p>\n<p data-start=\"816\" data-end=\"1197\">En outre, vous pouvez personnaliser enti\u00e8rement l'acier Corten colis zone Paca avec <a href=\"https:\/\/cortenstaalverkoop.nl\/product\/cortenstaal-en-rvs-cijfers\/\" target=\"_blank\" rel=\"noopener\">les chiffres<\/a> et <a href=\"https:\/\/cortenstaalverkoop.nl\/product\/cortenstaal-en-rvs-letters\/\" target=\"_blank\" rel=\"noopener\">lettres<\/a> en acier inoxydable ou en acier Corten. Il vous suffit de le coller sur l'endroit d\u00e9sir\u00e9 (la colle est inclus lors de la commande de lettres et de chiffres). En outre, toutes les bo\u00eetes aux lettres sont \u00e9quip\u00e9es d'une porte verrouillable et vous recevrez deux cl\u00e9s en tant que norme. Vous trouverez ces touches dans l'enveloppe bleue sur le dessus de la bo\u00eete aux lettres.<\/p>\n<p data-start=\"1199\" data-end=\"1405\">Veuillez noter: nous livrons les produits non torr\u00e9fi\u00e9es. Par cons\u00e9quent, il est important que vous d\u00e9ballez la bo\u00eete aux lettres imm\u00e9diatement apr\u00e8s la r\u00e9ception. Par exemple, l'acier Corten peut de rouille uniform\u00e9ment et vous \u00e9viter des rayures ou des taches.<\/p>\n<p data-start=\"1407\" data-end=\"1506\"><strong data-start=\"1407\" data-end=\"1463\">Disponible des chiffres et des lettres (en acier inoxydable et l'acier Corten):<\/strong><br data-start=\"1463\" data-end=\"1466\" \/>0, 1, 2, 3, 4, 5, 6, 7, 8, 9, (A, B, C, D<\/p>\n<h4 data-start=\"1508\" data-end=\"1542\"><strong data-start=\"1508\" data-end=\"1542\">Les Traits de l&#039;acier corten:<\/strong><\/h4>\n<ul data-start=\"1543\" data-end=\"1766\">\n<li data-section-id=\"1g063gw\" data-start=\"1543\" data-end=\"1592\">\n<p data-start=\"1545\" data-end=\"1592\">D'abord: tr\u00e8s solide, r\u00e9sistant \u00e0 l'usure et durable<\/p>\n<\/li>\n<li data-section-id=\"1q0ztsa\" data-start=\"1593\" data-end=\"1638\">\n<p data-start=\"1595\" data-end=\"1638\">En outre: \u00e9l\u00e9gance et design intemporel<\/p>\n<\/li>\n<li data-section-id=\"lxqbka\" data-start=\"1639\" data-end=\"1677\">\n<p data-start=\"1641\" data-end=\"1677\">En outre: \u00e0 l'\u00e9preuve des intemp\u00e9ries mat\u00e9riau<\/p>\n<\/li>\n<li data-section-id=\"ad8j3a\" data-start=\"1678\" data-end=\"1719\">\n<p data-start=\"1680\" data-end=\"1719\">Aussi: chaud et naturel<\/p>\n<\/li>\n<li data-section-id=\"bin0s5\" data-start=\"1720\" data-end=\"1766\">\n<p data-start=\"1722\" data-end=\"1766\">Enfin: 5 ans de garantie et d'entretien faible<\/p>\n<\/li>\n<\/ul>\n<h5>Informations sur le produit: acier corten:<\/h5>\n<p><a href=\"https:\/\/nl.wikipedia.org\/wiki\/Cortenstaal\" target=\"_blank\" rel=\"noopener noreferrer\">L&#039;acier Cor-Ten<\/a> \u00e9galement connu sous le nom d'acier r\u00e9sistant aux intemp\u00e9ries. C'est un alliage m\u00e9tallique compos\u00e9 de fer, de cuivre, le silicium, le nickel et le chrome sont ajout\u00e9s. L'acier Cor-ten est une tr\u00e8s forte type d'acier. En raison de la capacit\u00e9 \u00e0 se concentrer sur l'exposition \u00e0 l'air, et de le couvrir avec une protection de la rouille de la couche. C'est la plante naturelle de la rouille est une couche de protection contre la corrosion.<\/p>","protected":false},"excerpt":{"rendered":"<p>Les dimensions de L'acier corten bo\u00eete aux lettres de colis, Paca sont 87 x 30 x 125 cm. Le maximum de la taille du paquet pour cette bo\u00eete aux lettres est de 60 x 40 x 24 cm. La remise en l'ouverture est situ\u00e9e sur le front, le facteur peut ouvrir le rabat sup\u00e9rieur et de la jeter dans un package. Le paquet puis tombe et ne peut plus \u00eatre sorti de la bo\u00eete aux lettres de l'ext\u00e9rieur. L' <a href=\"https:\/\/cortenstaalverkoop.nl\/product\/cortenstaal-en-rvs-huisnummer-cijfers\/\" target=\"_blank\" rel=\"noopener\">les chiffres<\/a> et <a href=\"https:\/\/cortenstaalverkoop.nl\/product\/cortenstaal-en-rvs-huisnummers-letters\/\" target=\"_blank\" rel=\"noopener\">lettres<\/a> sont disponibles en acier corten et en acier inoxydable : 0, 1, 2, 3, 4, 5, 6, 7, 8, 9, A, B, C, D<\/p>\n<p><strong>Avantages cl\u00e9s:<\/strong><\/p>\n<ul>\n<li>Haute r\u00e9sistance, r\u00e9sistant \u00e0 l&#039;usure et durable<\/li>\n<li>\u00c9quip\u00e9 avec un soft open et syst\u00e8me anti-vol.<\/li>\n<li>Nous ne recommandons pas l&#039;acier Corten dans un rayon de 2 km d&#039;un littoral.<\/li>\n<li>Le son chaud et naturel de regarder et se sentir<\/li>\n<li>Nous utilisons exclusivement de l'acier corten type, S355JOWP<\/li>\n<li>Garantie de 5 ans.<\/li>\n<\/ul>\n<p><strong>Remarque importante:<\/strong><br \/>\nLa bo\u00eete aux lettres sur pied en acier corten Case est livr\u00e9e sans rouille. C'est pourquoi la bo\u00eete aux lettres doit \u00eatre d\u00e9ball\u00e9e imm\u00e9diatement apr\u00e8s la livraison afin que le produit puisse rouiller uniform\u00e9ment et qu'il n'y ait pas de rayures ou de taches.<\/p>\n<p>&nbsp;<\/p>","protected":false},"featured_media":10634,"template":"","meta":{"site-sidebar-layout":"default","site-content-layout":"default","ast-site-content-layout":"default","site-content-style":"default","site-sidebar-style":"default","ast-global-header-display":"","ast-banner-title-visibility":"","ast-main-header-display":"","ast-hfb-above-header-display":"","ast-hfb-below-header-display":"","ast-hfb-mobile-header-display":"","site-post-title":"","ast-breadcrumbs-content":"","ast-featured-img":"","footer-sml-layout":"","ast-disable-related-posts":"","theme-transparent-header-meta":"default","adv-header-id-meta":"","stick-header-meta":"","header-above-stick-meta":"","header-main-stick-meta":"","header-below-stick-meta":"","astra-migrate-meta-layouts":"set","ast-page-background-enabled":"default","ast-page-background-meta":{"desktop":{"background-color":"","background-image":"","background-repeat":"repeat","background-position":"center center","background-size":"auto","background-attachment":"scroll","background-type":"","background-media":"","overlay-type":"","overlay-color":"","overlay-opacity":"","overlay-gradient":""},"tablet":{"background-color":"","background-image":"","background-repeat":"repeat","background-position":"center center","background-size":"auto","background-attachment":"scroll","background-type":"","background-media":"","overlay-type":"","overlay-color":"","overlay-opacity":"","overlay-gradient":""},"mobile":{"background-color":"","background-image":"","background-repeat":"repeat","background-position":"center center","background-size":"auto","background-attachment":"scroll","background-type":"","background-media":"","overlay-type":"","overlay-color":"","overlay-opacity":"","overlay-gradient":""}},"ast-content-background-meta":{"desktop":{"background-color":"var(--ast-global-color-5)","background-image":"","background-repeat":"repeat","background-position":"center center","background-size":"auto","background-attachment":"scroll","background-type":"","background-media":"","overlay-type":"","overlay-color":"","overlay-opacity":"","overlay-gradient":""},"tablet":{"background-color":"var(--ast-global-color-5)","background-image":"","background-repeat":"repeat","background-position":"center center","background-size":"auto","background-attachment":"scroll","background-type":"","background-media":"","overlay-type":"","overlay-color":"","overlay-opacity":"","overlay-gradient":""},"mobile":{"background-color":"var(--ast-global-color-5)","background-image":"","background-repeat":"repeat","background-position":"center center","background-size":"auto","background-attachment":"scroll","background-type":"","background-media":"","overlay-type":"","overlay-color":"","overlay-opacity":"","overlay-gradient":""}}},"product_brand":[],"product_cat":[61],"product_tag":[],"class_list":{"0":"post-5477","1":"product","2":"type-product","3":"status-publish","4":"has-post-thumbnail","6":"product_cat-cortenstaal-tuininrichting","7":"product_shipping_class-fritom","8":"desktop-align-left","9":"tablet-align-left","10":"mobile-align-left","12":"first","13":"instock","14":"taxable","15":"shipping-taxable","16":"purchasable","17":"product-type-simple"},"yoast_head":"<!-- This site is optimized with the Yoast SEO plugin v27.4 - https:\/\/yoast.com\/product\/yoast-seo-wordpress\/ -->\n<title>Cortenstaal pakketbrievenbus Paca, koopt u; cortenstaalverkoop.nl<\/title>\n<meta name=\"description\" content=\"\u2705 Cortenstaal pakketbrievenbus Paca \u2705 de beste kwaliteit \u2705 5 jaar garantie! Bestel uw pakketbrievenbus goedkoop bij cortenstaalverkoop.nl\" \/>\n<meta name=\"robots\" content=\"index, follow, max-snippet:-1, max-image-preview:large, max-video-preview:-1\" \/>\n<link rel=\"canonical\" href=\"https:\/\/cortenstaalverkoop.nl\/fr\/produit\/lacier-corten-boite-aux-lettres-de-colis-paca\/\" \/>\n<meta property=\"og:locale\" content=\"fr_FR\" \/>\n<meta property=\"og:type\" content=\"article\" \/>\n<meta property=\"og:title\" content=\"Cortenstaal pakketbrievenbus Paca, koopt u; cortenstaalverkoop.nl\" \/>\n<meta property=\"og:description\" content=\"\u2705 Cortenstaal pakketbrievenbus Paca \u2705 de beste kwaliteit \u2705 5 jaar garantie! Bestel uw pakketbrievenbus goedkoop bij cortenstaalverkoop.nl\" \/>\n<meta property=\"og:url\" content=\"https:\/\/cortenstaalverkoop.nl\/fr\/produit\/lacier-corten-boite-aux-lettres-de-colis-paca\/\" \/>\n<meta property=\"og:site_name\" content=\"Cortenstaalverkoop.nl\" \/>\n<meta property=\"article:modified_time\" content=\"2026-04-15T07:48:05+00:00\" \/>\n<meta property=\"og:image\" content=\"https:\/\/cortenstaalverkoop.nl\/wp-content\/uploads\/2021\/03\/brievenbus-PACA-nieuw.webp\" \/>\n\t<meta property=\"og:image:width\" content=\"699\" \/>\n\t<meta property=\"og:image:height\" content=\"699\" \/>\n\t<meta property=\"og:image:type\" content=\"image\/webp\" \/>\n<meta name=\"twitter:card\" content=\"summary_large_image\" \/>\n<meta name=\"twitter:label1\" content=\"Dur\u00e9e de lecture estim\u00e9e\" \/>\n\t<meta name=\"twitter:data1\" content=\"2 minutes\" \/>\n<script type=\"application\/ld+json\" class=\"yoast-schema-graph\">{\"@context\":\"https:\\\/\\\/schema.org\",\"@graph\":[{\"@type\":\"WebPage\",\"@id\":\"https:\\\/\\\/cortenstaalverkoop.nl\\\/product\\\/cortenstaal-pakketbrievenbus-paca\\\/\",\"url\":\"https:\\\/\\\/cortenstaalverkoop.nl\\\/product\\\/cortenstaal-pakketbrievenbus-paca\\\/\",\"name\":\"Cortenstaal pakketbrievenbus Paca, koopt u; cortenstaalverkoop.nl\",\"isPartOf\":{\"@id\":\"https:\\\/\\\/cortenstaalverkoop.nl\\\/#website\"},\"primaryImageOfPage\":{\"@id\":\"https:\\\/\\\/cortenstaalverkoop.nl\\\/product\\\/cortenstaal-pakketbrievenbus-paca\\\/#primaryimage\"},\"image\":{\"@id\":\"https:\\\/\\\/cortenstaalverkoop.nl\\\/product\\\/cortenstaal-pakketbrievenbus-paca\\\/#primaryimage\"},\"thumbnailUrl\":\"https:\\\/\\\/cortenstaalverkoop.nl\\\/wp-content\\\/uploads\\\/2021\\\/03\\\/brievenbus-PACA-nieuw.webp\",\"datePublished\":\"2021-03-04T10:27:04+00:00\",\"dateModified\":\"2026-04-15T07:48:05+00:00\",\"description\":\"\u2705 Cortenstaal pakketbrievenbus Paca \u2705 de beste kwaliteit \u2705 5 jaar garantie! Bestel uw pakketbrievenbus goedkoop bij cortenstaalverkoop.nl\",\"breadcrumb\":{\"@id\":\"https:\\\/\\\/cortenstaalverkoop.nl\\\/product\\\/cortenstaal-pakketbrievenbus-paca\\\/#breadcrumb\"},\"inLanguage\":\"fr-FR\",\"potentialAction\":[{\"@type\":\"ReadAction\",\"target\":[\"https:\\\/\\\/cortenstaalverkoop.nl\\\/product\\\/cortenstaal-pakketbrievenbus-paca\\\/\"]}]},{\"@type\":\"ImageObject\",\"inLanguage\":\"fr-FR\",\"@id\":\"https:\\\/\\\/cortenstaalverkoop.nl\\\/product\\\/cortenstaal-pakketbrievenbus-paca\\\/#primaryimage\",\"url\":\"https:\\\/\\\/cortenstaalverkoop.nl\\\/wp-content\\\/uploads\\\/2021\\\/03\\\/brievenbus-PACA-nieuw.webp\",\"contentUrl\":\"https:\\\/\\\/cortenstaalverkoop.nl\\\/wp-content\\\/uploads\\\/2021\\\/03\\\/brievenbus-PACA-nieuw.webp\",\"width\":699,\"height\":699,\"caption\":\"Cortenstaal pakketbrievenbus Paca\"},{\"@type\":\"BreadcrumbList\",\"@id\":\"https:\\\/\\\/cortenstaalverkoop.nl\\\/product\\\/cortenstaal-pakketbrievenbus-paca\\\/#breadcrumb\",\"itemListElement\":[{\"@type\":\"ListItem\",\"position\":1,\"name\":\"Home\",\"item\":\"https:\\\/\\\/cortenstaalverkoop.nl\\\/\"},{\"@type\":\"ListItem\",\"position\":2,\"name\":\"Assortiment\",\"item\":\"https:\\\/\\\/cortenstaalverkoop.nl\\\/assortiment-cortenstaal\\\/\"},{\"@type\":\"ListItem\",\"position\":3,\"name\":\"Cortenstaal pakketbrievenbus Paca\"}]},{\"@type\":\"WebSite\",\"@id\":\"https:\\\/\\\/cortenstaalverkoop.nl\\\/#website\",\"url\":\"https:\\\/\\\/cortenstaalverkoop.nl\\\/\",\"name\":\"Cortenstaalverkoop.nl\",\"description\":\"de cortenstaal specialist!\",\"publisher\":{\"@id\":\"https:\\\/\\\/cortenstaalverkoop.nl\\\/#organization\"},\"potentialAction\":[{\"@type\":\"SearchAction\",\"target\":{\"@type\":\"EntryPoint\",\"urlTemplate\":\"https:\\\/\\\/cortenstaalverkoop.nl\\\/?s={search_term_string}\"},\"query-input\":{\"@type\":\"PropertyValueSpecification\",\"valueRequired\":true,\"valueName\":\"search_term_string\"}}],\"inLanguage\":\"fr-FR\"},{\"@type\":\"Organization\",\"@id\":\"https:\\\/\\\/cortenstaalverkoop.nl\\\/#organization\",\"name\":\"Cortenstaalverkoop.nl\",\"url\":\"https:\\\/\\\/cortenstaalverkoop.nl\\\/\",\"logo\":{\"@type\":\"ImageObject\",\"inLanguage\":\"fr-FR\",\"@id\":\"https:\\\/\\\/cortenstaalverkoop.nl\\\/#\\\/schema\\\/logo\\\/image\\\/\",\"url\":\"https:\\\/\\\/cortenstaalverkoop.nl\\\/wp-content\\\/uploads\\\/2019\\\/11\\\/cortenstaal-logo-1.png\",\"contentUrl\":\"https:\\\/\\\/cortenstaalverkoop.nl\\\/wp-content\\\/uploads\\\/2019\\\/11\\\/cortenstaal-logo-1.png\",\"width\":480,\"height\":163,\"caption\":\"Cortenstaalverkoop.nl\"},\"image\":{\"@id\":\"https:\\\/\\\/cortenstaalverkoop.nl\\\/#\\\/schema\\\/logo\\\/image\\\/\"}}]}<\/script>\n<!-- \/ Yoast SEO plugin. -->","yoast_head_json":{"title":"L'acier Corten Colis postal Bo\u00eete de Paca, vous achetez; cortenstaalverkoop.nl","description":"\u2705 L&#039;acier Cor-ten pakketbrievenbus Paca \u2705 meilleure qualit\u00e9 \u2705 garantie de 5 ans! Obtenez votre pakketbrievenbus est bon march\u00e9 dans cortenstaalverkoop.nl","robots":{"index":"index","follow":"follow","max-snippet":"max-snippet:-1","max-image-preview":"max-image-preview:large","max-video-preview":"max-video-preview:-1"},"canonical":"https:\/\/cortenstaalverkoop.nl\/fr\/produit\/lacier-corten-boite-aux-lettres-de-colis-paca\/","og_locale":"fr_FR","og_type":"article","og_title":"Cortenstaal pakketbrievenbus Paca, koopt u; cortenstaalverkoop.nl","og_description":"\u2705 Cortenstaal pakketbrievenbus Paca \u2705 de beste kwaliteit \u2705 5 jaar garantie! Bestel uw pakketbrievenbus goedkoop bij cortenstaalverkoop.nl","og_url":"https:\/\/cortenstaalverkoop.nl\/fr\/produit\/lacier-corten-boite-aux-lettres-de-colis-paca\/","og_site_name":"Cortenstaalverkoop.nl","article_modified_time":"2026-04-15T07:48:05+00:00","og_image":[{"width":699,"height":699,"url":"https:\/\/cortenstaalverkoop.nl\/wp-content\/uploads\/2021\/03\/brievenbus-PACA-nieuw.webp","type":"image\/webp"}],"twitter_card":"summary_large_image","twitter_misc":{"Dur\u00e9e de lecture estim\u00e9e":"2 minutes"},"schema":{"@context":"https:\/\/schema.org","@graph":[{"@type":"WebPage","@id":"https:\/\/cortenstaalverkoop.nl\/product\/cortenstaal-pakketbrievenbus-paca\/","url":"https:\/\/cortenstaalverkoop.nl\/product\/cortenstaal-pakketbrievenbus-paca\/","name":"L'acier Corten Colis postal Bo\u00eete de Paca, vous achetez; cortenstaalverkoop.nl","isPartOf":{"@id":"https:\/\/cortenstaalverkoop.nl\/#website"},"primaryImageOfPage":{"@id":"https:\/\/cortenstaalverkoop.nl\/product\/cortenstaal-pakketbrievenbus-paca\/#primaryimage"},"image":{"@id":"https:\/\/cortenstaalverkoop.nl\/product\/cortenstaal-pakketbrievenbus-paca\/#primaryimage"},"thumbnailUrl":"https:\/\/cortenstaalverkoop.nl\/wp-content\/uploads\/2021\/03\/brievenbus-PACA-nieuw.webp","datePublished":"2021-03-04T10:27:04+00:00","dateModified":"2026-04-15T07:48:05+00:00","description":"\u2705 L&#039;acier Cor-ten pakketbrievenbus Paca \u2705 meilleure qualit\u00e9 \u2705 garantie de 5 ans! Obtenez votre pakketbrievenbus est bon march\u00e9 dans cortenstaalverkoop.nl","breadcrumb":{"@id":"https:\/\/cortenstaalverkoop.nl\/product\/cortenstaal-pakketbrievenbus-paca\/#breadcrumb"},"inLanguage":"fr-FR","potentialAction":[{"@type":"ReadAction","target":["https:\/\/cortenstaalverkoop.nl\/product\/cortenstaal-pakketbrievenbus-paca\/"]}]},{"@type":"ImageObject","inLanguage":"fr-FR","@id":"https:\/\/cortenstaalverkoop.nl\/product\/cortenstaal-pakketbrievenbus-paca\/#primaryimage","url":"https:\/\/cortenstaalverkoop.nl\/wp-content\/uploads\/2021\/03\/brievenbus-PACA-nieuw.webp","contentUrl":"https:\/\/cortenstaalverkoop.nl\/wp-content\/uploads\/2021\/03\/brievenbus-PACA-nieuw.webp","width":699,"height":699,"caption":"Cortenstaal pakketbrievenbus Paca"},{"@type":"BreadcrumbList","@id":"https:\/\/cortenstaalverkoop.nl\/product\/cortenstaal-pakketbrievenbus-paca\/#breadcrumb","itemListElement":[{"@type":"ListItem","position":1,"name":"Home","item":"https:\/\/cortenstaalverkoop.nl\/"},{"@type":"ListItem","position":2,"name":"Assortiment","item":"https:\/\/cortenstaalverkoop.nl\/assortiment-cortenstaal\/"},{"@type":"ListItem","position":3,"name":"Cortenstaal pakketbrievenbus Paca"}]},{"@type":"WebSite","@id":"https:\/\/cortenstaalverkoop.nl\/#website","url":"https:\/\/cortenstaalverkoop.nl\/","name":"Cortenstaalverkoop.nl","description":"l&#039;acier cor-ten sp\u00e9cialiste!","publisher":{"@id":"https:\/\/cortenstaalverkoop.nl\/#organization"},"potentialAction":[{"@type":"SearchAction","target":{"@type":"EntryPoint","urlTemplate":"https:\/\/cortenstaalverkoop.nl\/?s={search_term_string}"},"query-input":{"@type":"PropertyValueSpecification","valueRequired":true,"valueName":"search_term_string"}}],"inLanguage":"fr-FR"},{"@type":"Organization","@id":"https:\/\/cortenstaalverkoop.nl\/#organization","name":"Cortenstaalverkoop.nl","url":"https:\/\/cortenstaalverkoop.nl\/","logo":{"@type":"ImageObject","inLanguage":"fr-FR","@id":"https:\/\/cortenstaalverkoop.nl\/#\/schema\/logo\/image\/","url":"https:\/\/cortenstaalverkoop.nl\/wp-content\/uploads\/2019\/11\/cortenstaal-logo-1.png","contentUrl":"https:\/\/cortenstaalverkoop.nl\/wp-content\/uploads\/2019\/11\/cortenstaal-logo-1.png","width":480,"height":163,"caption":"Cortenstaalverkoop.nl"},"image":{"@id":"https:\/\/cortenstaalverkoop.nl\/#\/schema\/logo\/image\/"}}]}},"_links":{"self":[{"href":"https:\/\/cortenstaalverkoop.nl\/fr\/wp-json\/wp\/v2\/product\/5477","targetHints":{"allow":["GET"]}}],"collection":[{"href":"https:\/\/cortenstaalverkoop.nl\/fr\/wp-json\/wp\/v2\/product"}],"about":[{"href":"https:\/\/cortenstaalverkoop.nl\/fr\/wp-json\/wp\/v2\/types\/product"}],"version-history":[{"count":11,"href":"https:\/\/cortenstaalverkoop.nl\/fr\/wp-json\/wp\/v2\/product\/5477\/revisions"}],"predecessor-version":[{"id":11187,"href":"https:\/\/cortenstaalverkoop.nl\/fr\/wp-json\/wp\/v2\/product\/5477\/revisions\/11187"}],"wp:featuredmedia":[{"embeddable":true,"href":"https:\/\/cortenstaalverkoop.nl\/fr\/wp-json\/wp\/v2\/media\/10634"}],"wp:attachment":[{"href":"https:\/\/cortenstaalverkoop.nl\/fr\/wp-json\/wp\/v2\/media?parent=5477"}],"wp:term":[{"taxonomy":"product_brand","embeddable":true,"href":"https:\/\/cortenstaalverkoop.nl\/fr\/wp-json\/wp\/v2\/product_brand?post=5477"},{"taxonomy":"product_cat","embeddable":true,"href":"https:\/\/cortenstaalverkoop.nl\/fr\/wp-json\/wp\/v2\/product_cat?post=5477"},{"taxonomy":"product_tag","embeddable":true,"href":"https:\/\/cortenstaalverkoop.nl\/fr\/wp-json\/wp\/v2\/product_tag?post=5477"}],"curies":[{"name":"wp","href":"https:\/\/api.w.org\/{rel}","templated":true}]}}