{"id":5772,"date":"2021-04-13T11:39:30","date_gmt":"2021-04-13T09:39:30","guid":{"rendered":"https:\/\/cortenstaalverkoop.nl\/?post_type=product&#038;p=5772"},"modified":"2026-04-03T14:31:27","modified_gmt":"2026-04-03T12:31:27","slug":"lacier-corten-panneaux-dambiance-abstrait","status":"publish","type":"product","link":"https:\/\/cortenstaalverkoop.nl\/fr\/product\/cortenstaal-sfeerpaneel-abstract\/","title":{"rendered":"L'acier corten panneaux d'ambiance, Abstrait"},"content":{"rendered":"<p>Un acier corten panneaux d'ambiance, Abstrait, est un magnifique panneau d'ambiance avec un motif grav\u00e9 au laser. Cet acier corten panneaux d'ambiance, Abstrait, et cr\u00e9e un abri zones de votre jardin. Par cons\u00e9quent, il rend plus facile pour vous, la vie priv\u00e9e, et ont l'avantage suppl\u00e9mentaire d'\u00eatre le vent et le bruit s'est arr\u00eat\u00e9. Nous croyons que la qualit\u00e9 est tr\u00e8s important, c'est pourquoi nous donnons tous nos produits avec une garantie limit\u00e9e de 5 ans. L'acier corten panneaux d'ambiance, sont une belle eye-catchers dans le jardin. Les panneaux qui d\u00e9rivent de leur caract\u00e8re distinctif de la protection de la rouille de la couche. La rouille donne la longue dur\u00e9e, mais donne aussi le look distinctif de la panneaux d'ambiance. Il existe une vari\u00e9t\u00e9 de dessins abstraits et les panneaux d'ambiance.<\/p>\n<p>Vous pouvez utiliser le panneaux d'ambiance est facile sur les diverses possibilit\u00e9s d'assemblage. Sur le plancher, entre les colonnes, les piliers et les murs. Il y a aussi un <a href=\"https:\/\/cortenstaalverkoop.nl\/product\/cortenstaal-tuininrichting\/cortenstaal-staander\/\">l'acier corten colonnes<\/a> sur la vente. Les colonnes sont compos\u00e9es de deux parties, par exemple, vous pouvez poster dans la mise en place du b\u00e9ton. Cependant, vous pouvez aussi \u00eatre seul dans la partie sup\u00e9rieure de la perche, et \u00e0 droite sur la chauss\u00e9e ou \u00e0 l&#039;\u00e9tage de montage.<\/p>\n<h4>Avantages cl\u00e9s:<\/h4>\n<ul>\n<li>Tr\u00e8s, tr\u00e8s fort, et, par cons\u00e9quent, r\u00e9sistant \u00e0 l&#039;usure.<\/li>\n<li>Facile \u00e0 entretenir.<\/li>\n<li>Mat\u00e9riau r\u00e9sistant aux intemp\u00e9ries et donc durable.<\/li>\n<li>Le chaud et aspect naturel.<\/li>\n<li>Nous n'utilisons que les meilleurs, l'acier corten type, S355JOWP.<\/li>\n<li>Garantie de 5 ans.<\/li>\n<\/ul>\n<p>Les produits doivent \u00eatre apr\u00e8s l&#039;accouchement, imm\u00e9diatement d\u00e9compresser. Comme il est, il est important que toute l&#039;humidit\u00e9 entre l&#039;emballage et le produit tout de suite. Ceux-ci peuvent \u00eatre irr\u00e9guliers, de rouille et de causer des taches.<\/p>\n<h5>Informations sur le produit: acier corten:<\/h5>\n<p><a href=\"https:\/\/nl.wikipedia.org\/wiki\/Cortenstaal\" target=\"_blank\" rel=\"noopener noreferrer\">L&#039;acier Cor-Ten<\/a> \u00e9galement connu sous le nom d'acier r\u00e9sistant aux intemp\u00e9ries. C'est un alliage m\u00e9tallique compos\u00e9 de fer, de cuivre, le silicium, le nickel et le chrome sont ajout\u00e9s. L'acier Cor-ten est une tr\u00e8s forte type d'acier. En raison de la capacit\u00e9 \u00e0 se concentrer sur l'exposition \u00e0 l'air, de le couvrir avec une protection de la rouille de la couche. C'est la plante naturelle de la rouille est une couche de protection contre la corrosion.<\/p>","protected":false},"excerpt":{"rendered":"<p>L'acier corten panneaux d'ambiance, Abstrait, est un magnifique panneau d'ambiance avec un motif grav\u00e9 au laser.<\/p>\n<ul>\n<li>Dimensions L x W x H: 110 x 5 x 180 cm.<\/li>\n<li>\u00c9paisseur du mat\u00e9riau: 2 mm.<\/li>\n<li>La grande stabilit\u00e9 est due en partie repli\u00e9 les bords.<\/li>\n<li>Profils T disponibles avec option d'encastrement et fixation aveugle des panneaux.<\/li>\n<li>Les panneaux sont \u00e9troitement \u00e9quilibr\u00e9<\/li>\n<li>Poids: 38 kg.<\/li>\n<\/ul>","protected":false},"featured_media":5773,"template":"","meta":{"site-sidebar-layout":"default","site-content-layout":"default","ast-site-content-layout":"default","site-content-style":"default","site-sidebar-style":"default","ast-global-header-display":"","ast-banner-title-visibility":"","ast-main-header-display":"","ast-hfb-above-header-display":"","ast-hfb-below-header-display":"","ast-hfb-mobile-header-display":"","site-post-title":"","ast-breadcrumbs-content":"","ast-featured-img":"","footer-sml-layout":"","ast-disable-related-posts":"","theme-transparent-header-meta":"default","adv-header-id-meta":"","stick-header-meta":"","header-above-stick-meta":"","header-main-stick-meta":"","header-below-stick-meta":"","astra-migrate-meta-layouts":"set","ast-page-background-enabled":"default","ast-page-background-meta":{"desktop":{"background-color":"","background-image":"","background-repeat":"repeat","background-position":"center center","background-size":"auto","background-attachment":"scroll","background-type":"","background-media":"","overlay-type":"","overlay-color":"","overlay-opacity":"","overlay-gradient":""},"tablet":{"background-color":"","background-image":"","background-repeat":"repeat","background-position":"center center","background-size":"auto","background-attachment":"scroll","background-type":"","background-media":"","overlay-type":"","overlay-color":"","overlay-opacity":"","overlay-gradient":""},"mobile":{"background-color":"","background-image":"","background-repeat":"repeat","background-position":"center center","background-size":"auto","background-attachment":"scroll","background-type":"","background-media":"","overlay-type":"","overlay-color":"","overlay-opacity":"","overlay-gradient":""}},"ast-content-background-meta":{"desktop":{"background-color":"var(--ast-global-color-5)","background-image":"","background-repeat":"repeat","background-position":"center center","background-size":"auto","background-attachment":"scroll","background-type":"","background-media":"","overlay-type":"","overlay-color":"","overlay-opacity":"","overlay-gradient":""},"tablet":{"background-color":"var(--ast-global-color-5)","background-image":"","background-repeat":"repeat","background-position":"center center","background-size":"auto","background-attachment":"scroll","background-type":"","background-media":"","overlay-type":"","overlay-color":"","overlay-opacity":"","overlay-gradient":""},"mobile":{"background-color":"var(--ast-global-color-5)","background-image":"","background-repeat":"repeat","background-position":"center center","background-size":"auto","background-attachment":"scroll","background-type":"","background-media":"","overlay-type":"","overlay-color":"","overlay-opacity":"","overlay-gradient":""}}},"product_brand":[],"product_cat":[61],"product_tag":[],"class_list":{"0":"post-5772","1":"product","2":"type-product","3":"status-publish","4":"has-post-thumbnail","6":"product_cat-cortenstaal-tuininrichting","7":"product_shipping_class-fritom","8":"desktop-align-left","9":"tablet-align-left","10":"mobile-align-left","12":"first","13":"instock","14":"taxable","15":"shipping-taxable","16":"purchasable","17":"product-type-variable"},"yoast_head":"<!-- This site is optimized with the Yoast SEO plugin v27.3 - https:\/\/yoast.com\/product\/yoast-seo-wordpress\/ -->\n<title>Cortenstaal sfeerpaneel Abstract koopt u bij cortenstaalverkoop.nl<\/title>\n<meta name=\"description\" content=\"\u2705 Cortenstaal sfeerpaneel Abstract \u2705 de beste kwaliteit \u2705 5 jaar garantie! Bestel uw sfeerpanelen goedkoop bij cortenstaalverkoop.nl\" \/>\n<meta name=\"robots\" content=\"index, follow, max-snippet:-1, max-image-preview:large, max-video-preview:-1\" \/>\n<link rel=\"canonical\" href=\"https:\/\/cortenstaalverkoop.nl\/fr\/produit\/lacier-corten-panneaux-dambiance-abstrait\/\" \/>\n<meta property=\"og:locale\" content=\"fr_FR\" \/>\n<meta property=\"og:type\" content=\"article\" \/>\n<meta property=\"og:title\" content=\"Cortenstaal sfeerpaneel Abstract koopt u bij cortenstaalverkoop.nl\" \/>\n<meta property=\"og:description\" content=\"\u2705 Cortenstaal sfeerpaneel Abstract \u2705 de beste kwaliteit \u2705 5 jaar garantie! Bestel uw sfeerpanelen goedkoop bij cortenstaalverkoop.nl\" \/>\n<meta property=\"og:url\" content=\"https:\/\/cortenstaalverkoop.nl\/fr\/produit\/lacier-corten-panneaux-dambiance-abstrait\/\" \/>\n<meta property=\"og:site_name\" content=\"Cortenstaalverkoop.nl\" \/>\n<meta property=\"article:modified_time\" content=\"2026-04-03T12:31:27+00:00\" \/>\n<meta property=\"og:image\" content=\"https:\/\/cortenstaalverkoop.nl\/wp-content\/uploads\/2021\/04\/sfeerpaneel-groep1.png\" \/>\n\t<meta property=\"og:image:width\" content=\"1000\" \/>\n\t<meta property=\"og:image:height\" content=\"509\" \/>\n\t<meta property=\"og:image:type\" content=\"image\/png\" \/>\n<meta name=\"twitter:card\" content=\"summary_large_image\" \/>\n<meta name=\"twitter:label1\" content=\"Dur\u00e9e de lecture estim\u00e9e\" \/>\n\t<meta name=\"twitter:data1\" content=\"2 minutes\" \/>\n<script type=\"application\/ld+json\" class=\"yoast-schema-graph\">{\"@context\":\"https:\\\/\\\/schema.org\",\"@graph\":[{\"@type\":\"WebPage\",\"@id\":\"https:\\\/\\\/cortenstaalverkoop.nl\\\/product\\\/cortenstaal-sfeerpaneel-abstract\\\/\",\"url\":\"https:\\\/\\\/cortenstaalverkoop.nl\\\/product\\\/cortenstaal-sfeerpaneel-abstract\\\/\",\"name\":\"Cortenstaal sfeerpaneel Abstract koopt u bij cortenstaalverkoop.nl\",\"isPartOf\":{\"@id\":\"https:\\\/\\\/cortenstaalverkoop.nl\\\/#website\"},\"primaryImageOfPage\":{\"@id\":\"https:\\\/\\\/cortenstaalverkoop.nl\\\/product\\\/cortenstaal-sfeerpaneel-abstract\\\/#primaryimage\"},\"image\":{\"@id\":\"https:\\\/\\\/cortenstaalverkoop.nl\\\/product\\\/cortenstaal-sfeerpaneel-abstract\\\/#primaryimage\"},\"thumbnailUrl\":\"https:\\\/\\\/cortenstaalverkoop.nl\\\/wp-content\\\/uploads\\\/2021\\\/04\\\/sfeerpaneel-groep1.png\",\"datePublished\":\"2021-04-13T09:39:30+00:00\",\"dateModified\":\"2026-04-03T12:31:27+00:00\",\"description\":\"\u2705 Cortenstaal sfeerpaneel Abstract \u2705 de beste kwaliteit \u2705 5 jaar garantie! Bestel uw sfeerpanelen goedkoop bij cortenstaalverkoop.nl\",\"breadcrumb\":{\"@id\":\"https:\\\/\\\/cortenstaalverkoop.nl\\\/product\\\/cortenstaal-sfeerpaneel-abstract\\\/#breadcrumb\"},\"inLanguage\":\"fr-FR\",\"potentialAction\":[{\"@type\":\"ReadAction\",\"target\":[\"https:\\\/\\\/cortenstaalverkoop.nl\\\/product\\\/cortenstaal-sfeerpaneel-abstract\\\/\"]}]},{\"@type\":\"ImageObject\",\"inLanguage\":\"fr-FR\",\"@id\":\"https:\\\/\\\/cortenstaalverkoop.nl\\\/product\\\/cortenstaal-sfeerpaneel-abstract\\\/#primaryimage\",\"url\":\"https:\\\/\\\/cortenstaalverkoop.nl\\\/wp-content\\\/uploads\\\/2021\\\/04\\\/sfeerpaneel-groep1.png\",\"contentUrl\":\"https:\\\/\\\/cortenstaalverkoop.nl\\\/wp-content\\\/uploads\\\/2021\\\/04\\\/sfeerpaneel-groep1.png\",\"width\":1000,\"height\":509,\"caption\":\"Cortenstaal sfeerpaneel Abstract\"},{\"@type\":\"BreadcrumbList\",\"@id\":\"https:\\\/\\\/cortenstaalverkoop.nl\\\/product\\\/cortenstaal-sfeerpaneel-abstract\\\/#breadcrumb\",\"itemListElement\":[{\"@type\":\"ListItem\",\"position\":1,\"name\":\"Home\",\"item\":\"https:\\\/\\\/cortenstaalverkoop.nl\\\/\"},{\"@type\":\"ListItem\",\"position\":2,\"name\":\"Assortiment\",\"item\":\"https:\\\/\\\/cortenstaalverkoop.nl\\\/assortiment-cortenstaal\\\/\"},{\"@type\":\"ListItem\",\"position\":3,\"name\":\"Cortenstaal sfeerpaneel Abstract\"}]},{\"@type\":\"WebSite\",\"@id\":\"https:\\\/\\\/cortenstaalverkoop.nl\\\/#website\",\"url\":\"https:\\\/\\\/cortenstaalverkoop.nl\\\/\",\"name\":\"Cortenstaalverkoop.nl\",\"description\":\"de cortenstaal specialist!\",\"publisher\":{\"@id\":\"https:\\\/\\\/cortenstaalverkoop.nl\\\/#organization\"},\"potentialAction\":[{\"@type\":\"SearchAction\",\"target\":{\"@type\":\"EntryPoint\",\"urlTemplate\":\"https:\\\/\\\/cortenstaalverkoop.nl\\\/?s={search_term_string}\"},\"query-input\":{\"@type\":\"PropertyValueSpecification\",\"valueRequired\":true,\"valueName\":\"search_term_string\"}}],\"inLanguage\":\"fr-FR\"},{\"@type\":\"Organization\",\"@id\":\"https:\\\/\\\/cortenstaalverkoop.nl\\\/#organization\",\"name\":\"Cortenstaalverkoop.nl\",\"url\":\"https:\\\/\\\/cortenstaalverkoop.nl\\\/\",\"logo\":{\"@type\":\"ImageObject\",\"inLanguage\":\"fr-FR\",\"@id\":\"https:\\\/\\\/cortenstaalverkoop.nl\\\/#\\\/schema\\\/logo\\\/image\\\/\",\"url\":\"https:\\\/\\\/cortenstaalverkoop.nl\\\/wp-content\\\/uploads\\\/2019\\\/11\\\/cortenstaal-logo-1.png\",\"contentUrl\":\"https:\\\/\\\/cortenstaalverkoop.nl\\\/wp-content\\\/uploads\\\/2019\\\/11\\\/cortenstaal-logo-1.png\",\"width\":480,\"height\":163,\"caption\":\"Cortenstaalverkoop.nl\"},\"image\":{\"@id\":\"https:\\\/\\\/cortenstaalverkoop.nl\\\/#\\\/schema\\\/logo\\\/image\\\/\"}}]}<\/script>\n<!-- \/ Yoast SEO plugin. -->","yoast_head_json":{"title":"L&#039;acier Cor-ten sfeerpaneel R\u00e9sum\u00e9, vous pouvez l&#039;acheter \u00e0 partir de cortenstaalverkoop.nl","description":"\u2705 L&#039;acier Cor-ten sfeerpaneel R\u00e9sum\u00e9 \u2705 meilleure qualit\u00e9 \u2705 garantie de 5 ans! Obtenez votre sfeerpanelen est bon march\u00e9 dans cortenstaalverkoop.nl","robots":{"index":"index","follow":"follow","max-snippet":"max-snippet:-1","max-image-preview":"max-image-preview:large","max-video-preview":"max-video-preview:-1"},"canonical":"https:\/\/cortenstaalverkoop.nl\/fr\/produit\/lacier-corten-panneaux-dambiance-abstrait\/","og_locale":"fr_FR","og_type":"article","og_title":"Cortenstaal sfeerpaneel Abstract koopt u bij cortenstaalverkoop.nl","og_description":"\u2705 Cortenstaal sfeerpaneel Abstract \u2705 de beste kwaliteit \u2705 5 jaar garantie! Bestel uw sfeerpanelen goedkoop bij cortenstaalverkoop.nl","og_url":"https:\/\/cortenstaalverkoop.nl\/fr\/produit\/lacier-corten-panneaux-dambiance-abstrait\/","og_site_name":"Cortenstaalverkoop.nl","article_modified_time":"2026-04-03T12:31:27+00:00","og_image":[{"width":1000,"height":509,"url":"https:\/\/cortenstaalverkoop.nl\/wp-content\/uploads\/2021\/04\/sfeerpaneel-groep1.png","type":"image\/png"}],"twitter_card":"summary_large_image","twitter_misc":{"Dur\u00e9e de lecture estim\u00e9e":"2 minutes"},"schema":{"@context":"https:\/\/schema.org","@graph":[{"@type":"WebPage","@id":"https:\/\/cortenstaalverkoop.nl\/product\/cortenstaal-sfeerpaneel-abstract\/","url":"https:\/\/cortenstaalverkoop.nl\/product\/cortenstaal-sfeerpaneel-abstract\/","name":"L&#039;acier Cor-ten sfeerpaneel R\u00e9sum\u00e9, vous pouvez l&#039;acheter \u00e0 partir de cortenstaalverkoop.nl","isPartOf":{"@id":"https:\/\/cortenstaalverkoop.nl\/#website"},"primaryImageOfPage":{"@id":"https:\/\/cortenstaalverkoop.nl\/product\/cortenstaal-sfeerpaneel-abstract\/#primaryimage"},"image":{"@id":"https:\/\/cortenstaalverkoop.nl\/product\/cortenstaal-sfeerpaneel-abstract\/#primaryimage"},"thumbnailUrl":"https:\/\/cortenstaalverkoop.nl\/wp-content\/uploads\/2021\/04\/sfeerpaneel-groep1.png","datePublished":"2021-04-13T09:39:30+00:00","dateModified":"2026-04-03T12:31:27+00:00","description":"\u2705 L&#039;acier Cor-ten sfeerpaneel R\u00e9sum\u00e9 \u2705 meilleure qualit\u00e9 \u2705 garantie de 5 ans! Obtenez votre sfeerpanelen est bon march\u00e9 dans cortenstaalverkoop.nl","breadcrumb":{"@id":"https:\/\/cortenstaalverkoop.nl\/product\/cortenstaal-sfeerpaneel-abstract\/#breadcrumb"},"inLanguage":"fr-FR","potentialAction":[{"@type":"ReadAction","target":["https:\/\/cortenstaalverkoop.nl\/product\/cortenstaal-sfeerpaneel-abstract\/"]}]},{"@type":"ImageObject","inLanguage":"fr-FR","@id":"https:\/\/cortenstaalverkoop.nl\/product\/cortenstaal-sfeerpaneel-abstract\/#primaryimage","url":"https:\/\/cortenstaalverkoop.nl\/wp-content\/uploads\/2021\/04\/sfeerpaneel-groep1.png","contentUrl":"https:\/\/cortenstaalverkoop.nl\/wp-content\/uploads\/2021\/04\/sfeerpaneel-groep1.png","width":1000,"height":509,"caption":"Cortenstaal sfeerpaneel Abstract"},{"@type":"BreadcrumbList","@id":"https:\/\/cortenstaalverkoop.nl\/product\/cortenstaal-sfeerpaneel-abstract\/#breadcrumb","itemListElement":[{"@type":"ListItem","position":1,"name":"Home","item":"https:\/\/cortenstaalverkoop.nl\/"},{"@type":"ListItem","position":2,"name":"Assortiment","item":"https:\/\/cortenstaalverkoop.nl\/assortiment-cortenstaal\/"},{"@type":"ListItem","position":3,"name":"Cortenstaal sfeerpaneel Abstract"}]},{"@type":"WebSite","@id":"https:\/\/cortenstaalverkoop.nl\/#website","url":"https:\/\/cortenstaalverkoop.nl\/","name":"Cortenstaalverkoop.nl","description":"l&#039;acier cor-ten sp\u00e9cialiste!","publisher":{"@id":"https:\/\/cortenstaalverkoop.nl\/#organization"},"potentialAction":[{"@type":"SearchAction","target":{"@type":"EntryPoint","urlTemplate":"https:\/\/cortenstaalverkoop.nl\/?s={search_term_string}"},"query-input":{"@type":"PropertyValueSpecification","valueRequired":true,"valueName":"search_term_string"}}],"inLanguage":"fr-FR"},{"@type":"Organization","@id":"https:\/\/cortenstaalverkoop.nl\/#organization","name":"Cortenstaalverkoop.nl","url":"https:\/\/cortenstaalverkoop.nl\/","logo":{"@type":"ImageObject","inLanguage":"fr-FR","@id":"https:\/\/cortenstaalverkoop.nl\/#\/schema\/logo\/image\/","url":"https:\/\/cortenstaalverkoop.nl\/wp-content\/uploads\/2019\/11\/cortenstaal-logo-1.png","contentUrl":"https:\/\/cortenstaalverkoop.nl\/wp-content\/uploads\/2019\/11\/cortenstaal-logo-1.png","width":480,"height":163,"caption":"Cortenstaalverkoop.nl"},"image":{"@id":"https:\/\/cortenstaalverkoop.nl\/#\/schema\/logo\/image\/"}}]}},"_links":{"self":[{"href":"https:\/\/cortenstaalverkoop.nl\/fr\/wp-json\/wp\/v2\/product\/5772","targetHints":{"allow":["GET"]}}],"collection":[{"href":"https:\/\/cortenstaalverkoop.nl\/fr\/wp-json\/wp\/v2\/product"}],"about":[{"href":"https:\/\/cortenstaalverkoop.nl\/fr\/wp-json\/wp\/v2\/types\/product"}],"version-history":[{"count":5,"href":"https:\/\/cortenstaalverkoop.nl\/fr\/wp-json\/wp\/v2\/product\/5772\/revisions"}],"predecessor-version":[{"id":11131,"href":"https:\/\/cortenstaalverkoop.nl\/fr\/wp-json\/wp\/v2\/product\/5772\/revisions\/11131"}],"wp:featuredmedia":[{"embeddable":true,"href":"https:\/\/cortenstaalverkoop.nl\/fr\/wp-json\/wp\/v2\/media\/5773"}],"wp:attachment":[{"href":"https:\/\/cortenstaalverkoop.nl\/fr\/wp-json\/wp\/v2\/media?parent=5772"}],"wp:term":[{"taxonomy":"product_brand","embeddable":true,"href":"https:\/\/cortenstaalverkoop.nl\/fr\/wp-json\/wp\/v2\/product_brand?post=5772"},{"taxonomy":"product_cat","embeddable":true,"href":"https:\/\/cortenstaalverkoop.nl\/fr\/wp-json\/wp\/v2\/product_cat?post=5772"},{"taxonomy":"product_tag","embeddable":true,"href":"https:\/\/cortenstaalverkoop.nl\/fr\/wp-json\/wp\/v2\/product_tag?post=5772"}],"curies":[{"name":"wp","href":"https:\/\/api.w.org\/{rel}","templated":true}]}}