{"id":6503,"date":"2021-10-23T12:10:27","date_gmt":"2021-10-23T10:10:27","guid":{"rendered":"https:\/\/cortenstaalverkoop.nl\/?post_type=product&#038;p=6503"},"modified":"2026-04-13T14:44:40","modified_gmt":"2026-04-13T12:44:40","slug":"lacier-corten-cheminee-de-jardin-digna","status":"publish","type":"product","link":"https:\/\/cortenstaalverkoop.nl\/fr\/product\/cortenstaal-tuinhaard-digna\/","title":{"rendered":"L'acier corten chemin\u00e9e de jardin Digna"},"content":{"rendered":"<div data-elementor-type=\"wp-post\" data-elementor-id=\"6503\" class=\"elementor elementor-6503\">\n\t\t\t\t\t\t<section class=\"elementor-section elementor-top-section elementor-element elementor-element-2ef1471c elementor-section-boxed elementor-section-height-default elementor-section-height-default\" data-id=\"2ef1471c\" data-element_type=\"section\" data-e-type=\"section\">\n\t\t\t\t\t\t<div class=\"elementor-container elementor-column-gap-default\">\n\t\t\t\t\t<div class=\"elementor-column elementor-col-100 elementor-top-column elementor-element elementor-element-c80cda7\" data-id=\"c80cda7\" data-element_type=\"column\" data-e-type=\"column\">\n\t\t\t<div class=\"elementor-widget-wrap elementor-element-populated\">\n\t\t\t\t\t\t<div class=\"elementor-element elementor-element-e455628 elementor-widget elementor-widget-text-editor\" data-id=\"e455628\" data-element_type=\"widget\" data-e-type=\"widget\" data-widget_type=\"text-editor.default\">\n\t\t\t\t<div class=\"elementor-widget-container\">\n\t\t\t\t\t\t\t\t\t<p>Avec ses formes \u00e9pur\u00e9es, cet acier Corten Digna de jardin-chemin\u00e9e est bizarre, intemporel et surtout unique. Ce robuste chemin\u00e9e a des fen\u00eatres tout autour, avec une porte \u00e0 l&#039;avant. Cela permet \u00e0 chacun d&#039;appr\u00e9cier le Beau Jeu de flammes. Les dimensions sont; 110 cm ou 95 cm de haut, 50 cm de profondeur et 50 cm de large. L&#039;acier Corten Digna de jardin-chemin\u00e9e est \u00e9quip\u00e9e d&#039;une grille de foyer en tant que norme et est con\u00e7u pour cr\u00e9er un beau jeu de flammes avec juste un peu de journaux! En outre, vous n&#039;avez pas \u00e0 vous soucier de l&#039;entretien de la chemin\u00e9e. Pour \u00e9viter les fum\u00e9es de la formation, vous devez utiliser du bois sec. En outre, il est important de retirer les cendres apr\u00e8s l&#039;utilisation. Heureusement, la compensation de la Cendre est tr\u00e8s facile et vous laisser le reste de la nature. Comme le temps passe, l&#039;Acier Corten, prend tout son sp\u00e9cial, profondeur de couleur brun rouille.<\/p><p>L&#039;\u00e9paisseur de mat\u00e9riau de cette chemin\u00e9e ext\u00e9rieure est de 3 mm. Drain de Diam\u00e8tre 150 mm. <a href=\"https:\/\/cortenstaalverkoop.nl\/product\/cortenstaal-vuurelementen\/cortenstaal-afvoer\/\" target=\"_blank\" rel=\"noopener noreferrer\">tuyau de po\u00eale<\/a> et <a href=\"https:\/\/cortenstaalverkoop.nl\/product\/cortenstaal-vuurelementen\/cortenstaal-regenkap\/\" target=\"_blank\" rel=\"noopener noreferrer\">cap<\/a> sont \u00e9galement disponibles en acier Corten dans cette boutique. L&#039;acier Corten est tr\u00e8s robuste gr\u00e2ce \u00e0 la couche protectrice naturelle cr\u00e9\u00e9e par la rouille sur les processus. Cela signifie que le produit n\u00e9cessite peu d&#039;entretien et a une longue dur\u00e9e de vie. En outre, l&#039;acier Corten est respectueux de l&#039;environnement car il est enti\u00e8rement recyclable. En bref, un excellent choix si vous \u00eates \u00e0 la recherche pour la durabilit\u00e9 et faible entretien.<\/p><h4>Avantages cl\u00e9s:<\/h4><ul><li>Tr\u00e8s solide et durable.<\/li><li>Avec un design \u00e9pur\u00e9 et design contemporain.<\/li><li>Mat\u00e9riau r\u00e9sistant aux intemp\u00e9ries et durable.<\/li><li>Le chaud et aspect naturel.<\/li><li>Garantie limit\u00e9e de 5 ans.<\/li><\/ul><h4>Conseil chauffage:<\/h4><ul><li>Pour Commencer, les allume-feu, avec de petits morceaux de bois sur le dessus.<\/li><li>L&#039;utilisation de petits morceaux de bois sec dans la po\u00eale + chemin\u00e9e, lentement, pour se r\u00e9chauffer.<\/li><li>D\u00e8s que le feu, le feu progresse lentement (maximum 1,5 kg de bois sec dans la chemin\u00e9e).<\/li><\/ul><h4>Soin et entretien:<\/h4><ul><li>L&#039;arbre, enlever, et une fois par an, faites ramoner la chemin\u00e9e.<\/li><li>L&#039;acier Corten est tr\u00e8s durable. La rouille sur les processus permet de s&#039;assurer qu&#039;il y a une couche de protection sur l&#039;acier Corten. Le produit n\u00e9cessite donc aucun entretien.<\/li><li>Les huiles ou les peintures ne sont pas n\u00e9cessaires.<\/li><\/ul><p>Les produits sont livr\u00e9s non corrod\u00e9s.<br \/>Les produits doivent \u00eatre apr\u00e8s l&#039;accouchement, imm\u00e9diatement d\u00e9compresser. Peut-humidit\u00e9 entre l&#039;emballage et le produit dans le temps. Cela peut \u00eatre une irr\u00e9gularit\u00e9 de la rouille et de la cause de la coloration.\u00a0<\/p><p><strong>Informations sur le produit: acier corten:<\/strong><br \/><a href=\"https:\/\/nl.wikipedia.org\/wiki\/Cortenstaal\" target=\"_blank\" rel=\"noopener noreferrer\">L&#039;acier Cor-Ten<\/a> aussi connu comme l&#039;alt\u00e9ration de l&#039;acier. C&#039;est un alliage m\u00e9tallique compos\u00e9 de fer \u00e0 laquelle le cuivre, le silicium, le nickel et le chrome ont \u00e9t\u00e9 ajout\u00e9s. Cor-Ten est donc une tr\u00e8s forte type d&#039;acier qui a la propri\u00e9t\u00e9 de se couvrant avec une protection couche de rouille lorsqu&#039;il est expos\u00e9 \u00e0 l&#039;air ext\u00e9rieur. Apr\u00e8s que, cette couche forme une protection contre la corrosion. Caract\u00e9ristiques de l&#039;acier Corten est le beau brun orange rouille de la couleur et de la longue dur\u00e9e de vie.<\/p><p>Livraison gratuite en Belgique. Les frais de livraison en France et au Luxembourg sont de 240 euros, pour toute la commande.<\/p>\t\t\t\t\t\t\t\t<\/div>\n\t\t\t\t<\/div>\n\t\t\t\t\t<\/div>\n\t\t<\/div>\n\t\t\t\t\t<\/div>\n\t\t<\/section>\n\t\t\t\t<\/div>","protected":false},"excerpt":{"rendered":"<p>C'est l'acier corten chemin\u00e9e de jardin Digna, c'est une belle chemin\u00e9e, qui, gr\u00e2ce \u00e0 sa simplicit\u00e9 d'un design intemporel et, un vrai eye-catcher dans votre jardin. L'acier corten chemin\u00e9e de jardin Digna est un dur, chemin\u00e9e ext\u00e9rieure, de 110 et 95 cm de haut, 50 cm de profondeur et 50 cm de large. Cette chemin\u00e9e transparente a des fen\u00eatres sur 4 c\u00f4t\u00e9s, afin que tout le monde puisse profiter des belles flammes. C'est l'acier corten chemin\u00e9e de jardin est faite de 3 mm acier corten. Le Diam\u00e8tre de vidange-150 mm.<\/p>\n<ul>\n<li>Tr\u00e8s solide et durable.<\/li>\n<li>Mat\u00e9riau r\u00e9sistant aux intemp\u00e9ries et durable.<\/li>\n<li>Garantie de 5 ans.<\/li>\n<\/ul>","protected":false},"featured_media":6519,"template":"","meta":{"site-sidebar-layout":"default","site-content-layout":"default","ast-site-content-layout":"default","site-content-style":"default","site-sidebar-style":"default","ast-global-header-display":"","ast-banner-title-visibility":"","ast-main-header-display":"","ast-hfb-above-header-display":"","ast-hfb-below-header-display":"","ast-hfb-mobile-header-display":"","site-post-title":"","ast-breadcrumbs-content":"","ast-featured-img":"","footer-sml-layout":"","ast-disable-related-posts":"","theme-transparent-header-meta":"default","adv-header-id-meta":"","stick-header-meta":"","header-above-stick-meta":"","header-main-stick-meta":"","header-below-stick-meta":"","astra-migrate-meta-layouts":"set","ast-page-background-enabled":"default","ast-page-background-meta":{"desktop":{"background-color":"","background-image":"","background-repeat":"repeat","background-position":"center center","background-size":"auto","background-attachment":"scroll","background-type":"","background-media":"","overlay-type":"","overlay-color":"","overlay-opacity":"","overlay-gradient":""},"tablet":{"background-color":"","background-image":"","background-repeat":"repeat","background-position":"center center","background-size":"auto","background-attachment":"scroll","background-type":"","background-media":"","overlay-type":"","overlay-color":"","overlay-opacity":"","overlay-gradient":""},"mobile":{"background-color":"","background-image":"","background-repeat":"repeat","background-position":"center center","background-size":"auto","background-attachment":"scroll","background-type":"","background-media":"","overlay-type":"","overlay-color":"","overlay-opacity":"","overlay-gradient":""}},"ast-content-background-meta":{"desktop":{"background-color":"var(--ast-global-color-5)","background-image":"","background-repeat":"repeat","background-position":"center center","background-size":"auto","background-attachment":"scroll","background-type":"","background-media":"","overlay-type":"","overlay-color":"","overlay-opacity":"","overlay-gradient":""},"tablet":{"background-color":"var(--ast-global-color-5)","background-image":"","background-repeat":"repeat","background-position":"center center","background-size":"auto","background-attachment":"scroll","background-type":"","background-media":"","overlay-type":"","overlay-color":"","overlay-opacity":"","overlay-gradient":""},"mobile":{"background-color":"var(--ast-global-color-5)","background-image":"","background-repeat":"repeat","background-position":"center center","background-size":"auto","background-attachment":"scroll","background-type":"","background-media":"","overlay-type":"","overlay-color":"","overlay-opacity":"","overlay-gradient":""}}},"product_brand":[],"product_cat":[58],"product_tag":[],"class_list":{"0":"post-6503","1":"product","2":"type-product","3":"status-publish","4":"has-post-thumbnail","6":"product_cat-cortenstaal-vuurelementen","7":"product_shipping_class-fritom","8":"desktop-align-left","9":"tablet-align-left","10":"mobile-align-left","12":"first","13":"instock","14":"taxable","15":"shipping-taxable","16":"purchasable","17":"product-type-variable"},"yoast_head":"<!-- This site is optimized with the Yoast SEO plugin v27.3 - https:\/\/yoast.com\/product\/yoast-seo-wordpress\/ -->\n<title>Cortenstaal tuinhaard Digna koopt u bij cortenstaalverkoop.nl<\/title>\n<meta name=\"description\" content=\"\u2705 Cortenstaal tuinhaard Digna \u2705 de beste kwaliteit \u2705 5 jaar garantie! Bestel uw cortenstaal tuinhaard goedkoop bij cortenstaalverkoop.nl!\" \/>\n<meta name=\"robots\" content=\"index, follow, max-snippet:-1, max-image-preview:large, max-video-preview:-1\" \/>\n<link rel=\"canonical\" href=\"https:\/\/cortenstaalverkoop.nl\/fr\/produit\/lacier-corten-cheminee-de-jardin-digna\/\" \/>\n<meta property=\"og:locale\" content=\"fr_FR\" \/>\n<meta property=\"og:type\" content=\"article\" \/>\n<meta property=\"og:title\" content=\"Cortenstaal tuinhaard Digna koopt u bij cortenstaalverkoop.nl\" \/>\n<meta property=\"og:description\" content=\"\u2705 Cortenstaal tuinhaard Digna \u2705 de beste kwaliteit \u2705 5 jaar garantie! Bestel uw cortenstaal tuinhaard goedkoop bij cortenstaalverkoop.nl!\" \/>\n<meta property=\"og:url\" content=\"https:\/\/cortenstaalverkoop.nl\/fr\/produit\/lacier-corten-cheminee-de-jardin-digna\/\" \/>\n<meta property=\"og:site_name\" content=\"Cortenstaalverkoop.nl\" \/>\n<meta property=\"article:modified_time\" content=\"2026-04-13T12:44:40+00:00\" \/>\n<meta property=\"og:image\" content=\"https:\/\/cortenstaalverkoop.nl\/wp-content\/uploads\/2021\/10\/buitenhaard-Odin.png\" \/>\n\t<meta property=\"og:image:width\" content=\"699\" \/>\n\t<meta property=\"og:image:height\" content=\"699\" \/>\n\t<meta property=\"og:image:type\" content=\"image\/png\" \/>\n<meta name=\"twitter:card\" content=\"summary_large_image\" \/>\n<meta name=\"twitter:label1\" content=\"Dur\u00e9e de lecture estim\u00e9e\" \/>\n\t<meta name=\"twitter:data1\" content=\"3 minutes\" \/>\n<script type=\"application\/ld+json\" class=\"yoast-schema-graph\">{\"@context\":\"https:\\\/\\\/schema.org\",\"@graph\":[{\"@type\":\"WebPage\",\"@id\":\"https:\\\/\\\/cortenstaalverkoop.nl\\\/product\\\/cortenstaal-tuinhaard-digna\\\/\",\"url\":\"https:\\\/\\\/cortenstaalverkoop.nl\\\/product\\\/cortenstaal-tuinhaard-digna\\\/\",\"name\":\"Cortenstaal tuinhaard Digna koopt u bij cortenstaalverkoop.nl\",\"isPartOf\":{\"@id\":\"https:\\\/\\\/cortenstaalverkoop.nl\\\/#website\"},\"primaryImageOfPage\":{\"@id\":\"https:\\\/\\\/cortenstaalverkoop.nl\\\/product\\\/cortenstaal-tuinhaard-digna\\\/#primaryimage\"},\"image\":{\"@id\":\"https:\\\/\\\/cortenstaalverkoop.nl\\\/product\\\/cortenstaal-tuinhaard-digna\\\/#primaryimage\"},\"thumbnailUrl\":\"https:\\\/\\\/cortenstaalverkoop.nl\\\/wp-content\\\/uploads\\\/2021\\\/10\\\/buitenhaard-Odin.png\",\"datePublished\":\"2021-10-23T10:10:27+00:00\",\"dateModified\":\"2026-04-13T12:44:40+00:00\",\"description\":\"\u2705 Cortenstaal tuinhaard Digna \u2705 de beste kwaliteit \u2705 5 jaar garantie! Bestel uw cortenstaal tuinhaard goedkoop bij cortenstaalverkoop.nl!\",\"breadcrumb\":{\"@id\":\"https:\\\/\\\/cortenstaalverkoop.nl\\\/product\\\/cortenstaal-tuinhaard-digna\\\/#breadcrumb\"},\"inLanguage\":\"fr-FR\",\"potentialAction\":[{\"@type\":\"ReadAction\",\"target\":[\"https:\\\/\\\/cortenstaalverkoop.nl\\\/product\\\/cortenstaal-tuinhaard-digna\\\/\"]}]},{\"@type\":\"ImageObject\",\"inLanguage\":\"fr-FR\",\"@id\":\"https:\\\/\\\/cortenstaalverkoop.nl\\\/product\\\/cortenstaal-tuinhaard-digna\\\/#primaryimage\",\"url\":\"https:\\\/\\\/cortenstaalverkoop.nl\\\/wp-content\\\/uploads\\\/2021\\\/10\\\/buitenhaard-Odin.png\",\"contentUrl\":\"https:\\\/\\\/cortenstaalverkoop.nl\\\/wp-content\\\/uploads\\\/2021\\\/10\\\/buitenhaard-Odin.png\",\"width\":699,\"height\":699,\"caption\":\"Cortenstaal buitenhaard Digna\"},{\"@type\":\"BreadcrumbList\",\"@id\":\"https:\\\/\\\/cortenstaalverkoop.nl\\\/product\\\/cortenstaal-tuinhaard-digna\\\/#breadcrumb\",\"itemListElement\":[{\"@type\":\"ListItem\",\"position\":1,\"name\":\"Home\",\"item\":\"https:\\\/\\\/cortenstaalverkoop.nl\\\/\"},{\"@type\":\"ListItem\",\"position\":2,\"name\":\"Assortiment\",\"item\":\"https:\\\/\\\/cortenstaalverkoop.nl\\\/assortiment-cortenstaal\\\/\"},{\"@type\":\"ListItem\",\"position\":3,\"name\":\"Cortenstaal tuinhaard Digna\"}]},{\"@type\":\"WebSite\",\"@id\":\"https:\\\/\\\/cortenstaalverkoop.nl\\\/#website\",\"url\":\"https:\\\/\\\/cortenstaalverkoop.nl\\\/\",\"name\":\"Cortenstaalverkoop.nl\",\"description\":\"de cortenstaal specialist!\",\"publisher\":{\"@id\":\"https:\\\/\\\/cortenstaalverkoop.nl\\\/#organization\"},\"potentialAction\":[{\"@type\":\"SearchAction\",\"target\":{\"@type\":\"EntryPoint\",\"urlTemplate\":\"https:\\\/\\\/cortenstaalverkoop.nl\\\/?s={search_term_string}\"},\"query-input\":{\"@type\":\"PropertyValueSpecification\",\"valueRequired\":true,\"valueName\":\"search_term_string\"}}],\"inLanguage\":\"fr-FR\"},{\"@type\":\"Organization\",\"@id\":\"https:\\\/\\\/cortenstaalverkoop.nl\\\/#organization\",\"name\":\"Cortenstaalverkoop.nl\",\"url\":\"https:\\\/\\\/cortenstaalverkoop.nl\\\/\",\"logo\":{\"@type\":\"ImageObject\",\"inLanguage\":\"fr-FR\",\"@id\":\"https:\\\/\\\/cortenstaalverkoop.nl\\\/#\\\/schema\\\/logo\\\/image\\\/\",\"url\":\"https:\\\/\\\/cortenstaalverkoop.nl\\\/wp-content\\\/uploads\\\/2019\\\/11\\\/cortenstaal-logo-1.png\",\"contentUrl\":\"https:\\\/\\\/cortenstaalverkoop.nl\\\/wp-content\\\/uploads\\\/2019\\\/11\\\/cortenstaal-logo-1.png\",\"width\":480,\"height\":163,\"caption\":\"Cortenstaalverkoop.nl\"},\"image\":{\"@id\":\"https:\\\/\\\/cortenstaalverkoop.nl\\\/#\\\/schema\\\/logo\\\/image\\\/\"}}]}<\/script>\n<!-- \/ Yoast SEO plugin. -->","yoast_head_json":{"title":"Cortenstaal tuinhaard Digna koopt u bij cortenstaalverkoop.nl","description":"\u2705 Acier Corten chemin\u00e9e ext\u00e9rieure Digna \u2705 meilleure qualit\u00e9 \u2705 garantie de 5 ans! Obtenir un acier corten chemin\u00e9e ext\u00e9rieure est bon march\u00e9 dans cortenstaalverkoop.nl!","robots":{"index":"index","follow":"follow","max-snippet":"max-snippet:-1","max-image-preview":"max-image-preview:large","max-video-preview":"max-video-preview:-1"},"canonical":"https:\/\/cortenstaalverkoop.nl\/fr\/produit\/lacier-corten-cheminee-de-jardin-digna\/","og_locale":"fr_FR","og_type":"article","og_title":"Cortenstaal tuinhaard Digna koopt u bij cortenstaalverkoop.nl","og_description":"\u2705 Cortenstaal tuinhaard Digna \u2705 de beste kwaliteit \u2705 5 jaar garantie! Bestel uw cortenstaal tuinhaard goedkoop bij cortenstaalverkoop.nl!","og_url":"https:\/\/cortenstaalverkoop.nl\/fr\/produit\/lacier-corten-cheminee-de-jardin-digna\/","og_site_name":"Cortenstaalverkoop.nl","article_modified_time":"2026-04-13T12:44:40+00:00","og_image":[{"width":699,"height":699,"url":"https:\/\/cortenstaalverkoop.nl\/wp-content\/uploads\/2021\/10\/buitenhaard-Odin.png","type":"image\/png"}],"twitter_card":"summary_large_image","twitter_misc":{"Dur\u00e9e de lecture estim\u00e9e":"3 minutes"},"schema":{"@context":"https:\/\/schema.org","@graph":[{"@type":"WebPage","@id":"https:\/\/cortenstaalverkoop.nl\/product\/cortenstaal-tuinhaard-digna\/","url":"https:\/\/cortenstaalverkoop.nl\/product\/cortenstaal-tuinhaard-digna\/","name":"Cortenstaal tuinhaard Digna koopt u bij cortenstaalverkoop.nl","isPartOf":{"@id":"https:\/\/cortenstaalverkoop.nl\/#website"},"primaryImageOfPage":{"@id":"https:\/\/cortenstaalverkoop.nl\/product\/cortenstaal-tuinhaard-digna\/#primaryimage"},"image":{"@id":"https:\/\/cortenstaalverkoop.nl\/product\/cortenstaal-tuinhaard-digna\/#primaryimage"},"thumbnailUrl":"https:\/\/cortenstaalverkoop.nl\/wp-content\/uploads\/2021\/10\/buitenhaard-Odin.png","datePublished":"2021-10-23T10:10:27+00:00","dateModified":"2026-04-13T12:44:40+00:00","description":"\u2705 Acier Corten chemin\u00e9e ext\u00e9rieure Digna \u2705 meilleure qualit\u00e9 \u2705 garantie de 5 ans! Obtenir un acier corten chemin\u00e9e ext\u00e9rieure est bon march\u00e9 dans cortenstaalverkoop.nl!","breadcrumb":{"@id":"https:\/\/cortenstaalverkoop.nl\/product\/cortenstaal-tuinhaard-digna\/#breadcrumb"},"inLanguage":"fr-FR","potentialAction":[{"@type":"ReadAction","target":["https:\/\/cortenstaalverkoop.nl\/product\/cortenstaal-tuinhaard-digna\/"]}]},{"@type":"ImageObject","inLanguage":"fr-FR","@id":"https:\/\/cortenstaalverkoop.nl\/product\/cortenstaal-tuinhaard-digna\/#primaryimage","url":"https:\/\/cortenstaalverkoop.nl\/wp-content\/uploads\/2021\/10\/buitenhaard-Odin.png","contentUrl":"https:\/\/cortenstaalverkoop.nl\/wp-content\/uploads\/2021\/10\/buitenhaard-Odin.png","width":699,"height":699,"caption":"Cortenstaal buitenhaard Digna"},{"@type":"BreadcrumbList","@id":"https:\/\/cortenstaalverkoop.nl\/product\/cortenstaal-tuinhaard-digna\/#breadcrumb","itemListElement":[{"@type":"ListItem","position":1,"name":"Home","item":"https:\/\/cortenstaalverkoop.nl\/"},{"@type":"ListItem","position":2,"name":"Assortiment","item":"https:\/\/cortenstaalverkoop.nl\/assortiment-cortenstaal\/"},{"@type":"ListItem","position":3,"name":"Cortenstaal tuinhaard Digna"}]},{"@type":"WebSite","@id":"https:\/\/cortenstaalverkoop.nl\/#website","url":"https:\/\/cortenstaalverkoop.nl\/","name":"Cortenstaalverkoop.nl","description":"l&#039;acier cor-ten sp\u00e9cialiste!","publisher":{"@id":"https:\/\/cortenstaalverkoop.nl\/#organization"},"potentialAction":[{"@type":"SearchAction","target":{"@type":"EntryPoint","urlTemplate":"https:\/\/cortenstaalverkoop.nl\/?s={search_term_string}"},"query-input":{"@type":"PropertyValueSpecification","valueRequired":true,"valueName":"search_term_string"}}],"inLanguage":"fr-FR"},{"@type":"Organization","@id":"https:\/\/cortenstaalverkoop.nl\/#organization","name":"Cortenstaalverkoop.nl","url":"https:\/\/cortenstaalverkoop.nl\/","logo":{"@type":"ImageObject","inLanguage":"fr-FR","@id":"https:\/\/cortenstaalverkoop.nl\/#\/schema\/logo\/image\/","url":"https:\/\/cortenstaalverkoop.nl\/wp-content\/uploads\/2019\/11\/cortenstaal-logo-1.png","contentUrl":"https:\/\/cortenstaalverkoop.nl\/wp-content\/uploads\/2019\/11\/cortenstaal-logo-1.png","width":480,"height":163,"caption":"Cortenstaalverkoop.nl"},"image":{"@id":"https:\/\/cortenstaalverkoop.nl\/#\/schema\/logo\/image\/"}}]}},"_links":{"self":[{"href":"https:\/\/cortenstaalverkoop.nl\/fr\/wp-json\/wp\/v2\/product\/6503","targetHints":{"allow":["GET"]}}],"collection":[{"href":"https:\/\/cortenstaalverkoop.nl\/fr\/wp-json\/wp\/v2\/product"}],"about":[{"href":"https:\/\/cortenstaalverkoop.nl\/fr\/wp-json\/wp\/v2\/types\/product"}],"version-history":[{"count":26,"href":"https:\/\/cortenstaalverkoop.nl\/fr\/wp-json\/wp\/v2\/product\/6503\/revisions"}],"predecessor-version":[{"id":9252,"href":"https:\/\/cortenstaalverkoop.nl\/fr\/wp-json\/wp\/v2\/product\/6503\/revisions\/9252"}],"wp:featuredmedia":[{"embeddable":true,"href":"https:\/\/cortenstaalverkoop.nl\/fr\/wp-json\/wp\/v2\/media\/6519"}],"wp:attachment":[{"href":"https:\/\/cortenstaalverkoop.nl\/fr\/wp-json\/wp\/v2\/media?parent=6503"}],"wp:term":[{"taxonomy":"product_brand","embeddable":true,"href":"https:\/\/cortenstaalverkoop.nl\/fr\/wp-json\/wp\/v2\/product_brand?post=6503"},{"taxonomy":"product_cat","embeddable":true,"href":"https:\/\/cortenstaalverkoop.nl\/fr\/wp-json\/wp\/v2\/product_cat?post=6503"},{"taxonomy":"product_tag","embeddable":true,"href":"https:\/\/cortenstaalverkoop.nl\/fr\/wp-json\/wp\/v2\/product_tag?post=6503"}],"curies":[{"name":"wp","href":"https:\/\/api.w.org\/{rel}","templated":true}]}}