{"id":6998,"date":"2022-03-14T14:59:59","date_gmt":"2022-03-14T13:59:59","guid":{"rendered":"https:\/\/cortenstaalverkoop.nl\/?post_type=product&#038;p=6998"},"modified":"2024-10-29T14:38:56","modified_gmt":"2024-10-29T13:38:56","slug":"table-de-jardin-en-acier-corten","status":"publish","type":"product","link":"https:\/\/cortenstaalverkoop.nl\/fr\/product\/cortenstaal-tuintafel-2\/","title":{"rendered":"L'acier corten table de jardin"},"content":{"rendered":"<p>L&#039;acier Corten table de jardin est un vrai r\u00e9gal pour les yeux \u00e0 cause de son un design simple et \u00e9pur\u00e9. La table est disponible en deux mod\u00e8les diff\u00e9rents. Si vous passez beaucoup de temps dans le jardin, une robuste table de jardin est id\u00e9al pour manger \u00e0 l&#039;ext\u00e9rieur, jouer \u00e0 un jeu ou se d\u00e9tendre avec une boisson. Ce robuste en acier Corten table de jardin est fait de bois durable avec l&#039;acier Corten jambes. Le dessus de la table de Garapa planches de bois franc attach\u00e9 \u00e0 une solide base en acier. Il y a aussi le m\u00eame mod\u00e8le <a href=\"https:\/\/cortenstaalverkoop.nl\/product\/cortenstaal-tuininrichting\/cortenstaal-tuinbank-mio\/\" target=\"_blank\" rel=\"noopener\">banc<\/a> aussi pour la vente. Ou vous pouvez acheter de la table avec deux canap\u00e9s comme un complet <a href=\"https:\/\/cortenstaalverkoop.nl\/product\/cortenstaal-picknicktafel-horeca\/\" target=\"_blank\" rel=\"noopener\">picpnick-set<\/a>. Tout l&#039;acier Corten produits sont livr\u00e9s non torr\u00e9fi\u00e9es. En raison de la m\u00e9t\u00e9o, cette rouille processus commence. Apr\u00e8s environ 4 \u00e0 5 mois, le produit est compl\u00e8tement rouill\u00e9. Au cours de ce processus, l&#039;acier peut encore lib\u00e9ration, puis plus rien. Une propri\u00e9t\u00e9 importante de l&#039;acier Corten est qu&#039;il ne rouille pas et peuvent donc rester en dehors dans le vent et les intemp\u00e9ries. Nous pensons que la qualit\u00e9 est tr\u00e8s importante, c&#039;est pourquoi nous vous donnons une garantie de 5 ans sur tous nos produits.<\/p>\n<h4>Avantages cl\u00e9s:<\/h4>\n<ul>\n<li>Tr\u00e8s solide et durable<\/li>\n<li>Sans entretien<\/li>\n<li>Mat\u00e9riau r\u00e9sistant aux intemp\u00e9ries et donc durable<\/li>\n<li>Le son chaud et naturel de regarder et se sentir<\/li>\n<li>Nous n&#039;utilisons que les meilleurs, l&#039;acier cor-ten type, S355JOWP<\/li>\n<li>Garantie de 5 ans.<\/li>\n<\/ul>\n<p>Les produits doivent \u00eatre apr\u00e8s l&#039;accouchement, imm\u00e9diatement d\u00e9compresser. Comme il est, il est important que toute l&#039;humidit\u00e9 entre l&#039;emballage et le produit tout de suite. Ceux-ci peuvent \u00eatre irr\u00e9guliers, de rouille et de causer des taches.<\/p>\n<h5>Informations sur le produit: acier corten:<\/h5>\n<p><a href=\"https:\/\/nl.wikipedia.org\/wiki\/Cortenstaal\" target=\"_blank\" rel=\"noopener noreferrer\">L&#039;acier Cor-Ten<\/a> \u00e9galement connu sous le nom d'acier r\u00e9sistant aux intemp\u00e9ries. C'est un alliage m\u00e9tallique compos\u00e9 de fer, de cuivre, le silicium, le nickel et le chrome sont ajout\u00e9s. L'acier Cor-ten est une tr\u00e8s forte type d'acier. En raison de la capacit\u00e9 \u00e0 se concentrer sur l'exposition \u00e0 l'air, de le couvrir avec une protection de la rouille de la couche. C'est la plante naturelle de la rouille est une couche de protection contre la corrosion.<\/p>\n<p>Livraison gratuite aux Pays-Bas, Belgique. Les frais de port pour l'Allemagne, le Luxembourg et la France commencent \u00e0 280 euros pour la commande enti\u00e8re.<\/p>","protected":false},"excerpt":{"rendered":"<p>Cet acier Corten table de jardin dispose d&#039;une table haut fait de la Garapa de bois franc. Il y a deux diff\u00e9rents mod\u00e8les en vente. Cette FSC, type de bois a des propri\u00e9t\u00e9s similaires avec Bankirai de bois franc. La couleur est jaune \/ beige \u00e0 brun jaun\u00e2tre et devient brun clair avec le temps. La table de jardin est de 230 cm de long et 79 ou 103 cm de large. La hauteur de la table est de 75 ou 76 cm. La protection de la rouille de la couche varie de couleur orange \u00e0 brun rouge\u00e2tre, et, par cons\u00e9quent, vous donne de-jardin: belle tactile industriel.<\/p>\n<p>&nbsp;<\/p>","protected":false},"featured_media":7002,"template":"","meta":{"site-sidebar-layout":"default","site-content-layout":"default","ast-site-content-layout":"default","site-content-style":"default","site-sidebar-style":"default","ast-global-header-display":"","ast-banner-title-visibility":"","ast-main-header-display":"","ast-hfb-above-header-display":"","ast-hfb-below-header-display":"","ast-hfb-mobile-header-display":"","site-post-title":"","ast-breadcrumbs-content":"","ast-featured-img":"","footer-sml-layout":"","ast-disable-related-posts":"","theme-transparent-header-meta":"default","adv-header-id-meta":"","stick-header-meta":"","header-above-stick-meta":"","header-main-stick-meta":"","header-below-stick-meta":"","astra-migrate-meta-layouts":"set","ast-page-background-enabled":"default","ast-page-background-meta":{"desktop":{"background-color":"","background-image":"","background-repeat":"repeat","background-position":"center center","background-size":"auto","background-attachment":"scroll","background-type":"","background-media":"","overlay-type":"","overlay-color":"","overlay-opacity":"","overlay-gradient":""},"tablet":{"background-color":"","background-image":"","background-repeat":"repeat","background-position":"center center","background-size":"auto","background-attachment":"scroll","background-type":"","background-media":"","overlay-type":"","overlay-color":"","overlay-opacity":"","overlay-gradient":""},"mobile":{"background-color":"","background-image":"","background-repeat":"repeat","background-position":"center center","background-size":"auto","background-attachment":"scroll","background-type":"","background-media":"","overlay-type":"","overlay-color":"","overlay-opacity":"","overlay-gradient":""}},"ast-content-background-meta":{"desktop":{"background-color":"var(--ast-global-color-5)","background-image":"","background-repeat":"repeat","background-position":"center center","background-size":"auto","background-attachment":"scroll","background-type":"","background-media":"","overlay-type":"","overlay-color":"","overlay-opacity":"","overlay-gradient":""},"tablet":{"background-color":"var(--ast-global-color-5)","background-image":"","background-repeat":"repeat","background-position":"center center","background-size":"auto","background-attachment":"scroll","background-type":"","background-media":"","overlay-type":"","overlay-color":"","overlay-opacity":"","overlay-gradient":""},"mobile":{"background-color":"var(--ast-global-color-5)","background-image":"","background-repeat":"repeat","background-position":"center center","background-size":"auto","background-attachment":"scroll","background-type":"","background-media":"","overlay-type":"","overlay-color":"","overlay-opacity":"","overlay-gradient":""}}},"product_brand":[],"product_cat":[61],"product_tag":[],"class_list":{"0":"post-6998","1":"product","2":"type-product","3":"status-publish","4":"has-post-thumbnail","6":"product_cat-cortenstaal-tuininrichting","7":"product_shipping_class-fritom","8":"desktop-align-left","9":"tablet-align-left","10":"mobile-align-left","12":"first","13":"instock","14":"taxable","15":"shipping-taxable","16":"purchasable","17":"product-type-variable"},"yoast_head":"<!-- This site is optimized with the Yoast SEO plugin v27.4 - https:\/\/yoast.com\/product\/yoast-seo-wordpress\/ -->\n<title>Cortenstaal tuintafel koopt u bij cortenstaalverkoop.nl<\/title>\n<meta name=\"description\" content=\"\u2705 Cortenstaal tuintafel\u2705 de beste kwaliteit \u2705 5 jaar garantie! Bestel uw Cortenstaal tuintafel goedkoop bij cortenstaalverkoop.nl\" \/>\n<meta name=\"robots\" content=\"index, follow, max-snippet:-1, max-image-preview:large, max-video-preview:-1\" \/>\n<link rel=\"canonical\" href=\"https:\/\/cortenstaalverkoop.nl\/fr\/produit\/table-de-jardin-en-acier-corten\/\" \/>\n<meta property=\"og:locale\" content=\"fr_FR\" \/>\n<meta property=\"og:type\" content=\"article\" \/>\n<meta property=\"og:title\" content=\"Cortenstaal tuintafel koopt u bij cortenstaalverkoop.nl\" \/>\n<meta property=\"og:description\" content=\"\u2705 Cortenstaal tuintafel\u2705 de beste kwaliteit \u2705 5 jaar garantie! Bestel uw Cortenstaal tuintafel goedkoop bij cortenstaalverkoop.nl\" \/>\n<meta property=\"og:url\" content=\"https:\/\/cortenstaalverkoop.nl\/fr\/produit\/table-de-jardin-en-acier-corten\/\" \/>\n<meta property=\"og:site_name\" content=\"Cortenstaalverkoop.nl\" \/>\n<meta property=\"article:modified_time\" content=\"2024-10-29T13:38:56+00:00\" \/>\n<meta property=\"og:image\" content=\"https:\/\/cortenstaalverkoop.nl\/wp-content\/uploads\/2022\/03\/tafel-corten-schuin.png\" \/>\n\t<meta property=\"og:image:width\" content=\"699\" \/>\n\t<meta property=\"og:image:height\" content=\"699\" \/>\n\t<meta property=\"og:image:type\" content=\"image\/png\" \/>\n<meta name=\"twitter:card\" content=\"summary_large_image\" \/>\n<meta name=\"twitter:label1\" content=\"Dur\u00e9e de lecture estim\u00e9e\" \/>\n\t<meta name=\"twitter:data1\" content=\"2 minutes\" \/>\n<script type=\"application\/ld+json\" class=\"yoast-schema-graph\">{\"@context\":\"https:\\\/\\\/schema.org\",\"@graph\":[{\"@type\":\"WebPage\",\"@id\":\"https:\\\/\\\/cortenstaalverkoop.nl\\\/product\\\/cortenstaal-tuintafel-2\\\/\",\"url\":\"https:\\\/\\\/cortenstaalverkoop.nl\\\/product\\\/cortenstaal-tuintafel-2\\\/\",\"name\":\"Cortenstaal tuintafel koopt u bij cortenstaalverkoop.nl\",\"isPartOf\":{\"@id\":\"https:\\\/\\\/cortenstaalverkoop.nl\\\/#website\"},\"primaryImageOfPage\":{\"@id\":\"https:\\\/\\\/cortenstaalverkoop.nl\\\/product\\\/cortenstaal-tuintafel-2\\\/#primaryimage\"},\"image\":{\"@id\":\"https:\\\/\\\/cortenstaalverkoop.nl\\\/product\\\/cortenstaal-tuintafel-2\\\/#primaryimage\"},\"thumbnailUrl\":\"https:\\\/\\\/cortenstaalverkoop.nl\\\/wp-content\\\/uploads\\\/2022\\\/03\\\/tafel-corten-schuin.png\",\"datePublished\":\"2022-03-14T13:59:59+00:00\",\"dateModified\":\"2024-10-29T13:38:56+00:00\",\"description\":\"\u2705 Cortenstaal tuintafel\u2705 de beste kwaliteit \u2705 5 jaar garantie! Bestel uw Cortenstaal tuintafel goedkoop bij cortenstaalverkoop.nl\",\"breadcrumb\":{\"@id\":\"https:\\\/\\\/cortenstaalverkoop.nl\\\/product\\\/cortenstaal-tuintafel-2\\\/#breadcrumb\"},\"inLanguage\":\"fr-FR\",\"potentialAction\":[{\"@type\":\"ReadAction\",\"target\":[\"https:\\\/\\\/cortenstaalverkoop.nl\\\/product\\\/cortenstaal-tuintafel-2\\\/\"]}]},{\"@type\":\"ImageObject\",\"inLanguage\":\"fr-FR\",\"@id\":\"https:\\\/\\\/cortenstaalverkoop.nl\\\/product\\\/cortenstaal-tuintafel-2\\\/#primaryimage\",\"url\":\"https:\\\/\\\/cortenstaalverkoop.nl\\\/wp-content\\\/uploads\\\/2022\\\/03\\\/tafel-corten-schuin.png\",\"contentUrl\":\"https:\\\/\\\/cortenstaalverkoop.nl\\\/wp-content\\\/uploads\\\/2022\\\/03\\\/tafel-corten-schuin.png\",\"width\":699,\"height\":699,\"caption\":\"Cortenstaal tuintafel MIO\"},{\"@type\":\"BreadcrumbList\",\"@id\":\"https:\\\/\\\/cortenstaalverkoop.nl\\\/product\\\/cortenstaal-tuintafel-2\\\/#breadcrumb\",\"itemListElement\":[{\"@type\":\"ListItem\",\"position\":1,\"name\":\"Home\",\"item\":\"https:\\\/\\\/cortenstaalverkoop.nl\\\/\"},{\"@type\":\"ListItem\",\"position\":2,\"name\":\"Assortiment\",\"item\":\"https:\\\/\\\/cortenstaalverkoop.nl\\\/assortiment-cortenstaal\\\/\"},{\"@type\":\"ListItem\",\"position\":3,\"name\":\"Cortenstaal tuintafel\"}]},{\"@type\":\"WebSite\",\"@id\":\"https:\\\/\\\/cortenstaalverkoop.nl\\\/#website\",\"url\":\"https:\\\/\\\/cortenstaalverkoop.nl\\\/\",\"name\":\"Cortenstaalverkoop.nl\",\"description\":\"de cortenstaal specialist!\",\"publisher\":{\"@id\":\"https:\\\/\\\/cortenstaalverkoop.nl\\\/#organization\"},\"potentialAction\":[{\"@type\":\"SearchAction\",\"target\":{\"@type\":\"EntryPoint\",\"urlTemplate\":\"https:\\\/\\\/cortenstaalverkoop.nl\\\/?s={search_term_string}\"},\"query-input\":{\"@type\":\"PropertyValueSpecification\",\"valueRequired\":true,\"valueName\":\"search_term_string\"}}],\"inLanguage\":\"fr-FR\"},{\"@type\":\"Organization\",\"@id\":\"https:\\\/\\\/cortenstaalverkoop.nl\\\/#organization\",\"name\":\"Cortenstaalverkoop.nl\",\"url\":\"https:\\\/\\\/cortenstaalverkoop.nl\\\/\",\"logo\":{\"@type\":\"ImageObject\",\"inLanguage\":\"fr-FR\",\"@id\":\"https:\\\/\\\/cortenstaalverkoop.nl\\\/#\\\/schema\\\/logo\\\/image\\\/\",\"url\":\"https:\\\/\\\/cortenstaalverkoop.nl\\\/wp-content\\\/uploads\\\/2019\\\/11\\\/cortenstaal-logo-1.png\",\"contentUrl\":\"https:\\\/\\\/cortenstaalverkoop.nl\\\/wp-content\\\/uploads\\\/2019\\\/11\\\/cortenstaal-logo-1.png\",\"width\":480,\"height\":163,\"caption\":\"Cortenstaalverkoop.nl\"},\"image\":{\"@id\":\"https:\\\/\\\/cortenstaalverkoop.nl\\\/#\\\/schema\\\/logo\\\/image\\\/\"}}]}<\/script>\n<!-- \/ Yoast SEO plugin. -->","yoast_head_json":{"title":"Cortenstaal table de jardin vous achetez \u00e0 partir d&#039;cortenstaalverkoop.nl","description":"\u2705 L&#039;acier Cor-ten mobilier\u2705 meilleure qualit\u00e9 \u2705 garantie de 5 ans! Obtenir un acier cor-ten de meubles pas cher dans cortenstaalverkoop.nl","robots":{"index":"index","follow":"follow","max-snippet":"max-snippet:-1","max-image-preview":"max-image-preview:large","max-video-preview":"max-video-preview:-1"},"canonical":"https:\/\/cortenstaalverkoop.nl\/fr\/produit\/table-de-jardin-en-acier-corten\/","og_locale":"fr_FR","og_type":"article","og_title":"Cortenstaal tuintafel koopt u bij cortenstaalverkoop.nl","og_description":"\u2705 Cortenstaal tuintafel\u2705 de beste kwaliteit \u2705 5 jaar garantie! Bestel uw Cortenstaal tuintafel goedkoop bij cortenstaalverkoop.nl","og_url":"https:\/\/cortenstaalverkoop.nl\/fr\/produit\/table-de-jardin-en-acier-corten\/","og_site_name":"Cortenstaalverkoop.nl","article_modified_time":"2024-10-29T13:38:56+00:00","og_image":[{"width":699,"height":699,"url":"https:\/\/cortenstaalverkoop.nl\/wp-content\/uploads\/2022\/03\/tafel-corten-schuin.png","type":"image\/png"}],"twitter_card":"summary_large_image","twitter_misc":{"Dur\u00e9e de lecture estim\u00e9e":"2 minutes"},"schema":{"@context":"https:\/\/schema.org","@graph":[{"@type":"WebPage","@id":"https:\/\/cortenstaalverkoop.nl\/product\/cortenstaal-tuintafel-2\/","url":"https:\/\/cortenstaalverkoop.nl\/product\/cortenstaal-tuintafel-2\/","name":"Cortenstaal table de jardin vous achetez \u00e0 partir d&#039;cortenstaalverkoop.nl","isPartOf":{"@id":"https:\/\/cortenstaalverkoop.nl\/#website"},"primaryImageOfPage":{"@id":"https:\/\/cortenstaalverkoop.nl\/product\/cortenstaal-tuintafel-2\/#primaryimage"},"image":{"@id":"https:\/\/cortenstaalverkoop.nl\/product\/cortenstaal-tuintafel-2\/#primaryimage"},"thumbnailUrl":"https:\/\/cortenstaalverkoop.nl\/wp-content\/uploads\/2022\/03\/tafel-corten-schuin.png","datePublished":"2022-03-14T13:59:59+00:00","dateModified":"2024-10-29T13:38:56+00:00","description":"\u2705 L&#039;acier Cor-ten mobilier\u2705 meilleure qualit\u00e9 \u2705 garantie de 5 ans! Obtenir un acier cor-ten de meubles pas cher dans cortenstaalverkoop.nl","breadcrumb":{"@id":"https:\/\/cortenstaalverkoop.nl\/product\/cortenstaal-tuintafel-2\/#breadcrumb"},"inLanguage":"fr-FR","potentialAction":[{"@type":"ReadAction","target":["https:\/\/cortenstaalverkoop.nl\/product\/cortenstaal-tuintafel-2\/"]}]},{"@type":"ImageObject","inLanguage":"fr-FR","@id":"https:\/\/cortenstaalverkoop.nl\/product\/cortenstaal-tuintafel-2\/#primaryimage","url":"https:\/\/cortenstaalverkoop.nl\/wp-content\/uploads\/2022\/03\/tafel-corten-schuin.png","contentUrl":"https:\/\/cortenstaalverkoop.nl\/wp-content\/uploads\/2022\/03\/tafel-corten-schuin.png","width":699,"height":699,"caption":"Cortenstaal tuintafel MIO"},{"@type":"BreadcrumbList","@id":"https:\/\/cortenstaalverkoop.nl\/product\/cortenstaal-tuintafel-2\/#breadcrumb","itemListElement":[{"@type":"ListItem","position":1,"name":"Home","item":"https:\/\/cortenstaalverkoop.nl\/"},{"@type":"ListItem","position":2,"name":"Assortiment","item":"https:\/\/cortenstaalverkoop.nl\/assortiment-cortenstaal\/"},{"@type":"ListItem","position":3,"name":"Cortenstaal tuintafel"}]},{"@type":"WebSite","@id":"https:\/\/cortenstaalverkoop.nl\/#website","url":"https:\/\/cortenstaalverkoop.nl\/","name":"Cortenstaalverkoop.nl","description":"l&#039;acier cor-ten sp\u00e9cialiste!","publisher":{"@id":"https:\/\/cortenstaalverkoop.nl\/#organization"},"potentialAction":[{"@type":"SearchAction","target":{"@type":"EntryPoint","urlTemplate":"https:\/\/cortenstaalverkoop.nl\/?s={search_term_string}"},"query-input":{"@type":"PropertyValueSpecification","valueRequired":true,"valueName":"search_term_string"}}],"inLanguage":"fr-FR"},{"@type":"Organization","@id":"https:\/\/cortenstaalverkoop.nl\/#organization","name":"Cortenstaalverkoop.nl","url":"https:\/\/cortenstaalverkoop.nl\/","logo":{"@type":"ImageObject","inLanguage":"fr-FR","@id":"https:\/\/cortenstaalverkoop.nl\/#\/schema\/logo\/image\/","url":"https:\/\/cortenstaalverkoop.nl\/wp-content\/uploads\/2019\/11\/cortenstaal-logo-1.png","contentUrl":"https:\/\/cortenstaalverkoop.nl\/wp-content\/uploads\/2019\/11\/cortenstaal-logo-1.png","width":480,"height":163,"caption":"Cortenstaalverkoop.nl"},"image":{"@id":"https:\/\/cortenstaalverkoop.nl\/#\/schema\/logo\/image\/"}}]}},"_links":{"self":[{"href":"https:\/\/cortenstaalverkoop.nl\/fr\/wp-json\/wp\/v2\/product\/6998","targetHints":{"allow":["GET"]}}],"collection":[{"href":"https:\/\/cortenstaalverkoop.nl\/fr\/wp-json\/wp\/v2\/product"}],"about":[{"href":"https:\/\/cortenstaalverkoop.nl\/fr\/wp-json\/wp\/v2\/types\/product"}],"version-history":[{"count":5,"href":"https:\/\/cortenstaalverkoop.nl\/fr\/wp-json\/wp\/v2\/product\/6998\/revisions"}],"predecessor-version":[{"id":8779,"href":"https:\/\/cortenstaalverkoop.nl\/fr\/wp-json\/wp\/v2\/product\/6998\/revisions\/8779"}],"wp:featuredmedia":[{"embeddable":true,"href":"https:\/\/cortenstaalverkoop.nl\/fr\/wp-json\/wp\/v2\/media\/7002"}],"wp:attachment":[{"href":"https:\/\/cortenstaalverkoop.nl\/fr\/wp-json\/wp\/v2\/media?parent=6998"}],"wp:term":[{"taxonomy":"product_brand","embeddable":true,"href":"https:\/\/cortenstaalverkoop.nl\/fr\/wp-json\/wp\/v2\/product_brand?post=6998"},{"taxonomy":"product_cat","embeddable":true,"href":"https:\/\/cortenstaalverkoop.nl\/fr\/wp-json\/wp\/v2\/product_cat?post=6998"},{"taxonomy":"product_tag","embeddable":true,"href":"https:\/\/cortenstaalverkoop.nl\/fr\/wp-json\/wp\/v2\/product_tag?post=6998"}],"curies":[{"name":"wp","href":"https:\/\/api.w.org\/{rel}","templated":true}]}}