{"id":7089,"date":"2022-03-30T12:57:45","date_gmt":"2022-03-30T10:57:45","guid":{"rendered":"https:\/\/cortenstaalverkoop.nl\/?post_type=product&#038;p=7089"},"modified":"2026-03-22T10:43:20","modified_gmt":"2026-03-22T09:43:20","slug":"tables-deau-ronde-en-aluminium","status":"publish","type":"product","link":"https:\/\/cortenstaalverkoop.nl\/fr\/product\/aluminium-watertafel-rond\/","title":{"rendered":"Tables d'eau, ronde en Aluminium"},"content":{"rendered":"<p>Vous souhaitez un point d'eau dans votre jardin, mais vous n'avez pas beaucoup d'espace ? Alors vous avez une belle pi\u00e8ce d'eau dans votre jardin avec cette table \u00e0 eau en aluminium. Ces tables \u00e0 eau ont une tr\u00e8s longue dur\u00e9e de vie car la table \u00e0 eau est pourvue de 2 couches de rev\u00eatement en poudre anti-rayures et l'int\u00e9rieur d'un rev\u00eatement \u00e9poxy. La couleur de la table \u00e0 eau standard est noir-gris mat, RAL7021. Le diff\u00e9rent <a href=\"https:\/\/cortenstaalverkoop.nl\/product\/cortenstaal-waterelementen\/cortenstaal-watertafel-rechthoekig\/\" target=\"_blank\" rel=\"noopener noreferrer\">les tables de l&#039;eau<\/a> sont plus atmosph\u00e9riques dans votre jardin en raison de l'\u00e9clairage LED et de la fontaine. De cette fa\u00e7on, vous pourrez \u00e9galement profiter du beau jeu d'eau le soir ! <span style=\"font-size: 16px;\">Les tables \u00e0 eau pr\u00eates \u00e0 l'emploi sont disponibles en diff\u00e9rentes tailles. Aussi bien en forme ronde, carr\u00e9e que rectangulaire. Parce qu'il est fabriqu\u00e9 en aluminium, il s'adapte aussi bien aux jardins modernes que classiques. Les tables \u00e0 eau sont en aluminium de 3 mm d'\u00e9paisseur. <\/span><\/p>\n<p><span style=\"font-size: 16px;\">Les Table d'eau peuvent \u00eatre livr\u00e9es en <a href=\"https:\/\/cortenstaalverkoop.nl\/product\/cortenstaal-waterelementen\/cortenstaal-watertafel-rond\/\" target=\"_blank\" rel=\"noopener\">l'acier corten<\/a> et en aluminium. Si vous choisissez l'aluminium, toutes les couleurs RAL sont possibles. Avec cette Table d'eau, vous pouvez cr\u00e9er une oasis apaisante dans le jardin en un rien de temps !\u00a0<\/span><\/p>\n<h4>Installation:<\/h4>\n<ul>\n<li>Placez la Table d'eau sur une surface ferme et plane de mani\u00e8re \u00e0 ce qu'elle soit de niveau.<\/li>\n<li>Apr\u00e8s l'installation, vous pouvez remplir la Table d'eau avec de l'eau par le haut.<\/li>\n<li>Il y a un passe-fil dans la Table d'eau pour que les c\u00e2bles sortent sous la nappe.<\/li>\n<li>2 prises de courant sont n\u00e9cessaires, vous pouvez donc commander la fontaine et la lumi\u00e8re s\u00e9par\u00e9ment.<\/li>\n<\/ul>\n<h4>Remarque importante:<\/h4>\n<ul>\n<li>La Table d'eau en aluminium doit \u00eatre plac\u00e9e de niveau sur un<\/li>\n<li>L&#039;eau les tableaux sont livr\u00e9s avec la pompe, et des lumi\u00e8res de LED (blanc froid)<\/li>\n<li>D'autres couleurs RAL standard sont possibles (des frais de d\u00e9marrage sont factur\u00e9s pour cela)<\/li>\n<li>Ne pas utiliser de nettoyeur haute pression ni de tampon \u00e0 r\u00e9curer car cela pourrait endommager le rev\u00eatement.<\/li>\n<\/ul>\n<h5>L&#039;utiliser en hiver<\/h5>\n<ul>\n<li>Quand il g\u00e8le, d\u00e9branchez toujours le cordon d&#039;alimentation de la prise murale avant de poursuivre<\/li>\n<li>Le niveau d&#039;eau baisse d&#039;au moins 10 cm \u00e0 partir du haut de<\/li>\n<li>\u201cUn vorstvrijhouder est recommand\u00e9 et est disponible \u00e0 n&#039;importe quel centre de jardin ou un magasin de r\u00e9novation domiciliaire<\/li>\n<li>La pompe peut rester dans l&#039;eau si toutes les conditions ci-dessus ont \u00e9t\u00e9 respect\u00e9es<\/li>\n<li>Vous pouvez \u00e9galement prendre la pompe de l&#039;eau, et un gel-place de libre dans l&#039;eau pendant l&#039;hiver.<\/li>\n<\/ul>\n<p>\u00catre \u00e0 l&#039;aff\u00fbt d&#039;une nappe d&#039;eau dans une couleur diff\u00e9rente ou la taille? Sentez-vous svp libre pour nous contacter.<\/p>\n<h5>Informations sur le produit: acier corten:<\/h5>\n<p><a href=\"https:\/\/nl.wikipedia.org\/wiki\/Cortenstaal\" target=\"_blank\" rel=\"noopener noreferrer\">L&#039;acier Cor-Ten<\/a> \u00e9galement connu sous le nom d'acier r\u00e9sistant aux intemp\u00e9ries. C'est un alliage m\u00e9tallique compos\u00e9 de fer, de cuivre, le silicium, le nickel et le chrome sont ajout\u00e9s. L'acier Cor-ten est une tr\u00e8s forte type d'acier. En raison de la capacit\u00e9 \u00e0 se concentrer sur l'exposition \u00e0 l'air, de le couvrir avec une protection de la rouille de la couche. C'est la plante naturelle de la rouille est une couche de protection contre la corrosion.<\/p>\n<p>Livraison gratuite aux Pays-Bas, Belgique. Les frais de port pour l'Allemagne, le Luxembourg et la France commencent \u00e0 280 euros pour la commande enti\u00e8re.<\/p>","protected":false},"excerpt":{"rendered":"<p>La table \u00e0 eau ronde en aluminium est livr\u00e9e avec \u00e9clairage LED, fontaine(s) et pompe. La pompe \u00e0 l'int\u00e9rieur du r\u00e9servoir assure le pompage de l'eau. L'eau ruissellera alors sur la plaque int\u00e9rieure, avant de retomber dans le r\u00e9cipient. Le c\u00e2ble sort de la bo\u00eete via une construction de trop-plein en bas, de sorte qu'il n'est pas visible. Les table \u00e0 eau n\u00e9cessitent peu d'entretien et sont tr\u00e8s adapt\u00e9es aux enfants car il n'y a pas de couche d'eau profonde.<\/p>\n<ul>\n<li>La couleur de la nappe phr\u00e9atique est noir-gris mat, RAL 7021.<\/li>\n<li>2 couches de rev\u00eatement en poudre r\u00e9sistant aux rayures et l'int\u00e9rieur d'un rev\u00eatement \u00e9poxy.<\/li>\n<li>Les tables \u00e0 eau sont constitu\u00e9es de 3 mm. aluminium.<\/li>\n<\/ul>","protected":false},"featured_media":7102,"template":"","meta":{"site-sidebar-layout":"default","site-content-layout":"default","ast-site-content-layout":"default","site-content-style":"default","site-sidebar-style":"default","ast-global-header-display":"","ast-banner-title-visibility":"","ast-main-header-display":"","ast-hfb-above-header-display":"","ast-hfb-below-header-display":"","ast-hfb-mobile-header-display":"","site-post-title":"","ast-breadcrumbs-content":"","ast-featured-img":"","footer-sml-layout":"","ast-disable-related-posts":"","theme-transparent-header-meta":"default","adv-header-id-meta":"","stick-header-meta":"","header-above-stick-meta":"","header-main-stick-meta":"","header-below-stick-meta":"","astra-migrate-meta-layouts":"set","ast-page-background-enabled":"default","ast-page-background-meta":{"desktop":{"background-color":"","background-image":"","background-repeat":"repeat","background-position":"center center","background-size":"auto","background-attachment":"scroll","background-type":"","background-media":"","overlay-type":"","overlay-color":"","overlay-opacity":"","overlay-gradient":""},"tablet":{"background-color":"","background-image":"","background-repeat":"repeat","background-position":"center center","background-size":"auto","background-attachment":"scroll","background-type":"","background-media":"","overlay-type":"","overlay-color":"","overlay-opacity":"","overlay-gradient":""},"mobile":{"background-color":"","background-image":"","background-repeat":"repeat","background-position":"center center","background-size":"auto","background-attachment":"scroll","background-type":"","background-media":"","overlay-type":"","overlay-color":"","overlay-opacity":"","overlay-gradient":""}},"ast-content-background-meta":{"desktop":{"background-color":"var(--ast-global-color-5)","background-image":"","background-repeat":"repeat","background-position":"center center","background-size":"auto","background-attachment":"scroll","background-type":"","background-media":"","overlay-type":"","overlay-color":"","overlay-opacity":"","overlay-gradient":""},"tablet":{"background-color":"var(--ast-global-color-5)","background-image":"","background-repeat":"repeat","background-position":"center center","background-size":"auto","background-attachment":"scroll","background-type":"","background-media":"","overlay-type":"","overlay-color":"","overlay-opacity":"","overlay-gradient":""},"mobile":{"background-color":"var(--ast-global-color-5)","background-image":"","background-repeat":"repeat","background-position":"center center","background-size":"auto","background-attachment":"scroll","background-type":"","background-media":"","overlay-type":"","overlay-color":"","overlay-opacity":"","overlay-gradient":""}}},"product_brand":[],"product_cat":[60],"product_tag":[],"class_list":{"0":"post-7089","1":"product","2":"type-product","3":"status-publish","4":"has-post-thumbnail","6":"product_cat-cortenstaal-waterelementen","7":"product_shipping_class-fritom","8":"desktop-align-left","9":"tablet-align-left","10":"mobile-align-left","12":"first","13":"instock","14":"taxable","15":"shipping-taxable","16":"purchasable","17":"product-type-variable"},"yoast_head":"<!-- This site is optimized with the Yoast SEO plugin v27.3 - https:\/\/yoast.com\/product\/yoast-seo-wordpress\/ -->\n<title>Aluminium watertafel rond koopt u goedkoop bij cortenstaalverkoop.nl<\/title>\n<meta name=\"description\" content=\"\u2705 Aluminium watertafel rond met fontein.\u2705 de beste kwaliteit \u2705 5 jaar garantie! Bestel uw watertafel goedkoop bij cortenstaalverkoop.nl!\" \/>\n<meta name=\"robots\" content=\"index, follow, max-snippet:-1, max-image-preview:large, max-video-preview:-1\" \/>\n<link rel=\"canonical\" href=\"https:\/\/cortenstaalverkoop.nl\/fr\/produit\/tables-deau-ronde-en-aluminium\/\" \/>\n<meta property=\"og:locale\" content=\"fr_FR\" \/>\n<meta property=\"og:type\" content=\"article\" \/>\n<meta property=\"og:title\" content=\"Aluminium watertafel rond koopt u goedkoop bij cortenstaalverkoop.nl\" \/>\n<meta property=\"og:description\" content=\"\u2705 Aluminium watertafel rond met fontein.\u2705 de beste kwaliteit \u2705 5 jaar garantie! Bestel uw watertafel goedkoop bij cortenstaalverkoop.nl!\" \/>\n<meta property=\"og:url\" content=\"https:\/\/cortenstaalverkoop.nl\/fr\/produit\/tables-deau-ronde-en-aluminium\/\" \/>\n<meta property=\"og:site_name\" content=\"Cortenstaalverkoop.nl\" \/>\n<meta property=\"article:modified_time\" content=\"2026-03-22T09:43:20+00:00\" \/>\n<meta property=\"og:image\" content=\"https:\/\/cortenstaalverkoop.nl\/wp-content\/uploads\/2022\/03\/watertafel-rond-gecoat4.png\" \/>\n\t<meta property=\"og:image:width\" content=\"699\" \/>\n\t<meta property=\"og:image:height\" content=\"699\" \/>\n\t<meta property=\"og:image:type\" content=\"image\/png\" \/>\n<meta name=\"twitter:card\" content=\"summary_large_image\" \/>\n<meta name=\"twitter:label1\" content=\"Dur\u00e9e de lecture estim\u00e9e\" \/>\n\t<meta name=\"twitter:data1\" content=\"3 minutes\" \/>\n<script type=\"application\/ld+json\" class=\"yoast-schema-graph\">{\"@context\":\"https:\\\/\\\/schema.org\",\"@graph\":[{\"@type\":\"WebPage\",\"@id\":\"https:\\\/\\\/cortenstaalverkoop.nl\\\/product\\\/aluminium-watertafel-rond\\\/\",\"url\":\"https:\\\/\\\/cortenstaalverkoop.nl\\\/product\\\/aluminium-watertafel-rond\\\/\",\"name\":\"Aluminium watertafel rond koopt u goedkoop bij cortenstaalverkoop.nl\",\"isPartOf\":{\"@id\":\"https:\\\/\\\/cortenstaalverkoop.nl\\\/#website\"},\"primaryImageOfPage\":{\"@id\":\"https:\\\/\\\/cortenstaalverkoop.nl\\\/product\\\/aluminium-watertafel-rond\\\/#primaryimage\"},\"image\":{\"@id\":\"https:\\\/\\\/cortenstaalverkoop.nl\\\/product\\\/aluminium-watertafel-rond\\\/#primaryimage\"},\"thumbnailUrl\":\"https:\\\/\\\/cortenstaalverkoop.nl\\\/wp-content\\\/uploads\\\/2022\\\/03\\\/watertafel-rond-gecoat4.png\",\"datePublished\":\"2022-03-30T10:57:45+00:00\",\"dateModified\":\"2026-03-22T09:43:20+00:00\",\"description\":\"\u2705 Aluminium watertafel rond met fontein.\u2705 de beste kwaliteit \u2705 5 jaar garantie! Bestel uw watertafel goedkoop bij cortenstaalverkoop.nl!\",\"breadcrumb\":{\"@id\":\"https:\\\/\\\/cortenstaalverkoop.nl\\\/product\\\/aluminium-watertafel-rond\\\/#breadcrumb\"},\"inLanguage\":\"fr-FR\",\"potentialAction\":[{\"@type\":\"ReadAction\",\"target\":[\"https:\\\/\\\/cortenstaalverkoop.nl\\\/product\\\/aluminium-watertafel-rond\\\/\"]}]},{\"@type\":\"ImageObject\",\"inLanguage\":\"fr-FR\",\"@id\":\"https:\\\/\\\/cortenstaalverkoop.nl\\\/product\\\/aluminium-watertafel-rond\\\/#primaryimage\",\"url\":\"https:\\\/\\\/cortenstaalverkoop.nl\\\/wp-content\\\/uploads\\\/2022\\\/03\\\/watertafel-rond-gecoat4.png\",\"contentUrl\":\"https:\\\/\\\/cortenstaalverkoop.nl\\\/wp-content\\\/uploads\\\/2022\\\/03\\\/watertafel-rond-gecoat4.png\",\"width\":699,\"height\":699,\"caption\":\"Aluminium watertafel rond\"},{\"@type\":\"BreadcrumbList\",\"@id\":\"https:\\\/\\\/cortenstaalverkoop.nl\\\/product\\\/aluminium-watertafel-rond\\\/#breadcrumb\",\"itemListElement\":[{\"@type\":\"ListItem\",\"position\":1,\"name\":\"Home\",\"item\":\"https:\\\/\\\/cortenstaalverkoop.nl\\\/\"},{\"@type\":\"ListItem\",\"position\":2,\"name\":\"Assortiment\",\"item\":\"https:\\\/\\\/cortenstaalverkoop.nl\\\/assortiment-cortenstaal\\\/\"},{\"@type\":\"ListItem\",\"position\":3,\"name\":\"Aluminium watertafel rond\"}]},{\"@type\":\"WebSite\",\"@id\":\"https:\\\/\\\/cortenstaalverkoop.nl\\\/#website\",\"url\":\"https:\\\/\\\/cortenstaalverkoop.nl\\\/\",\"name\":\"Cortenstaalverkoop.nl\",\"description\":\"de cortenstaal specialist!\",\"publisher\":{\"@id\":\"https:\\\/\\\/cortenstaalverkoop.nl\\\/#organization\"},\"potentialAction\":[{\"@type\":\"SearchAction\",\"target\":{\"@type\":\"EntryPoint\",\"urlTemplate\":\"https:\\\/\\\/cortenstaalverkoop.nl\\\/?s={search_term_string}\"},\"query-input\":{\"@type\":\"PropertyValueSpecification\",\"valueRequired\":true,\"valueName\":\"search_term_string\"}}],\"inLanguage\":\"fr-FR\"},{\"@type\":\"Organization\",\"@id\":\"https:\\\/\\\/cortenstaalverkoop.nl\\\/#organization\",\"name\":\"Cortenstaalverkoop.nl\",\"url\":\"https:\\\/\\\/cortenstaalverkoop.nl\\\/\",\"logo\":{\"@type\":\"ImageObject\",\"inLanguage\":\"fr-FR\",\"@id\":\"https:\\\/\\\/cortenstaalverkoop.nl\\\/#\\\/schema\\\/logo\\\/image\\\/\",\"url\":\"https:\\\/\\\/cortenstaalverkoop.nl\\\/wp-content\\\/uploads\\\/2019\\\/11\\\/cortenstaal-logo-1.png\",\"contentUrl\":\"https:\\\/\\\/cortenstaalverkoop.nl\\\/wp-content\\\/uploads\\\/2019\\\/11\\\/cortenstaal-logo-1.png\",\"width\":480,\"height\":163,\"caption\":\"Cortenstaalverkoop.nl\"},\"image\":{\"@id\":\"https:\\\/\\\/cortenstaalverkoop.nl\\\/#\\\/schema\\\/logo\\\/image\\\/\"}}]}<\/script>\n<!-- \/ Yoast SEO plugin. -->","yoast_head_json":{"title":"Aluminium watertafel rond koopt u goedkoop bij cortenstaalverkoop.nl","description":"\u2705 Aluminium watertafel rond met fontein.\u2705 de beste kwaliteit \u2705 5 jaar garantie! Bestel uw watertafel goedkoop bij cortenstaalverkoop.nl!","robots":{"index":"index","follow":"follow","max-snippet":"max-snippet:-1","max-image-preview":"max-image-preview:large","max-video-preview":"max-video-preview:-1"},"canonical":"https:\/\/cortenstaalverkoop.nl\/fr\/produit\/tables-deau-ronde-en-aluminium\/","og_locale":"fr_FR","og_type":"article","og_title":"Aluminium watertafel rond koopt u goedkoop bij cortenstaalverkoop.nl","og_description":"\u2705 Aluminium watertafel rond met fontein.\u2705 de beste kwaliteit \u2705 5 jaar garantie! Bestel uw watertafel goedkoop bij cortenstaalverkoop.nl!","og_url":"https:\/\/cortenstaalverkoop.nl\/fr\/produit\/tables-deau-ronde-en-aluminium\/","og_site_name":"Cortenstaalverkoop.nl","article_modified_time":"2026-03-22T09:43:20+00:00","og_image":[{"width":699,"height":699,"url":"https:\/\/cortenstaalverkoop.nl\/wp-content\/uploads\/2022\/03\/watertafel-rond-gecoat4.png","type":"image\/png"}],"twitter_card":"summary_large_image","twitter_misc":{"Dur\u00e9e de lecture estim\u00e9e":"3 minutes"},"schema":{"@context":"https:\/\/schema.org","@graph":[{"@type":"WebPage","@id":"https:\/\/cortenstaalverkoop.nl\/product\/aluminium-watertafel-rond\/","url":"https:\/\/cortenstaalverkoop.nl\/product\/aluminium-watertafel-rond\/","name":"Aluminium watertafel rond koopt u goedkoop bij cortenstaalverkoop.nl","isPartOf":{"@id":"https:\/\/cortenstaalverkoop.nl\/#website"},"primaryImageOfPage":{"@id":"https:\/\/cortenstaalverkoop.nl\/product\/aluminium-watertafel-rond\/#primaryimage"},"image":{"@id":"https:\/\/cortenstaalverkoop.nl\/product\/aluminium-watertafel-rond\/#primaryimage"},"thumbnailUrl":"https:\/\/cortenstaalverkoop.nl\/wp-content\/uploads\/2022\/03\/watertafel-rond-gecoat4.png","datePublished":"2022-03-30T10:57:45+00:00","dateModified":"2026-03-22T09:43:20+00:00","description":"\u2705 Aluminium watertafel rond met fontein.\u2705 de beste kwaliteit \u2705 5 jaar garantie! Bestel uw watertafel goedkoop bij cortenstaalverkoop.nl!","breadcrumb":{"@id":"https:\/\/cortenstaalverkoop.nl\/product\/aluminium-watertafel-rond\/#breadcrumb"},"inLanguage":"fr-FR","potentialAction":[{"@type":"ReadAction","target":["https:\/\/cortenstaalverkoop.nl\/product\/aluminium-watertafel-rond\/"]}]},{"@type":"ImageObject","inLanguage":"fr-FR","@id":"https:\/\/cortenstaalverkoop.nl\/product\/aluminium-watertafel-rond\/#primaryimage","url":"https:\/\/cortenstaalverkoop.nl\/wp-content\/uploads\/2022\/03\/watertafel-rond-gecoat4.png","contentUrl":"https:\/\/cortenstaalverkoop.nl\/wp-content\/uploads\/2022\/03\/watertafel-rond-gecoat4.png","width":699,"height":699,"caption":"Aluminium watertafel rond"},{"@type":"BreadcrumbList","@id":"https:\/\/cortenstaalverkoop.nl\/product\/aluminium-watertafel-rond\/#breadcrumb","itemListElement":[{"@type":"ListItem","position":1,"name":"Home","item":"https:\/\/cortenstaalverkoop.nl\/"},{"@type":"ListItem","position":2,"name":"Assortiment","item":"https:\/\/cortenstaalverkoop.nl\/assortiment-cortenstaal\/"},{"@type":"ListItem","position":3,"name":"Aluminium watertafel rond"}]},{"@type":"WebSite","@id":"https:\/\/cortenstaalverkoop.nl\/#website","url":"https:\/\/cortenstaalverkoop.nl\/","name":"Cortenstaalverkoop.nl","description":"l&#039;acier cor-ten sp\u00e9cialiste!","publisher":{"@id":"https:\/\/cortenstaalverkoop.nl\/#organization"},"potentialAction":[{"@type":"SearchAction","target":{"@type":"EntryPoint","urlTemplate":"https:\/\/cortenstaalverkoop.nl\/?s={search_term_string}"},"query-input":{"@type":"PropertyValueSpecification","valueRequired":true,"valueName":"search_term_string"}}],"inLanguage":"fr-FR"},{"@type":"Organization","@id":"https:\/\/cortenstaalverkoop.nl\/#organization","name":"Cortenstaalverkoop.nl","url":"https:\/\/cortenstaalverkoop.nl\/","logo":{"@type":"ImageObject","inLanguage":"fr-FR","@id":"https:\/\/cortenstaalverkoop.nl\/#\/schema\/logo\/image\/","url":"https:\/\/cortenstaalverkoop.nl\/wp-content\/uploads\/2019\/11\/cortenstaal-logo-1.png","contentUrl":"https:\/\/cortenstaalverkoop.nl\/wp-content\/uploads\/2019\/11\/cortenstaal-logo-1.png","width":480,"height":163,"caption":"Cortenstaalverkoop.nl"},"image":{"@id":"https:\/\/cortenstaalverkoop.nl\/#\/schema\/logo\/image\/"}}]}},"_links":{"self":[{"href":"https:\/\/cortenstaalverkoop.nl\/fr\/wp-json\/wp\/v2\/product\/7089","targetHints":{"allow":["GET"]}}],"collection":[{"href":"https:\/\/cortenstaalverkoop.nl\/fr\/wp-json\/wp\/v2\/product"}],"about":[{"href":"https:\/\/cortenstaalverkoop.nl\/fr\/wp-json\/wp\/v2\/types\/product"}],"version-history":[{"count":11,"href":"https:\/\/cortenstaalverkoop.nl\/fr\/wp-json\/wp\/v2\/product\/7089\/revisions"}],"predecessor-version":[{"id":9960,"href":"https:\/\/cortenstaalverkoop.nl\/fr\/wp-json\/wp\/v2\/product\/7089\/revisions\/9960"}],"wp:featuredmedia":[{"embeddable":true,"href":"https:\/\/cortenstaalverkoop.nl\/fr\/wp-json\/wp\/v2\/media\/7102"}],"wp:attachment":[{"href":"https:\/\/cortenstaalverkoop.nl\/fr\/wp-json\/wp\/v2\/media?parent=7089"}],"wp:term":[{"taxonomy":"product_brand","embeddable":true,"href":"https:\/\/cortenstaalverkoop.nl\/fr\/wp-json\/wp\/v2\/product_brand?post=7089"},{"taxonomy":"product_cat","embeddable":true,"href":"https:\/\/cortenstaalverkoop.nl\/fr\/wp-json\/wp\/v2\/product_cat?post=7089"},{"taxonomy":"product_tag","embeddable":true,"href":"https:\/\/cortenstaalverkoop.nl\/fr\/wp-json\/wp\/v2\/product_tag?post=7089"}],"curies":[{"name":"wp","href":"https:\/\/api.w.org\/{rel}","templated":true}]}}