{"id":8039,"date":"2022-11-30T15:18:22","date_gmt":"2022-11-30T14:18:22","guid":{"rendered":"https:\/\/cortenstaalverkoop.nl\/?post_type=product&#038;p=8039"},"modified":"2026-04-11T20:49:02","modified_gmt":"2026-04-11T18:49:02","slug":"aluminium-jardiniere-nora","status":"publish","type":"product","link":"https:\/\/cortenstaalverkoop.nl\/fr\/product\/aluminium-plantenbak-nora\/","title":{"rendered":"Aluminium planteur Nora"},"content":{"rendered":"<p>L&#039;aluminium planteur Nora est conique de bo\u00eete de fleur, disponibles dans de nombreuses tailles diff\u00e9rentes. Facile \u00e0 mettre en place sur votre balcon, la terrasse ou dans le jardin. Un ensemble d&#039;aluminium <a href=\"https:\/\/cortenstaalverkoop.nl\/cortenstaal\/cortenstaal-plantenbakken\/\">les plantes<\/a> peut aussi \u00eatre une belle eye-catcher \u00e0 l&#039;entr\u00e9e de votre entreprise. Standard couleur RAL: RAL 7021 noir \/ gris, autres couleurs RAL sur demande.<\/p>\n<p>L&#039;aluminium planteur Nora est compos\u00e9 de 3 mm d&#039;aluminium. L&#039;aluminium est l\u00e9ger, solide, r\u00e9sistant \u00e0 l&#039;usure et r\u00e9sistant \u00e0 la corrosion. Le bord sup\u00e9rieur de l&#039;ensemble de l&#039;aluminium planteurs est double<br \/>\nconverti, ce qui lui donne un conteneur robuste et intemporelle. Sous le fond des tiroirs, pieds standards sont mont\u00e9s avec une hauteur de 18 mm, de sorte que le plateau est l\u00e9g\u00e8rement d\u00e9tach\u00e9 de la terre.<br \/>\nApr\u00e8s la production, il obtient le traitement suivant:<\/p>\n<ul>\n<li>Rugosit\u00e9 de la mati\u00e8re pour une meilleure adh\u00e9rence<\/li>\n<li>Rev\u00eatement en poudre avec une forte adh\u00e9sif de la couche de base.<\/li>\n<li>Terminer avec un hard top coat<\/li>\n<\/ul>\n<h4>Conseil de plantation:<\/h4>\n<ul>\n<li>Fournir un plat, d&#039;une entreprise (vibr\u00e9) de la surface.<\/li>\n<li>Lieu de d\u00e9passement des tuyaux au fond de la jardini\u00e8re comme vous le souhaitez pour cr\u00e9er un tampon de l&#039;eau. Le nombre de d\u00e9passement de tuyaux \u00e0 utiliser d\u00e9pend du nombre de trous de drainage.<\/li>\n<li>Tirants dans planteurs sont essentielles pour la construction et la stabilit\u00e9 de la forme des planteurs. Une tirette peut jamais \u00eatre supprim\u00e9e.<\/li>\n<li>Toujours fournir suffisamment d&#039;espace de respiration (au moins 1 cm) \u00e0 l&#039;int\u00e9rieur de l&#039;planteurs pour emp\u00eacher l&#039;humidit\u00e9 de pi\u00e9geage.<\/li>\n<li>Remplissez le r\u00e9cipient avec une couche de granules Hydro ou de gravier d&#039;environ 10cm de haut. Jeter perm\u00e9able \u00e0 l&#039;humidit\u00e9 anti-racine de tissu au-dessus de l&#039;Hydro granules ou de gravier.<\/li>\n<li>Placez le tissu sur les bords d&#039;au moins 10 cm de haut pour un effet id\u00e9al.<\/li>\n<li>Couvercle anti-racine en tissu, avec une couche de sol a\u00e9r\u00e9 m\u00e9lange adapt\u00e9 \u00e0 la plantation d&#039;\u00eatre appliqu\u00e9e.<\/li>\n<li>Le sol dans le conteneur ne doit jamais \u00eatre dam\u00e9, cela peut endommager le conteneur.<\/li>\n<\/ul>\n<h5>Remarque importante:<\/h5>\n<ul>\n<li style=\"list-style-type: none;\">\n<ul>\n<li>Les produits doivent \u00eatre install\u00e9s imm\u00e9diatement apr\u00e8s la livraison, afin que l&#039;humidit\u00e9 entre l&#039;emballage et le produit n&#039;est pas pris au pi\u00e8ge. Cela peut causer des taches.<\/li>\n<li>Haute r\u00e9sistance, r\u00e9sistant \u00e0 l&#039;usure, tr\u00e8s durable<\/li>\n<li>Serr\u00e9es et, par cons\u00e9quent, le design intemporel<\/li>\n<li>Nos planteurs ne sont pas adapt\u00e9s pour des installations mobiles.<\/li>\n<li>Per\u00e7age, de meulage dans le mat\u00e9riau n&#039;est pas autoris\u00e9e, ce qui permet \u00e0 l&#039;humidit\u00e9 de dessiner sous le rev\u00eatement, l&#039;amenant \u00e0 se d\u00e9coller.<\/li>\n<li>Une garantie de 5 ans<\/li>\n<li>Peu d&#039;entretien, ne pas utiliser un nettoyeur haute pression et \u00e9ponge \u00e0 poncer.<\/li>\n<\/ul>\n<\/li>\n<\/ul>\n<ul>\n<li style=\"list-style-type: none;\"><\/li>\n<\/ul>\n<h6>Informations sur le produit: acier corten:<\/h6>\n<p><a href=\"https:\/\/nl.wikipedia.org\/wikirong\/Cortenstaal\" target=\"_blank\" rel=\"noopener noreferrer\">L&#039;acier Cor-Ten<\/a> \u00e9galement connu sous le nom d'acier r\u00e9sistant aux intemp\u00e9ries. C'est un alliage m\u00e9tallique compos\u00e9 de fer, de cuivre, le silicium, le nickel et le chrome sont ajout\u00e9s. Cor-Ten est une tr\u00e8s forte type d'acier et la capacit\u00e9 \u00e0 se concentrer sur l'exposition \u00e0 l'air, de le couvrir avec une protection de la rouille de la couche. Ensuite, cette couche de protection contre la corrosion. La caract\u00e9ristique de l'acier Corten est sa couleur rouille orang\u00e9e et sa longue dur\u00e9e de vie.<\/p>","protected":false},"excerpt":{"rendered":"<p>L&#039;aluminium planteur Nora est une conique planteur, disponibles en diff\u00e9rentes tailles. Le bord sup\u00e9rieur de la jardini\u00e8re Nora est doubl\u00e9. Mat\u00e9riel \u00e9paisseur de l&#039;aluminium planteurs de s\u00e9rie de 3 mm. Couleur Standard RAL 7021 noir \/ gris, autres couleurs RAL sur demande.<\/p>\n<ul>\n<li>Tr\u00e8s solide et durable<\/li>\n<li>Faible entretien, m\u00e9fiez-vous! Ne pas utiliser un nettoyeur haute pression et \u00e9ponge \u00e0 poncer.<\/li>\n<li>Rev\u00eatement en poudre avec une forte adh\u00e9sif de la couche de base.<\/li>\n<li>Terminer avec un hard top coat.<\/li>\n<li>Mat\u00e9riau r\u00e9sistant aux intemp\u00e9ries et durable<\/li>\n<li>En standard, il y a 18 mm pieds sous les bacs pour un bon drainage<\/li>\n<li>La personnalisation est possible.<\/li>\n<li>Garantie de 5 ans.<\/li>\n<\/ul>","protected":false},"featured_media":8053,"template":"","meta":{"site-sidebar-layout":"default","site-content-layout":"default","ast-site-content-layout":"default","site-content-style":"default","site-sidebar-style":"default","ast-global-header-display":"","ast-banner-title-visibility":"","ast-main-header-display":"","ast-hfb-above-header-display":"","ast-hfb-below-header-display":"","ast-hfb-mobile-header-display":"","site-post-title":"","ast-breadcrumbs-content":"","ast-featured-img":"","footer-sml-layout":"","ast-disable-related-posts":"","theme-transparent-header-meta":"default","adv-header-id-meta":"","stick-header-meta":"","header-above-stick-meta":"","header-main-stick-meta":"","header-below-stick-meta":"","astra-migrate-meta-layouts":"set","ast-page-background-enabled":"default","ast-page-background-meta":{"desktop":{"background-color":"","background-image":"","background-repeat":"repeat","background-position":"center center","background-size":"auto","background-attachment":"scroll","background-type":"","background-media":"","overlay-type":"","overlay-color":"","overlay-opacity":"","overlay-gradient":""},"tablet":{"background-color":"","background-image":"","background-repeat":"repeat","background-position":"center center","background-size":"auto","background-attachment":"scroll","background-type":"","background-media":"","overlay-type":"","overlay-color":"","overlay-opacity":"","overlay-gradient":""},"mobile":{"background-color":"","background-image":"","background-repeat":"repeat","background-position":"center center","background-size":"auto","background-attachment":"scroll","background-type":"","background-media":"","overlay-type":"","overlay-color":"","overlay-opacity":"","overlay-gradient":""}},"ast-content-background-meta":{"desktop":{"background-color":"var(--ast-global-color-5)","background-image":"","background-repeat":"repeat","background-position":"center center","background-size":"auto","background-attachment":"scroll","background-type":"","background-media":"","overlay-type":"","overlay-color":"","overlay-opacity":"","overlay-gradient":""},"tablet":{"background-color":"var(--ast-global-color-5)","background-image":"","background-repeat":"repeat","background-position":"center center","background-size":"auto","background-attachment":"scroll","background-type":"","background-media":"","overlay-type":"","overlay-color":"","overlay-opacity":"","overlay-gradient":""},"mobile":{"background-color":"var(--ast-global-color-5)","background-image":"","background-repeat":"repeat","background-position":"center center","background-size":"auto","background-attachment":"scroll","background-type":"","background-media":"","overlay-type":"","overlay-color":"","overlay-opacity":"","overlay-gradient":""}}},"product_brand":[],"product_cat":[57],"product_tag":[],"class_list":{"0":"post-8039","1":"product","2":"type-product","3":"status-publish","4":"has-post-thumbnail","6":"product_cat-cortenstaal-plantenbakken","7":"product_shipping_class-fritom","8":"desktop-align-left","9":"tablet-align-left","10":"mobile-align-left","12":"first","13":"instock","14":"featured","15":"taxable","16":"shipping-taxable","17":"purchasable","18":"product-type-variable"},"yoast_head":"<!-- This site is optimized with the Yoast SEO plugin v27.4 - https:\/\/yoast.com\/product\/yoast-seo-wordpress\/ -->\n<title>Aluminium plantenbak Nora, goedkoop bij cortenstaalverkoop.nl<\/title>\n<meta name=\"description\" content=\"\u2705 Aluminium plantenbak Nora, diverse maten.\u2705 beste kwaliteit \u2705 5 jaar garantie! Bestel uw Aluminium plantenbak Nora goedkoop bij cortenstaalverkoop.nl\" \/>\n<meta name=\"robots\" content=\"index, follow, max-snippet:-1, max-image-preview:large, max-video-preview:-1\" \/>\n<link rel=\"canonical\" href=\"https:\/\/cortenstaalverkoop.nl\/fr\/produit\/aluminium-jardiniere-nora\/\" \/>\n<meta property=\"og:locale\" content=\"fr_FR\" \/>\n<meta property=\"og:type\" content=\"article\" \/>\n<meta property=\"og:title\" content=\"Aluminium plantenbak Nora, goedkoop bij cortenstaalverkoop.nl\" \/>\n<meta property=\"og:description\" content=\"\u2705 Aluminium plantenbak Nora, diverse maten.\u2705 beste kwaliteit \u2705 5 jaar garantie! Bestel uw Aluminium plantenbak Nora goedkoop bij cortenstaalverkoop.nl\" \/>\n<meta property=\"og:url\" content=\"https:\/\/cortenstaalverkoop.nl\/fr\/produit\/aluminium-jardiniere-nora\/\" \/>\n<meta property=\"og:site_name\" content=\"Cortenstaalverkoop.nl\" \/>\n<meta property=\"article:modified_time\" content=\"2026-04-11T18:49:02+00:00\" \/>\n<meta property=\"og:image\" content=\"https:\/\/cortenstaalverkoop.nl\/wp-content\/uploads\/2022\/11\/Nora-AC4.1.jpg\" \/>\n\t<meta property=\"og:image:width\" content=\"699\" \/>\n\t<meta property=\"og:image:height\" content=\"699\" \/>\n\t<meta property=\"og:image:type\" content=\"image\/jpeg\" \/>\n<meta name=\"twitter:card\" content=\"summary_large_image\" \/>\n<meta name=\"twitter:label1\" content=\"Dur\u00e9e de lecture estim\u00e9e\" \/>\n\t<meta name=\"twitter:data1\" content=\"3 minutes\" \/>\n<script type=\"application\/ld+json\" class=\"yoast-schema-graph\">{\"@context\":\"https:\\\/\\\/schema.org\",\"@graph\":[{\"@type\":\"WebPage\",\"@id\":\"https:\\\/\\\/cortenstaalverkoop.nl\\\/product\\\/aluminium-plantenbak-nora\\\/\",\"url\":\"https:\\\/\\\/cortenstaalverkoop.nl\\\/product\\\/aluminium-plantenbak-nora\\\/\",\"name\":\"Aluminium plantenbak Nora, goedkoop bij cortenstaalverkoop.nl\",\"isPartOf\":{\"@id\":\"https:\\\/\\\/cortenstaalverkoop.nl\\\/#website\"},\"primaryImageOfPage\":{\"@id\":\"https:\\\/\\\/cortenstaalverkoop.nl\\\/product\\\/aluminium-plantenbak-nora\\\/#primaryimage\"},\"image\":{\"@id\":\"https:\\\/\\\/cortenstaalverkoop.nl\\\/product\\\/aluminium-plantenbak-nora\\\/#primaryimage\"},\"thumbnailUrl\":\"https:\\\/\\\/cortenstaalverkoop.nl\\\/wp-content\\\/uploads\\\/2022\\\/11\\\/Nora-AC4.1.jpg\",\"datePublished\":\"2022-11-30T14:18:22+00:00\",\"dateModified\":\"2026-04-11T18:49:02+00:00\",\"description\":\"\u2705 Aluminium plantenbak Nora, diverse maten.\u2705 beste kwaliteit \u2705 5 jaar garantie! Bestel uw Aluminium plantenbak Nora goedkoop bij cortenstaalverkoop.nl\",\"breadcrumb\":{\"@id\":\"https:\\\/\\\/cortenstaalverkoop.nl\\\/product\\\/aluminium-plantenbak-nora\\\/#breadcrumb\"},\"inLanguage\":\"fr-FR\",\"potentialAction\":[{\"@type\":\"ReadAction\",\"target\":[\"https:\\\/\\\/cortenstaalverkoop.nl\\\/product\\\/aluminium-plantenbak-nora\\\/\"]}]},{\"@type\":\"ImageObject\",\"inLanguage\":\"fr-FR\",\"@id\":\"https:\\\/\\\/cortenstaalverkoop.nl\\\/product\\\/aluminium-plantenbak-nora\\\/#primaryimage\",\"url\":\"https:\\\/\\\/cortenstaalverkoop.nl\\\/wp-content\\\/uploads\\\/2022\\\/11\\\/Nora-AC4.1.jpg\",\"contentUrl\":\"https:\\\/\\\/cortenstaalverkoop.nl\\\/wp-content\\\/uploads\\\/2022\\\/11\\\/Nora-AC4.1.jpg\",\"width\":699,\"height\":699,\"caption\":\"aluminium plantenbak Nora\"},{\"@type\":\"BreadcrumbList\",\"@id\":\"https:\\\/\\\/cortenstaalverkoop.nl\\\/product\\\/aluminium-plantenbak-nora\\\/#breadcrumb\",\"itemListElement\":[{\"@type\":\"ListItem\",\"position\":1,\"name\":\"Home\",\"item\":\"https:\\\/\\\/cortenstaalverkoop.nl\\\/\"},{\"@type\":\"ListItem\",\"position\":2,\"name\":\"Assortiment\",\"item\":\"https:\\\/\\\/cortenstaalverkoop.nl\\\/assortiment-cortenstaal\\\/\"},{\"@type\":\"ListItem\",\"position\":3,\"name\":\"Aluminium plantenbak Nora\"}]},{\"@type\":\"WebSite\",\"@id\":\"https:\\\/\\\/cortenstaalverkoop.nl\\\/#website\",\"url\":\"https:\\\/\\\/cortenstaalverkoop.nl\\\/\",\"name\":\"Cortenstaalverkoop.nl\",\"description\":\"de cortenstaal specialist!\",\"publisher\":{\"@id\":\"https:\\\/\\\/cortenstaalverkoop.nl\\\/#organization\"},\"potentialAction\":[{\"@type\":\"SearchAction\",\"target\":{\"@type\":\"EntryPoint\",\"urlTemplate\":\"https:\\\/\\\/cortenstaalverkoop.nl\\\/?s={search_term_string}\"},\"query-input\":{\"@type\":\"PropertyValueSpecification\",\"valueRequired\":true,\"valueName\":\"search_term_string\"}}],\"inLanguage\":\"fr-FR\"},{\"@type\":\"Organization\",\"@id\":\"https:\\\/\\\/cortenstaalverkoop.nl\\\/#organization\",\"name\":\"Cortenstaalverkoop.nl\",\"url\":\"https:\\\/\\\/cortenstaalverkoop.nl\\\/\",\"logo\":{\"@type\":\"ImageObject\",\"inLanguage\":\"fr-FR\",\"@id\":\"https:\\\/\\\/cortenstaalverkoop.nl\\\/#\\\/schema\\\/logo\\\/image\\\/\",\"url\":\"https:\\\/\\\/cortenstaalverkoop.nl\\\/wp-content\\\/uploads\\\/2019\\\/11\\\/cortenstaal-logo-1.png\",\"contentUrl\":\"https:\\\/\\\/cortenstaalverkoop.nl\\\/wp-content\\\/uploads\\\/2019\\\/11\\\/cortenstaal-logo-1.png\",\"width\":480,\"height\":163,\"caption\":\"Cortenstaalverkoop.nl\"},\"image\":{\"@id\":\"https:\\\/\\\/cortenstaalverkoop.nl\\\/#\\\/schema\\\/logo\\\/image\\\/\"}}]}<\/script>\n<!-- \/ Yoast SEO plugin. -->","yoast_head_json":{"title":"L&#039;aluminium planteur Nora, pas cher \u00e0 cortenstaalverkoop.nl","description":"\u2705 Aluminium planteur Nora, de tailles diff\u00e9rentes.\u2705 la meilleure qualit\u00e9 \u2705 5 ans de garantie! Commandez votre aluminium planteur Nora bas prix au cortenstaalverkoop.nl","robots":{"index":"index","follow":"follow","max-snippet":"max-snippet:-1","max-image-preview":"max-image-preview:large","max-video-preview":"max-video-preview:-1"},"canonical":"https:\/\/cortenstaalverkoop.nl\/fr\/produit\/aluminium-jardiniere-nora\/","og_locale":"fr_FR","og_type":"article","og_title":"Aluminium plantenbak Nora, goedkoop bij cortenstaalverkoop.nl","og_description":"\u2705 Aluminium plantenbak Nora, diverse maten.\u2705 beste kwaliteit \u2705 5 jaar garantie! Bestel uw Aluminium plantenbak Nora goedkoop bij cortenstaalverkoop.nl","og_url":"https:\/\/cortenstaalverkoop.nl\/fr\/produit\/aluminium-jardiniere-nora\/","og_site_name":"Cortenstaalverkoop.nl","article_modified_time":"2026-04-11T18:49:02+00:00","og_image":[{"width":699,"height":699,"url":"https:\/\/cortenstaalverkoop.nl\/wp-content\/uploads\/2022\/11\/Nora-AC4.1.jpg","type":"image\/jpeg"}],"twitter_card":"summary_large_image","twitter_misc":{"Dur\u00e9e de lecture estim\u00e9e":"3 minutes"},"schema":{"@context":"https:\/\/schema.org","@graph":[{"@type":"WebPage","@id":"https:\/\/cortenstaalverkoop.nl\/product\/aluminium-plantenbak-nora\/","url":"https:\/\/cortenstaalverkoop.nl\/product\/aluminium-plantenbak-nora\/","name":"L&#039;aluminium planteur Nora, pas cher \u00e0 cortenstaalverkoop.nl","isPartOf":{"@id":"https:\/\/cortenstaalverkoop.nl\/#website"},"primaryImageOfPage":{"@id":"https:\/\/cortenstaalverkoop.nl\/product\/aluminium-plantenbak-nora\/#primaryimage"},"image":{"@id":"https:\/\/cortenstaalverkoop.nl\/product\/aluminium-plantenbak-nora\/#primaryimage"},"thumbnailUrl":"https:\/\/cortenstaalverkoop.nl\/wp-content\/uploads\/2022\/11\/Nora-AC4.1.jpg","datePublished":"2022-11-30T14:18:22+00:00","dateModified":"2026-04-11T18:49:02+00:00","description":"\u2705 Aluminium planteur Nora, de tailles diff\u00e9rentes.\u2705 la meilleure qualit\u00e9 \u2705 5 ans de garantie! Commandez votre aluminium planteur Nora bas prix au cortenstaalverkoop.nl","breadcrumb":{"@id":"https:\/\/cortenstaalverkoop.nl\/product\/aluminium-plantenbak-nora\/#breadcrumb"},"inLanguage":"fr-FR","potentialAction":[{"@type":"ReadAction","target":["https:\/\/cortenstaalverkoop.nl\/product\/aluminium-plantenbak-nora\/"]}]},{"@type":"ImageObject","inLanguage":"fr-FR","@id":"https:\/\/cortenstaalverkoop.nl\/product\/aluminium-plantenbak-nora\/#primaryimage","url":"https:\/\/cortenstaalverkoop.nl\/wp-content\/uploads\/2022\/11\/Nora-AC4.1.jpg","contentUrl":"https:\/\/cortenstaalverkoop.nl\/wp-content\/uploads\/2022\/11\/Nora-AC4.1.jpg","width":699,"height":699,"caption":"aluminium plantenbak Nora"},{"@type":"BreadcrumbList","@id":"https:\/\/cortenstaalverkoop.nl\/product\/aluminium-plantenbak-nora\/#breadcrumb","itemListElement":[{"@type":"ListItem","position":1,"name":"Home","item":"https:\/\/cortenstaalverkoop.nl\/"},{"@type":"ListItem","position":2,"name":"Assortiment","item":"https:\/\/cortenstaalverkoop.nl\/assortiment-cortenstaal\/"},{"@type":"ListItem","position":3,"name":"Aluminium plantenbak Nora"}]},{"@type":"WebSite","@id":"https:\/\/cortenstaalverkoop.nl\/#website","url":"https:\/\/cortenstaalverkoop.nl\/","name":"Cortenstaalverkoop.nl","description":"l&#039;acier cor-ten sp\u00e9cialiste!","publisher":{"@id":"https:\/\/cortenstaalverkoop.nl\/#organization"},"potentialAction":[{"@type":"SearchAction","target":{"@type":"EntryPoint","urlTemplate":"https:\/\/cortenstaalverkoop.nl\/?s={search_term_string}"},"query-input":{"@type":"PropertyValueSpecification","valueRequired":true,"valueName":"search_term_string"}}],"inLanguage":"fr-FR"},{"@type":"Organization","@id":"https:\/\/cortenstaalverkoop.nl\/#organization","name":"Cortenstaalverkoop.nl","url":"https:\/\/cortenstaalverkoop.nl\/","logo":{"@type":"ImageObject","inLanguage":"fr-FR","@id":"https:\/\/cortenstaalverkoop.nl\/#\/schema\/logo\/image\/","url":"https:\/\/cortenstaalverkoop.nl\/wp-content\/uploads\/2019\/11\/cortenstaal-logo-1.png","contentUrl":"https:\/\/cortenstaalverkoop.nl\/wp-content\/uploads\/2019\/11\/cortenstaal-logo-1.png","width":480,"height":163,"caption":"Cortenstaalverkoop.nl"},"image":{"@id":"https:\/\/cortenstaalverkoop.nl\/#\/schema\/logo\/image\/"}}]}},"_links":{"self":[{"href":"https:\/\/cortenstaalverkoop.nl\/fr\/wp-json\/wp\/v2\/product\/8039","targetHints":{"allow":["GET"]}}],"collection":[{"href":"https:\/\/cortenstaalverkoop.nl\/fr\/wp-json\/wp\/v2\/product"}],"about":[{"href":"https:\/\/cortenstaalverkoop.nl\/fr\/wp-json\/wp\/v2\/types\/product"}],"version-history":[{"count":10,"href":"https:\/\/cortenstaalverkoop.nl\/fr\/wp-json\/wp\/v2\/product\/8039\/revisions"}],"predecessor-version":[{"id":11158,"href":"https:\/\/cortenstaalverkoop.nl\/fr\/wp-json\/wp\/v2\/product\/8039\/revisions\/11158"}],"wp:featuredmedia":[{"embeddable":true,"href":"https:\/\/cortenstaalverkoop.nl\/fr\/wp-json\/wp\/v2\/media\/8053"}],"wp:attachment":[{"href":"https:\/\/cortenstaalverkoop.nl\/fr\/wp-json\/wp\/v2\/media?parent=8039"}],"wp:term":[{"taxonomy":"product_brand","embeddable":true,"href":"https:\/\/cortenstaalverkoop.nl\/fr\/wp-json\/wp\/v2\/product_brand?post=8039"},{"taxonomy":"product_cat","embeddable":true,"href":"https:\/\/cortenstaalverkoop.nl\/fr\/wp-json\/wp\/v2\/product_cat?post=8039"},{"taxonomy":"product_tag","embeddable":true,"href":"https:\/\/cortenstaalverkoop.nl\/fr\/wp-json\/wp\/v2\/product_tag?post=8039"}],"curies":[{"name":"wp","href":"https:\/\/api.w.org\/{rel}","templated":true}]}}