{"id":8070,"date":"2022-12-08T14:56:49","date_gmt":"2022-12-08T13:56:49","guid":{"rendered":"https:\/\/cortenstaalverkoop.nl\/?post_type=product&#038;p=8070"},"modified":"2026-04-11T14:34:25","modified_gmt":"2026-04-11T12:34:25","slug":"aluminium-jardiniere-ronde","status":"publish","type":"product","link":"https:\/\/cortenstaalverkoop.nl\/fr\/product\/aluminium-plantenbak-rond\/","title":{"rendered":"L&#039;aluminium jardini\u00e8re ronde"},"content":{"rendered":"<p>L&#039;aluminium planteur est disponible dans de nombreuses tailles diff\u00e9rentes. Par cons\u00e9quent, facile \u00e0 mettre en place sur votre balcon, la terrasse ou dans le jardin. Un ensemble d&#039;aluminium <a href=\"https:\/\/cortenstaalverkoop.nl\/cortenstaal\/cortenstaal-plantenbakken\/\">les plantes<\/a> peut aussi \u00eatre une belle eye-catcher \u00e0 l&#039;entr\u00e9e de votre entreprise. Le bord sup\u00e9rieur de l&#039;aluminium, de la jardini\u00e8re ronde est le double de convertis. Standard couleur RAL: RAL 7021 noir \/ gris, autres couleurs RAL sur demande.<\/p>\n<p>L&#039;aluminium jardini\u00e8re ronde est faite de 3 mm d&#039;aluminium. L&#039;aluminium est l\u00e9ger, solide, r\u00e9sistant \u00e0 l&#039;usure et r\u00e9sistant \u00e0 la corrosion. Le bord sup\u00e9rieur de l&#039;ensemble de l&#039;aluminium planteurs est double<br \/>\nconverti, ce qui lui donne un conteneur robuste et intemporelle. Sous le fond des tiroirs, pieds standards sont mont\u00e9s avec une hauteur de 18 mm, de sorte que le plateau est l\u00e9g\u00e8rement d\u00e9tach\u00e9 de la terre.<br \/>\nApr\u00e8s la production, il obtient le traitement suivant:<\/p>\n<ul>\n<li>Rugosit\u00e9 de la mati\u00e8re pour une meilleure adh\u00e9rence<\/li>\n<li>Rev\u00eatement en poudre avec une forte adh\u00e9sif de la couche de base.<\/li>\n<li>Terminer avec un hard top coat<\/li>\n<\/ul>\n<h4>Conseil de plantation:<\/h4>\n<ul>\n<li>Fournir un plat, d&#039;une entreprise (vibr\u00e9) de la surface.<\/li>\n<li>Lieu de d\u00e9passement des tuyaux au fond de la jardini\u00e8re comme vous le souhaitez pour cr\u00e9er un tampon de l&#039;eau. Le nombre de d\u00e9passement de tuyaux \u00e0 utiliser d\u00e9pend du nombre de trous de drainage.<\/li>\n<li>Tirants dans planteurs sont essentielles pour la construction et la stabilit\u00e9 de la forme des planteurs. Une tirette peut jamais \u00eatre supprim\u00e9e.<\/li>\n<li>Toujours fournir suffisamment d&#039;espace de respiration (au moins 1 cm) \u00e0 l&#039;int\u00e9rieur de l&#039;planteurs pour emp\u00eacher l&#039;humidit\u00e9 de pi\u00e9geage.<\/li>\n<li>Remplissez le r\u00e9cipient avec une couche de granules Hydro ou de gravier d&#039;environ 10cm de haut. Sur le gravier ou hydro granul\u00e9s, de jeter les perm\u00e9able \u00e0 l&#039;humidit\u00e9 anti-racine de tissu.<\/li>\n<li>Placez le tissu sur les bords d&#039;au moins 10 cm de haut pour un effet id\u00e9al.<\/li>\n<li>Couvercle anti-racine en tissu, avec une couche de sol a\u00e9r\u00e9 m\u00e9lange adapt\u00e9 \u00e0 la plantation d&#039;\u00eatre appliqu\u00e9e.<\/li>\n<li>Le sol dans le conteneur ne doit jamais \u00eatre dam\u00e9, cela peut endommager le conteneur.<\/li>\n<\/ul>\n<h5>Remarque importante:<\/h5>\n<ul>\n<li>Apr\u00e8s la r\u00e9ception, tous les mat\u00e9riaux d&#039;emballage doivent \u00eatre retir\u00e9s de produits imm\u00e9diatement.<\/li>\n<li>Per\u00e7age, de meulage dans le mat\u00e9riau n&#039;est pas autoris\u00e9e, ce qui permet \u00e0 l&#039;humidit\u00e9 de dessiner sous le rev\u00eatement, l&#039;amenant \u00e0 se d\u00e9coller.<\/li>\n<li>Les planteurs ne sont pas \u00e9tanches par d\u00e9faut.<\/li>\n<li>Nos planteurs ne sont pas adapt\u00e9s pour le d\u00e9placement compl\u00e9t\u00e9e.<\/li>\n<li>Garantie de 5 ans.<\/li>\n<li>Peu d&#039;entretien, ne pas utiliser un nettoyeur haute pression et \u00e9ponge \u00e0 poncer.<\/li>\n<\/ul>\n<p>Informations sur le produit: acier corten:<\/p>\n<p>L&#039;acier Cor-Ten \u00e9galement connu comme l&#039;\u00e9preuve des intemp\u00e9ries en acier. C&#039;est un alliage m\u00e9tallique compos\u00e9 de fer \u00e0 laquelle le cuivre, le silicium, le nickel et le chrome sont ajout\u00e9s. Cor-Ten est donc une tr\u00e8s forte type d&#039;acier qui a la propri\u00e9t\u00e9 de se couvrant avec une protection couche de rouille lorsqu&#039;il est expos\u00e9 \u00e0 l&#039;air ext\u00e9rieur. Apr\u00e8s que, cette couche forme une protection contre la corrosion. Caract\u00e9ristiques de l&#039;acier Corten est l&#039;orange-brun rouille de la couleur et de la longue dur\u00e9e de vie.<\/p>","protected":false},"excerpt":{"rendered":"<p>L&#039;aluminium planteur est disponible avec ou sans fond et ou des jambes et dans diff\u00e9rentes tailles. Le bord sup\u00e9rieur de la jardini\u00e8re autour est tourn\u00e9 dans la moiti\u00e9. Mat\u00e9riel \u00e9paisseur de l&#039;aluminium planteurs de s\u00e9rie de 3 mm. Couleur Standard RAL 7021 noir \/ gris, autres couleurs RAL sur demande.<\/p>\n<ul>\n<li>Tr\u00e8s solide et durable<\/li>\n<li>Faible entretien, m\u00e9fiez-vous! Ne pas utiliser un nettoyeur haute pression et \u00e9ponge \u00e0 poncer.<\/li>\n<li>Rev\u00eatement en poudre avec une forte adh\u00e9sif de la couche de base.<\/li>\n<li>Terminer avec un hard top coat.<\/li>\n<li>Mat\u00e9riau r\u00e9sistant aux intemp\u00e9ries et durable<\/li>\n<li>En standard, il y a 18 mm pieds sous les bacs pour un bon drainage<\/li>\n<li>La personnalisation est possible.<\/li>\n<li>Garantie de 5 ans.<\/li>\n<\/ul>","protected":false},"featured_media":8087,"template":"","meta":{"site-sidebar-layout":"default","site-content-layout":"default","ast-site-content-layout":"default","site-content-style":"default","site-sidebar-style":"default","ast-global-header-display":"","ast-banner-title-visibility":"","ast-main-header-display":"","ast-hfb-above-header-display":"","ast-hfb-below-header-display":"","ast-hfb-mobile-header-display":"","site-post-title":"","ast-breadcrumbs-content":"","ast-featured-img":"","footer-sml-layout":"","ast-disable-related-posts":"","theme-transparent-header-meta":"default","adv-header-id-meta":"","stick-header-meta":"","header-above-stick-meta":"","header-main-stick-meta":"","header-below-stick-meta":"","astra-migrate-meta-layouts":"set","ast-page-background-enabled":"default","ast-page-background-meta":{"desktop":{"background-color":"","background-image":"","background-repeat":"repeat","background-position":"center center","background-size":"auto","background-attachment":"scroll","background-type":"","background-media":"","overlay-type":"","overlay-color":"","overlay-opacity":"","overlay-gradient":""},"tablet":{"background-color":"","background-image":"","background-repeat":"repeat","background-position":"center center","background-size":"auto","background-attachment":"scroll","background-type":"","background-media":"","overlay-type":"","overlay-color":"","overlay-opacity":"","overlay-gradient":""},"mobile":{"background-color":"","background-image":"","background-repeat":"repeat","background-position":"center center","background-size":"auto","background-attachment":"scroll","background-type":"","background-media":"","overlay-type":"","overlay-color":"","overlay-opacity":"","overlay-gradient":""}},"ast-content-background-meta":{"desktop":{"background-color":"var(--ast-global-color-5)","background-image":"","background-repeat":"repeat","background-position":"center center","background-size":"auto","background-attachment":"scroll","background-type":"","background-media":"","overlay-type":"","overlay-color":"","overlay-opacity":"","overlay-gradient":""},"tablet":{"background-color":"var(--ast-global-color-5)","background-image":"","background-repeat":"repeat","background-position":"center center","background-size":"auto","background-attachment":"scroll","background-type":"","background-media":"","overlay-type":"","overlay-color":"","overlay-opacity":"","overlay-gradient":""},"mobile":{"background-color":"var(--ast-global-color-5)","background-image":"","background-repeat":"repeat","background-position":"center center","background-size":"auto","background-attachment":"scroll","background-type":"","background-media":"","overlay-type":"","overlay-color":"","overlay-opacity":"","overlay-gradient":""}}},"product_brand":[],"product_cat":[57],"product_tag":[],"class_list":{"0":"post-8070","1":"product","2":"type-product","3":"status-publish","4":"has-post-thumbnail","6":"product_cat-cortenstaal-plantenbakken","7":"product_shipping_class-fritom","8":"desktop-align-left","9":"tablet-align-left","10":"mobile-align-left","12":"first","13":"instock","14":"featured","15":"taxable","16":"shipping-taxable","17":"purchasable","18":"product-type-variable"},"yoast_head":"<!-- This site is optimized with the Yoast SEO plugin v27.5 - https:\/\/yoast.com\/product\/yoast-seo-wordpress\/ -->\n<title>Aluminium plantenbak rond, goedkoop bij cortenstaalverkoop.nl<\/title>\n<meta name=\"description\" content=\"\u2705 Aluminium plantenbak rond in diverse maten.\u2705 de beste kwaliteit \u2705 5 jaar garantie! Bestel uw Aluminium plantenbak goedkoop bij cortenstaalverkoop.nl\" \/>\n<meta name=\"robots\" content=\"index, follow, max-snippet:-1, max-image-preview:large, max-video-preview:-1\" \/>\n<link rel=\"canonical\" href=\"https:\/\/cortenstaalverkoop.nl\/fr\/produit\/aluminium-jardiniere-ronde\/\" \/>\n<meta property=\"og:locale\" content=\"fr_FR\" \/>\n<meta property=\"og:type\" content=\"article\" \/>\n<meta property=\"og:title\" content=\"Aluminium plantenbak rond, goedkoop bij cortenstaalverkoop.nl\" \/>\n<meta property=\"og:description\" content=\"\u2705 Aluminium plantenbak rond in diverse maten.\u2705 de beste kwaliteit \u2705 5 jaar garantie! Bestel uw Aluminium plantenbak goedkoop bij cortenstaalverkoop.nl\" \/>\n<meta property=\"og:url\" content=\"https:\/\/cortenstaalverkoop.nl\/fr\/produit\/aluminium-jardiniere-ronde\/\" \/>\n<meta property=\"og:site_name\" content=\"Cortenstaalverkoop.nl\" \/>\n<meta property=\"article:modified_time\" content=\"2026-04-11T12:34:25+00:00\" \/>\n<meta property=\"og:image\" content=\"https:\/\/cortenstaalverkoop.nl\/wp-content\/uploads\/2022\/11\/RondAM5.1.jpg\" \/>\n\t<meta property=\"og:image:width\" content=\"699\" \/>\n\t<meta property=\"og:image:height\" content=\"699\" \/>\n\t<meta property=\"og:image:type\" content=\"image\/jpeg\" \/>\n<meta name=\"twitter:card\" content=\"summary_large_image\" \/>\n<meta name=\"twitter:label1\" content=\"Dur\u00e9e de lecture estim\u00e9e\" \/>\n\t<meta name=\"twitter:data1\" content=\"3 minutes\" \/>\n<script type=\"application\/ld+json\" class=\"yoast-schema-graph\">{\"@context\":\"https:\\\/\\\/schema.org\",\"@graph\":[{\"@type\":\"WebPage\",\"@id\":\"https:\\\/\\\/cortenstaalverkoop.nl\\\/product\\\/aluminium-plantenbak-rond\\\/\",\"url\":\"https:\\\/\\\/cortenstaalverkoop.nl\\\/product\\\/aluminium-plantenbak-rond\\\/\",\"name\":\"Aluminium plantenbak rond, goedkoop bij cortenstaalverkoop.nl\",\"isPartOf\":{\"@id\":\"https:\\\/\\\/cortenstaalverkoop.nl\\\/#website\"},\"primaryImageOfPage\":{\"@id\":\"https:\\\/\\\/cortenstaalverkoop.nl\\\/product\\\/aluminium-plantenbak-rond\\\/#primaryimage\"},\"image\":{\"@id\":\"https:\\\/\\\/cortenstaalverkoop.nl\\\/product\\\/aluminium-plantenbak-rond\\\/#primaryimage\"},\"thumbnailUrl\":\"https:\\\/\\\/cortenstaalverkoop.nl\\\/wp-content\\\/uploads\\\/2022\\\/11\\\/RondAM5.1.jpg\",\"datePublished\":\"2022-12-08T13:56:49+00:00\",\"dateModified\":\"2026-04-11T12:34:25+00:00\",\"description\":\"\u2705 Aluminium plantenbak rond in diverse maten.\u2705 de beste kwaliteit \u2705 5 jaar garantie! Bestel uw Aluminium plantenbak goedkoop bij cortenstaalverkoop.nl\",\"breadcrumb\":{\"@id\":\"https:\\\/\\\/cortenstaalverkoop.nl\\\/product\\\/aluminium-plantenbak-rond\\\/#breadcrumb\"},\"inLanguage\":\"fr-FR\",\"potentialAction\":[{\"@type\":\"ReadAction\",\"target\":[\"https:\\\/\\\/cortenstaalverkoop.nl\\\/product\\\/aluminium-plantenbak-rond\\\/\"]}]},{\"@type\":\"ImageObject\",\"inLanguage\":\"fr-FR\",\"@id\":\"https:\\\/\\\/cortenstaalverkoop.nl\\\/product\\\/aluminium-plantenbak-rond\\\/#primaryimage\",\"url\":\"https:\\\/\\\/cortenstaalverkoop.nl\\\/wp-content\\\/uploads\\\/2022\\\/11\\\/RondAM5.1.jpg\",\"contentUrl\":\"https:\\\/\\\/cortenstaalverkoop.nl\\\/wp-content\\\/uploads\\\/2022\\\/11\\\/RondAM5.1.jpg\",\"width\":699,\"height\":699,\"caption\":\"Aluminium plantenbak rond\"},{\"@type\":\"BreadcrumbList\",\"@id\":\"https:\\\/\\\/cortenstaalverkoop.nl\\\/product\\\/aluminium-plantenbak-rond\\\/#breadcrumb\",\"itemListElement\":[{\"@type\":\"ListItem\",\"position\":1,\"name\":\"Home\",\"item\":\"https:\\\/\\\/cortenstaalverkoop.nl\\\/\"},{\"@type\":\"ListItem\",\"position\":2,\"name\":\"Assortiment\",\"item\":\"https:\\\/\\\/cortenstaalverkoop.nl\\\/assortiment-cortenstaal\\\/\"},{\"@type\":\"ListItem\",\"position\":3,\"name\":\"Aluminium plantenbak rond\"}]},{\"@type\":\"WebSite\",\"@id\":\"https:\\\/\\\/cortenstaalverkoop.nl\\\/#website\",\"url\":\"https:\\\/\\\/cortenstaalverkoop.nl\\\/\",\"name\":\"Cortenstaalverkoop.nl\",\"description\":\"de cortenstaal specialist!\",\"publisher\":{\"@id\":\"https:\\\/\\\/cortenstaalverkoop.nl\\\/#organization\"},\"potentialAction\":[{\"@type\":\"SearchAction\",\"target\":{\"@type\":\"EntryPoint\",\"urlTemplate\":\"https:\\\/\\\/cortenstaalverkoop.nl\\\/?s={search_term_string}\"},\"query-input\":{\"@type\":\"PropertyValueSpecification\",\"valueRequired\":true,\"valueName\":\"search_term_string\"}}],\"inLanguage\":\"fr-FR\"},{\"@type\":\"Organization\",\"@id\":\"https:\\\/\\\/cortenstaalverkoop.nl\\\/#organization\",\"name\":\"Cortenstaalverkoop.nl\",\"url\":\"https:\\\/\\\/cortenstaalverkoop.nl\\\/\",\"logo\":{\"@type\":\"ImageObject\",\"inLanguage\":\"fr-FR\",\"@id\":\"https:\\\/\\\/cortenstaalverkoop.nl\\\/#\\\/schema\\\/logo\\\/image\\\/\",\"url\":\"https:\\\/\\\/cortenstaalverkoop.nl\\\/wp-content\\\/uploads\\\/2019\\\/11\\\/cortenstaal-logo-1.png\",\"contentUrl\":\"https:\\\/\\\/cortenstaalverkoop.nl\\\/wp-content\\\/uploads\\\/2019\\\/11\\\/cortenstaal-logo-1.png\",\"width\":480,\"height\":163,\"caption\":\"Cortenstaalverkoop.nl\"},\"image\":{\"@id\":\"https:\\\/\\\/cortenstaalverkoop.nl\\\/#\\\/schema\\\/logo\\\/image\\\/\"}}]}<\/script>\n<!-- \/ Yoast SEO plugin. -->","yoast_head_json":{"title":"L&#039;aluminium jardini\u00e8re ronde, pas cher \u00e0 cortenstaalverkoop.nl","description":"\u2705 Aluminium planteur disponible en diff\u00e9rentes tailles.\u2705 la meilleure qualit\u00e9 \u2705 5 ans de garantie! Commandez votre aluminium planteur \u00e0 moindre co\u00fbt cortenstaalverkoop.nl","robots":{"index":"index","follow":"follow","max-snippet":"max-snippet:-1","max-image-preview":"max-image-preview:large","max-video-preview":"max-video-preview:-1"},"canonical":"https:\/\/cortenstaalverkoop.nl\/fr\/produit\/aluminium-jardiniere-ronde\/","og_locale":"fr_FR","og_type":"article","og_title":"Aluminium plantenbak rond, goedkoop bij cortenstaalverkoop.nl","og_description":"\u2705 Aluminium plantenbak rond in diverse maten.\u2705 de beste kwaliteit \u2705 5 jaar garantie! Bestel uw Aluminium plantenbak goedkoop bij cortenstaalverkoop.nl","og_url":"https:\/\/cortenstaalverkoop.nl\/fr\/produit\/aluminium-jardiniere-ronde\/","og_site_name":"Cortenstaalverkoop.nl","article_modified_time":"2026-04-11T12:34:25+00:00","og_image":[{"width":699,"height":699,"url":"https:\/\/cortenstaalverkoop.nl\/wp-content\/uploads\/2022\/11\/RondAM5.1.jpg","type":"image\/jpeg"}],"twitter_card":"summary_large_image","twitter_misc":{"Dur\u00e9e de lecture estim\u00e9e":"3 minutes"},"schema":{"@context":"https:\/\/schema.org","@graph":[{"@type":"WebPage","@id":"https:\/\/cortenstaalverkoop.nl\/product\/aluminium-plantenbak-rond\/","url":"https:\/\/cortenstaalverkoop.nl\/product\/aluminium-plantenbak-rond\/","name":"L&#039;aluminium jardini\u00e8re ronde, pas cher \u00e0 cortenstaalverkoop.nl","isPartOf":{"@id":"https:\/\/cortenstaalverkoop.nl\/#website"},"primaryImageOfPage":{"@id":"https:\/\/cortenstaalverkoop.nl\/product\/aluminium-plantenbak-rond\/#primaryimage"},"image":{"@id":"https:\/\/cortenstaalverkoop.nl\/product\/aluminium-plantenbak-rond\/#primaryimage"},"thumbnailUrl":"https:\/\/cortenstaalverkoop.nl\/wp-content\/uploads\/2022\/11\/RondAM5.1.jpg","datePublished":"2022-12-08T13:56:49+00:00","dateModified":"2026-04-11T12:34:25+00:00","description":"\u2705 Aluminium planteur disponible en diff\u00e9rentes tailles.\u2705 la meilleure qualit\u00e9 \u2705 5 ans de garantie! Commandez votre aluminium planteur \u00e0 moindre co\u00fbt cortenstaalverkoop.nl","breadcrumb":{"@id":"https:\/\/cortenstaalverkoop.nl\/product\/aluminium-plantenbak-rond\/#breadcrumb"},"inLanguage":"fr-FR","potentialAction":[{"@type":"ReadAction","target":["https:\/\/cortenstaalverkoop.nl\/product\/aluminium-plantenbak-rond\/"]}]},{"@type":"ImageObject","inLanguage":"fr-FR","@id":"https:\/\/cortenstaalverkoop.nl\/product\/aluminium-plantenbak-rond\/#primaryimage","url":"https:\/\/cortenstaalverkoop.nl\/wp-content\/uploads\/2022\/11\/RondAM5.1.jpg","contentUrl":"https:\/\/cortenstaalverkoop.nl\/wp-content\/uploads\/2022\/11\/RondAM5.1.jpg","width":699,"height":699,"caption":"Aluminium plantenbak rond"},{"@type":"BreadcrumbList","@id":"https:\/\/cortenstaalverkoop.nl\/product\/aluminium-plantenbak-rond\/#breadcrumb","itemListElement":[{"@type":"ListItem","position":1,"name":"Home","item":"https:\/\/cortenstaalverkoop.nl\/"},{"@type":"ListItem","position":2,"name":"Assortiment","item":"https:\/\/cortenstaalverkoop.nl\/assortiment-cortenstaal\/"},{"@type":"ListItem","position":3,"name":"Aluminium plantenbak rond"}]},{"@type":"WebSite","@id":"https:\/\/cortenstaalverkoop.nl\/#website","url":"https:\/\/cortenstaalverkoop.nl\/","name":"Cortenstaalverkoop.nl","description":"l&#039;acier cor-ten sp\u00e9cialiste!","publisher":{"@id":"https:\/\/cortenstaalverkoop.nl\/#organization"},"potentialAction":[{"@type":"SearchAction","target":{"@type":"EntryPoint","urlTemplate":"https:\/\/cortenstaalverkoop.nl\/?s={search_term_string}"},"query-input":{"@type":"PropertyValueSpecification","valueRequired":true,"valueName":"search_term_string"}}],"inLanguage":"fr-FR"},{"@type":"Organization","@id":"https:\/\/cortenstaalverkoop.nl\/#organization","name":"Cortenstaalverkoop.nl","url":"https:\/\/cortenstaalverkoop.nl\/","logo":{"@type":"ImageObject","inLanguage":"fr-FR","@id":"https:\/\/cortenstaalverkoop.nl\/#\/schema\/logo\/image\/","url":"https:\/\/cortenstaalverkoop.nl\/wp-content\/uploads\/2019\/11\/cortenstaal-logo-1.png","contentUrl":"https:\/\/cortenstaalverkoop.nl\/wp-content\/uploads\/2019\/11\/cortenstaal-logo-1.png","width":480,"height":163,"caption":"Cortenstaalverkoop.nl"},"image":{"@id":"https:\/\/cortenstaalverkoop.nl\/#\/schema\/logo\/image\/"}}]}},"_links":{"self":[{"href":"https:\/\/cortenstaalverkoop.nl\/fr\/wp-json\/wp\/v2\/product\/8070","targetHints":{"allow":["GET"]}}],"collection":[{"href":"https:\/\/cortenstaalverkoop.nl\/fr\/wp-json\/wp\/v2\/product"}],"about":[{"href":"https:\/\/cortenstaalverkoop.nl\/fr\/wp-json\/wp\/v2\/types\/product"}],"version-history":[{"count":8,"href":"https:\/\/cortenstaalverkoop.nl\/fr\/wp-json\/wp\/v2\/product\/8070\/revisions"}],"predecessor-version":[{"id":11154,"href":"https:\/\/cortenstaalverkoop.nl\/fr\/wp-json\/wp\/v2\/product\/8070\/revisions\/11154"}],"wp:featuredmedia":[{"embeddable":true,"href":"https:\/\/cortenstaalverkoop.nl\/fr\/wp-json\/wp\/v2\/media\/8087"}],"wp:attachment":[{"href":"https:\/\/cortenstaalverkoop.nl\/fr\/wp-json\/wp\/v2\/media?parent=8070"}],"wp:term":[{"taxonomy":"product_brand","embeddable":true,"href":"https:\/\/cortenstaalverkoop.nl\/fr\/wp-json\/wp\/v2\/product_brand?post=8070"},{"taxonomy":"product_cat","embeddable":true,"href":"https:\/\/cortenstaalverkoop.nl\/fr\/wp-json\/wp\/v2\/product_cat?post=8070"},{"taxonomy":"product_tag","embeddable":true,"href":"https:\/\/cortenstaalverkoop.nl\/fr\/wp-json\/wp\/v2\/product_tag?post=8070"}],"curies":[{"name":"wp","href":"https:\/\/api.w.org\/{rel}","templated":true}]}}