{"id":8243,"date":"2022-12-09T19:36:00","date_gmt":"2022-12-09T18:36:00","guid":{"rendered":"https:\/\/cortenstaalverkoop.nl\/?post_type=product&#038;p=8243"},"modified":"2026-03-27T17:16:11","modified_gmt":"2026-03-27T16:16:11","slug":"aluminium-jardiniere-adezz","status":"publish","type":"product","link":"https:\/\/cortenstaalverkoop.nl\/fr\/product\/aluminium-plantenbak-adezz\/","title":{"rendered":"L&#039;aluminium planteur Adezz"},"content":{"rendered":"<div data-elementor-type=\"wp-post\" data-elementor-id=\"8243\" class=\"elementor elementor-8243\">\n\t\t\t\t\t\t<section class=\"elementor-section elementor-top-section elementor-element elementor-element-3a299709 elementor-section-boxed elementor-section-height-default elementor-section-height-default\" data-id=\"3a299709\" data-element_type=\"section\" data-e-type=\"section\">\n\t\t\t\t\t\t<div class=\"elementor-container elementor-column-gap-default\">\n\t\t\t\t\t<div class=\"elementor-column elementor-col-100 elementor-top-column elementor-element elementor-element-5197dc7b\" data-id=\"5197dc7b\" data-element_type=\"column\" data-e-type=\"column\">\n\t\t\t<div class=\"elementor-widget-wrap elementor-element-populated\">\n\t\t\t\t\t\t<div class=\"elementor-element elementor-element-5b78ebe8 elementor-widget elementor-widget-text-editor\" data-id=\"5b78ebe8\" data-element_type=\"widget\" data-e-type=\"widget\" data-widget_type=\"text-editor.default\">\n\t\t\t\t<div class=\"elementor-widget-container\">\n\t\t\t\t\t\t\t\t\t<p>L&#039;aluminium planteur Adezz est disponible dans de nombreuses tailles diff\u00e9rentes. Par cons\u00e9quent, facile \u00e0 mettre en place sur votre balcon, la terrasse ou dans le jardin. Un ensemble d&#039;aluminium <a href=\"https:\/\/cortenstaalverkoop.nl\/product\/aluminium-plantenbak-rond\/\" target=\"_blank\" rel=\"noopener\">les plantes<\/a> peut aussi \u00eatre une belle eye-catcher \u00e0 l&#039;entr\u00e9e de votre entreprise. Le bord sup\u00e9rieur de l&#039;aluminium planteur est double conversion. Standard couleur RAL: RAL 7021 noir \/ gris, autres couleurs RAL sur demande.<\/p><p>L&#039;aluminium planteur Adezz est compos\u00e9 de 3 mm d&#039;aluminium. L&#039;aluminium est l\u00e9ger, solide, r\u00e9sistant \u00e0 l&#039;usure et r\u00e9sistant \u00e0 la corrosion. Le bord sup\u00e9rieur de l&#039;ensemble de l&#039;aluminium <a href=\"https:\/\/cortenstaalverkoop.nl\/product\/aluminium-plantenbak-nora\/\" target=\"_blank\" rel=\"noopener\">les plantes<\/a> a \u00e9t\u00e9 double convertis, ce qui lui donne un conteneur robuste et intemporelle. Sous le fond des tiroirs, les pieds standard avec une hauteur de 15 mm sont mont\u00e9s de sorte que le plateau est l\u00e9g\u00e8rement d\u00e9tach\u00e9 de la terre. Apr\u00e8s la production, il obtient le traitement suivant:<\/p><ul><li>Rugosit\u00e9 de la mati\u00e8re pour une meilleure adh\u00e9rence<\/li><li>Rev\u00eatement en poudre avec une forte adh\u00e9sif de la couche de base.<\/li><li>Terminer avec un hard top coat<\/li><\/ul><h4>Conseil de plantation:<\/h4><ul><li>Fournir un plat, d&#039;une entreprise (vibr\u00e9) de la surface.<\/li><li>Lieu de d\u00e9passement des tuyaux au fond de la jardini\u00e8re comme vous le souhaitez pour cr\u00e9er un tampon de l&#039;eau. Le nombre de d\u00e9passement de tuyaux \u00e0 utiliser d\u00e9pend du nombre de trous de drainage.<\/li><li>Tirants dans planteurs sont essentielles pour la construction et la stabilit\u00e9 de la forme des planteurs. Une tirette peut jamais \u00eatre supprim\u00e9e.<\/li><li>Toujours fournir suffisamment d&#039;espace de respiration (au moins 1 cm) \u00e0 l&#039;int\u00e9rieur de l&#039;planteurs pour emp\u00eacher l&#039;humidit\u00e9 de pi\u00e9geage.<\/li><li>Remplissez le r\u00e9cipient avec une couche de granules Hydro ou de gravier d&#039;environ 10cm de haut. Sur le gravier ou hydro granul\u00e9s, de jeter les perm\u00e9able \u00e0 l&#039;humidit\u00e9 anti-racine de tissu.<\/li><li>Placez le tissu sur les bords d&#039;au moins 10 cm de haut pour un effet id\u00e9al.<\/li><li>Couvercle anti-racine en tissu, avec une couche de sol a\u00e9r\u00e9 m\u00e9lange adapt\u00e9 \u00e0 la plantation d&#039;\u00eatre appliqu\u00e9e.<\/li><li>Le sol dans le conteneur ne doit jamais \u00eatre dam\u00e9, cela peut endommager le conteneur.<\/li><\/ul><h5>Remarque importante:<\/h5><ul><li style=\"list-style-type: none;\"><ul><li>Apr\u00e8s la r\u00e9ception, tous les mat\u00e9riaux d&#039;emballage doivent \u00eatre retir\u00e9s de produits imm\u00e9diatement.<\/li><li>Per\u00e7age, de meulage dans le mat\u00e9riau n&#039;est pas autoris\u00e9e, ce qui permet \u00e0 l&#039;humidit\u00e9 de dessiner sous le rev\u00eatement, l&#039;amenant \u00e0 se d\u00e9coller.<\/li><li>Les planteurs ne sont pas \u00e9tanches par d\u00e9faut.<\/li><li>Nos planteurs ne sont pas adapt\u00e9s pour le d\u00e9placement compl\u00e9t\u00e9e.<\/li><li>Garantie de 5 ans.<\/li><li>Peu d&#039;entretien, ne pas utiliser un nettoyeur haute pression et \u00e9ponge \u00e0 poncer.<\/li><\/ul><\/li><\/ul><p>Informations sur le produit: acier corten:<\/p><p>L&#039;acier Cor-Ten \u00e9galement connu comme l&#039;\u00e9preuve des intemp\u00e9ries en acier. C&#039;est un alliage m\u00e9tallique compos\u00e9 de fer \u00e0 laquelle le cuivre, le silicium, le nickel et le chrome sont ajout\u00e9s. Cor-Ten est donc une tr\u00e8s forte type d&#039;acier qui a la propri\u00e9t\u00e9 de se couvrant avec une protection couche de rouille lorsqu&#039;il est expos\u00e9 \u00e0 l&#039;air ext\u00e9rieur. Apr\u00e8s que, cette couche forme une protection contre la corrosion. Caract\u00e9ristiques de l&#039;acier Corten est l&#039;orange-brun rouille de la couleur et de la longue dur\u00e9e de vie.<\/p><p>Livraison gratuite en Belgique. Les frais de livraison en France et au Luxembourg sont de 240 euros, pour toute la commande.<\/p>\t\t\t\t\t\t\t\t<\/div>\n\t\t\t\t<\/div>\n\t\t\t\t\t<\/div>\n\t\t<\/div>\n\t\t\t\t\t<\/div>\n\t\t<\/section>\n\t\t\t\t<\/div>","protected":false},"excerpt":{"rendered":"<p>L&#039;aluminium planteur Adezz est disponible avec ou sans fond et dans diff\u00e9rentes tailles. Le bord sup\u00e9rieur de la jardini\u00e8re Adezz est doubl\u00e9. Mat\u00e9riel \u00e9paisseur de l&#039;aluminium planteurs de s\u00e9rie de 3 mm. Couleur Standard RAL 7021 noir \/ gris, autres couleurs RAL sur demande.<\/p>\n<h4>Les avantages de l&#039;aluminium planteur:<\/h4>\n<ul>\n<li>Tr\u00e8s solide et durable<\/li>\n<li>Faible entretien, m\u00e9fiez-vous! Ne pas utiliser un nettoyeur haute pression et \u00e9ponge \u00e0 poncer.<\/li>\n<li>Rev\u00eatement en poudre avec une forte adh\u00e9sif de la couche de base.<\/li>\n<li>Terminer avec un hard top coat.<\/li>\n<li>Par d\u00e9faut, il repose sur un 15 mm en dessous de la baignoires pour le drainage<\/li>\n<li>La personnalisation est possible.<\/li>\n<li>Mat\u00e9riau r\u00e9sistant aux intemp\u00e9ries et durable.<\/li>\n<li>Garantie de 5 ans.<\/li>\n<\/ul>","protected":false},"featured_media":8191,"template":"","meta":{"site-sidebar-layout":"default","site-content-layout":"default","ast-site-content-layout":"default","site-content-style":"default","site-sidebar-style":"default","ast-global-header-display":"","ast-banner-title-visibility":"","ast-main-header-display":"","ast-hfb-above-header-display":"","ast-hfb-below-header-display":"","ast-hfb-mobile-header-display":"","site-post-title":"","ast-breadcrumbs-content":"","ast-featured-img":"","footer-sml-layout":"","ast-disable-related-posts":"","theme-transparent-header-meta":"default","adv-header-id-meta":"","stick-header-meta":"","header-above-stick-meta":"","header-main-stick-meta":"","header-below-stick-meta":"","astra-migrate-meta-layouts":"set","ast-page-background-enabled":"default","ast-page-background-meta":{"desktop":{"background-color":"","background-image":"","background-repeat":"repeat","background-position":"center center","background-size":"auto","background-attachment":"scroll","background-type":"","background-media":"","overlay-type":"","overlay-color":"","overlay-opacity":"","overlay-gradient":""},"tablet":{"background-color":"","background-image":"","background-repeat":"repeat","background-position":"center center","background-size":"auto","background-attachment":"scroll","background-type":"","background-media":"","overlay-type":"","overlay-color":"","overlay-opacity":"","overlay-gradient":""},"mobile":{"background-color":"","background-image":"","background-repeat":"repeat","background-position":"center center","background-size":"auto","background-attachment":"scroll","background-type":"","background-media":"","overlay-type":"","overlay-color":"","overlay-opacity":"","overlay-gradient":""}},"ast-content-background-meta":{"desktop":{"background-color":"var(--ast-global-color-5)","background-image":"","background-repeat":"repeat","background-position":"center center","background-size":"auto","background-attachment":"scroll","background-type":"","background-media":"","overlay-type":"","overlay-color":"","overlay-opacity":"","overlay-gradient":""},"tablet":{"background-color":"var(--ast-global-color-5)","background-image":"","background-repeat":"repeat","background-position":"center center","background-size":"auto","background-attachment":"scroll","background-type":"","background-media":"","overlay-type":"","overlay-color":"","overlay-opacity":"","overlay-gradient":""},"mobile":{"background-color":"var(--ast-global-color-5)","background-image":"","background-repeat":"repeat","background-position":"center center","background-size":"auto","background-attachment":"scroll","background-type":"","background-media":"","overlay-type":"","overlay-color":"","overlay-opacity":"","overlay-gradient":""}}},"product_brand":[],"product_cat":[57],"product_tag":[],"class_list":{"0":"post-8243","1":"product","2":"type-product","3":"status-publish","4":"has-post-thumbnail","6":"product_cat-cortenstaal-plantenbakken","7":"product_shipping_class-fritom","8":"desktop-align-left","9":"tablet-align-left","10":"mobile-align-left","12":"first","13":"instock","14":"taxable","15":"shipping-taxable","16":"purchasable","17":"product-type-variable"},"yoast_head":"<!-- This site is optimized with the Yoast SEO plugin v27.3 - https:\/\/yoast.com\/product\/yoast-seo-wordpress\/ -->\n<title>Aluminium plantenbak Adezz goedkoop bij cortenstaalverkoop.nl<\/title>\n<meta name=\"description\" content=\"\u2705 Aluminium plantenbak Adezz in alle maten.\u2705 de beste kwaliteit \u2705 5 jaar garantie! Bestel uw aluminium plantenbak Adezz bij cortenstaalverkoop.nl\" \/>\n<meta name=\"robots\" content=\"index, follow, max-snippet:-1, max-image-preview:large, max-video-preview:-1\" \/>\n<link rel=\"canonical\" href=\"https:\/\/cortenstaalverkoop.nl\/fr\/produit\/aluminium-jardiniere-adezz\/\" \/>\n<meta property=\"og:locale\" content=\"fr_FR\" \/>\n<meta property=\"og:type\" content=\"article\" \/>\n<meta property=\"og:title\" content=\"Aluminium plantenbak Adezz goedkoop bij cortenstaalverkoop.nl\" \/>\n<meta property=\"og:description\" content=\"\u2705 Aluminium plantenbak Adezz in alle maten.\u2705 de beste kwaliteit \u2705 5 jaar garantie! Bestel uw aluminium plantenbak Adezz bij cortenstaalverkoop.nl\" \/>\n<meta property=\"og:url\" content=\"https:\/\/cortenstaalverkoop.nl\/fr\/produit\/aluminium-jardiniere-adezz\/\" \/>\n<meta property=\"og:site_name\" content=\"Cortenstaalverkoop.nl\" \/>\n<meta property=\"article:modified_time\" content=\"2026-03-27T16:16:11+00:00\" \/>\n<meta property=\"og:image\" content=\"https:\/\/cortenstaalverkoop.nl\/wp-content\/uploads\/2022\/12\/AF3.2.jpg\" \/>\n\t<meta property=\"og:image:width\" content=\"699\" \/>\n\t<meta property=\"og:image:height\" content=\"699\" \/>\n\t<meta property=\"og:image:type\" content=\"image\/jpeg\" \/>\n<meta name=\"twitter:card\" content=\"summary_large_image\" \/>\n<meta name=\"twitter:label1\" content=\"Dur\u00e9e de lecture estim\u00e9e\" \/>\n\t<meta name=\"twitter:data1\" content=\"3 minutes\" \/>\n<script type=\"application\/ld+json\" class=\"yoast-schema-graph\">{\"@context\":\"https:\\\/\\\/schema.org\",\"@graph\":[{\"@type\":\"WebPage\",\"@id\":\"https:\\\/\\\/cortenstaalverkoop.nl\\\/product\\\/aluminium-plantenbak-adezz\\\/\",\"url\":\"https:\\\/\\\/cortenstaalverkoop.nl\\\/product\\\/aluminium-plantenbak-adezz\\\/\",\"name\":\"Aluminium plantenbak Adezz goedkoop bij cortenstaalverkoop.nl\",\"isPartOf\":{\"@id\":\"https:\\\/\\\/cortenstaalverkoop.nl\\\/#website\"},\"primaryImageOfPage\":{\"@id\":\"https:\\\/\\\/cortenstaalverkoop.nl\\\/product\\\/aluminium-plantenbak-adezz\\\/#primaryimage\"},\"image\":{\"@id\":\"https:\\\/\\\/cortenstaalverkoop.nl\\\/product\\\/aluminium-plantenbak-adezz\\\/#primaryimage\"},\"thumbnailUrl\":\"https:\\\/\\\/cortenstaalverkoop.nl\\\/wp-content\\\/uploads\\\/2022\\\/12\\\/AF3.2.jpg\",\"datePublished\":\"2022-12-09T18:36:00+00:00\",\"dateModified\":\"2026-03-27T16:16:11+00:00\",\"description\":\"\u2705 Aluminium plantenbak Adezz in alle maten.\u2705 de beste kwaliteit \u2705 5 jaar garantie! Bestel uw aluminium plantenbak Adezz bij cortenstaalverkoop.nl\",\"breadcrumb\":{\"@id\":\"https:\\\/\\\/cortenstaalverkoop.nl\\\/product\\\/aluminium-plantenbak-adezz\\\/#breadcrumb\"},\"inLanguage\":\"fr-FR\",\"potentialAction\":[{\"@type\":\"ReadAction\",\"target\":[\"https:\\\/\\\/cortenstaalverkoop.nl\\\/product\\\/aluminium-plantenbak-adezz\\\/\"]}]},{\"@type\":\"ImageObject\",\"inLanguage\":\"fr-FR\",\"@id\":\"https:\\\/\\\/cortenstaalverkoop.nl\\\/product\\\/aluminium-plantenbak-adezz\\\/#primaryimage\",\"url\":\"https:\\\/\\\/cortenstaalverkoop.nl\\\/wp-content\\\/uploads\\\/2022\\\/12\\\/AF3.2.jpg\",\"contentUrl\":\"https:\\\/\\\/cortenstaalverkoop.nl\\\/wp-content\\\/uploads\\\/2022\\\/12\\\/AF3.2.jpg\",\"width\":699,\"height\":699,\"caption\":\"Aluminium plantenbak Adezz\"},{\"@type\":\"BreadcrumbList\",\"@id\":\"https:\\\/\\\/cortenstaalverkoop.nl\\\/product\\\/aluminium-plantenbak-adezz\\\/#breadcrumb\",\"itemListElement\":[{\"@type\":\"ListItem\",\"position\":1,\"name\":\"Home\",\"item\":\"https:\\\/\\\/cortenstaalverkoop.nl\\\/\"},{\"@type\":\"ListItem\",\"position\":2,\"name\":\"Assortiment\",\"item\":\"https:\\\/\\\/cortenstaalverkoop.nl\\\/assortiment-cortenstaal\\\/\"},{\"@type\":\"ListItem\",\"position\":3,\"name\":\"Aluminium plantenbak Adezz\"}]},{\"@type\":\"WebSite\",\"@id\":\"https:\\\/\\\/cortenstaalverkoop.nl\\\/#website\",\"url\":\"https:\\\/\\\/cortenstaalverkoop.nl\\\/\",\"name\":\"Cortenstaalverkoop.nl\",\"description\":\"de cortenstaal specialist!\",\"publisher\":{\"@id\":\"https:\\\/\\\/cortenstaalverkoop.nl\\\/#organization\"},\"potentialAction\":[{\"@type\":\"SearchAction\",\"target\":{\"@type\":\"EntryPoint\",\"urlTemplate\":\"https:\\\/\\\/cortenstaalverkoop.nl\\\/?s={search_term_string}\"},\"query-input\":{\"@type\":\"PropertyValueSpecification\",\"valueRequired\":true,\"valueName\":\"search_term_string\"}}],\"inLanguage\":\"fr-FR\"},{\"@type\":\"Organization\",\"@id\":\"https:\\\/\\\/cortenstaalverkoop.nl\\\/#organization\",\"name\":\"Cortenstaalverkoop.nl\",\"url\":\"https:\\\/\\\/cortenstaalverkoop.nl\\\/\",\"logo\":{\"@type\":\"ImageObject\",\"inLanguage\":\"fr-FR\",\"@id\":\"https:\\\/\\\/cortenstaalverkoop.nl\\\/#\\\/schema\\\/logo\\\/image\\\/\",\"url\":\"https:\\\/\\\/cortenstaalverkoop.nl\\\/wp-content\\\/uploads\\\/2019\\\/11\\\/cortenstaal-logo-1.png\",\"contentUrl\":\"https:\\\/\\\/cortenstaalverkoop.nl\\\/wp-content\\\/uploads\\\/2019\\\/11\\\/cortenstaal-logo-1.png\",\"width\":480,\"height\":163,\"caption\":\"Cortenstaalverkoop.nl\"},\"image\":{\"@id\":\"https:\\\/\\\/cortenstaalverkoop.nl\\\/#\\\/schema\\\/logo\\\/image\\\/\"}}]}<\/script>\n<!-- \/ Yoast SEO plugin. -->","yoast_head_json":{"title":"L&#039;aluminium planteur Adezz pas cher \u00e0 cortenstaalverkoop.nl","description":"\u2705 Aluminium planteur Adezz dans toutes les tailles.\u2705 la meilleure qualit\u00e9 \u2705 5 ans de garantie! Commandez votre aluminium planteur Adezz \u00e0 cortenstaalverkoop.nl","robots":{"index":"index","follow":"follow","max-snippet":"max-snippet:-1","max-image-preview":"max-image-preview:large","max-video-preview":"max-video-preview:-1"},"canonical":"https:\/\/cortenstaalverkoop.nl\/fr\/produit\/aluminium-jardiniere-adezz\/","og_locale":"fr_FR","og_type":"article","og_title":"Aluminium plantenbak Adezz goedkoop bij cortenstaalverkoop.nl","og_description":"\u2705 Aluminium plantenbak Adezz in alle maten.\u2705 de beste kwaliteit \u2705 5 jaar garantie! Bestel uw aluminium plantenbak Adezz bij cortenstaalverkoop.nl","og_url":"https:\/\/cortenstaalverkoop.nl\/fr\/produit\/aluminium-jardiniere-adezz\/","og_site_name":"Cortenstaalverkoop.nl","article_modified_time":"2026-03-27T16:16:11+00:00","og_image":[{"width":699,"height":699,"url":"https:\/\/cortenstaalverkoop.nl\/wp-content\/uploads\/2022\/12\/AF3.2.jpg","type":"image\/jpeg"}],"twitter_card":"summary_large_image","twitter_misc":{"Dur\u00e9e de lecture estim\u00e9e":"3 minutes"},"schema":{"@context":"https:\/\/schema.org","@graph":[{"@type":"WebPage","@id":"https:\/\/cortenstaalverkoop.nl\/product\/aluminium-plantenbak-adezz\/","url":"https:\/\/cortenstaalverkoop.nl\/product\/aluminium-plantenbak-adezz\/","name":"L&#039;aluminium planteur Adezz pas cher \u00e0 cortenstaalverkoop.nl","isPartOf":{"@id":"https:\/\/cortenstaalverkoop.nl\/#website"},"primaryImageOfPage":{"@id":"https:\/\/cortenstaalverkoop.nl\/product\/aluminium-plantenbak-adezz\/#primaryimage"},"image":{"@id":"https:\/\/cortenstaalverkoop.nl\/product\/aluminium-plantenbak-adezz\/#primaryimage"},"thumbnailUrl":"https:\/\/cortenstaalverkoop.nl\/wp-content\/uploads\/2022\/12\/AF3.2.jpg","datePublished":"2022-12-09T18:36:00+00:00","dateModified":"2026-03-27T16:16:11+00:00","description":"\u2705 Aluminium planteur Adezz dans toutes les tailles.\u2705 la meilleure qualit\u00e9 \u2705 5 ans de garantie! Commandez votre aluminium planteur Adezz \u00e0 cortenstaalverkoop.nl","breadcrumb":{"@id":"https:\/\/cortenstaalverkoop.nl\/product\/aluminium-plantenbak-adezz\/#breadcrumb"},"inLanguage":"fr-FR","potentialAction":[{"@type":"ReadAction","target":["https:\/\/cortenstaalverkoop.nl\/product\/aluminium-plantenbak-adezz\/"]}]},{"@type":"ImageObject","inLanguage":"fr-FR","@id":"https:\/\/cortenstaalverkoop.nl\/product\/aluminium-plantenbak-adezz\/#primaryimage","url":"https:\/\/cortenstaalverkoop.nl\/wp-content\/uploads\/2022\/12\/AF3.2.jpg","contentUrl":"https:\/\/cortenstaalverkoop.nl\/wp-content\/uploads\/2022\/12\/AF3.2.jpg","width":699,"height":699,"caption":"Aluminium plantenbak Adezz"},{"@type":"BreadcrumbList","@id":"https:\/\/cortenstaalverkoop.nl\/product\/aluminium-plantenbak-adezz\/#breadcrumb","itemListElement":[{"@type":"ListItem","position":1,"name":"Home","item":"https:\/\/cortenstaalverkoop.nl\/"},{"@type":"ListItem","position":2,"name":"Assortiment","item":"https:\/\/cortenstaalverkoop.nl\/assortiment-cortenstaal\/"},{"@type":"ListItem","position":3,"name":"Aluminium plantenbak Adezz"}]},{"@type":"WebSite","@id":"https:\/\/cortenstaalverkoop.nl\/#website","url":"https:\/\/cortenstaalverkoop.nl\/","name":"Cortenstaalverkoop.nl","description":"l&#039;acier cor-ten sp\u00e9cialiste!","publisher":{"@id":"https:\/\/cortenstaalverkoop.nl\/#organization"},"potentialAction":[{"@type":"SearchAction","target":{"@type":"EntryPoint","urlTemplate":"https:\/\/cortenstaalverkoop.nl\/?s={search_term_string}"},"query-input":{"@type":"PropertyValueSpecification","valueRequired":true,"valueName":"search_term_string"}}],"inLanguage":"fr-FR"},{"@type":"Organization","@id":"https:\/\/cortenstaalverkoop.nl\/#organization","name":"Cortenstaalverkoop.nl","url":"https:\/\/cortenstaalverkoop.nl\/","logo":{"@type":"ImageObject","inLanguage":"fr-FR","@id":"https:\/\/cortenstaalverkoop.nl\/#\/schema\/logo\/image\/","url":"https:\/\/cortenstaalverkoop.nl\/wp-content\/uploads\/2019\/11\/cortenstaal-logo-1.png","contentUrl":"https:\/\/cortenstaalverkoop.nl\/wp-content\/uploads\/2019\/11\/cortenstaal-logo-1.png","width":480,"height":163,"caption":"Cortenstaalverkoop.nl"},"image":{"@id":"https:\/\/cortenstaalverkoop.nl\/#\/schema\/logo\/image\/"}}]}},"_links":{"self":[{"href":"https:\/\/cortenstaalverkoop.nl\/fr\/wp-json\/wp\/v2\/product\/8243","targetHints":{"allow":["GET"]}}],"collection":[{"href":"https:\/\/cortenstaalverkoop.nl\/fr\/wp-json\/wp\/v2\/product"}],"about":[{"href":"https:\/\/cortenstaalverkoop.nl\/fr\/wp-json\/wp\/v2\/types\/product"}],"version-history":[{"count":37,"href":"https:\/\/cortenstaalverkoop.nl\/fr\/wp-json\/wp\/v2\/product\/8243\/revisions"}],"predecessor-version":[{"id":9950,"href":"https:\/\/cortenstaalverkoop.nl\/fr\/wp-json\/wp\/v2\/product\/8243\/revisions\/9950"}],"wp:featuredmedia":[{"embeddable":true,"href":"https:\/\/cortenstaalverkoop.nl\/fr\/wp-json\/wp\/v2\/media\/8191"}],"wp:attachment":[{"href":"https:\/\/cortenstaalverkoop.nl\/fr\/wp-json\/wp\/v2\/media?parent=8243"}],"wp:term":[{"taxonomy":"product_brand","embeddable":true,"href":"https:\/\/cortenstaalverkoop.nl\/fr\/wp-json\/wp\/v2\/product_brand?post=8243"},{"taxonomy":"product_cat","embeddable":true,"href":"https:\/\/cortenstaalverkoop.nl\/fr\/wp-json\/wp\/v2\/product_cat?post=8243"},{"taxonomy":"product_tag","embeddable":true,"href":"https:\/\/cortenstaalverkoop.nl\/fr\/wp-json\/wp\/v2\/product_tag?post=8243"}],"curies":[{"name":"wp","href":"https:\/\/api.w.org\/{rel}","templated":true}]}}