{"id":8450,"date":"2023-01-05T14:18:56","date_gmt":"2023-01-05T13:18:56","guid":{"rendered":"https:\/\/cortenstaalverkoop.nl\/?post_type=product&#038;p=8450"},"modified":"2026-02-20T15:32:41","modified_gmt":"2026-02-20T14:32:41","slug":"acier-corten-exterieure-de-la-lampe","status":"publish","type":"product","link":"https:\/\/cortenstaalverkoop.nl\/fr\/product\/cortenstaal-buitenlamp\/","title":{"rendered":"L&#039;acier Corten ext\u00e9rieure de la lampe"},"content":{"rendered":"<p>Avec un acier Corten ext\u00e9rieure de la lampe cr\u00e9e de s\u00e9curit\u00e9, ouvre la voie, suscite des \u00e9motions, des ensembles accents et donne des espaces d&#039;une atmosph\u00e8re particuli\u00e8re. Le cortenstaal ext\u00e9rieure de la lampe est un \u00e9l\u00e9gant et \u00e9l\u00e9gant outre \u00e0 n&#039;importe quel jardin. La lampe est utilis\u00e9e \u00e0 des fins multiples, telles que l&#039;\u00e9clairage de la fa\u00e7ade, le num\u00e9ro de la maison, chemin d&#039;acc\u00e8s, d&#039;un \u00e9tang ou d&#039;une terrasse. En pla\u00e7ant de l&#039;\u00e9clairage dans votre jardin, vous vous assurez que d&#039;un jardin ressemble plus spacieuses et vous obtenez une plus ludique de l&#039;effet. L&#039;installation de l&#039;acier Corten lampe est assez simple. Cet acier Corten ext\u00e9rieure de la lampe a une tr\u00e8s haute qualit\u00e9 en raison de son entretien, de protection de la rouille de la couche.<\/p>\n<p>Il existe plusieurs lampes d&#039;ext\u00e9rieur en acier Corten ou en aluminium sur la vente. La haute qualit\u00e9 Led lampe est d\u00e9j\u00e0 mont\u00e9 et facile \u00e0 connecter \u00e0 l&#039;alimentation \u00e9lectrique. Tous les murs mod\u00e8les ont un faisceau r\u00e9glable avec Up &amp; Down light, et r\u00e9glable de 1 \u00e0 120 degr\u00e9s. Ces lampes d&#039;ext\u00e9rieur peut \u00e9galement \u00eatre tr\u00e8s atmosph\u00e9rique. <a href=\"https:\/\/cortenstaalverkoop.nl\/product\/cortenstaal-en-rvs-huisnummer-cijfers\/\" target=\"_blank\" rel=\"noopener\">num\u00e9ro de maison<\/a> mettre en \u00e9vidence. L&#039;\u00e9paisseur de mat\u00e9riau de l&#039;acier Corten et de l&#039;aluminium est de 2 mm.<\/p>\n<p><strong>Avantages cl\u00e9s:<\/strong><br \/>\nTr\u00e8s solide et durable<br \/>\nAvec un design \u00e9pur\u00e9 et design contemporain<br \/>\nMat\u00e9riau r\u00e9sistant aux intemp\u00e9ries et durable<br \/>\nLe son chaud et naturel de regarder et se sentir<br \/>\nUne garantie de 5 ans<\/p>\n<p>Veuillez d\u00e9baller les produits apr\u00e8s la livraison, afin que l&#039;humidit\u00e9 entre l&#039;emballage et le produit peut \u00eatre retir\u00e9 imm\u00e9diatement. Sinon, cela peut entra\u00eener l&#039;irr\u00e9gularit\u00e9 de la rouille et des taches.<\/p>\n<h5>Informations sur le produit: acier corten:<\/h5>\n<p><a href=\"https:\/\/nl.wikipedia.org\/wiki\/Cortenstaal\" target=\"_blank\" rel=\"noopener noreferrer\">L&#039;acier Cor-Ten<\/a> est unique en ce que, avec l&#039;aide de facteurs externes, sans aucun traitement, le mat\u00e9riau devient r\u00e9sistant \u00e0 la corrosion. En cons\u00e9quence, il est recyclable \u00e0 100% et qu&#039;aucun autre les couches de protection sont n\u00e9cessaires. L&#039;ext\u00e9rieur re\u00e7oit une couche \u00e9tanche \u00e0 l&#039;air de la rouille qui s&#039;assure que l&#039;acier sous-jacent est \u00e0 l&#039;abri de l&#039;air ext\u00e9rieur et ne rouille pas plus loin. Qui, en raison de sa couleur de formation, cr\u00e9e un nostalgique, naturel et de la modification de l&#039;effet. La d\u00e9coloration (la formation de la rouille) de l&#039;acier Corten est unique pour chaque lampe de jardin et d\u00e9pend de facteurs externes. L&#039;acier Corten lampe de jardin est livr\u00e9 non torr\u00e9fi\u00e9es. La couche de rouille qui a pour d\u00e9velopper va durer de 2 \u00e0 6 mois en fonction de la m\u00e9t\u00e9o. Vous pouvez acc\u00e9l\u00e9rer le processus en mouillant le produit avec une solution d&#039;eau et\/ou de l&#039;eau et du sel pendant le s\u00e9chage. Au cours de la processus de rouille, l&#039;acier Corten lampe de jardin peut lib\u00e9rer la rouille (l&#039;eau).<\/p>\n<p>Livraison gratuite aux Pays-Bas, Belgique. Les frais de port pour l'Allemagne, le Luxembourg et la France commencent \u00e0 280 euros pour la commande enti\u00e8re.<\/p>","protected":false},"excerpt":{"rendered":"<p>Une lampe d'ext\u00e9rieur en acier Corten est fonctionnelle et cr\u00e9e une belle ambiance. Tous les mod\u00e8les muraux ont un faisceau lumineux r\u00e9glable avec lumi\u00e8re Up &amp; Down et r\u00e9glable de 1 \u00e0 120 degr\u00e9s. Les lampadaires sont disponibles avec un piquet de 50 cm en acier Corten, ce qui permet de les placer tr\u00e8s facilement sur l'herbe ou en bordure.<\/p>\n<p><strong>Avantages cl\u00e9s:<\/strong><\/p>\n<ul>\n<li>Haute r\u00e9sistance, r\u00e9sistant \u00e0 l&#039;usure et durable<\/li>\n<li>Sans entretien<\/li>\n<li>Le son chaud et naturel de regarder et se sentir<\/li>\n<li>De 50 000 le feu heures.<\/li>\n<li>Estimation imperm\u00e9able \u00e0 l&#039;eau: IP65<\/li>\n<li>Garantie de 5 ans.<\/li>\n<\/ul>","protected":false},"featured_media":10017,"template":"","meta":{"site-sidebar-layout":"default","site-content-layout":"default","ast-site-content-layout":"default","site-content-style":"default","site-sidebar-style":"default","ast-global-header-display":"","ast-banner-title-visibility":"","ast-main-header-display":"","ast-hfb-above-header-display":"","ast-hfb-below-header-display":"","ast-hfb-mobile-header-display":"","site-post-title":"","ast-breadcrumbs-content":"","ast-featured-img":"","footer-sml-layout":"","ast-disable-related-posts":"","theme-transparent-header-meta":"default","adv-header-id-meta":"","stick-header-meta":"","header-above-stick-meta":"","header-main-stick-meta":"","header-below-stick-meta":"","astra-migrate-meta-layouts":"set","ast-page-background-enabled":"default","ast-page-background-meta":{"desktop":{"background-color":"","background-image":"","background-repeat":"repeat","background-position":"center center","background-size":"auto","background-attachment":"scroll","background-type":"","background-media":"","overlay-type":"","overlay-color":"","overlay-opacity":"","overlay-gradient":""},"tablet":{"background-color":"","background-image":"","background-repeat":"repeat","background-position":"center center","background-size":"auto","background-attachment":"scroll","background-type":"","background-media":"","overlay-type":"","overlay-color":"","overlay-opacity":"","overlay-gradient":""},"mobile":{"background-color":"","background-image":"","background-repeat":"repeat","background-position":"center center","background-size":"auto","background-attachment":"scroll","background-type":"","background-media":"","overlay-type":"","overlay-color":"","overlay-opacity":"","overlay-gradient":""}},"ast-content-background-meta":{"desktop":{"background-color":"var(--ast-global-color-5)","background-image":"","background-repeat":"repeat","background-position":"center center","background-size":"auto","background-attachment":"scroll","background-type":"","background-media":"","overlay-type":"","overlay-color":"","overlay-opacity":"","overlay-gradient":""},"tablet":{"background-color":"var(--ast-global-color-5)","background-image":"","background-repeat":"repeat","background-position":"center center","background-size":"auto","background-attachment":"scroll","background-type":"","background-media":"","overlay-type":"","overlay-color":"","overlay-opacity":"","overlay-gradient":""},"mobile":{"background-color":"var(--ast-global-color-5)","background-image":"","background-repeat":"repeat","background-position":"center center","background-size":"auto","background-attachment":"scroll","background-type":"","background-media":"","overlay-type":"","overlay-color":"","overlay-opacity":"","overlay-gradient":""}}},"product_brand":[],"product_cat":[61],"product_tag":[],"class_list":{"0":"post-8450","1":"product","2":"type-product","3":"status-publish","4":"has-post-thumbnail","6":"product_cat-cortenstaal-tuininrichting","7":"product_shipping_class-dhl","8":"desktop-align-left","9":"tablet-align-left","10":"mobile-align-left","12":"first","13":"instock","14":"taxable","15":"shipping-taxable","16":"purchasable","17":"product-type-variable"},"yoast_head":"<!-- This site is optimized with the Yoast SEO plugin v27.4 - https:\/\/yoast.com\/product\/yoast-seo-wordpress\/ -->\n<title>Cortenstaal buitenlamp koopt u goedkoop bij cortenstaalverkoop.nl<\/title>\n<meta name=\"description\" content=\"\u2705 Cortenstaal buitenlamp. \u2705 de beste kwaliteit \u2705 5 jaar garantie! Bestel uw Cortenstaal buitenlamp goedkoop bij cortenstaalverkoop.nl\" \/>\n<meta name=\"robots\" content=\"index, follow, max-snippet:-1, max-image-preview:large, max-video-preview:-1\" \/>\n<link rel=\"canonical\" href=\"https:\/\/cortenstaalverkoop.nl\/fr\/produit\/acier-corten-exterieure-de-la-lampe\/\" \/>\n<meta property=\"og:locale\" content=\"fr_FR\" \/>\n<meta property=\"og:type\" content=\"article\" \/>\n<meta property=\"og:title\" content=\"Cortenstaal buitenlamp koopt u goedkoop bij cortenstaalverkoop.nl\" \/>\n<meta property=\"og:description\" content=\"\u2705 Cortenstaal buitenlamp. \u2705 de beste kwaliteit \u2705 5 jaar garantie! Bestel uw Cortenstaal buitenlamp goedkoop bij cortenstaalverkoop.nl\" \/>\n<meta property=\"og:url\" content=\"https:\/\/cortenstaalverkoop.nl\/fr\/produit\/acier-corten-exterieure-de-la-lampe\/\" \/>\n<meta property=\"og:site_name\" content=\"Cortenstaalverkoop.nl\" \/>\n<meta property=\"article:modified_time\" content=\"2026-02-20T14:32:41+00:00\" \/>\n<meta property=\"og:image\" content=\"https:\/\/cortenstaalverkoop.nl\/wp-content\/uploads\/2023\/01\/staande-2-1.jpg\" \/>\n\t<meta property=\"og:image:width\" content=\"1015\" \/>\n\t<meta property=\"og:image:height\" content=\"1150\" \/>\n\t<meta property=\"og:image:type\" content=\"image\/jpeg\" \/>\n<meta name=\"twitter:card\" content=\"summary_large_image\" \/>\n<meta name=\"twitter:label1\" content=\"Dur\u00e9e de lecture estim\u00e9e\" \/>\n\t<meta name=\"twitter:data1\" content=\"2 minutes\" \/>\n<script type=\"application\/ld+json\" class=\"yoast-schema-graph\">{\"@context\":\"https:\\\/\\\/schema.org\",\"@graph\":[{\"@type\":\"WebPage\",\"@id\":\"https:\\\/\\\/cortenstaalverkoop.nl\\\/product\\\/cortenstaal-buitenlamp\\\/\",\"url\":\"https:\\\/\\\/cortenstaalverkoop.nl\\\/product\\\/cortenstaal-buitenlamp\\\/\",\"name\":\"Cortenstaal buitenlamp koopt u goedkoop bij cortenstaalverkoop.nl\",\"isPartOf\":{\"@id\":\"https:\\\/\\\/cortenstaalverkoop.nl\\\/#website\"},\"primaryImageOfPage\":{\"@id\":\"https:\\\/\\\/cortenstaalverkoop.nl\\\/product\\\/cortenstaal-buitenlamp\\\/#primaryimage\"},\"image\":{\"@id\":\"https:\\\/\\\/cortenstaalverkoop.nl\\\/product\\\/cortenstaal-buitenlamp\\\/#primaryimage\"},\"thumbnailUrl\":\"https:\\\/\\\/cortenstaalverkoop.nl\\\/wp-content\\\/uploads\\\/2023\\\/01\\\/staande-2-1.jpg\",\"datePublished\":\"2023-01-05T13:18:56+00:00\",\"dateModified\":\"2026-02-20T14:32:41+00:00\",\"description\":\"\u2705 Cortenstaal buitenlamp. \u2705 de beste kwaliteit \u2705 5 jaar garantie! Bestel uw Cortenstaal buitenlamp goedkoop bij cortenstaalverkoop.nl\",\"breadcrumb\":{\"@id\":\"https:\\\/\\\/cortenstaalverkoop.nl\\\/product\\\/cortenstaal-buitenlamp\\\/#breadcrumb\"},\"inLanguage\":\"fr-FR\",\"potentialAction\":[{\"@type\":\"ReadAction\",\"target\":[\"https:\\\/\\\/cortenstaalverkoop.nl\\\/product\\\/cortenstaal-buitenlamp\\\/\"]}]},{\"@type\":\"ImageObject\",\"inLanguage\":\"fr-FR\",\"@id\":\"https:\\\/\\\/cortenstaalverkoop.nl\\\/product\\\/cortenstaal-buitenlamp\\\/#primaryimage\",\"url\":\"https:\\\/\\\/cortenstaalverkoop.nl\\\/wp-content\\\/uploads\\\/2023\\\/01\\\/staande-2-1.jpg\",\"contentUrl\":\"https:\\\/\\\/cortenstaalverkoop.nl\\\/wp-content\\\/uploads\\\/2023\\\/01\\\/staande-2-1.jpg\",\"width\":1015,\"height\":1150,\"caption\":\"Cortenstaal buitenlamp\"},{\"@type\":\"BreadcrumbList\",\"@id\":\"https:\\\/\\\/cortenstaalverkoop.nl\\\/product\\\/cortenstaal-buitenlamp\\\/#breadcrumb\",\"itemListElement\":[{\"@type\":\"ListItem\",\"position\":1,\"name\":\"Home\",\"item\":\"https:\\\/\\\/cortenstaalverkoop.nl\\\/\"},{\"@type\":\"ListItem\",\"position\":2,\"name\":\"Assortiment\",\"item\":\"https:\\\/\\\/cortenstaalverkoop.nl\\\/assortiment-cortenstaal\\\/\"},{\"@type\":\"ListItem\",\"position\":3,\"name\":\"Cortenstaal buitenlamp\"}]},{\"@type\":\"WebSite\",\"@id\":\"https:\\\/\\\/cortenstaalverkoop.nl\\\/#website\",\"url\":\"https:\\\/\\\/cortenstaalverkoop.nl\\\/\",\"name\":\"Cortenstaalverkoop.nl\",\"description\":\"de cortenstaal specialist!\",\"publisher\":{\"@id\":\"https:\\\/\\\/cortenstaalverkoop.nl\\\/#organization\"},\"potentialAction\":[{\"@type\":\"SearchAction\",\"target\":{\"@type\":\"EntryPoint\",\"urlTemplate\":\"https:\\\/\\\/cortenstaalverkoop.nl\\\/?s={search_term_string}\"},\"query-input\":{\"@type\":\"PropertyValueSpecification\",\"valueRequired\":true,\"valueName\":\"search_term_string\"}}],\"inLanguage\":\"fr-FR\"},{\"@type\":\"Organization\",\"@id\":\"https:\\\/\\\/cortenstaalverkoop.nl\\\/#organization\",\"name\":\"Cortenstaalverkoop.nl\",\"url\":\"https:\\\/\\\/cortenstaalverkoop.nl\\\/\",\"logo\":{\"@type\":\"ImageObject\",\"inLanguage\":\"fr-FR\",\"@id\":\"https:\\\/\\\/cortenstaalverkoop.nl\\\/#\\\/schema\\\/logo\\\/image\\\/\",\"url\":\"https:\\\/\\\/cortenstaalverkoop.nl\\\/wp-content\\\/uploads\\\/2019\\\/11\\\/cortenstaal-logo-1.png\",\"contentUrl\":\"https:\\\/\\\/cortenstaalverkoop.nl\\\/wp-content\\\/uploads\\\/2019\\\/11\\\/cortenstaal-logo-1.png\",\"width\":480,\"height\":163,\"caption\":\"Cortenstaalverkoop.nl\"},\"image\":{\"@id\":\"https:\\\/\\\/cortenstaalverkoop.nl\\\/#\\\/schema\\\/logo\\\/image\\\/\"}}]}<\/script>\n<!-- \/ Yoast SEO plugin. -->","yoast_head_json":{"title":"Cortenstaal ext\u00e9rieure lampe de vous acheter \u00e0 bas prix au cortenstaalverkoop.nl","description":"\u2705 Acier Corten ext\u00e9rieure de la lampe. \u2705 la meilleure qualit\u00e9 \u2705 5 ans de garantie! Commandez votre Cortenstaal ext\u00e9rieure de la lampe \u00e0 moindre co\u00fbt cortenstaalverkoop.nl","robots":{"index":"index","follow":"follow","max-snippet":"max-snippet:-1","max-image-preview":"max-image-preview:large","max-video-preview":"max-video-preview:-1"},"canonical":"https:\/\/cortenstaalverkoop.nl\/fr\/produit\/acier-corten-exterieure-de-la-lampe\/","og_locale":"fr_FR","og_type":"article","og_title":"Cortenstaal buitenlamp koopt u goedkoop bij cortenstaalverkoop.nl","og_description":"\u2705 Cortenstaal buitenlamp. \u2705 de beste kwaliteit \u2705 5 jaar garantie! Bestel uw Cortenstaal buitenlamp goedkoop bij cortenstaalverkoop.nl","og_url":"https:\/\/cortenstaalverkoop.nl\/fr\/produit\/acier-corten-exterieure-de-la-lampe\/","og_site_name":"Cortenstaalverkoop.nl","article_modified_time":"2026-02-20T14:32:41+00:00","og_image":[{"width":1015,"height":1150,"url":"https:\/\/cortenstaalverkoop.nl\/wp-content\/uploads\/2023\/01\/staande-2-1.jpg","type":"image\/jpeg"}],"twitter_card":"summary_large_image","twitter_misc":{"Dur\u00e9e de lecture estim\u00e9e":"2 minutes"},"schema":{"@context":"https:\/\/schema.org","@graph":[{"@type":"WebPage","@id":"https:\/\/cortenstaalverkoop.nl\/product\/cortenstaal-buitenlamp\/","url":"https:\/\/cortenstaalverkoop.nl\/product\/cortenstaal-buitenlamp\/","name":"Cortenstaal ext\u00e9rieure lampe de vous acheter \u00e0 bas prix au cortenstaalverkoop.nl","isPartOf":{"@id":"https:\/\/cortenstaalverkoop.nl\/#website"},"primaryImageOfPage":{"@id":"https:\/\/cortenstaalverkoop.nl\/product\/cortenstaal-buitenlamp\/#primaryimage"},"image":{"@id":"https:\/\/cortenstaalverkoop.nl\/product\/cortenstaal-buitenlamp\/#primaryimage"},"thumbnailUrl":"https:\/\/cortenstaalverkoop.nl\/wp-content\/uploads\/2023\/01\/staande-2-1.jpg","datePublished":"2023-01-05T13:18:56+00:00","dateModified":"2026-02-20T14:32:41+00:00","description":"\u2705 Acier Corten ext\u00e9rieure de la lampe. \u2705 la meilleure qualit\u00e9 \u2705 5 ans de garantie! Commandez votre Cortenstaal ext\u00e9rieure de la lampe \u00e0 moindre co\u00fbt cortenstaalverkoop.nl","breadcrumb":{"@id":"https:\/\/cortenstaalverkoop.nl\/product\/cortenstaal-buitenlamp\/#breadcrumb"},"inLanguage":"fr-FR","potentialAction":[{"@type":"ReadAction","target":["https:\/\/cortenstaalverkoop.nl\/product\/cortenstaal-buitenlamp\/"]}]},{"@type":"ImageObject","inLanguage":"fr-FR","@id":"https:\/\/cortenstaalverkoop.nl\/product\/cortenstaal-buitenlamp\/#primaryimage","url":"https:\/\/cortenstaalverkoop.nl\/wp-content\/uploads\/2023\/01\/staande-2-1.jpg","contentUrl":"https:\/\/cortenstaalverkoop.nl\/wp-content\/uploads\/2023\/01\/staande-2-1.jpg","width":1015,"height":1150,"caption":"Cortenstaal buitenlamp"},{"@type":"BreadcrumbList","@id":"https:\/\/cortenstaalverkoop.nl\/product\/cortenstaal-buitenlamp\/#breadcrumb","itemListElement":[{"@type":"ListItem","position":1,"name":"Home","item":"https:\/\/cortenstaalverkoop.nl\/"},{"@type":"ListItem","position":2,"name":"Assortiment","item":"https:\/\/cortenstaalverkoop.nl\/assortiment-cortenstaal\/"},{"@type":"ListItem","position":3,"name":"Cortenstaal buitenlamp"}]},{"@type":"WebSite","@id":"https:\/\/cortenstaalverkoop.nl\/#website","url":"https:\/\/cortenstaalverkoop.nl\/","name":"Cortenstaalverkoop.nl","description":"l&#039;acier cor-ten sp\u00e9cialiste!","publisher":{"@id":"https:\/\/cortenstaalverkoop.nl\/#organization"},"potentialAction":[{"@type":"SearchAction","target":{"@type":"EntryPoint","urlTemplate":"https:\/\/cortenstaalverkoop.nl\/?s={search_term_string}"},"query-input":{"@type":"PropertyValueSpecification","valueRequired":true,"valueName":"search_term_string"}}],"inLanguage":"fr-FR"},{"@type":"Organization","@id":"https:\/\/cortenstaalverkoop.nl\/#organization","name":"Cortenstaalverkoop.nl","url":"https:\/\/cortenstaalverkoop.nl\/","logo":{"@type":"ImageObject","inLanguage":"fr-FR","@id":"https:\/\/cortenstaalverkoop.nl\/#\/schema\/logo\/image\/","url":"https:\/\/cortenstaalverkoop.nl\/wp-content\/uploads\/2019\/11\/cortenstaal-logo-1.png","contentUrl":"https:\/\/cortenstaalverkoop.nl\/wp-content\/uploads\/2019\/11\/cortenstaal-logo-1.png","width":480,"height":163,"caption":"Cortenstaalverkoop.nl"},"image":{"@id":"https:\/\/cortenstaalverkoop.nl\/#\/schema\/logo\/image\/"}}]}},"_links":{"self":[{"href":"https:\/\/cortenstaalverkoop.nl\/fr\/wp-json\/wp\/v2\/product\/8450","targetHints":{"allow":["GET"]}}],"collection":[{"href":"https:\/\/cortenstaalverkoop.nl\/fr\/wp-json\/wp\/v2\/product"}],"about":[{"href":"https:\/\/cortenstaalverkoop.nl\/fr\/wp-json\/wp\/v2\/types\/product"}],"version-history":[{"count":10,"href":"https:\/\/cortenstaalverkoop.nl\/fr\/wp-json\/wp\/v2\/product\/8450\/revisions"}],"predecessor-version":[{"id":10860,"href":"https:\/\/cortenstaalverkoop.nl\/fr\/wp-json\/wp\/v2\/product\/8450\/revisions\/10860"}],"wp:featuredmedia":[{"embeddable":true,"href":"https:\/\/cortenstaalverkoop.nl\/fr\/wp-json\/wp\/v2\/media\/10017"}],"wp:attachment":[{"href":"https:\/\/cortenstaalverkoop.nl\/fr\/wp-json\/wp\/v2\/media?parent=8450"}],"wp:term":[{"taxonomy":"product_brand","embeddable":true,"href":"https:\/\/cortenstaalverkoop.nl\/fr\/wp-json\/wp\/v2\/product_brand?post=8450"},{"taxonomy":"product_cat","embeddable":true,"href":"https:\/\/cortenstaalverkoop.nl\/fr\/wp-json\/wp\/v2\/product_cat?post=8450"},{"taxonomy":"product_tag","embeddable":true,"href":"https:\/\/cortenstaalverkoop.nl\/fr\/wp-json\/wp\/v2\/product_tag?post=8450"}],"curies":[{"name":"wp","href":"https:\/\/api.w.org\/{rel}","templated":true}]}}