{"id":8593,"date":"2023-01-16T21:41:58","date_gmt":"2023-01-16T20:41:58","guid":{"rendered":"https:\/\/cortenstaalverkoop.nl\/?post_type=product&#038;p=8593"},"modified":"2026-04-12T20:46:06","modified_gmt":"2026-04-12T18:46:06","slug":"lacier-corten-banc-jardin-hage","status":"publish","type":"product","link":"https:\/\/cortenstaalverkoop.nl\/fr\/product\/cortenstaal-tuinbank-hage\/","title":{"rendered":"Cortenstaal de jardin banc Hage"},"content":{"rendered":"<p>Cet acier Corten banc de jardin de Couverture est un vrai r\u00e9gal pour les yeux \u00e0 cause de son un design simple et \u00e9pur\u00e9. Ce robuste banc de jardin se compose d&#039;une base avec une semelle fsc si\u00e8ge en bois. Le banc de jardin est \u00e9galement disponible en aluminium et est livr\u00e9 en standard avec un rev\u00eatement en poudre noir\/gris RAL 7021. D&#039;autres couleurs RAL sont bien s\u00fbr possibles, en consultation. Ce robuste banc de jardin se compose d&#039;un <a href=\"https:\/\/cortenstaalverkoop.nl\/product\/cortenstaal-sokkel\/\" target=\"_blank\" rel=\"noopener\">socle en forme U<\/a> avec une semelle fsc si\u00e8ge en bois. Le coin salon sont Garapa de bois franc planches fix\u00e9es sur une solide base en acier. Tout l&#039;acier Corten produits sont livr\u00e9s non torr\u00e9fi\u00e9es. En raison de la m\u00e9t\u00e9o influences, ce processus de la rouille commence sur son propre. Apr\u00e8s environ 4 \u00e0 5 mois, le produit est compl\u00e8tement rouill\u00e9. Au cours de ce processus, le banc de jardin peut encore donner off, puis plus rien. Une propri\u00e9t\u00e9 importante de l&#039;acier Corten est qu&#039;il ne rouille pas et peut donc \u00eatre laiss\u00e9 \u00e0 l&#039;ext\u00e9rieur par tous les temps.<\/p>\n<p>Nous pensons que la qualit\u00e9 est tr\u00e8s importante, c&#039;est pourquoi nous vous donnons une garantie de 5 ans sur tous nos produits. L&#039;\u00e9paisseur de mat\u00e9riau Corten, Acier de 2 mm, et dans le cas de l&#039;aluminium, de banc, il est de 3 mm.<\/p>\n<h4>Avantages cl\u00e9s:<\/h4>\n<ul>\n<li>Tr\u00e8s solide et durable<\/li>\n<li>Sans entretien<\/li>\n<li>Mat\u00e9riau r\u00e9sistant aux intemp\u00e9ries et donc durable<\/li>\n<li>Le son chaud et naturel de regarder et se sentir<\/li>\n<li>Nous n&#039;utilisons que les meilleurs, l&#039;acier cor-ten type, S355JOWP<\/li>\n<li>Garantie de 5 ans.<\/li>\n<\/ul>\n<p>Les produits doivent \u00eatre apr\u00e8s l&#039;accouchement, imm\u00e9diatement d\u00e9compresser. Comme il est, il est important que toute l&#039;humidit\u00e9 entre l&#039;emballage et le produit tout de suite. Ceux-ci peuvent \u00eatre irr\u00e9guliers, de rouille et de causer des taches.<\/p>\n<h5>Informations sur le produit: acier corten:<\/h5>\n<p><a href=\"https:\/\/nl.wikipedia.org\/wiki\/Cortenstaal\" target=\"_blank\" rel=\"noopener noreferrer\">L&#039;acier Cor-Ten<\/a> \u00e9galement connu sous le nom d'acier r\u00e9sistant aux intemp\u00e9ries. C'est un alliage m\u00e9tallique compos\u00e9 de fer, de cuivre, le silicium, le nickel et le chrome sont ajout\u00e9s. L'acier Cor-ten est une tr\u00e8s forte type d'acier. En raison de la capacit\u00e9 \u00e0 se concentrer sur l'exposition \u00e0 l'air, de le couvrir avec une protection de la rouille de la couche. C'est la plante naturelle de la rouille est une couche de protection contre la corrosion.<\/p>\n<h5>Informations sur le produit aluminuim:<\/h5>\n<p>L&#039;aluminium est durable en raison de sa longue dur\u00e9e de vie. L&#039;aluminium est un m\u00e9tal l\u00e9ger. En proportion, l&#039;aluminium est environ trois fois plus l\u00e9ger que l&#039;acier. N\u00e9anmoins, sa faible densit\u00e9 et son poids l\u00e9ger, l&#039;aluminium est solide, r\u00e9sistant et \u00e9lastique du mat\u00e9riau. L&#039;aluminium se corrode quand il entre en contact avec de l&#039;oxyg\u00e8ne, mais l&#039;oxyde de la peau qui est form\u00e9 est m\u00eame et ferm\u00e9 de sorte que le mat\u00e9riau sous-jacent ne peut plus se corroder plus loin.<\/p>","protected":false},"excerpt":{"rendered":"<p>Ce banc de jardin en acier Corten Hage a un coin salon en bois dur Garapa. Ce type de bois FSC a des propri\u00e9t\u00e9s similaires \u00e0 celles du bois dur Bankirai. La couleur du bois est beige jaune \u00e0 brun jaun\u00e2tre et devient brun clair avec le temps. Le banc de jardin est disponible dans une longueur de 300 cm - 200 cm - 150 cm et 100 cm. La hauteur du canap\u00e9 est de 43 cm et 40 cm de profondeur. Aussi disponible en aluminium avec rev\u00eatement en poudre. L'aluminium est l\u00e9ger, solide, r\u00e9sistant \u00e0 l'usure et \u00e9galement r\u00e9sistant \u00e0 la corrosion.<\/p>\n<p>L&#039;\u00e9paisseur de mat\u00e9riau Acier Corten 2 mm, en aluminium de 3 mm.<\/p>\n<p>&nbsp;<\/p>","protected":false},"featured_media":8600,"template":"","meta":{"site-sidebar-layout":"default","site-content-layout":"default","ast-site-content-layout":"default","site-content-style":"default","site-sidebar-style":"default","ast-global-header-display":"","ast-banner-title-visibility":"","ast-main-header-display":"","ast-hfb-above-header-display":"","ast-hfb-below-header-display":"","ast-hfb-mobile-header-display":"","site-post-title":"","ast-breadcrumbs-content":"","ast-featured-img":"","footer-sml-layout":"","ast-disable-related-posts":"","theme-transparent-header-meta":"default","adv-header-id-meta":"","stick-header-meta":"","header-above-stick-meta":"","header-main-stick-meta":"","header-below-stick-meta":"","astra-migrate-meta-layouts":"set","ast-page-background-enabled":"default","ast-page-background-meta":{"desktop":{"background-color":"","background-image":"","background-repeat":"repeat","background-position":"center center","background-size":"auto","background-attachment":"scroll","background-type":"","background-media":"","overlay-type":"","overlay-color":"","overlay-opacity":"","overlay-gradient":""},"tablet":{"background-color":"","background-image":"","background-repeat":"repeat","background-position":"center center","background-size":"auto","background-attachment":"scroll","background-type":"","background-media":"","overlay-type":"","overlay-color":"","overlay-opacity":"","overlay-gradient":""},"mobile":{"background-color":"","background-image":"","background-repeat":"repeat","background-position":"center center","background-size":"auto","background-attachment":"scroll","background-type":"","background-media":"","overlay-type":"","overlay-color":"","overlay-opacity":"","overlay-gradient":""}},"ast-content-background-meta":{"desktop":{"background-color":"var(--ast-global-color-5)","background-image":"","background-repeat":"repeat","background-position":"center center","background-size":"auto","background-attachment":"scroll","background-type":"","background-media":"","overlay-type":"","overlay-color":"","overlay-opacity":"","overlay-gradient":""},"tablet":{"background-color":"var(--ast-global-color-5)","background-image":"","background-repeat":"repeat","background-position":"center center","background-size":"auto","background-attachment":"scroll","background-type":"","background-media":"","overlay-type":"","overlay-color":"","overlay-opacity":"","overlay-gradient":""},"mobile":{"background-color":"var(--ast-global-color-5)","background-image":"","background-repeat":"repeat","background-position":"center center","background-size":"auto","background-attachment":"scroll","background-type":"","background-media":"","overlay-type":"","overlay-color":"","overlay-opacity":"","overlay-gradient":""}}},"product_brand":[],"product_cat":[61],"product_tag":[],"class_list":{"0":"post-8593","1":"product","2":"type-product","3":"status-publish","4":"has-post-thumbnail","6":"product_cat-cortenstaal-tuininrichting","7":"product_shipping_class-fritom","8":"desktop-align-left","9":"tablet-align-left","10":"mobile-align-left","12":"first","13":"instock","14":"taxable","15":"shipping-taxable","16":"purchasable","17":"product-type-variable"},"yoast_head":"<!-- This site is optimized with the Yoast SEO plugin v27.4 - https:\/\/yoast.com\/product\/yoast-seo-wordpress\/ -->\n<title>Cortenstaal tuinbank Hage koopt u bij cortenstaalverkoop.nl<\/title>\n<meta name=\"description\" content=\"\u2705 Cortenstaal tuinbank Hage\u2705 de beste kwaliteit \u2705 5 jaar garantie! Bestel uw cortenstaal tuinbank Hage goedkoop bij cortenstaalverkoop.nl\" \/>\n<meta name=\"robots\" content=\"index, follow, max-snippet:-1, max-image-preview:large, max-video-preview:-1\" \/>\n<link rel=\"canonical\" href=\"https:\/\/cortenstaalverkoop.nl\/fr\/produit\/lacier-corten-banc-jardin-hage\/\" \/>\n<meta property=\"og:locale\" content=\"fr_FR\" \/>\n<meta property=\"og:type\" content=\"article\" \/>\n<meta property=\"og:title\" content=\"Cortenstaal tuinbank Hage koopt u bij cortenstaalverkoop.nl\" \/>\n<meta property=\"og:description\" content=\"\u2705 Cortenstaal tuinbank Hage\u2705 de beste kwaliteit \u2705 5 jaar garantie! Bestel uw cortenstaal tuinbank Hage goedkoop bij cortenstaalverkoop.nl\" \/>\n<meta property=\"og:url\" content=\"https:\/\/cortenstaalverkoop.nl\/fr\/produit\/lacier-corten-banc-jardin-hage\/\" \/>\n<meta property=\"og:site_name\" content=\"Cortenstaalverkoop.nl\" \/>\n<meta property=\"article:modified_time\" content=\"2026-04-12T18:46:06+00:00\" \/>\n<meta property=\"og:image\" content=\"https:\/\/cortenstaalverkoop.nl\/wp-content\/uploads\/2023\/01\/bank-CKW30.png\" \/>\n\t<meta property=\"og:image:width\" content=\"699\" \/>\n\t<meta property=\"og:image:height\" content=\"699\" \/>\n\t<meta property=\"og:image:type\" content=\"image\/png\" \/>\n<meta name=\"twitter:card\" content=\"summary_large_image\" \/>\n<meta name=\"twitter:label1\" content=\"Dur\u00e9e de lecture estim\u00e9e\" \/>\n\t<meta name=\"twitter:data1\" content=\"3 minutes\" \/>\n<script type=\"application\/ld+json\" class=\"yoast-schema-graph\">{\"@context\":\"https:\\\/\\\/schema.org\",\"@graph\":[{\"@type\":\"WebPage\",\"@id\":\"https:\\\/\\\/cortenstaalverkoop.nl\\\/product\\\/cortenstaal-tuinbank-hage\\\/\",\"url\":\"https:\\\/\\\/cortenstaalverkoop.nl\\\/product\\\/cortenstaal-tuinbank-hage\\\/\",\"name\":\"Cortenstaal tuinbank Hage koopt u bij cortenstaalverkoop.nl\",\"isPartOf\":{\"@id\":\"https:\\\/\\\/cortenstaalverkoop.nl\\\/#website\"},\"primaryImageOfPage\":{\"@id\":\"https:\\\/\\\/cortenstaalverkoop.nl\\\/product\\\/cortenstaal-tuinbank-hage\\\/#primaryimage\"},\"image\":{\"@id\":\"https:\\\/\\\/cortenstaalverkoop.nl\\\/product\\\/cortenstaal-tuinbank-hage\\\/#primaryimage\"},\"thumbnailUrl\":\"https:\\\/\\\/cortenstaalverkoop.nl\\\/wp-content\\\/uploads\\\/2023\\\/01\\\/bank-CKW30.png\",\"datePublished\":\"2023-01-16T20:41:58+00:00\",\"dateModified\":\"2026-04-12T18:46:06+00:00\",\"description\":\"\u2705 Cortenstaal tuinbank Hage\u2705 de beste kwaliteit \u2705 5 jaar garantie! Bestel uw cortenstaal tuinbank Hage goedkoop bij cortenstaalverkoop.nl\",\"breadcrumb\":{\"@id\":\"https:\\\/\\\/cortenstaalverkoop.nl\\\/product\\\/cortenstaal-tuinbank-hage\\\/#breadcrumb\"},\"inLanguage\":\"fr-FR\",\"potentialAction\":[{\"@type\":\"ReadAction\",\"target\":[\"https:\\\/\\\/cortenstaalverkoop.nl\\\/product\\\/cortenstaal-tuinbank-hage\\\/\"]}]},{\"@type\":\"ImageObject\",\"inLanguage\":\"fr-FR\",\"@id\":\"https:\\\/\\\/cortenstaalverkoop.nl\\\/product\\\/cortenstaal-tuinbank-hage\\\/#primaryimage\",\"url\":\"https:\\\/\\\/cortenstaalverkoop.nl\\\/wp-content\\\/uploads\\\/2023\\\/01\\\/bank-CKW30.png\",\"contentUrl\":\"https:\\\/\\\/cortenstaalverkoop.nl\\\/wp-content\\\/uploads\\\/2023\\\/01\\\/bank-CKW30.png\",\"width\":699,\"height\":699,\"caption\":\"Cortenstaal tuinbank Hage\"},{\"@type\":\"BreadcrumbList\",\"@id\":\"https:\\\/\\\/cortenstaalverkoop.nl\\\/product\\\/cortenstaal-tuinbank-hage\\\/#breadcrumb\",\"itemListElement\":[{\"@type\":\"ListItem\",\"position\":1,\"name\":\"Home\",\"item\":\"https:\\\/\\\/cortenstaalverkoop.nl\\\/\"},{\"@type\":\"ListItem\",\"position\":2,\"name\":\"Assortiment\",\"item\":\"https:\\\/\\\/cortenstaalverkoop.nl\\\/assortiment-cortenstaal\\\/\"},{\"@type\":\"ListItem\",\"position\":3,\"name\":\"Cortenstaal tuinbank Hage\"}]},{\"@type\":\"WebSite\",\"@id\":\"https:\\\/\\\/cortenstaalverkoop.nl\\\/#website\",\"url\":\"https:\\\/\\\/cortenstaalverkoop.nl\\\/\",\"name\":\"Cortenstaalverkoop.nl\",\"description\":\"de cortenstaal specialist!\",\"publisher\":{\"@id\":\"https:\\\/\\\/cortenstaalverkoop.nl\\\/#organization\"},\"potentialAction\":[{\"@type\":\"SearchAction\",\"target\":{\"@type\":\"EntryPoint\",\"urlTemplate\":\"https:\\\/\\\/cortenstaalverkoop.nl\\\/?s={search_term_string}\"},\"query-input\":{\"@type\":\"PropertyValueSpecification\",\"valueRequired\":true,\"valueName\":\"search_term_string\"}}],\"inLanguage\":\"fr-FR\"},{\"@type\":\"Organization\",\"@id\":\"https:\\\/\\\/cortenstaalverkoop.nl\\\/#organization\",\"name\":\"Cortenstaalverkoop.nl\",\"url\":\"https:\\\/\\\/cortenstaalverkoop.nl\\\/\",\"logo\":{\"@type\":\"ImageObject\",\"inLanguage\":\"fr-FR\",\"@id\":\"https:\\\/\\\/cortenstaalverkoop.nl\\\/#\\\/schema\\\/logo\\\/image\\\/\",\"url\":\"https:\\\/\\\/cortenstaalverkoop.nl\\\/wp-content\\\/uploads\\\/2019\\\/11\\\/cortenstaal-logo-1.png\",\"contentUrl\":\"https:\\\/\\\/cortenstaalverkoop.nl\\\/wp-content\\\/uploads\\\/2019\\\/11\\\/cortenstaal-logo-1.png\",\"width\":480,\"height\":163,\"caption\":\"Cortenstaalverkoop.nl\"},\"image\":{\"@id\":\"https:\\\/\\\/cortenstaalverkoop.nl\\\/#\\\/schema\\\/logo\\\/image\\\/\"}}]}<\/script>\n<!-- \/ Yoast SEO plugin. -->","yoast_head_json":{"title":"Acheter Cortenstaal banc de jardin Hage \u00e0 cortenstaalverkoop.nl","description":"\u2705 Cortenstaal banc de jardin de couverture\u2705 la meilleure qualit\u00e9 \u2705 garantie de 5 ans! Commandez votre cortenstaal banc de jardin de couverture \u00e0 moindre co\u00fbt cortenstaalverkoop.nl","robots":{"index":"index","follow":"follow","max-snippet":"max-snippet:-1","max-image-preview":"max-image-preview:large","max-video-preview":"max-video-preview:-1"},"canonical":"https:\/\/cortenstaalverkoop.nl\/fr\/produit\/lacier-corten-banc-jardin-hage\/","og_locale":"fr_FR","og_type":"article","og_title":"Cortenstaal tuinbank Hage koopt u bij cortenstaalverkoop.nl","og_description":"\u2705 Cortenstaal tuinbank Hage\u2705 de beste kwaliteit \u2705 5 jaar garantie! Bestel uw cortenstaal tuinbank Hage goedkoop bij cortenstaalverkoop.nl","og_url":"https:\/\/cortenstaalverkoop.nl\/fr\/produit\/lacier-corten-banc-jardin-hage\/","og_site_name":"Cortenstaalverkoop.nl","article_modified_time":"2026-04-12T18:46:06+00:00","og_image":[{"width":699,"height":699,"url":"https:\/\/cortenstaalverkoop.nl\/wp-content\/uploads\/2023\/01\/bank-CKW30.png","type":"image\/png"}],"twitter_card":"summary_large_image","twitter_misc":{"Dur\u00e9e de lecture estim\u00e9e":"3 minutes"},"schema":{"@context":"https:\/\/schema.org","@graph":[{"@type":"WebPage","@id":"https:\/\/cortenstaalverkoop.nl\/product\/cortenstaal-tuinbank-hage\/","url":"https:\/\/cortenstaalverkoop.nl\/product\/cortenstaal-tuinbank-hage\/","name":"Acheter Cortenstaal banc de jardin Hage \u00e0 cortenstaalverkoop.nl","isPartOf":{"@id":"https:\/\/cortenstaalverkoop.nl\/#website"},"primaryImageOfPage":{"@id":"https:\/\/cortenstaalverkoop.nl\/product\/cortenstaal-tuinbank-hage\/#primaryimage"},"image":{"@id":"https:\/\/cortenstaalverkoop.nl\/product\/cortenstaal-tuinbank-hage\/#primaryimage"},"thumbnailUrl":"https:\/\/cortenstaalverkoop.nl\/wp-content\/uploads\/2023\/01\/bank-CKW30.png","datePublished":"2023-01-16T20:41:58+00:00","dateModified":"2026-04-12T18:46:06+00:00","description":"\u2705 Cortenstaal banc de jardin de couverture\u2705 la meilleure qualit\u00e9 \u2705 garantie de 5 ans! Commandez votre cortenstaal banc de jardin de couverture \u00e0 moindre co\u00fbt cortenstaalverkoop.nl","breadcrumb":{"@id":"https:\/\/cortenstaalverkoop.nl\/product\/cortenstaal-tuinbank-hage\/#breadcrumb"},"inLanguage":"fr-FR","potentialAction":[{"@type":"ReadAction","target":["https:\/\/cortenstaalverkoop.nl\/product\/cortenstaal-tuinbank-hage\/"]}]},{"@type":"ImageObject","inLanguage":"fr-FR","@id":"https:\/\/cortenstaalverkoop.nl\/product\/cortenstaal-tuinbank-hage\/#primaryimage","url":"https:\/\/cortenstaalverkoop.nl\/wp-content\/uploads\/2023\/01\/bank-CKW30.png","contentUrl":"https:\/\/cortenstaalverkoop.nl\/wp-content\/uploads\/2023\/01\/bank-CKW30.png","width":699,"height":699,"caption":"Cortenstaal tuinbank Hage"},{"@type":"BreadcrumbList","@id":"https:\/\/cortenstaalverkoop.nl\/product\/cortenstaal-tuinbank-hage\/#breadcrumb","itemListElement":[{"@type":"ListItem","position":1,"name":"Home","item":"https:\/\/cortenstaalverkoop.nl\/"},{"@type":"ListItem","position":2,"name":"Assortiment","item":"https:\/\/cortenstaalverkoop.nl\/assortiment-cortenstaal\/"},{"@type":"ListItem","position":3,"name":"Cortenstaal tuinbank Hage"}]},{"@type":"WebSite","@id":"https:\/\/cortenstaalverkoop.nl\/#website","url":"https:\/\/cortenstaalverkoop.nl\/","name":"Cortenstaalverkoop.nl","description":"l&#039;acier cor-ten sp\u00e9cialiste!","publisher":{"@id":"https:\/\/cortenstaalverkoop.nl\/#organization"},"potentialAction":[{"@type":"SearchAction","target":{"@type":"EntryPoint","urlTemplate":"https:\/\/cortenstaalverkoop.nl\/?s={search_term_string}"},"query-input":{"@type":"PropertyValueSpecification","valueRequired":true,"valueName":"search_term_string"}}],"inLanguage":"fr-FR"},{"@type":"Organization","@id":"https:\/\/cortenstaalverkoop.nl\/#organization","name":"Cortenstaalverkoop.nl","url":"https:\/\/cortenstaalverkoop.nl\/","logo":{"@type":"ImageObject","inLanguage":"fr-FR","@id":"https:\/\/cortenstaalverkoop.nl\/#\/schema\/logo\/image\/","url":"https:\/\/cortenstaalverkoop.nl\/wp-content\/uploads\/2019\/11\/cortenstaal-logo-1.png","contentUrl":"https:\/\/cortenstaalverkoop.nl\/wp-content\/uploads\/2019\/11\/cortenstaal-logo-1.png","width":480,"height":163,"caption":"Cortenstaalverkoop.nl"},"image":{"@id":"https:\/\/cortenstaalverkoop.nl\/#\/schema\/logo\/image\/"}}]}},"_links":{"self":[{"href":"https:\/\/cortenstaalverkoop.nl\/fr\/wp-json\/wp\/v2\/product\/8593","targetHints":{"allow":["GET"]}}],"collection":[{"href":"https:\/\/cortenstaalverkoop.nl\/fr\/wp-json\/wp\/v2\/product"}],"about":[{"href":"https:\/\/cortenstaalverkoop.nl\/fr\/wp-json\/wp\/v2\/types\/product"}],"version-history":[{"count":7,"href":"https:\/\/cortenstaalverkoop.nl\/fr\/wp-json\/wp\/v2\/product\/8593\/revisions"}],"predecessor-version":[{"id":11126,"href":"https:\/\/cortenstaalverkoop.nl\/fr\/wp-json\/wp\/v2\/product\/8593\/revisions\/11126"}],"wp:featuredmedia":[{"embeddable":true,"href":"https:\/\/cortenstaalverkoop.nl\/fr\/wp-json\/wp\/v2\/media\/8600"}],"wp:attachment":[{"href":"https:\/\/cortenstaalverkoop.nl\/fr\/wp-json\/wp\/v2\/media?parent=8593"}],"wp:term":[{"taxonomy":"product_brand","embeddable":true,"href":"https:\/\/cortenstaalverkoop.nl\/fr\/wp-json\/wp\/v2\/product_brand?post=8593"},{"taxonomy":"product_cat","embeddable":true,"href":"https:\/\/cortenstaalverkoop.nl\/fr\/wp-json\/wp\/v2\/product_cat?post=8593"},{"taxonomy":"product_tag","embeddable":true,"href":"https:\/\/cortenstaalverkoop.nl\/fr\/wp-json\/wp\/v2\/product_tag?post=8593"}],"curies":[{"name":"wp","href":"https:\/\/api.w.org\/{rel}","templated":true}]}}