{"id":8972,"date":"2023-04-12T13:58:39","date_gmt":"2023-04-12T11:58:39","guid":{"rendered":"https:\/\/cortenstaalverkoop.nl\/?post_type=product&#038;p=8972"},"modified":"2026-04-11T21:11:57","modified_gmt":"2026-04-11T19:11:57","slug":"murs-de-soutenement-en-acier-corten","status":"publish","type":"product","link":"https:\/\/cortenstaalverkoop.nl\/fr\/product\/cortenstaal-keerwanden\/","title":{"rendered":"L&#039;acier Corten murs de sout\u00e8nement"},"content":{"rendered":"<p>Avec notre acier Corten murs de sout\u00e8nement, vous \u00eates assur\u00e9 de la solidit\u00e9 et de la qualit\u00e9. Transformer votre espace ext\u00e9rieur avec la polyvalence de notre acier Corten murs de sout\u00e8nement! Id\u00e9al pour s\u00e9parer votre pelouse, de fronti\u00e8res ou de la chauss\u00e9e, dans un style \u00e9l\u00e9gant et aussi de l&#039;utiliser en tant que belles <a href=\"https:\/\/cortenstaalverkoop.nl\/product\/aluminium-plantenbak-adezz\/\" target=\"_blank\" rel=\"noopener\">les plantes<\/a>. Notre acier Corten murs de sout\u00e8nement pas seulement ajouter de la structure, mais aussi le caract\u00e8re et l&#039;atmosph\u00e8re de votre jardin.<\/p>\n<p>Nos murs de sout\u00e8nement sont disponibles en diff\u00e9rentes tailles, des angles et des courbes, de sorte que vous pouvez toujours cr\u00e9er la forme parfaite. Avec notre prefab syst\u00e8me, vous pouvez facilement et de se connecter de fa\u00e7on transparente les murs de sout\u00e8nement ensemble pour une forte et uniforme. Un avantage suppl\u00e9mentaire de la polyvalence de notre murs de sout\u00e8nement, c&#039;est qu&#039;ils sont \u00e9galement utiles pour la cr\u00e9ation d&#039;une belle bordure autour d&#039;un arbre existant dans votre jardin. En bref, avec la polyvalence de notre acier Corten murs de sout\u00e8nement, vous pouvez facilement et efficacement transformer votre espace ext\u00e9rieur en un \u00e9l\u00e9gant et fonctionnel jardin que vous pouvez profiter pendant des ann\u00e9es \u00e0 venir!<\/p>\n<h4>Avantages cl\u00e9s:<\/h4>\n<ul>\n<li>Norme bord sup\u00e9rieur de 50\u00d725 mm.<\/li>\n<li>L&#039;\u00e9paisseur de mat\u00e9riau \u00e0 un mur de sout\u00e8nement de 20 et 30 cm de haut est de 2 mm.<\/li>\n<li>L&#039;\u00e9paisseur de mat\u00e9riau \u00e0 un mur de sout\u00e8nement de 40 et 60 cm de haut est de 3 mm.<\/li>\n<li>Tr\u00e8s solide, r\u00e9sistant \u00e0 l&#039;usure, r\u00e9sistant aux intemp\u00e9ries, peu d&#039;entretien et durable.<\/li>\n<li>Comprend syst\u00e8me pr\u00e9fabriqu\u00e9 et accessoires en acier inoxydable.<\/li>\n<li>Garantie de 5 ans.<\/li>\n<\/ul>\n<p>Les produits doivent \u00eatre apr\u00e8s l&#039;accouchement, imm\u00e9diatement d\u00e9compresser. Comme il est, il est important que toute l&#039;humidit\u00e9 entre l&#039;emballage et le produit tout de suite. Ceux-ci peuvent \u00eatre irr\u00e9guliers, de rouille et de causer des taches.<\/p>\n<h5>Informations sur le produit: acier corten:<\/h5>\n<p><a href=\"https:\/\/nl.wikipedia.org\/wiki\/Cortenstaal\" target=\"_blank\" rel=\"noopener noreferrer\">L&#039;acier Cor-Ten<\/a> \u00e9galement connu sous le nom d'acier r\u00e9sistant aux intemp\u00e9ries. C'est un alliage m\u00e9tallique compos\u00e9 de fer, de cuivre, le silicium, le nickel et le chrome sont ajout\u00e9s. L'acier Cor-ten est une tr\u00e8s forte type d'acier. En raison de la capacit\u00e9 \u00e0 se concentrer sur l'exposition \u00e0 l'air, de le couvrir avec une protection de la rouille de la couche. C'est la plante naturelle de la rouille est une couche de protection contre la corrosion.<\/p>","protected":false},"excerpt":{"rendered":"<p>L&#039;acier Corten murs de sout\u00e8nement sont la solution id\u00e9ale pour s\u00e9parer la pelouse, de fronti\u00e8res ou de la chauss\u00e9e. En outre, ils peuvent \u00e9galement \u00eatre utilis\u00e9s comme un planteur.<\/p>\n<ul>\n<li>Garantie limit\u00e9e de 5 ans.<\/li>\n<li>L&#039;\u00e9paisseur de mat\u00e9riau \u00e0 un mur de sout\u00e8nement de 20 et 30 cm de haut est de 2 mm.<\/li>\n<li>L&#039;\u00e9paisseur de mat\u00e9riau \u00e0 un mur de sout\u00e8nement de 40 et 60 cm de haut est de 3 mm.<\/li>\n<li>Comprend syst\u00e8me pr\u00e9fabriqu\u00e9 et accessoires en acier inoxydable.<\/li>\n<li>Rapide et facile \u00e0 mettre en place.<\/li>\n<li>Norme bord sup\u00e9rieur de 50\u00d725 mm.<\/li>\n<\/ul>","protected":false},"featured_media":9018,"template":"","meta":{"site-sidebar-layout":"default","site-content-layout":"default","ast-site-content-layout":"default","site-content-style":"default","site-sidebar-style":"default","ast-global-header-display":"","ast-banner-title-visibility":"","ast-main-header-display":"","ast-hfb-above-header-display":"","ast-hfb-below-header-display":"","ast-hfb-mobile-header-display":"","site-post-title":"","ast-breadcrumbs-content":"","ast-featured-img":"","footer-sml-layout":"","ast-disable-related-posts":"","theme-transparent-header-meta":"default","adv-header-id-meta":"","stick-header-meta":"","header-above-stick-meta":"","header-main-stick-meta":"","header-below-stick-meta":"","astra-migrate-meta-layouts":"set","ast-page-background-enabled":"default","ast-page-background-meta":{"desktop":{"background-color":"","background-image":"","background-repeat":"repeat","background-position":"center center","background-size":"auto","background-attachment":"scroll","background-type":"","background-media":"","overlay-type":"","overlay-color":"","overlay-opacity":"","overlay-gradient":""},"tablet":{"background-color":"","background-image":"","background-repeat":"repeat","background-position":"center center","background-size":"auto","background-attachment":"scroll","background-type":"","background-media":"","overlay-type":"","overlay-color":"","overlay-opacity":"","overlay-gradient":""},"mobile":{"background-color":"","background-image":"","background-repeat":"repeat","background-position":"center center","background-size":"auto","background-attachment":"scroll","background-type":"","background-media":"","overlay-type":"","overlay-color":"","overlay-opacity":"","overlay-gradient":""}},"ast-content-background-meta":{"desktop":{"background-color":"var(--ast-global-color-5)","background-image":"","background-repeat":"repeat","background-position":"center center","background-size":"auto","background-attachment":"scroll","background-type":"","background-media":"","overlay-type":"","overlay-color":"","overlay-opacity":"","overlay-gradient":""},"tablet":{"background-color":"var(--ast-global-color-5)","background-image":"","background-repeat":"repeat","background-position":"center center","background-size":"auto","background-attachment":"scroll","background-type":"","background-media":"","overlay-type":"","overlay-color":"","overlay-opacity":"","overlay-gradient":""},"mobile":{"background-color":"var(--ast-global-color-5)","background-image":"","background-repeat":"repeat","background-position":"center center","background-size":"auto","background-attachment":"scroll","background-type":"","background-media":"","overlay-type":"","overlay-color":"","overlay-opacity":"","overlay-gradient":""}}},"product_brand":[],"product_cat":[57],"product_tag":[],"class_list":{"0":"post-8972","1":"product","2":"type-product","3":"status-publish","4":"has-post-thumbnail","6":"product_cat-cortenstaal-plantenbakken","7":"product_shipping_class-fritom","8":"desktop-align-left","9":"tablet-align-left","10":"mobile-align-left","12":"first","13":"instock","14":"taxable","15":"shipping-taxable","16":"purchasable","17":"product-type-variable"},"yoast_head":"<!-- This site is optimized with the Yoast SEO plugin v27.4 - https:\/\/yoast.com\/product\/yoast-seo-wordpress\/ -->\n<title>Cortenstaal keerwanden koopt u bij cortenstaalverkoop.nl<\/title>\n<meta name=\"description\" content=\"\u2705 Cortenstaal keerwanden \u2705 de beste kwaliteit \u2705 5 jaar garantie! Bestel uw cortenstaal keerwanden goedkoop bij cortenstaalverkoop.nl\" \/>\n<meta name=\"robots\" content=\"index, follow, max-snippet:-1, max-image-preview:large, max-video-preview:-1\" \/>\n<link rel=\"canonical\" href=\"https:\/\/cortenstaalverkoop.nl\/fr\/produit\/murs-de-soutenement-en-acier-corten\/\" \/>\n<meta property=\"og:locale\" content=\"fr_FR\" \/>\n<meta property=\"og:type\" content=\"article\" \/>\n<meta property=\"og:title\" content=\"Cortenstaal keerwanden koopt u bij cortenstaalverkoop.nl\" \/>\n<meta property=\"og:description\" content=\"\u2705 Cortenstaal keerwanden \u2705 de beste kwaliteit \u2705 5 jaar garantie! Bestel uw cortenstaal keerwanden goedkoop bij cortenstaalverkoop.nl\" \/>\n<meta property=\"og:url\" content=\"https:\/\/cortenstaalverkoop.nl\/fr\/produit\/murs-de-soutenement-en-acier-corten\/\" \/>\n<meta property=\"og:site_name\" content=\"Cortenstaalverkoop.nl\" \/>\n<meta property=\"article:modified_time\" content=\"2026-04-11T19:11:57+00:00\" \/>\n<meta property=\"og:image\" content=\"https:\/\/cortenstaalverkoop.nl\/wp-content\/uploads\/2023\/04\/CRCO3_600_2000.png\" \/>\n\t<meta property=\"og:image:width\" content=\"699\" \/>\n\t<meta property=\"og:image:height\" content=\"699\" \/>\n\t<meta property=\"og:image:type\" content=\"image\/png\" \/>\n<meta name=\"twitter:card\" content=\"summary_large_image\" \/>\n<meta name=\"twitter:label1\" content=\"Dur\u00e9e de lecture estim\u00e9e\" \/>\n\t<meta name=\"twitter:data1\" content=\"2 minutes\" \/>\n<script type=\"application\/ld+json\" class=\"yoast-schema-graph\">{\"@context\":\"https:\\\/\\\/schema.org\",\"@graph\":[{\"@type\":\"WebPage\",\"@id\":\"https:\\\/\\\/cortenstaalverkoop.nl\\\/product\\\/cortenstaal-keerwanden\\\/\",\"url\":\"https:\\\/\\\/cortenstaalverkoop.nl\\\/product\\\/cortenstaal-keerwanden\\\/\",\"name\":\"Cortenstaal keerwanden koopt u bij cortenstaalverkoop.nl\",\"isPartOf\":{\"@id\":\"https:\\\/\\\/cortenstaalverkoop.nl\\\/#website\"},\"primaryImageOfPage\":{\"@id\":\"https:\\\/\\\/cortenstaalverkoop.nl\\\/product\\\/cortenstaal-keerwanden\\\/#primaryimage\"},\"image\":{\"@id\":\"https:\\\/\\\/cortenstaalverkoop.nl\\\/product\\\/cortenstaal-keerwanden\\\/#primaryimage\"},\"thumbnailUrl\":\"https:\\\/\\\/cortenstaalverkoop.nl\\\/wp-content\\\/uploads\\\/2023\\\/04\\\/CRCO3_600_2000.png\",\"datePublished\":\"2023-04-12T11:58:39+00:00\",\"dateModified\":\"2026-04-11T19:11:57+00:00\",\"description\":\"\u2705 Cortenstaal keerwanden \u2705 de beste kwaliteit \u2705 5 jaar garantie! Bestel uw cortenstaal keerwanden goedkoop bij cortenstaalverkoop.nl\",\"breadcrumb\":{\"@id\":\"https:\\\/\\\/cortenstaalverkoop.nl\\\/product\\\/cortenstaal-keerwanden\\\/#breadcrumb\"},\"inLanguage\":\"fr-FR\",\"potentialAction\":[{\"@type\":\"ReadAction\",\"target\":[\"https:\\\/\\\/cortenstaalverkoop.nl\\\/product\\\/cortenstaal-keerwanden\\\/\"]}]},{\"@type\":\"ImageObject\",\"inLanguage\":\"fr-FR\",\"@id\":\"https:\\\/\\\/cortenstaalverkoop.nl\\\/product\\\/cortenstaal-keerwanden\\\/#primaryimage\",\"url\":\"https:\\\/\\\/cortenstaalverkoop.nl\\\/wp-content\\\/uploads\\\/2023\\\/04\\\/CRCO3_600_2000.png\",\"contentUrl\":\"https:\\\/\\\/cortenstaalverkoop.nl\\\/wp-content\\\/uploads\\\/2023\\\/04\\\/CRCO3_600_2000.png\",\"width\":699,\"height\":699,\"caption\":\"Cortenstaal keerwanden\"},{\"@type\":\"BreadcrumbList\",\"@id\":\"https:\\\/\\\/cortenstaalverkoop.nl\\\/product\\\/cortenstaal-keerwanden\\\/#breadcrumb\",\"itemListElement\":[{\"@type\":\"ListItem\",\"position\":1,\"name\":\"Home\",\"item\":\"https:\\\/\\\/cortenstaalverkoop.nl\\\/\"},{\"@type\":\"ListItem\",\"position\":2,\"name\":\"Assortiment\",\"item\":\"https:\\\/\\\/cortenstaalverkoop.nl\\\/assortiment-cortenstaal\\\/\"},{\"@type\":\"ListItem\",\"position\":3,\"name\":\"Cortenstaal keerwanden\"}]},{\"@type\":\"WebSite\",\"@id\":\"https:\\\/\\\/cortenstaalverkoop.nl\\\/#website\",\"url\":\"https:\\\/\\\/cortenstaalverkoop.nl\\\/\",\"name\":\"Cortenstaalverkoop.nl\",\"description\":\"de cortenstaal specialist!\",\"publisher\":{\"@id\":\"https:\\\/\\\/cortenstaalverkoop.nl\\\/#organization\"},\"potentialAction\":[{\"@type\":\"SearchAction\",\"target\":{\"@type\":\"EntryPoint\",\"urlTemplate\":\"https:\\\/\\\/cortenstaalverkoop.nl\\\/?s={search_term_string}\"},\"query-input\":{\"@type\":\"PropertyValueSpecification\",\"valueRequired\":true,\"valueName\":\"search_term_string\"}}],\"inLanguage\":\"fr-FR\"},{\"@type\":\"Organization\",\"@id\":\"https:\\\/\\\/cortenstaalverkoop.nl\\\/#organization\",\"name\":\"Cortenstaalverkoop.nl\",\"url\":\"https:\\\/\\\/cortenstaalverkoop.nl\\\/\",\"logo\":{\"@type\":\"ImageObject\",\"inLanguage\":\"fr-FR\",\"@id\":\"https:\\\/\\\/cortenstaalverkoop.nl\\\/#\\\/schema\\\/logo\\\/image\\\/\",\"url\":\"https:\\\/\\\/cortenstaalverkoop.nl\\\/wp-content\\\/uploads\\\/2019\\\/11\\\/cortenstaal-logo-1.png\",\"contentUrl\":\"https:\\\/\\\/cortenstaalverkoop.nl\\\/wp-content\\\/uploads\\\/2019\\\/11\\\/cortenstaal-logo-1.png\",\"width\":480,\"height\":163,\"caption\":\"Cortenstaalverkoop.nl\"},\"image\":{\"@id\":\"https:\\\/\\\/cortenstaalverkoop.nl\\\/#\\\/schema\\\/logo\\\/image\\\/\"}}]}<\/script>\n<!-- \/ Yoast SEO plugin. -->","yoast_head_json":{"title":"Vous pouvez acheter de l&#039;acier Corten murs de sout\u00e8nement \u00e0 cortenstaalverkoop.nl","description":"\u2705 Acier Corten murs de sout\u00e8nement \u2705 la meilleure qualit\u00e9 \u2705 garantie de 5 ans! Commandez votre acier Corten murs de sout\u00e8nement \u00e0 moindre co\u00fbt \u00e0 partir de cortenstaalverkoop.nl","robots":{"index":"index","follow":"follow","max-snippet":"max-snippet:-1","max-image-preview":"max-image-preview:large","max-video-preview":"max-video-preview:-1"},"canonical":"https:\/\/cortenstaalverkoop.nl\/fr\/produit\/murs-de-soutenement-en-acier-corten\/","og_locale":"fr_FR","og_type":"article","og_title":"Cortenstaal keerwanden koopt u bij cortenstaalverkoop.nl","og_description":"\u2705 Cortenstaal keerwanden \u2705 de beste kwaliteit \u2705 5 jaar garantie! Bestel uw cortenstaal keerwanden goedkoop bij cortenstaalverkoop.nl","og_url":"https:\/\/cortenstaalverkoop.nl\/fr\/produit\/murs-de-soutenement-en-acier-corten\/","og_site_name":"Cortenstaalverkoop.nl","article_modified_time":"2026-04-11T19:11:57+00:00","og_image":[{"width":699,"height":699,"url":"https:\/\/cortenstaalverkoop.nl\/wp-content\/uploads\/2023\/04\/CRCO3_600_2000.png","type":"image\/png"}],"twitter_card":"summary_large_image","twitter_misc":{"Dur\u00e9e de lecture estim\u00e9e":"2 minutes"},"schema":{"@context":"https:\/\/schema.org","@graph":[{"@type":"WebPage","@id":"https:\/\/cortenstaalverkoop.nl\/product\/cortenstaal-keerwanden\/","url":"https:\/\/cortenstaalverkoop.nl\/product\/cortenstaal-keerwanden\/","name":"Vous pouvez acheter de l&#039;acier Corten murs de sout\u00e8nement \u00e0 cortenstaalverkoop.nl","isPartOf":{"@id":"https:\/\/cortenstaalverkoop.nl\/#website"},"primaryImageOfPage":{"@id":"https:\/\/cortenstaalverkoop.nl\/product\/cortenstaal-keerwanden\/#primaryimage"},"image":{"@id":"https:\/\/cortenstaalverkoop.nl\/product\/cortenstaal-keerwanden\/#primaryimage"},"thumbnailUrl":"https:\/\/cortenstaalverkoop.nl\/wp-content\/uploads\/2023\/04\/CRCO3_600_2000.png","datePublished":"2023-04-12T11:58:39+00:00","dateModified":"2026-04-11T19:11:57+00:00","description":"\u2705 Acier Corten murs de sout\u00e8nement \u2705 la meilleure qualit\u00e9 \u2705 garantie de 5 ans! Commandez votre acier Corten murs de sout\u00e8nement \u00e0 moindre co\u00fbt \u00e0 partir de cortenstaalverkoop.nl","breadcrumb":{"@id":"https:\/\/cortenstaalverkoop.nl\/product\/cortenstaal-keerwanden\/#breadcrumb"},"inLanguage":"fr-FR","potentialAction":[{"@type":"ReadAction","target":["https:\/\/cortenstaalverkoop.nl\/product\/cortenstaal-keerwanden\/"]}]},{"@type":"ImageObject","inLanguage":"fr-FR","@id":"https:\/\/cortenstaalverkoop.nl\/product\/cortenstaal-keerwanden\/#primaryimage","url":"https:\/\/cortenstaalverkoop.nl\/wp-content\/uploads\/2023\/04\/CRCO3_600_2000.png","contentUrl":"https:\/\/cortenstaalverkoop.nl\/wp-content\/uploads\/2023\/04\/CRCO3_600_2000.png","width":699,"height":699,"caption":"Cortenstaal keerwanden"},{"@type":"BreadcrumbList","@id":"https:\/\/cortenstaalverkoop.nl\/product\/cortenstaal-keerwanden\/#breadcrumb","itemListElement":[{"@type":"ListItem","position":1,"name":"Home","item":"https:\/\/cortenstaalverkoop.nl\/"},{"@type":"ListItem","position":2,"name":"Assortiment","item":"https:\/\/cortenstaalverkoop.nl\/assortiment-cortenstaal\/"},{"@type":"ListItem","position":3,"name":"Cortenstaal keerwanden"}]},{"@type":"WebSite","@id":"https:\/\/cortenstaalverkoop.nl\/#website","url":"https:\/\/cortenstaalverkoop.nl\/","name":"Cortenstaalverkoop.nl","description":"l&#039;acier cor-ten sp\u00e9cialiste!","publisher":{"@id":"https:\/\/cortenstaalverkoop.nl\/#organization"},"potentialAction":[{"@type":"SearchAction","target":{"@type":"EntryPoint","urlTemplate":"https:\/\/cortenstaalverkoop.nl\/?s={search_term_string}"},"query-input":{"@type":"PropertyValueSpecification","valueRequired":true,"valueName":"search_term_string"}}],"inLanguage":"fr-FR"},{"@type":"Organization","@id":"https:\/\/cortenstaalverkoop.nl\/#organization","name":"Cortenstaalverkoop.nl","url":"https:\/\/cortenstaalverkoop.nl\/","logo":{"@type":"ImageObject","inLanguage":"fr-FR","@id":"https:\/\/cortenstaalverkoop.nl\/#\/schema\/logo\/image\/","url":"https:\/\/cortenstaalverkoop.nl\/wp-content\/uploads\/2019\/11\/cortenstaal-logo-1.png","contentUrl":"https:\/\/cortenstaalverkoop.nl\/wp-content\/uploads\/2019\/11\/cortenstaal-logo-1.png","width":480,"height":163,"caption":"Cortenstaalverkoop.nl"},"image":{"@id":"https:\/\/cortenstaalverkoop.nl\/#\/schema\/logo\/image\/"}}]}},"_links":{"self":[{"href":"https:\/\/cortenstaalverkoop.nl\/fr\/wp-json\/wp\/v2\/product\/8972","targetHints":{"allow":["GET"]}}],"collection":[{"href":"https:\/\/cortenstaalverkoop.nl\/fr\/wp-json\/wp\/v2\/product"}],"about":[{"href":"https:\/\/cortenstaalverkoop.nl\/fr\/wp-json\/wp\/v2\/types\/product"}],"version-history":[{"count":7,"href":"https:\/\/cortenstaalverkoop.nl\/fr\/wp-json\/wp\/v2\/product\/8972\/revisions"}],"predecessor-version":[{"id":11161,"href":"https:\/\/cortenstaalverkoop.nl\/fr\/wp-json\/wp\/v2\/product\/8972\/revisions\/11161"}],"wp:featuredmedia":[{"embeddable":true,"href":"https:\/\/cortenstaalverkoop.nl\/fr\/wp-json\/wp\/v2\/media\/9018"}],"wp:attachment":[{"href":"https:\/\/cortenstaalverkoop.nl\/fr\/wp-json\/wp\/v2\/media?parent=8972"}],"wp:term":[{"taxonomy":"product_brand","embeddable":true,"href":"https:\/\/cortenstaalverkoop.nl\/fr\/wp-json\/wp\/v2\/product_brand?post=8972"},{"taxonomy":"product_cat","embeddable":true,"href":"https:\/\/cortenstaalverkoop.nl\/fr\/wp-json\/wp\/v2\/product_cat?post=8972"},{"taxonomy":"product_tag","embeddable":true,"href":"https:\/\/cortenstaalverkoop.nl\/fr\/wp-json\/wp\/v2\/product_tag?post=8972"}],"curies":[{"name":"wp","href":"https:\/\/api.w.org\/{rel}","templated":true}]}}