{"id":9334,"date":"2023-05-04T11:55:13","date_gmt":"2023-05-04T09:55:13","guid":{"rendered":"https:\/\/cortenstaalverkoop.nl\/?post_type=product&#038;p=9334"},"modified":"2026-04-20T18:56:31","modified_gmt":"2026-04-20T16:56:31","slug":"barbecue-en-acier-corten-avec-plaque-de-cuisson100","status":"publish","type":"product","link":"https:\/\/cortenstaalverkoop.nl\/fr\/product\/cortenstaal-bbq-met-bakring100\/","title":{"rendered":"BBQ en acier corten avec plaque de cuisson100"},"content":{"rendered":"<div data-elementor-type=\"wp-post\" data-elementor-id=\"9334\" class=\"elementor elementor-9334\">\n\t\t\t\t\t\t<section class=\"elementor-section elementor-top-section elementor-element elementor-element-5d3a55ae elementor-section-boxed elementor-section-height-default elementor-section-height-default\" data-id=\"5d3a55ae\" data-element_type=\"section\" data-e-type=\"section\">\n\t\t\t\t\t\t<div class=\"elementor-container elementor-column-gap-default\">\n\t\t\t\t\t<div class=\"elementor-column elementor-col-100 elementor-top-column elementor-element elementor-element-6bce4bf2\" data-id=\"6bce4bf2\" data-element_type=\"column\" data-e-type=\"column\">\n\t\t\t<div class=\"elementor-widget-wrap elementor-element-populated\">\n\t\t\t\t\t\t<div class=\"elementor-element elementor-element-495f2e35 elementor-widget elementor-widget-text-editor\" data-id=\"495f2e35\" data-element_type=\"widget\" data-e-type=\"widget\" data-widget_type=\"text-editor.default\">\n\t\t\t\t<div class=\"elementor-widget-container\">\n\t\t\t\t\t\t\t\t\t<h3>BBQ en acier corten avec plaque de cuisson100<\/h3><p>Cette <a href=\"https:\/\/nl.wikipedia.org\/wiki\/Cortenstaal\" target=\"_blank\" rel=\"noopener\">L'acier corten<\/a> BBQ met bakring100 heeft verschillende kooktemperaturen.Het midden van de bakplaat is warmer dan de buitenkanten zodat koken nog gemakkelijker is en je alle ingredi\u00ebnten samen kunt serveren. Ontdek een compleet nieuwe wereld vol mogelijkheden voor buiten koken. Met de extra grillset kunt u grillen en bakken tegelijkertijd. Voor iets minder personen is er ook een <a href=\"https:\/\/cortenstaalverkoop.nl\/product\/bbq-met-bakplaat-en-grill\/\" target=\"_blank\" rel=\"noopener\">L&#039;acier Corten pour BARBECUE<\/a> avec une plaque de cuisson anneau de 80 cm pour la vente.<\/p><h3>Belangrijk!<\/h3><p>Lors de l&#039;utilisation de cet acier Corten BARBECUE avec du bicarbonate de ring pour la premi\u00e8re fois, il est tr\u00e8s important que vous commencez avec un petit feu et au bout de 25 minutes de continuer \u00e0 la chaleur du feu. La lourde plaque de cuisson sera plus chaud sur la face inf\u00e9rieure que sur la partie sup\u00e9rieure. En raison de cette diff\u00e9rence de temp\u00e9rature, la plaque creuse. Apr\u00e8s la premi\u00e8re utilisation, la plaque de cuisson a &#034; set &#034; et cette proc\u00e9dure n&#039;est plus n\u00e9cessaire.<br \/>Le monde aura les meilleures performances si elle en a une ou deux fois, et l&#039;huile, et l&#039;album a \u00e9t\u00e9 fini. Cuire sur une plaque chauffante et apr\u00e8s c&#039;est &#034;la br\u00fblure d&#039;image&#034; tout est plus facile, et il prot\u00e8ge la feuille contre la rouille si elle n&#039;est pas en cours d&#039;utilisation.<br \/>Il est pr\u00e9f\u00e9rable de faire frire avec de l'huile v\u00e9g\u00e9tale avec un degr\u00e9 de combustion \u00e9lev\u00e9, par exemple de l'huile de tournesol.<\/p><p>Apr\u00e8s environ 25 \u00e0 30 minutes, remuer la plaque de cuisson \u00e0 l&#039;int\u00e9rieur d&#039;une temp\u00e9rature de 275 \u00e0 300\u00b0C ont \u00e9t\u00e9 atteints. Si l&#039;incendie a \u00e9t\u00e9 cr\u00e9\u00e9, vous pouvez commencer avec la feuille de biscuit aux huiles, ajouter un peu plus d&#039;huile et de l&#039;endroit o\u00f9 vous allez le faire cuire. \u00c0 l&#039;ext\u00e9rieur, il est<br \/>avec la temp\u00e9rature un peu plus bas, de sorte que vous pouvez partager avec la cuisson et garder au chaud. Dans la chaleur de la plaque chaude va faire un petit creux dans le tirage au sort. Ainsi, l&#039;exc\u00e8s d&#039;huile et la graisse sera automatiquement envoy\u00e9 \u00e0 l&#039;incendie de sortir. Lorsque la plaque s&#039;est refroidi, il sera redresser compl\u00e8tement.<\/p><p>Le nettoyage de la cuisine, il n&#039;est pas vraiment n\u00e9cessaire. L&#039;huile de cuisson, et les restes peuvent \u00eatre utilis\u00e9s avec une spatule, dans le feu, peuvent \u00eatre abord\u00e9s. Il peut \u00eatre tout de la plaque chaude pour une utilisation avec un chiffon humide pour nettoyer. La grille peut \u00eatre utilis\u00e9e contre le vent, et n&#039;ont pas besoin d&#039;\u00eatre r\u00e9par\u00e9.<\/p>\t\t\t\t\t\t\t\t<\/div>\n\t\t\t\t<\/div>\n\t\t\t\t\t<\/div>\n\t\t<\/div>\n\t\t\t\t\t<\/div>\n\t\t<\/section>\n\t\t\t\t<\/div>","protected":false},"excerpt":{"rendered":"<p>Met deze cortenstaal BBQ met een bakring van 100cm heeft u h\u00e9t product om buiten eenvoudig een gezonde maaltijd te bereiden. De bolvormige vuurschaal heeft een ronde brede, dikke platte bakplaat die je gebruikt als een soort teppanyaki of plancha. Totale hoogte is 1000 mm zonder grillset.<\/p>\n<p>* Anneau sup\u00e9rieur de 10 mm s235 acier agit comme une plaque de cuisson \/ plancha, diam\u00e8tre 1005 mm<br \/>\n* Cet acier Corten BARBECUE vient rouill\u00e9.<br \/>\n\u2022 R\u00e9glable et robuste pieds pour n&#039;importe quelle surface.<br \/>\n\u2022 Inc. ch\u00e2ssis 700 x 500 mm et de 810 mm de haut<br \/>\n* Diam\u00e8tre int\u00e9rieur de l&#039;espace de cuisson anneau de 500 mm<br \/>\n\u2022 5 ans de garantie<\/p>","protected":false},"featured_media":9355,"template":"","meta":{"site-sidebar-layout":"default","site-content-layout":"default","ast-site-content-layout":"default","site-content-style":"default","site-sidebar-style":"default","ast-global-header-display":"","ast-banner-title-visibility":"","ast-main-header-display":"","ast-hfb-above-header-display":"","ast-hfb-below-header-display":"","ast-hfb-mobile-header-display":"","site-post-title":"","ast-breadcrumbs-content":"","ast-featured-img":"","footer-sml-layout":"","ast-disable-related-posts":"","theme-transparent-header-meta":"default","adv-header-id-meta":"","stick-header-meta":"","header-above-stick-meta":"","header-main-stick-meta":"","header-below-stick-meta":"","astra-migrate-meta-layouts":"set","ast-page-background-enabled":"default","ast-page-background-meta":{"desktop":{"background-color":"","background-image":"","background-repeat":"repeat","background-position":"center center","background-size":"auto","background-attachment":"scroll","background-type":"","background-media":"","overlay-type":"","overlay-color":"","overlay-opacity":"","overlay-gradient":""},"tablet":{"background-color":"","background-image":"","background-repeat":"repeat","background-position":"center center","background-size":"auto","background-attachment":"scroll","background-type":"","background-media":"","overlay-type":"","overlay-color":"","overlay-opacity":"","overlay-gradient":""},"mobile":{"background-color":"","background-image":"","background-repeat":"repeat","background-position":"center center","background-size":"auto","background-attachment":"scroll","background-type":"","background-media":"","overlay-type":"","overlay-color":"","overlay-opacity":"","overlay-gradient":""}},"ast-content-background-meta":{"desktop":{"background-color":"var(--ast-global-color-5)","background-image":"","background-repeat":"repeat","background-position":"center center","background-size":"auto","background-attachment":"scroll","background-type":"","background-media":"","overlay-type":"","overlay-color":"","overlay-opacity":"","overlay-gradient":""},"tablet":{"background-color":"var(--ast-global-color-5)","background-image":"","background-repeat":"repeat","background-position":"center center","background-size":"auto","background-attachment":"scroll","background-type":"","background-media":"","overlay-type":"","overlay-color":"","overlay-opacity":"","overlay-gradient":""},"mobile":{"background-color":"var(--ast-global-color-5)","background-image":"","background-repeat":"repeat","background-position":"center center","background-size":"auto","background-attachment":"scroll","background-type":"","background-media":"","overlay-type":"","overlay-color":"","overlay-opacity":"","overlay-gradient":""}}},"product_brand":[],"product_cat":[58],"product_tag":[],"class_list":{"0":"post-9334","1":"product","2":"type-product","3":"status-publish","4":"has-post-thumbnail","6":"product_cat-cortenstaal-vuurelementen","7":"product_shipping_class-fritom","8":"desktop-align-left","9":"tablet-align-left","10":"mobile-align-left","12":"first","13":"instock","14":"taxable","15":"shipping-taxable","16":"purchasable","17":"product-type-variable"},"yoast_head":"<!-- This site is optimized with the Yoast SEO plugin v27.6 - https:\/\/yoast.com\/product\/yoast-seo-wordpress\/ -->\n<title>Cortenstaal BBQ met bakring, goedkoop bij cortenstaalverkoop.nl<\/title>\n<meta name=\"description\" content=\"\u2705 Cortenstaal BBQ met bakring100.\u2705 de beste kwaliteit \u2705 5 jaar garantie! Bestel uw cortenstaal BBQ goedkoop bij cortenstaalverkoop.nl\" \/>\n<meta name=\"robots\" content=\"index, follow, max-snippet:-1, max-image-preview:large, max-video-preview:-1\" \/>\n<link rel=\"canonical\" href=\"https:\/\/cortenstaalverkoop.nl\/fr\/produit\/barbecue-en-acier-corten-avec-plaque-de-cuisson100\/\" \/>\n<meta property=\"og:locale\" content=\"fr_FR\" \/>\n<meta property=\"og:type\" content=\"article\" \/>\n<meta property=\"og:title\" content=\"Cortenstaal BBQ met bakring, goedkoop bij cortenstaalverkoop.nl\" \/>\n<meta property=\"og:description\" content=\"\u2705 Cortenstaal BBQ met bakring100.\u2705 de beste kwaliteit \u2705 5 jaar garantie! Bestel uw cortenstaal BBQ goedkoop bij cortenstaalverkoop.nl\" \/>\n<meta property=\"og:url\" content=\"https:\/\/cortenstaalverkoop.nl\/fr\/produit\/barbecue-en-acier-corten-avec-plaque-de-cuisson100\/\" \/>\n<meta property=\"og:site_name\" content=\"Cortenstaalverkoop.nl\" \/>\n<meta property=\"article:modified_time\" content=\"2026-04-20T16:56:31+00:00\" \/>\n<meta property=\"og:image\" content=\"https:\/\/cortenstaalverkoop.nl\/wp-content\/uploads\/2023\/05\/BBQ-groot-seareA.png\" \/>\n\t<meta property=\"og:image:width\" content=\"578\" \/>\n\t<meta property=\"og:image:height\" content=\"518\" \/>\n\t<meta property=\"og:image:type\" content=\"image\/png\" \/>\n<meta name=\"twitter:card\" content=\"summary_large_image\" \/>\n<meta name=\"twitter:label1\" content=\"Dur\u00e9e de lecture estim\u00e9e\" \/>\n\t<meta name=\"twitter:data1\" content=\"2 minutes\" \/>\n<script type=\"application\/ld+json\" class=\"yoast-schema-graph\">{\"@context\":\"https:\\\/\\\/schema.org\",\"@graph\":[{\"@type\":\"WebPage\",\"@id\":\"https:\\\/\\\/cortenstaalverkoop.nl\\\/product\\\/cortenstaal-bbq-met-bakring100\\\/\",\"url\":\"https:\\\/\\\/cortenstaalverkoop.nl\\\/product\\\/cortenstaal-bbq-met-bakring100\\\/\",\"name\":\"Cortenstaal BBQ met bakring, goedkoop bij cortenstaalverkoop.nl\",\"isPartOf\":{\"@id\":\"https:\\\/\\\/cortenstaalverkoop.nl\\\/#website\"},\"primaryImageOfPage\":{\"@id\":\"https:\\\/\\\/cortenstaalverkoop.nl\\\/product\\\/cortenstaal-bbq-met-bakring100\\\/#primaryimage\"},\"image\":{\"@id\":\"https:\\\/\\\/cortenstaalverkoop.nl\\\/product\\\/cortenstaal-bbq-met-bakring100\\\/#primaryimage\"},\"thumbnailUrl\":\"https:\\\/\\\/cortenstaalverkoop.nl\\\/wp-content\\\/uploads\\\/2023\\\/05\\\/BBQ-groot-seareA.png\",\"datePublished\":\"2023-05-04T09:55:13+00:00\",\"dateModified\":\"2026-04-20T16:56:31+00:00\",\"description\":\"\u2705 Cortenstaal BBQ met bakring100.\u2705 de beste kwaliteit \u2705 5 jaar garantie! Bestel uw cortenstaal BBQ goedkoop bij cortenstaalverkoop.nl\",\"breadcrumb\":{\"@id\":\"https:\\\/\\\/cortenstaalverkoop.nl\\\/product\\\/cortenstaal-bbq-met-bakring100\\\/#breadcrumb\"},\"inLanguage\":\"fr-FR\",\"potentialAction\":[{\"@type\":\"ReadAction\",\"target\":[\"https:\\\/\\\/cortenstaalverkoop.nl\\\/product\\\/cortenstaal-bbq-met-bakring100\\\/\"]}]},{\"@type\":\"ImageObject\",\"inLanguage\":\"fr-FR\",\"@id\":\"https:\\\/\\\/cortenstaalverkoop.nl\\\/product\\\/cortenstaal-bbq-met-bakring100\\\/#primaryimage\",\"url\":\"https:\\\/\\\/cortenstaalverkoop.nl\\\/wp-content\\\/uploads\\\/2023\\\/05\\\/BBQ-groot-seareA.png\",\"contentUrl\":\"https:\\\/\\\/cortenstaalverkoop.nl\\\/wp-content\\\/uploads\\\/2023\\\/05\\\/BBQ-groot-seareA.png\",\"width\":578,\"height\":518,\"caption\":\"Cortenstaal BBQ met bakring100\"},{\"@type\":\"BreadcrumbList\",\"@id\":\"https:\\\/\\\/cortenstaalverkoop.nl\\\/product\\\/cortenstaal-bbq-met-bakring100\\\/#breadcrumb\",\"itemListElement\":[{\"@type\":\"ListItem\",\"position\":1,\"name\":\"Home\",\"item\":\"https:\\\/\\\/cortenstaalverkoop.nl\\\/\"},{\"@type\":\"ListItem\",\"position\":2,\"name\":\"Assortiment\",\"item\":\"https:\\\/\\\/cortenstaalverkoop.nl\\\/assortiment-cortenstaal\\\/\"},{\"@type\":\"ListItem\",\"position\":3,\"name\":\"Cortenstaal BBQ met bakring100\"}]},{\"@type\":\"WebSite\",\"@id\":\"https:\\\/\\\/cortenstaalverkoop.nl\\\/#website\",\"url\":\"https:\\\/\\\/cortenstaalverkoop.nl\\\/\",\"name\":\"Cortenstaalverkoop.nl\",\"description\":\"de cortenstaal specialist!\",\"publisher\":{\"@id\":\"https:\\\/\\\/cortenstaalverkoop.nl\\\/#organization\"},\"potentialAction\":[{\"@type\":\"SearchAction\",\"target\":{\"@type\":\"EntryPoint\",\"urlTemplate\":\"https:\\\/\\\/cortenstaalverkoop.nl\\\/?s={search_term_string}\"},\"query-input\":{\"@type\":\"PropertyValueSpecification\",\"valueRequired\":true,\"valueName\":\"search_term_string\"}}],\"inLanguage\":\"fr-FR\"},{\"@type\":\"Organization\",\"@id\":\"https:\\\/\\\/cortenstaalverkoop.nl\\\/#organization\",\"name\":\"Cortenstaalverkoop.nl\",\"url\":\"https:\\\/\\\/cortenstaalverkoop.nl\\\/\",\"logo\":{\"@type\":\"ImageObject\",\"inLanguage\":\"fr-FR\",\"@id\":\"https:\\\/\\\/cortenstaalverkoop.nl\\\/#\\\/schema\\\/logo\\\/image\\\/\",\"url\":\"https:\\\/\\\/cortenstaalverkoop.nl\\\/wp-content\\\/uploads\\\/2019\\\/11\\\/cortenstaal-logo-1.png\",\"contentUrl\":\"https:\\\/\\\/cortenstaalverkoop.nl\\\/wp-content\\\/uploads\\\/2019\\\/11\\\/cortenstaal-logo-1.png\",\"width\":480,\"height\":163,\"caption\":\"Cortenstaalverkoop.nl\"},\"image\":{\"@id\":\"https:\\\/\\\/cortenstaalverkoop.nl\\\/#\\\/schema\\\/logo\\\/image\\\/\"}}]}<\/script>\n<!-- \/ Yoast SEO plugin. -->","yoast_head_json":{"title":"L&#039;acier Corten BARBECUE avec du bicarbonate de bague, pas cher \u00e0 cortenstaalverkoop.nl","description":"\u2705 Cortenstaal BARBECUE rencontr\u00e9 bakring100.\u2705 la meilleure qualit\u00e9 \u2705 garantie de 5 ans! Commandez votre cortenstaal BARBECUE \u00e0 bas prix \u00e0 partir de cortenstaalverkoop.nl","robots":{"index":"index","follow":"follow","max-snippet":"max-snippet:-1","max-image-preview":"max-image-preview:large","max-video-preview":"max-video-preview:-1"},"canonical":"https:\/\/cortenstaalverkoop.nl\/fr\/produit\/barbecue-en-acier-corten-avec-plaque-de-cuisson100\/","og_locale":"fr_FR","og_type":"article","og_title":"Cortenstaal BBQ met bakring, goedkoop bij cortenstaalverkoop.nl","og_description":"\u2705 Cortenstaal BBQ met bakring100.\u2705 de beste kwaliteit \u2705 5 jaar garantie! Bestel uw cortenstaal BBQ goedkoop bij cortenstaalverkoop.nl","og_url":"https:\/\/cortenstaalverkoop.nl\/fr\/produit\/barbecue-en-acier-corten-avec-plaque-de-cuisson100\/","og_site_name":"Cortenstaalverkoop.nl","article_modified_time":"2026-04-20T16:56:31+00:00","og_image":[{"width":578,"height":518,"url":"https:\/\/cortenstaalverkoop.nl\/wp-content\/uploads\/2023\/05\/BBQ-groot-seareA.png","type":"image\/png"}],"twitter_card":"summary_large_image","twitter_misc":{"Dur\u00e9e de lecture estim\u00e9e":"2 minutes"},"schema":{"@context":"https:\/\/schema.org","@graph":[{"@type":"WebPage","@id":"https:\/\/cortenstaalverkoop.nl\/product\/cortenstaal-bbq-met-bakring100\/","url":"https:\/\/cortenstaalverkoop.nl\/product\/cortenstaal-bbq-met-bakring100\/","name":"L&#039;acier Corten BARBECUE avec du bicarbonate de bague, pas cher \u00e0 cortenstaalverkoop.nl","isPartOf":{"@id":"https:\/\/cortenstaalverkoop.nl\/#website"},"primaryImageOfPage":{"@id":"https:\/\/cortenstaalverkoop.nl\/product\/cortenstaal-bbq-met-bakring100\/#primaryimage"},"image":{"@id":"https:\/\/cortenstaalverkoop.nl\/product\/cortenstaal-bbq-met-bakring100\/#primaryimage"},"thumbnailUrl":"https:\/\/cortenstaalverkoop.nl\/wp-content\/uploads\/2023\/05\/BBQ-groot-seareA.png","datePublished":"2023-05-04T09:55:13+00:00","dateModified":"2026-04-20T16:56:31+00:00","description":"\u2705 Cortenstaal BARBECUE rencontr\u00e9 bakring100.\u2705 la meilleure qualit\u00e9 \u2705 garantie de 5 ans! Commandez votre cortenstaal BARBECUE \u00e0 bas prix \u00e0 partir de cortenstaalverkoop.nl","breadcrumb":{"@id":"https:\/\/cortenstaalverkoop.nl\/product\/cortenstaal-bbq-met-bakring100\/#breadcrumb"},"inLanguage":"fr-FR","potentialAction":[{"@type":"ReadAction","target":["https:\/\/cortenstaalverkoop.nl\/product\/cortenstaal-bbq-met-bakring100\/"]}]},{"@type":"ImageObject","inLanguage":"fr-FR","@id":"https:\/\/cortenstaalverkoop.nl\/product\/cortenstaal-bbq-met-bakring100\/#primaryimage","url":"https:\/\/cortenstaalverkoop.nl\/wp-content\/uploads\/2023\/05\/BBQ-groot-seareA.png","contentUrl":"https:\/\/cortenstaalverkoop.nl\/wp-content\/uploads\/2023\/05\/BBQ-groot-seareA.png","width":578,"height":518,"caption":"Cortenstaal BBQ met bakring100"},{"@type":"BreadcrumbList","@id":"https:\/\/cortenstaalverkoop.nl\/product\/cortenstaal-bbq-met-bakring100\/#breadcrumb","itemListElement":[{"@type":"ListItem","position":1,"name":"Home","item":"https:\/\/cortenstaalverkoop.nl\/"},{"@type":"ListItem","position":2,"name":"Assortiment","item":"https:\/\/cortenstaalverkoop.nl\/assortiment-cortenstaal\/"},{"@type":"ListItem","position":3,"name":"Cortenstaal BBQ met bakring100"}]},{"@type":"WebSite","@id":"https:\/\/cortenstaalverkoop.nl\/#website","url":"https:\/\/cortenstaalverkoop.nl\/","name":"Cortenstaalverkoop.nl","description":"l&#039;acier cor-ten sp\u00e9cialiste!","publisher":{"@id":"https:\/\/cortenstaalverkoop.nl\/#organization"},"potentialAction":[{"@type":"SearchAction","target":{"@type":"EntryPoint","urlTemplate":"https:\/\/cortenstaalverkoop.nl\/?s={search_term_string}"},"query-input":{"@type":"PropertyValueSpecification","valueRequired":true,"valueName":"search_term_string"}}],"inLanguage":"fr-FR"},{"@type":"Organization","@id":"https:\/\/cortenstaalverkoop.nl\/#organization","name":"Cortenstaalverkoop.nl","url":"https:\/\/cortenstaalverkoop.nl\/","logo":{"@type":"ImageObject","inLanguage":"fr-FR","@id":"https:\/\/cortenstaalverkoop.nl\/#\/schema\/logo\/image\/","url":"https:\/\/cortenstaalverkoop.nl\/wp-content\/uploads\/2019\/11\/cortenstaal-logo-1.png","contentUrl":"https:\/\/cortenstaalverkoop.nl\/wp-content\/uploads\/2019\/11\/cortenstaal-logo-1.png","width":480,"height":163,"caption":"Cortenstaalverkoop.nl"},"image":{"@id":"https:\/\/cortenstaalverkoop.nl\/#\/schema\/logo\/image\/"}}]}},"_links":{"self":[{"href":"https:\/\/cortenstaalverkoop.nl\/fr\/wp-json\/wp\/v2\/product\/9334","targetHints":{"allow":["GET"]}}],"collection":[{"href":"https:\/\/cortenstaalverkoop.nl\/fr\/wp-json\/wp\/v2\/product"}],"about":[{"href":"https:\/\/cortenstaalverkoop.nl\/fr\/wp-json\/wp\/v2\/types\/product"}],"version-history":[{"count":16,"href":"https:\/\/cortenstaalverkoop.nl\/fr\/wp-json\/wp\/v2\/product\/9334\/revisions"}],"predecessor-version":[{"id":11197,"href":"https:\/\/cortenstaalverkoop.nl\/fr\/wp-json\/wp\/v2\/product\/9334\/revisions\/11197"}],"wp:featuredmedia":[{"embeddable":true,"href":"https:\/\/cortenstaalverkoop.nl\/fr\/wp-json\/wp\/v2\/media\/9355"}],"wp:attachment":[{"href":"https:\/\/cortenstaalverkoop.nl\/fr\/wp-json\/wp\/v2\/media?parent=9334"}],"wp:term":[{"taxonomy":"product_brand","embeddable":true,"href":"https:\/\/cortenstaalverkoop.nl\/fr\/wp-json\/wp\/v2\/product_brand?post=9334"},{"taxonomy":"product_cat","embeddable":true,"href":"https:\/\/cortenstaalverkoop.nl\/fr\/wp-json\/wp\/v2\/product_cat?post=9334"},{"taxonomy":"product_tag","embeddable":true,"href":"https:\/\/cortenstaalverkoop.nl\/fr\/wp-json\/wp\/v2\/product_tag?post=9334"}],"curies":[{"name":"wp","href":"https:\/\/api.w.org\/{rel}","templated":true}]}}