{"id":9461,"date":"2023-05-22T14:25:00","date_gmt":"2023-05-22T12:25:00","guid":{"rendered":"https:\/\/cortenstaalverkoop.nl\/?post_type=product&#038;p=9461"},"modified":"2026-04-13T15:50:44","modified_gmt":"2026-04-13T13:50:44","slug":"meubles-de-cuisine-dexterieur-en-acier-corten","status":"publish","type":"product","link":"https:\/\/cortenstaalverkoop.nl\/fr\/product\/cortenstaal-workstation\/","title":{"rendered":"meubles de cuisine dexterieur en acier corten"},"content":{"rendered":"<p>Notre meubles de cuisine dexterieur en acier corten parfaitement adapt\u00e9 pour cr\u00e9er des suppl\u00e9mentaires de l'espace de travail dans votre cuisine en plein air. Ils sont un compl\u00e9ment id\u00e9al \u00e0 notre <a href=\"https:\/\/cortenstaalverkoop.nl\/product\/cortenstaal-bbq-met-bakring100\/\" target=\"_blank\" rel=\"noopener\">BBQ rencontr\u00e9 bakring<\/a> mod\u00e8les, gr\u00e2ce \u00e0 leur chaude et douce de la conception qui s&#039;accordent bien ensemble. Avec l&#039;aide de cet acier Corten poste de travail, vous avez toujours assez d&#039;espace \u00e0 votre disposition pour pr\u00e9parer le plus d\u00e9licieux plats. Les postes de travail de forno ne sont pas seulement fonctionnels, mais aussi ajouter un merveilleux \u00e9l\u00e9ment de votre cuisine en plein air. Ils sont soigneusement fini avec un plan de travail en bambou sur le dessus. Les courbes \u00e9l\u00e9gantes donnent \u00e0 l&#039;ensemble un chaleureux et accueillant de look. En outre, les postes de travail sont \u00e9quip\u00e9s avec des options de stockage en bas, o\u00f9 vous pouvez stocker du bois, par exemple. En outre, la pratique des crochets sont disponibles pour accrocher les outils ou m\u00eame des torchons. Vous pouvez commander nos postes de travail de deux tailles diff\u00e9rentes, de sorte que vous pouvez choisir ce qui convient le mieux \u00e0 vos besoins.<\/p>\n<h4><strong>Sp\u00e9cifications:<\/strong><\/h4>\n<ul>\n<li>Garantie limit\u00e9e de 5 ans.<\/li>\n<li>Les produits sont livr\u00e9s rouill\u00e9.<\/li>\n<li>Disponible en deux tailles diff\u00e9rentes.<\/li>\n<li>Fini avec le bambou \u00e9l\u00e9ments. Bambou naturellement \u00e0 peine se dilate et se contracte l\u00e9g\u00e8rement.<\/li>\n<li>Toujours utiliser un d\u00e9coupage de la carte de sorte que le plan de travail en bambou n&#039;est pas endommag\u00e9. Le plan de travail n&#039;est pas destin\u00e9 \u00e0 pr\u00e9parer les aliments directement.<\/li>\n<\/ul>\n<h4><strong>Soin et entretien:<\/strong><\/h4>\n<ul>\n<li>Annuelle de nettoyage par pulv\u00e9risation grossi\u00e8re de la salet\u00e9 sur le produit avec de l&#039;eau du robinet.<\/li>\n<li>La rouille peut \u00eatre r\u00e9solu par l&#039;application d&#039;Owatrol. C&#039;est un pistolet anti-rouille de l&#039;agent qui forme une couche de protection contre la rouille. Owatrol prot\u00e8ge le produit et s&#039;assure que l&#039;acier Corten ne diffuse plus.<\/li>\n<\/ul>\n<p><strong>Informations sur le produit: acier corten:<\/strong><br \/>\n<a href=\"https:\/\/nl.wikipedia.org\/wiki\/Cortenstaal\" target=\"_blank\" rel=\"noopener noreferrer\">L&#039;acier Cor-Ten<\/a>\u00a0\u00e9galement connu sous le nom d'acier r\u00e9sistant aux intemp\u00e9ries. C'est un alliage m\u00e9tallique compos\u00e9 de fer, de cuivre, le silicium, le nickel et le chrome sont ajout\u00e9s. Cor-Ten est une tr\u00e8s forte type d'acier et la capacit\u00e9 \u00e0 se concentrer sur l'exposition \u00e0 l'air, de le couvrir avec une protection de la rouille de la couche. Ensuite, cette couche de protection contre la corrosion. La caract\u00e9ristique de l'acier Corten est sa couleur rouille orang\u00e9e et sa longue dur\u00e9e de vie.<\/p>","protected":false},"excerpt":{"rendered":"<p>Notre meubles de cuisine dexterieur en acier corten est parfaitement adapt\u00e9 pour cr\u00e9er des suppl\u00e9mentaires de l'espace de travail dans votre cuisine en plein air. Au bas de l'postes de travail il y a de l'espace pour le stockage, par exemple de bois. En outre, il ya des crochets pour accrocher les outils ou, par exemple, les torchons. La hauteur est de 90 cm. La profondeur est de 60 cm. Deux longueurs diff\u00e9rentes 79 cm ou 119 cm.<\/p>\n<ul>\n<li>Cet acier Corten station de travail est rouill\u00e9.<\/li>\n<li>Garantie limit\u00e9e de 5 ans.<\/li>\n<li>Fini avec le bambou \u00e9l\u00e9ments. Bambou naturellement \u00e0 peine se dilate et se contracte l\u00e9g\u00e8rement.<\/li>\n<li>\u00c9galement disponible avec des roues, de sorte que le produit est facile \u00e0 d\u00e9placer.<\/li>\n<\/ul>","protected":false},"featured_media":9469,"template":"","meta":{"site-sidebar-layout":"default","site-content-layout":"default","ast-site-content-layout":"default","site-content-style":"default","site-sidebar-style":"default","ast-global-header-display":"","ast-banner-title-visibility":"","ast-main-header-display":"","ast-hfb-above-header-display":"","ast-hfb-below-header-display":"","ast-hfb-mobile-header-display":"","site-post-title":"","ast-breadcrumbs-content":"","ast-featured-img":"","footer-sml-layout":"","ast-disable-related-posts":"","theme-transparent-header-meta":"default","adv-header-id-meta":"","stick-header-meta":"","header-above-stick-meta":"","header-main-stick-meta":"","header-below-stick-meta":"","astra-migrate-meta-layouts":"set","ast-page-background-enabled":"default","ast-page-background-meta":{"desktop":{"background-color":"","background-image":"","background-repeat":"repeat","background-position":"center center","background-size":"auto","background-attachment":"scroll","background-type":"","background-media":"","overlay-type":"","overlay-color":"","overlay-opacity":"","overlay-gradient":""},"tablet":{"background-color":"","background-image":"","background-repeat":"repeat","background-position":"center center","background-size":"auto","background-attachment":"scroll","background-type":"","background-media":"","overlay-type":"","overlay-color":"","overlay-opacity":"","overlay-gradient":""},"mobile":{"background-color":"","background-image":"","background-repeat":"repeat","background-position":"center center","background-size":"auto","background-attachment":"scroll","background-type":"","background-media":"","overlay-type":"","overlay-color":"","overlay-opacity":"","overlay-gradient":""}},"ast-content-background-meta":{"desktop":{"background-color":"var(--ast-global-color-5)","background-image":"","background-repeat":"repeat","background-position":"center center","background-size":"auto","background-attachment":"scroll","background-type":"","background-media":"","overlay-type":"","overlay-color":"","overlay-opacity":"","overlay-gradient":""},"tablet":{"background-color":"var(--ast-global-color-5)","background-image":"","background-repeat":"repeat","background-position":"center center","background-size":"auto","background-attachment":"scroll","background-type":"","background-media":"","overlay-type":"","overlay-color":"","overlay-opacity":"","overlay-gradient":""},"mobile":{"background-color":"var(--ast-global-color-5)","background-image":"","background-repeat":"repeat","background-position":"center center","background-size":"auto","background-attachment":"scroll","background-type":"","background-media":"","overlay-type":"","overlay-color":"","overlay-opacity":"","overlay-gradient":""}}},"product_brand":[],"product_cat":[61,58],"product_tag":[],"class_list":{"0":"post-9461","1":"product","2":"type-product","3":"status-publish","4":"has-post-thumbnail","6":"product_cat-cortenstaal-tuininrichting","7":"product_cat-cortenstaal-vuurelementen","8":"product_shipping_class-fritom","9":"desktop-align-left","10":"tablet-align-left","11":"mobile-align-left","13":"first","14":"instock","15":"taxable","16":"shipping-taxable","17":"purchasable","18":"product-type-variable"},"yoast_head":"<!-- This site is optimized with the Yoast SEO plugin v27.4 - https:\/\/yoast.com\/product\/yoast-seo-wordpress\/ -->\n<title>Cortenstaal workstation, goedkoop bij cortenstaalverkoop.nl<\/title>\n<meta name=\"description\" content=\"\u2705 Cortenstaal workstation \u2705de beste kwaliteit \u2705 5 jaar garantie! Bestel uw cortenstaal workstation goedkoop bij cortenstaalverkoop.nl\" \/>\n<meta name=\"robots\" content=\"index, follow, max-snippet:-1, max-image-preview:large, max-video-preview:-1\" \/>\n<link rel=\"canonical\" href=\"https:\/\/cortenstaalverkoop.nl\/fr\/produit\/meubles-de-cuisine-dexterieur-en-acier-corten\/\" \/>\n<meta property=\"og:locale\" content=\"fr_FR\" \/>\n<meta property=\"og:type\" content=\"article\" \/>\n<meta property=\"og:title\" content=\"Cortenstaal workstation, goedkoop bij cortenstaalverkoop.nl\" \/>\n<meta property=\"og:description\" content=\"\u2705 Cortenstaal workstation \u2705de beste kwaliteit \u2705 5 jaar garantie! Bestel uw cortenstaal workstation goedkoop bij cortenstaalverkoop.nl\" \/>\n<meta property=\"og:url\" content=\"https:\/\/cortenstaalverkoop.nl\/fr\/produit\/meubles-de-cuisine-dexterieur-en-acier-corten\/\" \/>\n<meta property=\"og:site_name\" content=\"Cortenstaalverkoop.nl\" \/>\n<meta property=\"article:modified_time\" content=\"2026-04-13T13:50:44+00:00\" \/>\n<meta property=\"og:image\" content=\"https:\/\/cortenstaalverkoop.nl\/wp-content\/uploads\/2023\/05\/station.png\" \/>\n\t<meta property=\"og:image:width\" content=\"699\" \/>\n\t<meta property=\"og:image:height\" content=\"570\" \/>\n\t<meta property=\"og:image:type\" content=\"image\/png\" \/>\n<meta name=\"twitter:card\" content=\"summary_large_image\" \/>\n<meta name=\"twitter:label1\" content=\"Dur\u00e9e de lecture estim\u00e9e\" \/>\n\t<meta name=\"twitter:data1\" content=\"2 minutes\" \/>\n<script type=\"application\/ld+json\" class=\"yoast-schema-graph\">{\"@context\":\"https:\\\/\\\/schema.org\",\"@graph\":[{\"@type\":\"WebPage\",\"@id\":\"https:\\\/\\\/cortenstaalverkoop.nl\\\/product\\\/cortenstaal-workstation\\\/\",\"url\":\"https:\\\/\\\/cortenstaalverkoop.nl\\\/product\\\/cortenstaal-workstation\\\/\",\"name\":\"Cortenstaal workstation, goedkoop bij cortenstaalverkoop.nl\",\"isPartOf\":{\"@id\":\"https:\\\/\\\/cortenstaalverkoop.nl\\\/#website\"},\"primaryImageOfPage\":{\"@id\":\"https:\\\/\\\/cortenstaalverkoop.nl\\\/product\\\/cortenstaal-workstation\\\/#primaryimage\"},\"image\":{\"@id\":\"https:\\\/\\\/cortenstaalverkoop.nl\\\/product\\\/cortenstaal-workstation\\\/#primaryimage\"},\"thumbnailUrl\":\"https:\\\/\\\/cortenstaalverkoop.nl\\\/wp-content\\\/uploads\\\/2023\\\/05\\\/station.png\",\"datePublished\":\"2023-05-22T12:25:00+00:00\",\"dateModified\":\"2026-04-13T13:50:44+00:00\",\"description\":\"\u2705 Cortenstaal workstation \u2705de beste kwaliteit \u2705 5 jaar garantie! Bestel uw cortenstaal workstation goedkoop bij cortenstaalverkoop.nl\",\"breadcrumb\":{\"@id\":\"https:\\\/\\\/cortenstaalverkoop.nl\\\/product\\\/cortenstaal-workstation\\\/#breadcrumb\"},\"inLanguage\":\"fr-FR\",\"potentialAction\":[{\"@type\":\"ReadAction\",\"target\":[\"https:\\\/\\\/cortenstaalverkoop.nl\\\/product\\\/cortenstaal-workstation\\\/\"]}]},{\"@type\":\"ImageObject\",\"inLanguage\":\"fr-FR\",\"@id\":\"https:\\\/\\\/cortenstaalverkoop.nl\\\/product\\\/cortenstaal-workstation\\\/#primaryimage\",\"url\":\"https:\\\/\\\/cortenstaalverkoop.nl\\\/wp-content\\\/uploads\\\/2023\\\/05\\\/station.png\",\"contentUrl\":\"https:\\\/\\\/cortenstaalverkoop.nl\\\/wp-content\\\/uploads\\\/2023\\\/05\\\/station.png\",\"width\":699,\"height\":570,\"caption\":\"Cortenstaal workstation\"},{\"@type\":\"BreadcrumbList\",\"@id\":\"https:\\\/\\\/cortenstaalverkoop.nl\\\/product\\\/cortenstaal-workstation\\\/#breadcrumb\",\"itemListElement\":[{\"@type\":\"ListItem\",\"position\":1,\"name\":\"Home\",\"item\":\"https:\\\/\\\/cortenstaalverkoop.nl\\\/\"},{\"@type\":\"ListItem\",\"position\":2,\"name\":\"Assortiment\",\"item\":\"https:\\\/\\\/cortenstaalverkoop.nl\\\/assortiment-cortenstaal\\\/\"},{\"@type\":\"ListItem\",\"position\":3,\"name\":\"Cortenstaal workstation\"}]},{\"@type\":\"WebSite\",\"@id\":\"https:\\\/\\\/cortenstaalverkoop.nl\\\/#website\",\"url\":\"https:\\\/\\\/cortenstaalverkoop.nl\\\/\",\"name\":\"Cortenstaalverkoop.nl\",\"description\":\"de cortenstaal specialist!\",\"publisher\":{\"@id\":\"https:\\\/\\\/cortenstaalverkoop.nl\\\/#organization\"},\"potentialAction\":[{\"@type\":\"SearchAction\",\"target\":{\"@type\":\"EntryPoint\",\"urlTemplate\":\"https:\\\/\\\/cortenstaalverkoop.nl\\\/?s={search_term_string}\"},\"query-input\":{\"@type\":\"PropertyValueSpecification\",\"valueRequired\":true,\"valueName\":\"search_term_string\"}}],\"inLanguage\":\"fr-FR\"},{\"@type\":\"Organization\",\"@id\":\"https:\\\/\\\/cortenstaalverkoop.nl\\\/#organization\",\"name\":\"Cortenstaalverkoop.nl\",\"url\":\"https:\\\/\\\/cortenstaalverkoop.nl\\\/\",\"logo\":{\"@type\":\"ImageObject\",\"inLanguage\":\"fr-FR\",\"@id\":\"https:\\\/\\\/cortenstaalverkoop.nl\\\/#\\\/schema\\\/logo\\\/image\\\/\",\"url\":\"https:\\\/\\\/cortenstaalverkoop.nl\\\/wp-content\\\/uploads\\\/2019\\\/11\\\/cortenstaal-logo-1.png\",\"contentUrl\":\"https:\\\/\\\/cortenstaalverkoop.nl\\\/wp-content\\\/uploads\\\/2019\\\/11\\\/cortenstaal-logo-1.png\",\"width\":480,\"height\":163,\"caption\":\"Cortenstaalverkoop.nl\"},\"image\":{\"@id\":\"https:\\\/\\\/cortenstaalverkoop.nl\\\/#\\\/schema\\\/logo\\\/image\\\/\"}}]}<\/script>\n<!-- \/ Yoast SEO plugin. -->","yoast_head_json":{"title":"Cortenstaal poste de travail, \u00e0 bas prix Cortenstaal poste de travail cortenstaalverkoop.nl","description":"\u2705 Acier Corten poste de travail \u2705la meilleure qualit\u00e9 \u2705 garantie de 5 ans! Commandez votre cortenstaal poste de travail \u00e0 bas prix \u00e0 partir de cortenstaalverkoop.nl","robots":{"index":"index","follow":"follow","max-snippet":"max-snippet:-1","max-image-preview":"max-image-preview:large","max-video-preview":"max-video-preview:-1"},"canonical":"https:\/\/cortenstaalverkoop.nl\/fr\/produit\/meubles-de-cuisine-dexterieur-en-acier-corten\/","og_locale":"fr_FR","og_type":"article","og_title":"Cortenstaal workstation, goedkoop bij cortenstaalverkoop.nl","og_description":"\u2705 Cortenstaal workstation \u2705de beste kwaliteit \u2705 5 jaar garantie! Bestel uw cortenstaal workstation goedkoop bij cortenstaalverkoop.nl","og_url":"https:\/\/cortenstaalverkoop.nl\/fr\/produit\/meubles-de-cuisine-dexterieur-en-acier-corten\/","og_site_name":"Cortenstaalverkoop.nl","article_modified_time":"2026-04-13T13:50:44+00:00","og_image":[{"width":699,"height":570,"url":"https:\/\/cortenstaalverkoop.nl\/wp-content\/uploads\/2023\/05\/station.png","type":"image\/png"}],"twitter_card":"summary_large_image","twitter_misc":{"Dur\u00e9e de lecture estim\u00e9e":"2 minutes"},"schema":{"@context":"https:\/\/schema.org","@graph":[{"@type":"WebPage","@id":"https:\/\/cortenstaalverkoop.nl\/product\/cortenstaal-workstation\/","url":"https:\/\/cortenstaalverkoop.nl\/product\/cortenstaal-workstation\/","name":"Cortenstaal poste de travail, \u00e0 bas prix Cortenstaal poste de travail cortenstaalverkoop.nl","isPartOf":{"@id":"https:\/\/cortenstaalverkoop.nl\/#website"},"primaryImageOfPage":{"@id":"https:\/\/cortenstaalverkoop.nl\/product\/cortenstaal-workstation\/#primaryimage"},"image":{"@id":"https:\/\/cortenstaalverkoop.nl\/product\/cortenstaal-workstation\/#primaryimage"},"thumbnailUrl":"https:\/\/cortenstaalverkoop.nl\/wp-content\/uploads\/2023\/05\/station.png","datePublished":"2023-05-22T12:25:00+00:00","dateModified":"2026-04-13T13:50:44+00:00","description":"\u2705 Acier Corten poste de travail \u2705la meilleure qualit\u00e9 \u2705 garantie de 5 ans! Commandez votre cortenstaal poste de travail \u00e0 bas prix \u00e0 partir de cortenstaalverkoop.nl","breadcrumb":{"@id":"https:\/\/cortenstaalverkoop.nl\/product\/cortenstaal-workstation\/#breadcrumb"},"inLanguage":"fr-FR","potentialAction":[{"@type":"ReadAction","target":["https:\/\/cortenstaalverkoop.nl\/product\/cortenstaal-workstation\/"]}]},{"@type":"ImageObject","inLanguage":"fr-FR","@id":"https:\/\/cortenstaalverkoop.nl\/product\/cortenstaal-workstation\/#primaryimage","url":"https:\/\/cortenstaalverkoop.nl\/wp-content\/uploads\/2023\/05\/station.png","contentUrl":"https:\/\/cortenstaalverkoop.nl\/wp-content\/uploads\/2023\/05\/station.png","width":699,"height":570,"caption":"Cortenstaal workstation"},{"@type":"BreadcrumbList","@id":"https:\/\/cortenstaalverkoop.nl\/product\/cortenstaal-workstation\/#breadcrumb","itemListElement":[{"@type":"ListItem","position":1,"name":"Home","item":"https:\/\/cortenstaalverkoop.nl\/"},{"@type":"ListItem","position":2,"name":"Assortiment","item":"https:\/\/cortenstaalverkoop.nl\/assortiment-cortenstaal\/"},{"@type":"ListItem","position":3,"name":"Cortenstaal workstation"}]},{"@type":"WebSite","@id":"https:\/\/cortenstaalverkoop.nl\/#website","url":"https:\/\/cortenstaalverkoop.nl\/","name":"Cortenstaalverkoop.nl","description":"l&#039;acier cor-ten sp\u00e9cialiste!","publisher":{"@id":"https:\/\/cortenstaalverkoop.nl\/#organization"},"potentialAction":[{"@type":"SearchAction","target":{"@type":"EntryPoint","urlTemplate":"https:\/\/cortenstaalverkoop.nl\/?s={search_term_string}"},"query-input":{"@type":"PropertyValueSpecification","valueRequired":true,"valueName":"search_term_string"}}],"inLanguage":"fr-FR"},{"@type":"Organization","@id":"https:\/\/cortenstaalverkoop.nl\/#organization","name":"Cortenstaalverkoop.nl","url":"https:\/\/cortenstaalverkoop.nl\/","logo":{"@type":"ImageObject","inLanguage":"fr-FR","@id":"https:\/\/cortenstaalverkoop.nl\/#\/schema\/logo\/image\/","url":"https:\/\/cortenstaalverkoop.nl\/wp-content\/uploads\/2019\/11\/cortenstaal-logo-1.png","contentUrl":"https:\/\/cortenstaalverkoop.nl\/wp-content\/uploads\/2019\/11\/cortenstaal-logo-1.png","width":480,"height":163,"caption":"Cortenstaalverkoop.nl"},"image":{"@id":"https:\/\/cortenstaalverkoop.nl\/#\/schema\/logo\/image\/"}}]}},"_links":{"self":[{"href":"https:\/\/cortenstaalverkoop.nl\/fr\/wp-json\/wp\/v2\/product\/9461","targetHints":{"allow":["GET"]}}],"collection":[{"href":"https:\/\/cortenstaalverkoop.nl\/fr\/wp-json\/wp\/v2\/product"}],"about":[{"href":"https:\/\/cortenstaalverkoop.nl\/fr\/wp-json\/wp\/v2\/types\/product"}],"version-history":[{"count":9,"href":"https:\/\/cortenstaalverkoop.nl\/fr\/wp-json\/wp\/v2\/product\/9461\/revisions"}],"predecessor-version":[{"id":11175,"href":"https:\/\/cortenstaalverkoop.nl\/fr\/wp-json\/wp\/v2\/product\/9461\/revisions\/11175"}],"wp:featuredmedia":[{"embeddable":true,"href":"https:\/\/cortenstaalverkoop.nl\/fr\/wp-json\/wp\/v2\/media\/9469"}],"wp:attachment":[{"href":"https:\/\/cortenstaalverkoop.nl\/fr\/wp-json\/wp\/v2\/media?parent=9461"}],"wp:term":[{"taxonomy":"product_brand","embeddable":true,"href":"https:\/\/cortenstaalverkoop.nl\/fr\/wp-json\/wp\/v2\/product_brand?post=9461"},{"taxonomy":"product_cat","embeddable":true,"href":"https:\/\/cortenstaalverkoop.nl\/fr\/wp-json\/wp\/v2\/product_cat?post=9461"},{"taxonomy":"product_tag","embeddable":true,"href":"https:\/\/cortenstaalverkoop.nl\/fr\/wp-json\/wp\/v2\/product_tag?post=9461"}],"curies":[{"name":"wp","href":"https:\/\/api.w.org\/{rel}","templated":true}]}}