{"id":9775,"date":"2023-10-26T15:29:43","date_gmt":"2023-10-26T13:29:43","guid":{"rendered":"https:\/\/cortenstaalverkoop.nl\/?post_type=product&#038;p=9775"},"modified":"2026-04-11T20:56:37","modified_gmt":"2026-04-11T18:56:37","slug":"aluminium-planteur-avec-sur-pattes","status":"publish","type":"product","link":"https:\/\/cortenstaalverkoop.nl\/fr\/product\/aluminium-plantenbak-met-poten-kopie\/","title":{"rendered":"L'aluminium planteur sur pattes"},"content":{"rendered":"<div data-elementor-type=\"wp-post\" data-elementor-id=\"9775\" class=\"elementor elementor-9775\">\n\t\t\t\t\t\t<section class=\"elementor-section elementor-top-section elementor-element elementor-element-3a299709 elementor-section-boxed elementor-section-height-default elementor-section-height-default\" data-id=\"3a299709\" data-element_type=\"section\" data-e-type=\"section\">\n\t\t\t\t\t\t<div class=\"elementor-container elementor-column-gap-default\">\n\t\t\t\t\t<div class=\"elementor-column elementor-col-100 elementor-top-column elementor-element elementor-element-5197dc7b\" data-id=\"5197dc7b\" data-element_type=\"column\" data-e-type=\"column\">\n\t\t\t<div class=\"elementor-widget-wrap elementor-element-populated\">\n\t\t\t\t\t\t<div class=\"elementor-element elementor-element-5b78ebe8 elementor-widget elementor-widget-text-editor\" data-id=\"5b78ebe8\" data-element_type=\"widget\" data-e-type=\"widget\" data-widget_type=\"text-editor.default\">\n\t\t\t\t<div class=\"elementor-widget-container\">\n\t\t\t\t\t\t\t\t\t<p>L'aluminium planteur sur pattes est disponible dans un large \u00e9ventail de tailles diff\u00e9rentes. Cela le rend facile \u00e0 placer sur votre balcon, la terrasse ou dans le jardin. Le mince planteurs sont id\u00e9al sur une terrasse \u00e0 cr\u00e9er des espaces diff\u00e9rents. En outre, un ensemble d'aluminium jardini\u00e8res sur pattes peut \u00e9galement servir de frappe eye-catcher \u00e0 l'entr\u00e9e de votre entreprise. Le bord sup\u00e9rieur de l'aluminium planteur est double conversion. La norme RAL couleur RAL 7021 noir \/ gris, mais d'autres couleurs RAL sont disponibles sur demande.<\/p><p>D\u00e9couvrez notre impressionnante aluminium planteur sur pattes, faite de haute qualit\u00e9 et robuste d'une \u00e9paisseur de 3 mm d'aluminium. L'aluminium est l\u00e9ger, mais extr\u00eamement solide, r\u00e9sistant \u00e0 l'usure et r\u00e9sistant \u00e0 la corrosion, ce qui fera de votre investissement durent longtemps.<\/p><p>Ce que nos <a href=\"https:\/\/cortenstaalverkoop.nl\/product\/aluminium-plantenbak-adezz\/\" target=\"_blank\" rel=\"noopener\">L&#039;aluminium planteurs<\/a> ce qui le diff\u00e9rencie vraiment, c&#039;est l&#039;attention au d\u00e9tail. Le bord sup\u00e9rieur de chaque planteur est double tourn\u00e9 avec pr\u00e9cision, qui non seulement fournit la force suppl\u00e9mentaire, mais donne aussi un style intemporel et difficile de regarder \u00e0 votre espace ext\u00e9rieur. En outre, nos planteurs sont \u00e9quip\u00e9s de s\u00e9rie de jambes avec une hauteur de 90 mm, gr\u00e2ce \u00e0 laquelle ils flottent avec \u00e9l\u00e9gance et subtilit\u00e9, \u00e0 partir du sol.<\/p><p>Apr\u00e8s la production, de l&#039;aluminium planteur subit attention de post-traitement. Tout d&#039;abord, le mat\u00e9riel est soigneusement rugueux afin d&#039;assurer une adh\u00e9rence optimale de la peinture en poudre. Cette haute qualit\u00e9 de rev\u00eatement en poudre est disponible en diff\u00e9rentes couleurs attrayantes et est appliqu\u00e9 avec un outil extr\u00eamement puissant appr\u00eat adh\u00e9sif. Enfin, le planteur est fourni avec une couche sup\u00e9rieure avec une grande pr\u00e9cision, ce qui assure une extraordinaire r\u00e9sistance \u00e0 la rayure.<\/p><h4>Conseil de plantation:<\/h4><ul><li>Fournir un plat, d&#039;une entreprise (vibr\u00e9) de la surface.<\/li><li>Si vous le souhaitez, place de d\u00e9passement des tuyaux au fond de la jardini\u00e8re pour cr\u00e9er un tampon de l&#039;eau. Le nombre de d\u00e9passement de tuyaux \u00e0 utiliser d\u00e9pend du nombre de trous de drainage.<\/li><li>Tirants dans planteurs sont essentielles pour la construction et la stabilit\u00e9 dimensionnelle de la jardini\u00e8re. Il est strictement interdit d&#039;enlever une biellette de direction.<\/li><li>Toujours fournir suffisamment d&#039;espace de respiration (au moins 1 cm) \u00e0 l&#039;int\u00e9rieur de l&#039;planteurs pour emp\u00eacher l&#039;humidit\u00e9 de pi\u00e9geage.<\/li><li>Remplissez le r\u00e9cipient avec une couche de granules Hydro ou de gravier d&#039;environ 10cm de haut. Sur le gravier ou hydro granul\u00e9s, de jeter les perm\u00e9able \u00e0 l&#039;humidit\u00e9 anti-racine de tissu.<\/li><li>Placez le tissu sur les bords d&#039;au moins 10 cm de haut pour un effet id\u00e9al.<\/li><li>Couvercle anti-racine en tissu, avec une couche de sol a\u00e9r\u00e9 m\u00e9lange adapt\u00e9 \u00e0 la plantation d&#039;\u00eatre appliqu\u00e9e.<\/li><li>Le sol dans le conteneur ne doit jamais \u00eatre dam\u00e9, car cela peut endommager le conteneur.<\/li><\/ul><h5>Remarque importante:<\/h5><ul><li>Apr\u00e8s la r\u00e9ception, tous les mat\u00e9riaux d&#039;emballage doivent \u00eatre retir\u00e9s de produits imm\u00e9diatement.<\/li><li>Per\u00e7age, de meulage dans le mat\u00e9riau n&#039;est pas autoris\u00e9e, ce qui permet \u00e0 l&#039;humidit\u00e9 de dessiner sous le rev\u00eatement, l&#039;amenant \u00e0 se d\u00e9coller.<\/li><li>Nos planteurs ne sont pas adapt\u00e9s pour le d\u00e9placement compl\u00e9t\u00e9e.<\/li><li>Garantie de 5 ans.<\/li><li>Peu d&#039;entretien, ne pas utiliser un nettoyeur haute pression et \u00e9ponge \u00e0 poncer.<\/li><\/ul><p><strong>Informations sur le produit: acier corten:<\/strong><br \/><a href=\"https:\/\/nl.wikipedia.org\/wiki\/Cortenstaal\" target=\"_blank\" rel=\"noopener noreferrer\">L&#039;acier Cor-Ten<\/a> aussi connu comme l&#039;\u00e9preuve des intemp\u00e9ries en acier, robuste, en alliage m\u00e9tallique. Il se compose principalement de fer et contient \u00e9galement du cuivre, le silicium, le nickel et le chrome. L&#039;acier Corten est extr\u00eamement puissant. Ce qui fait de cet acier sp\u00e9cial, c&#039;est sa capacit\u00e9 \u00e0 se couvrir avec une couche de protection de la rouille lorsqu&#039;il est expos\u00e9 \u00e0 l&#039;air ext\u00e9rieur. Ce naturel, solide couche de rouille agit comme une barri\u00e8re efficace contre la corrosion.<\/p><p>Livraison gratuite aux Pays-Bas, Belgique. Les frais de port pour l'Allemagne, le Luxembourg et la France commencent \u00e0 280 euros pour la commande enti\u00e8re.<\/p>\t\t\t\t\t\t\t\t<\/div>\n\t\t\t\t<\/div>\n\t\t\t\t\t<\/div>\n\t\t<\/div>\n\t\t\t\t\t<\/div>\n\t\t<\/section>\n\t\t\t\t<\/div>","protected":false},"excerpt":{"rendered":"<p>L'aluminium planteur sur pattes est disponible en diff\u00e9rentes tailles. Le planteur est r\u00e9sistant \u00e0 la corrosion et pas imperm\u00e9able \u00e0 l'eau en tant que norme. En outre, l'aluminium est tr\u00e8s l\u00e9ger. L'aluminium planteur peut \u00eatre laiss\u00e9 \u00e0 l'ext\u00e9rieur toute l'ann\u00e9e, sans qu'il soit endommag\u00e9 ou gel\u00e9s. Ainsi, vous pourrez profiter de ce planteur pendant des ann\u00e9es. Mat\u00e9riel \u00e9paisseur de l'aluminium planteur est le standard de 3 mm. Indiqu\u00e9 hauteur inclut les pattes.<\/p>\n<h4>Les avantages de l&#039;aluminium planteur:<\/h4>\n<ul>\n<li>Tr\u00e8s solide et durable<\/li>\n<li>Faible entretien attention! Ne pas utiliser un nettoyeur haute pression et tampon \u00e0 r\u00e9curer.<\/li>\n<li>Rev\u00eatement en poudre avec une forte adh\u00e9sif de la couche de base.<\/li>\n<li>Terminer avec un hard top coat.<\/li>\n<li>Mat\u00e9riau r\u00e9sistant aux intemp\u00e9ries et durable<\/li>\n<li>Par d\u00e9faut, les bras, les jambes 10 x 10 cm et 9 cm de hauteur<\/li>\n<li>La personnalisation est possible.<\/li>\n<li>Garantie de 5 ans.<\/li>\n<\/ul>","protected":false},"featured_media":9795,"template":"","meta":{"site-sidebar-layout":"default","site-content-layout":"default","ast-site-content-layout":"default","site-content-style":"default","site-sidebar-style":"default","ast-global-header-display":"","ast-banner-title-visibility":"","ast-main-header-display":"","ast-hfb-above-header-display":"","ast-hfb-below-header-display":"","ast-hfb-mobile-header-display":"","site-post-title":"","ast-breadcrumbs-content":"","ast-featured-img":"","footer-sml-layout":"","ast-disable-related-posts":"","theme-transparent-header-meta":"default","adv-header-id-meta":"","stick-header-meta":"","header-above-stick-meta":"","header-main-stick-meta":"","header-below-stick-meta":"","astra-migrate-meta-layouts":"set","ast-page-background-enabled":"default","ast-page-background-meta":{"desktop":{"background-color":"","background-image":"","background-repeat":"repeat","background-position":"center center","background-size":"auto","background-attachment":"scroll","background-type":"","background-media":"","overlay-type":"","overlay-color":"","overlay-opacity":"","overlay-gradient":""},"tablet":{"background-color":"","background-image":"","background-repeat":"repeat","background-position":"center center","background-size":"auto","background-attachment":"scroll","background-type":"","background-media":"","overlay-type":"","overlay-color":"","overlay-opacity":"","overlay-gradient":""},"mobile":{"background-color":"","background-image":"","background-repeat":"repeat","background-position":"center center","background-size":"auto","background-attachment":"scroll","background-type":"","background-media":"","overlay-type":"","overlay-color":"","overlay-opacity":"","overlay-gradient":""}},"ast-content-background-meta":{"desktop":{"background-color":"var(--ast-global-color-5)","background-image":"","background-repeat":"repeat","background-position":"center center","background-size":"auto","background-attachment":"scroll","background-type":"","background-media":"","overlay-type":"","overlay-color":"","overlay-opacity":"","overlay-gradient":""},"tablet":{"background-color":"var(--ast-global-color-5)","background-image":"","background-repeat":"repeat","background-position":"center center","background-size":"auto","background-attachment":"scroll","background-type":"","background-media":"","overlay-type":"","overlay-color":"","overlay-opacity":"","overlay-gradient":""},"mobile":{"background-color":"var(--ast-global-color-5)","background-image":"","background-repeat":"repeat","background-position":"center center","background-size":"auto","background-attachment":"scroll","background-type":"","background-media":"","overlay-type":"","overlay-color":"","overlay-opacity":"","overlay-gradient":""}}},"product_brand":[],"product_cat":[57],"product_tag":[],"class_list":{"0":"post-9775","1":"product","2":"type-product","3":"status-publish","4":"has-post-thumbnail","6":"product_cat-cortenstaal-plantenbakken","7":"product_shipping_class-fritom","8":"desktop-align-left","9":"tablet-align-left","10":"mobile-align-left","12":"first","13":"instock","14":"taxable","15":"shipping-taxable","16":"purchasable","17":"product-type-variable"},"yoast_head":"<!-- This site is optimized with the Yoast SEO plugin v27.4 - https:\/\/yoast.com\/product\/yoast-seo-wordpress\/ -->\n<title>Aluminium plantenbak met poten koopt u bij cortenstaalverkoop.nl<\/title>\n<meta name=\"description\" content=\"\u2705 Aluminium plantenbak met poten in alle maten.\u2705 de beste kwaliteit \u2705 5 jaar garantie! Bestel uw aluminium plantenbak goedkoop bij cortenstaalverkoop.nl\" \/>\n<meta name=\"robots\" content=\"index, follow, max-snippet:-1, max-image-preview:large, max-video-preview:-1\" \/>\n<link rel=\"canonical\" href=\"https:\/\/cortenstaalverkoop.nl\/fr\/produit\/aluminium-planteur-avec-sur-pattes\/\" \/>\n<meta property=\"og:locale\" content=\"fr_FR\" \/>\n<meta property=\"og:type\" content=\"article\" \/>\n<meta property=\"og:title\" content=\"Aluminium plantenbak met poten koopt u bij cortenstaalverkoop.nl\" \/>\n<meta property=\"og:description\" content=\"\u2705 Aluminium plantenbak met poten in alle maten.\u2705 de beste kwaliteit \u2705 5 jaar garantie! Bestel uw aluminium plantenbak goedkoop bij cortenstaalverkoop.nl\" \/>\n<meta property=\"og:url\" content=\"https:\/\/cortenstaalverkoop.nl\/fr\/produit\/aluminium-planteur-avec-sur-pattes\/\" \/>\n<meta property=\"og:site_name\" content=\"Cortenstaalverkoop.nl\" \/>\n<meta property=\"article:modified_time\" content=\"2026-04-11T18:56:37+00:00\" \/>\n<meta property=\"og:image\" content=\"https:\/\/cortenstaalverkoop.nl\/wp-content\/uploads\/2023\/10\/AFP5.1.png\" \/>\n\t<meta property=\"og:image:width\" content=\"699\" \/>\n\t<meta property=\"og:image:height\" content=\"699\" \/>\n\t<meta property=\"og:image:type\" content=\"image\/png\" \/>\n<meta name=\"twitter:card\" content=\"summary_large_image\" \/>\n<meta name=\"twitter:label1\" content=\"Dur\u00e9e de lecture estim\u00e9e\" \/>\n\t<meta name=\"twitter:data1\" content=\"3 minutes\" \/>\n<script type=\"application\/ld+json\" class=\"yoast-schema-graph\">{\"@context\":\"https:\\\/\\\/schema.org\",\"@graph\":[{\"@type\":\"WebPage\",\"@id\":\"https:\\\/\\\/cortenstaalverkoop.nl\\\/product\\\/aluminium-plantenbak-met-poten-kopie\\\/\",\"url\":\"https:\\\/\\\/cortenstaalverkoop.nl\\\/product\\\/aluminium-plantenbak-met-poten-kopie\\\/\",\"name\":\"Aluminium plantenbak met poten koopt u bij cortenstaalverkoop.nl\",\"isPartOf\":{\"@id\":\"https:\\\/\\\/cortenstaalverkoop.nl\\\/#website\"},\"primaryImageOfPage\":{\"@id\":\"https:\\\/\\\/cortenstaalverkoop.nl\\\/product\\\/aluminium-plantenbak-met-poten-kopie\\\/#primaryimage\"},\"image\":{\"@id\":\"https:\\\/\\\/cortenstaalverkoop.nl\\\/product\\\/aluminium-plantenbak-met-poten-kopie\\\/#primaryimage\"},\"thumbnailUrl\":\"https:\\\/\\\/cortenstaalverkoop.nl\\\/wp-content\\\/uploads\\\/2023\\\/10\\\/AFP5.1.png\",\"datePublished\":\"2023-10-26T13:29:43+00:00\",\"dateModified\":\"2026-04-11T18:56:37+00:00\",\"description\":\"\u2705 Aluminium plantenbak met poten in alle maten.\u2705 de beste kwaliteit \u2705 5 jaar garantie! Bestel uw aluminium plantenbak goedkoop bij cortenstaalverkoop.nl\",\"breadcrumb\":{\"@id\":\"https:\\\/\\\/cortenstaalverkoop.nl\\\/product\\\/aluminium-plantenbak-met-poten-kopie\\\/#breadcrumb\"},\"inLanguage\":\"fr-FR\",\"potentialAction\":[{\"@type\":\"ReadAction\",\"target\":[\"https:\\\/\\\/cortenstaalverkoop.nl\\\/product\\\/aluminium-plantenbak-met-poten-kopie\\\/\"]}]},{\"@type\":\"ImageObject\",\"inLanguage\":\"fr-FR\",\"@id\":\"https:\\\/\\\/cortenstaalverkoop.nl\\\/product\\\/aluminium-plantenbak-met-poten-kopie\\\/#primaryimage\",\"url\":\"https:\\\/\\\/cortenstaalverkoop.nl\\\/wp-content\\\/uploads\\\/2023\\\/10\\\/AFP5.1.png\",\"contentUrl\":\"https:\\\/\\\/cortenstaalverkoop.nl\\\/wp-content\\\/uploads\\\/2023\\\/10\\\/AFP5.1.png\",\"width\":699,\"height\":699,\"caption\":\"Aluminium plantenbak met poten\"},{\"@type\":\"BreadcrumbList\",\"@id\":\"https:\\\/\\\/cortenstaalverkoop.nl\\\/product\\\/aluminium-plantenbak-met-poten-kopie\\\/#breadcrumb\",\"itemListElement\":[{\"@type\":\"ListItem\",\"position\":1,\"name\":\"Home\",\"item\":\"https:\\\/\\\/cortenstaalverkoop.nl\\\/\"},{\"@type\":\"ListItem\",\"position\":2,\"name\":\"Assortiment\",\"item\":\"https:\\\/\\\/cortenstaalverkoop.nl\\\/assortiment-cortenstaal\\\/\"},{\"@type\":\"ListItem\",\"position\":3,\"name\":\"Aluminium plantenbak met poten\"}]},{\"@type\":\"WebSite\",\"@id\":\"https:\\\/\\\/cortenstaalverkoop.nl\\\/#website\",\"url\":\"https:\\\/\\\/cortenstaalverkoop.nl\\\/\",\"name\":\"Cortenstaalverkoop.nl\",\"description\":\"de cortenstaal specialist!\",\"publisher\":{\"@id\":\"https:\\\/\\\/cortenstaalverkoop.nl\\\/#organization\"},\"potentialAction\":[{\"@type\":\"SearchAction\",\"target\":{\"@type\":\"EntryPoint\",\"urlTemplate\":\"https:\\\/\\\/cortenstaalverkoop.nl\\\/?s={search_term_string}\"},\"query-input\":{\"@type\":\"PropertyValueSpecification\",\"valueRequired\":true,\"valueName\":\"search_term_string\"}}],\"inLanguage\":\"fr-FR\"},{\"@type\":\"Organization\",\"@id\":\"https:\\\/\\\/cortenstaalverkoop.nl\\\/#organization\",\"name\":\"Cortenstaalverkoop.nl\",\"url\":\"https:\\\/\\\/cortenstaalverkoop.nl\\\/\",\"logo\":{\"@type\":\"ImageObject\",\"inLanguage\":\"fr-FR\",\"@id\":\"https:\\\/\\\/cortenstaalverkoop.nl\\\/#\\\/schema\\\/logo\\\/image\\\/\",\"url\":\"https:\\\/\\\/cortenstaalverkoop.nl\\\/wp-content\\\/uploads\\\/2019\\\/11\\\/cortenstaal-logo-1.png\",\"contentUrl\":\"https:\\\/\\\/cortenstaalverkoop.nl\\\/wp-content\\\/uploads\\\/2019\\\/11\\\/cortenstaal-logo-1.png\",\"width\":480,\"height\":163,\"caption\":\"Cortenstaalverkoop.nl\"},\"image\":{\"@id\":\"https:\\\/\\\/cortenstaalverkoop.nl\\\/#\\\/schema\\\/logo\\\/image\\\/\"}}]}<\/script>\n<!-- \/ Yoast SEO plugin. -->","yoast_head_json":{"title":"L&#039;aluminium planteur avec les jambes que vous achetez \u00e0 partir cortenstaalverkoop.nl","description":"\u2705 Aluminium planteur avec les jambes dans toutes les tailles.\u2705 la meilleure qualit\u00e9 \u2705 garantie de 5 ans! Commandez votre aluminium planteur \u00e0 bas prix \u00e0 partir de cortenstaalverkoop.nl","robots":{"index":"index","follow":"follow","max-snippet":"max-snippet:-1","max-image-preview":"max-image-preview:large","max-video-preview":"max-video-preview:-1"},"canonical":"https:\/\/cortenstaalverkoop.nl\/fr\/produit\/aluminium-planteur-avec-sur-pattes\/","og_locale":"fr_FR","og_type":"article","og_title":"Aluminium plantenbak met poten koopt u bij cortenstaalverkoop.nl","og_description":"\u2705 Aluminium plantenbak met poten in alle maten.\u2705 de beste kwaliteit \u2705 5 jaar garantie! Bestel uw aluminium plantenbak goedkoop bij cortenstaalverkoop.nl","og_url":"https:\/\/cortenstaalverkoop.nl\/fr\/produit\/aluminium-planteur-avec-sur-pattes\/","og_site_name":"Cortenstaalverkoop.nl","article_modified_time":"2026-04-11T18:56:37+00:00","og_image":[{"width":699,"height":699,"url":"https:\/\/cortenstaalverkoop.nl\/wp-content\/uploads\/2023\/10\/AFP5.1.png","type":"image\/png"}],"twitter_card":"summary_large_image","twitter_misc":{"Dur\u00e9e de lecture estim\u00e9e":"3 minutes"},"schema":{"@context":"https:\/\/schema.org","@graph":[{"@type":"WebPage","@id":"https:\/\/cortenstaalverkoop.nl\/product\/aluminium-plantenbak-met-poten-kopie\/","url":"https:\/\/cortenstaalverkoop.nl\/product\/aluminium-plantenbak-met-poten-kopie\/","name":"L&#039;aluminium planteur avec les jambes que vous achetez \u00e0 partir cortenstaalverkoop.nl","isPartOf":{"@id":"https:\/\/cortenstaalverkoop.nl\/#website"},"primaryImageOfPage":{"@id":"https:\/\/cortenstaalverkoop.nl\/product\/aluminium-plantenbak-met-poten-kopie\/#primaryimage"},"image":{"@id":"https:\/\/cortenstaalverkoop.nl\/product\/aluminium-plantenbak-met-poten-kopie\/#primaryimage"},"thumbnailUrl":"https:\/\/cortenstaalverkoop.nl\/wp-content\/uploads\/2023\/10\/AFP5.1.png","datePublished":"2023-10-26T13:29:43+00:00","dateModified":"2026-04-11T18:56:37+00:00","description":"\u2705 Aluminium planteur avec les jambes dans toutes les tailles.\u2705 la meilleure qualit\u00e9 \u2705 garantie de 5 ans! Commandez votre aluminium planteur \u00e0 bas prix \u00e0 partir de cortenstaalverkoop.nl","breadcrumb":{"@id":"https:\/\/cortenstaalverkoop.nl\/product\/aluminium-plantenbak-met-poten-kopie\/#breadcrumb"},"inLanguage":"fr-FR","potentialAction":[{"@type":"ReadAction","target":["https:\/\/cortenstaalverkoop.nl\/product\/aluminium-plantenbak-met-poten-kopie\/"]}]},{"@type":"ImageObject","inLanguage":"fr-FR","@id":"https:\/\/cortenstaalverkoop.nl\/product\/aluminium-plantenbak-met-poten-kopie\/#primaryimage","url":"https:\/\/cortenstaalverkoop.nl\/wp-content\/uploads\/2023\/10\/AFP5.1.png","contentUrl":"https:\/\/cortenstaalverkoop.nl\/wp-content\/uploads\/2023\/10\/AFP5.1.png","width":699,"height":699,"caption":"Aluminium plantenbak met poten"},{"@type":"BreadcrumbList","@id":"https:\/\/cortenstaalverkoop.nl\/product\/aluminium-plantenbak-met-poten-kopie\/#breadcrumb","itemListElement":[{"@type":"ListItem","position":1,"name":"Home","item":"https:\/\/cortenstaalverkoop.nl\/"},{"@type":"ListItem","position":2,"name":"Assortiment","item":"https:\/\/cortenstaalverkoop.nl\/assortiment-cortenstaal\/"},{"@type":"ListItem","position":3,"name":"Aluminium plantenbak met poten"}]},{"@type":"WebSite","@id":"https:\/\/cortenstaalverkoop.nl\/#website","url":"https:\/\/cortenstaalverkoop.nl\/","name":"Cortenstaalverkoop.nl","description":"l&#039;acier cor-ten sp\u00e9cialiste!","publisher":{"@id":"https:\/\/cortenstaalverkoop.nl\/#organization"},"potentialAction":[{"@type":"SearchAction","target":{"@type":"EntryPoint","urlTemplate":"https:\/\/cortenstaalverkoop.nl\/?s={search_term_string}"},"query-input":{"@type":"PropertyValueSpecification","valueRequired":true,"valueName":"search_term_string"}}],"inLanguage":"fr-FR"},{"@type":"Organization","@id":"https:\/\/cortenstaalverkoop.nl\/#organization","name":"Cortenstaalverkoop.nl","url":"https:\/\/cortenstaalverkoop.nl\/","logo":{"@type":"ImageObject","inLanguage":"fr-FR","@id":"https:\/\/cortenstaalverkoop.nl\/#\/schema\/logo\/image\/","url":"https:\/\/cortenstaalverkoop.nl\/wp-content\/uploads\/2019\/11\/cortenstaal-logo-1.png","contentUrl":"https:\/\/cortenstaalverkoop.nl\/wp-content\/uploads\/2019\/11\/cortenstaal-logo-1.png","width":480,"height":163,"caption":"Cortenstaalverkoop.nl"},"image":{"@id":"https:\/\/cortenstaalverkoop.nl\/#\/schema\/logo\/image\/"}}]}},"_links":{"self":[{"href":"https:\/\/cortenstaalverkoop.nl\/fr\/wp-json\/wp\/v2\/product\/9775","targetHints":{"allow":["GET"]}}],"collection":[{"href":"https:\/\/cortenstaalverkoop.nl\/fr\/wp-json\/wp\/v2\/product"}],"about":[{"href":"https:\/\/cortenstaalverkoop.nl\/fr\/wp-json\/wp\/v2\/types\/product"}],"version-history":[{"count":45,"href":"https:\/\/cortenstaalverkoop.nl\/fr\/wp-json\/wp\/v2\/product\/9775\/revisions"}],"predecessor-version":[{"id":10232,"href":"https:\/\/cortenstaalverkoop.nl\/fr\/wp-json\/wp\/v2\/product\/9775\/revisions\/10232"}],"wp:featuredmedia":[{"embeddable":true,"href":"https:\/\/cortenstaalverkoop.nl\/fr\/wp-json\/wp\/v2\/media\/9795"}],"wp:attachment":[{"href":"https:\/\/cortenstaalverkoop.nl\/fr\/wp-json\/wp\/v2\/media?parent=9775"}],"wp:term":[{"taxonomy":"product_brand","embeddable":true,"href":"https:\/\/cortenstaalverkoop.nl\/fr\/wp-json\/wp\/v2\/product_brand?post=9775"},{"taxonomy":"product_cat","embeddable":true,"href":"https:\/\/cortenstaalverkoop.nl\/fr\/wp-json\/wp\/v2\/product_cat?post=9775"},{"taxonomy":"product_tag","embeddable":true,"href":"https:\/\/cortenstaalverkoop.nl\/fr\/wp-json\/wp\/v2\/product_tag?post=9775"}],"curies":[{"name":"wp","href":"https:\/\/api.w.org\/{rel}","templated":true}]}}